{"id":273561,"date":"2025-09-05T16:54:10","date_gmt":"2025-09-05T16:54:10","guid":{"rendered":"https:\/\/live-southcoast-health-multi.southcoast-health.org\/?page_id=273561"},"modified":"2025-09-08T18:05:29","modified_gmt":"2025-09-08T18:05:29","slug":"weight-loss-surgery-eligibility","status":"publish","type":"page","link":"https:\/\/www.southcoast.org\/es\/weight-loss-surgery-eligibility\/","title":{"rendered":"Requisitos para la cirug\u00eda de p\u00e9rdida de peso"},"content":{"rendered":"<div  class=\"blockSettings  paddingTopMD paddingBottomSM copyFullFluid fullwidth light\" style=\"\">\t<div class=\"container\">\n\t\t<div class=\"grid\">\n            \t\t\t<div class=\"copyFullWrap\">\n\t\t\t\t<div class=\"col-sm-12\">\n                    <div class=\"maincopy\">\n                        <h2 id=\"h-are-you-eligible-for-weight-loss-surgery-at-southcoast-health\" class=\"wp-block-heading\">\u00bfEs usted elegible para la cirug\u00eda de p\u00e9rdida de peso en Southcoast Health?<\/h2>\n<p>La cirug\u00eda de p\u00e9rdida de peso no es adecuada para todo el mundo y requiere un compromiso de por vida con su salud. En Southcoast Health, trabajamos para asegurar que ofrecemos programas de p\u00e9rdida de peso que satisfagan las necesidades \u00fanicas de nuestros pacientes. Es por eso que tenemos condiciones selectas para aquellos interesados en nuestros programas de p\u00e9rdida de peso en el sureste de Massachusetts.<\/p>\n<p>Para ser considerado candidato a la cirug\u00eda, debe cumplir los siguientes requisitos:<\/p>\n<ul class=\"wp-block-list\">\n<li><a href=\"http:\/\/www.nhlbi.nih.gov\/health\/educational\/lose_wt\/BMI\/bmicalc.htm\" target=\"_blank\" rel=\"noopener noreferrer\">\u00cdndice de masa corporal<\/a>\u00a0(IMC) igual o superior a 35<\/li>\n<li>18 a\u00f1os o m\u00e1s<\/li>\n<li>No fumadores<\/li>\n<li>Ning\u00fan trastorno o afecci\u00f3n por consumo de sustancias activo<\/li>\n<li>Psicol\u00f3gicamente estable<\/li>\n<li>Intentos previos fallidos de p\u00e9rdida de peso<\/li>\n<\/ul>\n<p>Tambi\u00e9n requerimos que todos nuestros pacientes revisen y firmen un contrato de paciente para asegurar que todos nuestros pacientes entienden el compromiso de la cirug\u00eda de p\u00e9rdida de peso.<\/p>\n<h2 id=\"h-insurance-for-weight-loss-surgery\" class=\"wp-block-heading\">Seguro para la cirug\u00eda de p\u00e9rdida de peso<\/h2>\n<p>Antes de proceder con la cirug\u00eda de p\u00e9rdida de peso en Fall River o Wareham, MA, es importante determinar lo que su seguro cubrir\u00e1.<\/p>\n<p>Para que el proceso sea lo m\u00e1s eficaz posible, llame a su proveedor de seguros y h\u00e1gale las siguientes preguntas:<\/p>\n<ul class=\"wp-block-list\">\n<li><strong>\u00bfCu\u00e1les son los criterios necesarios para proceder a una operaci\u00f3n de adelgazamiento?<\/strong><\/li>\n<li><strong>\u00bfHay exclusiones?<\/strong><\/li>\n<\/ul>\n<p>La mayor\u00eda de los proveedores de seguros tienen requisitos espec\u00edficos que deben cumplirse para obtener cobertura para la cirug\u00eda bari\u00e1trica. Nuestro equipo ha creado una gu\u00eda general para algunos de los proveedores m\u00e1s comunes para ayudar a facilitar este proceso.<\/p>\n<h2 id=\"h-find-out-more-about-weight-loss-surgery-in-ma-amp-ri\" class=\"wp-block-heading\">Averig\u00fce m\u00e1s sobre la cirug\u00eda de p\u00e9rdida de peso en MA &amp; RI<\/h2>\n<p>Descubra el control y la confianza sobre su peso consultando con un\u00a0<a href=\"https:\/\/www.southcoast.org\/es\/doctors\/\">m\u00e9dico<\/a>\u00a0en Southcoast Health sobre sus opciones de cirug\u00eda de p\u00e9rdida de peso. Tambi\u00e9n ofrecemos\u00a0<a href=\"https:\/\/www.southcoast.org\/es\/free-southcoast-health-online-weight-loss-seminar\/\">sesiones informativas<\/a>\u00a0sobre nuestros programas de p\u00e9rdida de peso y\u00a0<a href=\"https:\/\/www.southcoast.org\/es\/support-groups-2\/\">grupos de apoyo<\/a>\u00a0para quienes se someten a tratamiento en el Southcoast Center for Weight Loss.<\/p>\n<p><em>Encuentre todos los recursos que necesita para la p\u00e9rdida de peso en el Southcoast Center for Weight Loss, que atiende a pacientes en Fall River, Dartmouth, New Bedford y Wareham y las \u00e1reas circundantes de MA y RI.<\/em><\/p>\n                    <\/div>\n\n                    \n                    <div class=\"ctaWrap ctaCenter\">\n                                                                                        <a aria-label=\"enlace para solicitar m\u00e1s informaci\u00f3n\" class=\"mainCTA shadow light1 ctaRight\" href=\"https:\/\/www.southcoast.org\/es\/weight-loss-request-more-information\/\" target=\"_blank\" title=\"Abre Solicitar m\u00e1s informaci\u00f3n en una nueva pesta\u00f1a o ventana\" rel=\"noopener noreferrer\">Solicitar m\u00e1s informaci\u00f3n<span class=\"fa-regular fa-up-right-from-square\"><\/span><\/a>                                                                                    \n                                                                                                                            <\/div>\n\n\t\t\t\t<\/div>\n\t\t\t<\/div>\n            \n\n            \n\n            \t\t<\/div>\n\t<\/div>\n<\/div>","protected":false},"excerpt":{"rendered":"","protected":false},"author":11,"featured_media":0,"parent":0,"menu_order":0,"comment_status":"closed","ping_status":"closed","template":"","meta":{"_acf_changed":false,"footnotes":""},"class_list":["post-273561","page","type-page","status-publish","hentry"],"acf":[],"yoast_head":"<!-- This site is optimized with the Yoast SEO plugin v26.0 - https:\/\/yoast.com\/wordpress\/plugins\/seo\/ -->\n<title>Weight Loss Surgery Eligibility - Southcoast Health<\/title>\n<meta name=\"robots\" content=\"index, follow, max-snippet:-1, max-image-preview:large, max-video-preview:-1\" \/>\n<link rel=\"canonical\" href=\"https:\/\/www.southcoast.org\/es\/weight-loss-surgery-eligibility\/\" \/>\n<meta property=\"og:locale\" content=\"es_MX\" \/>\n<meta property=\"og:type\" content=\"article\" \/>\n<meta property=\"og:title\" content=\"Weight Loss Surgery Eligibility - Southcoast Health\" \/>\n<meta property=\"og:url\" content=\"https:\/\/www.southcoast.org\/es\/weight-loss-surgery-eligibility\/\" \/>\n<meta property=\"og:site_name\" content=\"Southcoast Health\" \/>\n<meta property=\"article:modified_time\" content=\"2025-09-08T18:05:29+00:00\" \/>\n<meta name=\"twitter:card\" content=\"summary_large_image\" \/>\n<script type=\"application\/ld+json\" class=\"yoast-schema-graph\">{\"@context\":\"https:\/\/schema.org\",\"@graph\":[{\"@type\":\"WebPage\",\"@id\":\"https:\/\/www.southcoast.org\/weight-loss-surgery-eligibility\/\",\"url\":\"https:\/\/www.southcoast.org\/weight-loss-surgery-eligibility\/\",\"name\":\"Weight Loss Surgery Eligibility - Southcoast Health\",\"isPartOf\":{\"@id\":\"https:\/\/www.southcoast.org\/#website\"},\"datePublished\":\"2025-09-05T16:54:10+00:00\",\"dateModified\":\"2025-09-08T18:05:29+00:00\",\"breadcrumb\":{\"@id\":\"https:\/\/www.southcoast.org\/weight-loss-surgery-eligibility\/#breadcrumb\"},\"inLanguage\":\"es-MX\",\"potentialAction\":[{\"@type\":\"ReadAction\",\"target\":[\"https:\/\/www.southcoast.org\/weight-loss-surgery-eligibility\/\"]}]},{\"@type\":\"BreadcrumbList\",\"@id\":\"https:\/\/www.southcoast.org\/weight-loss-surgery-eligibility\/#breadcrumb\",\"itemListElement\":[{\"@type\":\"ListItem\",\"position\":1,\"name\":\"\",\"item\":\"https:\/\/www.southcoast.org\/\"},{\"@type\":\"ListItem\",\"position\":2,\"name\":\"Weight Loss Surgery Eligibility\"}]},{\"@type\":\"WebSite\",\"@id\":\"https:\/\/www.southcoast.org\/#website\",\"url\":\"https:\/\/www.southcoast.org\/\",\"name\":\"Southcoast Health\",\"description\":\"More than medicine.\",\"potentialAction\":[{\"@type\":\"SearchAction\",\"target\":{\"@type\":\"EntryPoint\",\"urlTemplate\":\"https:\/\/www.southcoast.org\/?s={search_term_string}\"},\"query-input\":{\"@type\":\"PropertyValueSpecification\",\"valueRequired\":true,\"valueName\":\"search_term_string\"}}],\"inLanguage\":\"es-MX\"}]}<\/script>\n<!-- \/ Yoast SEO plugin. -->","yoast_head_json":{"title":"Weight Loss Surgery Eligibility - Southcoast Health","robots":{"index":"index","follow":"follow","max-snippet":"max-snippet:-1","max-image-preview":"max-image-preview:large","max-video-preview":"max-video-preview:-1"},"canonical":"https:\/\/www.southcoast.org\/es\/weight-loss-surgery-eligibility\/","og_locale":"es_MX","og_type":"article","og_title":"Weight Loss Surgery Eligibility - Southcoast Health","og_url":"https:\/\/www.southcoast.org\/es\/weight-loss-surgery-eligibility\/","og_site_name":"Southcoast Health","article_modified_time":"2025-09-08T18:05:29+00:00","twitter_card":"summary_large_image","schema":{"@context":"https:\/\/schema.org","@graph":[{"@type":"WebPage","@id":"https:\/\/www.southcoast.org\/weight-loss-surgery-eligibility\/","url":"https:\/\/www.southcoast.org\/weight-loss-surgery-eligibility\/","name":"Weight Loss Surgery Eligibility - Southcoast Health","isPartOf":{"@id":"https:\/\/www.southcoast.org\/#website"},"datePublished":"2025-09-05T16:54:10+00:00","dateModified":"2025-09-08T18:05:29+00:00","breadcrumb":{"@id":"https:\/\/www.southcoast.org\/weight-loss-surgery-eligibility\/#breadcrumb"},"inLanguage":"es-MX","potentialAction":[{"@type":"ReadAction","target":["https:\/\/www.southcoast.org\/weight-loss-surgery-eligibility\/"]}]},{"@type":"BreadcrumbList","@id":"https:\/\/www.southcoast.org\/weight-loss-surgery-eligibility\/#breadcrumb","itemListElement":[{"@type":"ListItem","position":1,"name":"","item":"https:\/\/www.southcoast.org\/"},{"@type":"ListItem","position":2,"name":"Weight Loss Surgery Eligibility"}]},{"@type":"WebSite","@id":"https:\/\/www.southcoast.org\/#website","url":"https:\/\/www.southcoast.org\/","name":"Southcoast Health","description":"M\u00e1s que medicina.","potentialAction":[{"@type":"SearchAction","target":{"@type":"EntryPoint","urlTemplate":"https:\/\/www.southcoast.org\/?s={search_term_string}"},"query-input":{"@type":"PropertyValueSpecification","valueRequired":true,"valueName":"search_term_string"}}],"inLanguage":"es-MX"}]}},"_links":{"self":[{"href":"https:\/\/www.southcoast.org\/es\/wp-json\/wp\/v2\/pages\/273561","targetHints":{"allow":["GET"]}}],"collection":[{"href":"https:\/\/www.southcoast.org\/es\/wp-json\/wp\/v2\/pages"}],"about":[{"href":"https:\/\/www.southcoast.org\/es\/wp-json\/wp\/v2\/types\/page"}],"author":[{"embeddable":true,"href":"https:\/\/www.southcoast.org\/es\/wp-json\/wp\/v2\/users\/11"}],"replies":[{"embeddable":true,"href":"https:\/\/www.southcoast.org\/es\/wp-json\/wp\/v2\/comments?post=273561"}],"version-history":[{"count":2,"href":"https:\/\/www.southcoast.org\/es\/wp-json\/wp\/v2\/pages\/273561\/revisions"}],"predecessor-version":[{"id":273564,"href":"https:\/\/www.southcoast.org\/es\/wp-json\/wp\/v2\/pages\/273561\/revisions\/273564"}],"wp:attachment":[{"href":"https:\/\/www.southcoast.org\/es\/wp-json\/wp\/v2\/media?parent=273561"}],"curies":[{"name":"wp","href":"https:\/\/api.w.org\/{rel}","templated":true}]}}