{"id":22560,"date":"2025-08-08T18:21:37","date_gmt":"2025-08-08T18:21:37","guid":{"rendered":"https:\/\/test-southcoast-health-multi.southcoast-health.org\/?page_id=22560"},"modified":"2025-11-18T14:13:30","modified_gmt":"2025-11-18T19:13:30","slug":"mako-robotic-arm-assisted-technology","status":"publish","type":"page","link":"https:\/\/www.southcoast.org\/es\/mako-robotic-arm-assisted-technology\/","title":{"rendered":"Tecnolog\u00eda de brazo rob\u00f3tico Mako"},"content":{"rendered":"<div  class=\"blockSettings  paddingTopSM paddingBottomMD heroBasicFluid darkTheme\" style=\"background-image:url(https:\/\/www.southcoast.org\/wp-content\/uploads\/2025\/08\/Mako-Robotic-Surgery-Orthopedics-14-scaled.jpg);background-size:cover;background-position:center center;\"><div class=\"overlay\"><\/div><div class=\"container\">\n            <div class=\"grid\">\n            <div class=\"col-sm-12 col-bleed-y\">\n                <div class=\"Left\">\n                    <div class=\"breadcrumbsWrapper desktop-breadcrumbs\"><nav id=\"breadcrumbs\" aria-label=\"Migas de pan\"><ol><li><a href=\"https:\/\/www.southcoast.org\/es\/\"><i class=\"fa-light fa-house\"><\/i><span class=\"visually-hidden\">Inicio<\/span><\/a><\/li><\/ol><\/nav><\/div><div class=\"breadcrumbsWrapper mobile-breadcrumbs\"><p id=\"mobile-breadcrumbs\" class=\"mobile-back-nav\"><span><span><a href=\"#\" onclick=\"return handleBackNavigation();\"><i class=\"fa-solid fa-chevron-left back-arrow\"><\/i> Volver<\/a><\/span><\/span><\/p>\t\t<script>\n\t\t\tfunction handleBackNavigation() {\n\t\t\t\tif (window.history.length > 1) {\n\t\t\t\t\twindow.history.back();\n\t\t\t\t} else {\n\t\t\t\t\twindow.location.href = 'https:\/\/www.southcoast.org\/es';\n\t\t\t\t}\n\t\t\t\treturn false;\n\t\t\t}\n\t\t<\/script>\n<\/div>                <\/div>\n            <\/div>\n        <\/div>\n        <div class=\"grid\">\n        <div class=\"col-sm-9\">\n            <div class=\"Left\">\n\n                    <div class=\"mainCopyWrap\">\n            <h1>Una nueva soluci\u00f3n para el dolor articular<\/h1>\n        <\/div>\n    \n                \n            <\/div>\n        <\/div>\n    <\/div>\n<\/div>\n    <div class=\"cornerArtWrapper cornerArt-small\">\n        <img decoding=\"async\" class=\"cornerArt\" src=\"https:\/\/www.southcoast.org\/wp-content\/themes\/southcoast_multisite\/images\/corner-art.svg\" alt=\"\">\n    <\/div>\n<\/div>\n\n\n\n\n<div  class=\"blockSettings  paddingTopSM paddingBottomMD multiple-media-object-block light\" style=\"\"><div class=\"container\">\n    <div class=\"grid\">\n        <div class=\"col-sm-12\">\n            <div class=\"inner right disc\">\n                <div class=\"copy\">\n                        <div class=\"mainCopyWrap\">\n            <h2>Cirug\u00eda asistida por brazo rob\u00f3tico Mako en Southcoast Health<\/h2>\n    <div class=\"paragraphWrap\"><p><strong>Cirug\u00eda asistida por brazo rob\u00f3tico Mako<\/strong>\u00a0es una soluci\u00f3n innovadora de Southcoast Health para las personas que sufren artritis dolorosa de rodilla o cadera. Esta tecnolog\u00eda permite a nuestros m\u00e9dicos realizar cirug\u00edas m\u00e1s seguras, m\u00e1s precisas y personalizadas para usted.<\/p>\n<p>Durante la intervenci\u00f3n, el sistema Mako gu\u00eda los cortes del cirujano dentro de la zona predefinida y ayuda a evitar que el cirujano se salga de los l\u00edmites planificados. Esta tecnolog\u00eda permite al cirujano ejecutar sus cortes a mil\u00edmetros del plan deseado.<\/p>\n<p>A menudo, nuestros pacientes pueden recuperarse m\u00e1s r\u00e1pidamente tras las intervenciones de pr\u00f3tesis de rodilla y cadera con el uso del Mako. Con la ayuda del brazo rob\u00f3tico Mako, el equipo quir\u00fargico puede realizar cortes m\u00e1s peque\u00f1os, con mayor precisi\u00f3n, minimizando los da\u00f1os tanto en los huesos como en los tejidos blandos.<\/p>\n<\/div>    <\/div>\n    \n                <\/div>\n                <div class=\"images\">\n                                            <img decoding=\"async\" class=\"first\" src=\"https:\/\/www.southcoast.org\/wp-content\/uploads\/2025\/01\/Mako-500.jpg\" alt=\"A group of medical professionals in surgical scrubs and hair nets standing in a medical facility next to a piece of medical equipment labeled &quot;Mako-500&quot;.\">\n                                                                <img decoding=\"async\" class=\"second\" src=\"https:\/\/www.southcoast.org\/wp-content\/uploads\/2025\/08\/Mako-Robotic-Surgery-Orthopedics-32-scaled.jpg\" alt=\"\">\n                                                                <img decoding=\"async\" class=\"third\" src=\"https:\/\/www.southcoast.org\/wp-content\/uploads\/2025\/08\/Mako-Robotic-Surgery-Orthopedics-09-scaled.jpg\" alt=\"\">\n                                    <\/div>\n\n            <\/div>\n        <\/div>\n    <\/div>\n<\/div>\n<\/div>\n\n\n<div  class=\"blockSettings  paddingTopSM paddingBottomMD cardIconsFluid cardIconsImageFluid light\" style=\"background-color:#E9F7F4;\">\t<div class=\"container\">\n\t\t\t\t\t<div class=\"grid\">\n\t\t\t\t<div class=\"col-sm-12\">\n\t\t\t\t\t<div class=\"introCenter\">\n\t\t\t\t\t\t<div class=\"maincopy intro\">\n\t\t\t\t\t\t\t<h2>Ventajas de la cirug\u00eda asistida por brazo rob\u00f3tico Mako <\/h2>\n\t\t\t\t\t\t\t\t\t\t\t\t\t<\/div>\n\t\t\t\t\t\t\t\t\t\t\t\t\t\t\t\t\t\t\t\t\t\t\t\t\t\t                                                                                                        \t\t\t\t\t<\/div>\n\t\t\t\t<\/div>\n\t\t\t<\/div>\n\t\t\n\t\t\t\t\t<!--Manual Cards-->\n\t\t\t<div class=\"grid smallGrid\">\n\t\t\t\t\t\t\t\t\t\t\t<div class=\"col-sm-6 col-md-6 col-grid\">\n\t\t\t\t\t\t\t\t<div class=\"cardBasic  Left Horizontal\">\n\t\t\t\t\t\t\t\t\t<span class='icon image-icon'><img loading=\"lazy\" decoding=\"async\" width=\"1251\" height=\"1251\" src=\"https:\/\/www.southcoast.org\/wp-content\/uploads\/2025\/08\/Bone-health-2.png\" class=\"attachment-full size-full\" alt=\"Stylized illustration of a human joint with green elements, representing bone health or medical concepts.\" srcset=\"https:\/\/www.southcoast.org\/wp-content\/uploads\/2025\/08\/Bone-health-2.png 1251w, https:\/\/www.southcoast.org\/wp-content\/uploads\/2025\/08\/Bone-health-2-300x300.png 300w, https:\/\/www.southcoast.org\/wp-content\/uploads\/2025\/08\/Bone-health-2-1024x1024.png 1024w, https:\/\/www.southcoast.org\/wp-content\/uploads\/2025\/08\/Bone-health-2-150x150.png 150w, https:\/\/www.southcoast.org\/wp-content\/uploads\/2025\/08\/Bone-health-2-768x768.png 768w\" sizes=\"auto, (max-width: 1251px) 100vw, 1251px\" \/><\/span>\t\t\t\t\t\t\t\t\t\t\t\t\t\t\t\t\t\t\n\t\t\t\t\t\t\t\t\t<div class=\"cardBasicBody\">\n\t\t\t\t\t\t\t\t\t\t<div class=\"cardBasicBodyTitle\" role=\"title\">Conservaci\u00f3n del hueso y del tejido sano<\/div>\n\t\t\t\t\t\t\t\t\t\t\t\t\t\t\t\t\t\t\t\t\t\t\t\t\t\t\t\t\t<\/div>\n\t\t\t\t\t\t\t\t<\/div>\n\t\t\t\t\t\t\t<\/div>\n\t\t\t\t\t\t\t\t\t\t\t\t<div class=\"col-sm-6 col-md-6 col-grid\">\n\t\t\t\t\t\t\t\t<div class=\"cardBasic  Left Horizontal\">\n\t\t\t\t\t\t\t\t\t<span class='icon image-icon'><img loading=\"lazy\" decoding=\"async\" width=\"1251\" height=\"1251\" src=\"https:\/\/www.southcoast.org\/wp-content\/uploads\/2025\/08\/Recovery-Icon.png\" class=\"attachment-full size-full\" alt=\"Green abstract icon with an energetic figure and surrounding arrows, representing recovery.\" srcset=\"https:\/\/www.southcoast.org\/wp-content\/uploads\/2025\/08\/Recovery-Icon.png 1251w, https:\/\/www.southcoast.org\/wp-content\/uploads\/2025\/08\/Recovery-Icon-300x300.png 300w, https:\/\/www.southcoast.org\/wp-content\/uploads\/2025\/08\/Recovery-Icon-1024x1024.png 1024w, https:\/\/www.southcoast.org\/wp-content\/uploads\/2025\/08\/Recovery-Icon-150x150.png 150w, https:\/\/www.southcoast.org\/wp-content\/uploads\/2025\/08\/Recovery-Icon-768x768.png 768w\" sizes=\"auto, (max-width: 1251px) 100vw, 1251px\" \/><\/span>\t\t\t\t\t\t\t\t\t\t\t\t\t\t\t\t\t\t\n\t\t\t\t\t\t\t\t\t<div class=\"cardBasicBody\">\n\t\t\t\t\t\t\t\t\t\t<div class=\"cardBasicBodyTitle\" role=\"title\">Menos cicatrices y r\u00e1pida recuperaci\u00f3n<\/div>\n\t\t\t\t\t\t\t\t\t\t\t\t\t\t\t\t\t\t\t\t\t\t\t\t\t\t\t\t\t<\/div>\n\t\t\t\t\t\t\t\t<\/div>\n\t\t\t\t\t\t\t<\/div>\n\t\t\t\t\t\t\t\t\t\t\t\t<div class=\"col-sm-6 col-md-6 col-grid\">\n\t\t\t\t\t\t\t\t<div class=\"cardBasic  Left Horizontal\">\n\t\t\t\t\t\t\t\t\t<span class='icon image-icon'><img loading=\"lazy\" decoding=\"async\" width=\"1251\" height=\"1251\" src=\"https:\/\/www.southcoast.org\/wp-content\/uploads\/2025\/08\/Precision.png\" class=\"attachment-full size-full\" alt=\"Concentric green rings surrounding a green checkmark, symbolizing precision and accuracy.\" srcset=\"https:\/\/www.southcoast.org\/wp-content\/uploads\/2025\/08\/Precision.png 1251w, https:\/\/www.southcoast.org\/wp-content\/uploads\/2025\/08\/Precision-300x300.png 300w, https:\/\/www.southcoast.org\/wp-content\/uploads\/2025\/08\/Precision-1024x1024.png 1024w, https:\/\/www.southcoast.org\/wp-content\/uploads\/2025\/08\/Precision-150x150.png 150w, https:\/\/www.southcoast.org\/wp-content\/uploads\/2025\/08\/Precision-768x768.png 768w\" sizes=\"auto, (max-width: 1251px) 100vw, 1251px\" \/><\/span>\t\t\t\t\t\t\t\t\t\t\t\t\t\t\t\t\t\t\n\t\t\t\t\t\t\t\t\t<div class=\"cardBasicBody\">\n\t\t\t\t\t\t\t\t\t\t<div class=\"cardBasicBodyTitle\" role=\"title\">Mayor precisi\u00f3n y exactitud<\/div>\n\t\t\t\t\t\t\t\t\t\t\t\t\t\t\t\t\t\t\t\t\t\t\t\t\t\t\t\t\t<\/div>\n\t\t\t\t\t\t\t\t<\/div>\n\t\t\t\t\t\t\t<\/div>\n\t\t\t\t\t\t\t\t\t\t\t\t<div class=\"col-sm-6 col-md-6 col-grid\">\n\t\t\t\t\t\t\t\t<div class=\"cardBasic  Left Horizontal\">\n\t\t\t\t\t\t\t\t\t<span class='icon image-icon'><img loading=\"lazy\" decoding=\"async\" width=\"1251\" height=\"1251\" src=\"https:\/\/www.southcoast.org\/wp-content\/uploads\/2025\/08\/Infection.png\" class=\"attachment-full size-full\" alt=\"Green medical shield with a white cross symbol, representing infection or medical protection.\" srcset=\"https:\/\/www.southcoast.org\/wp-content\/uploads\/2025\/08\/Infection.png 1251w, https:\/\/www.southcoast.org\/wp-content\/uploads\/2025\/08\/Infection-300x300.png 300w, https:\/\/www.southcoast.org\/wp-content\/uploads\/2025\/08\/Infection-1024x1024.png 1024w, https:\/\/www.southcoast.org\/wp-content\/uploads\/2025\/08\/Infection-150x150.png 150w, https:\/\/www.southcoast.org\/wp-content\/uploads\/2025\/08\/Infection-768x768.png 768w\" sizes=\"auto, (max-width: 1251px) 100vw, 1251px\" \/><\/span>\t\t\t\t\t\t\t\t\t\t\t\t\t\t\t\t\t\t\n\t\t\t\t\t\t\t\t\t<div class=\"cardBasicBody\">\n\t\t\t\t\t\t\t\t\t\t<div class=\"cardBasicBodyTitle\" role=\"title\">Reducci\u00f3n del riesgo de infecci\u00f3n<\/div>\n\t\t\t\t\t\t\t\t\t\t\t\t\t\t\t\t\t\t\t\t\t\t\t\t\t\t\t\t\t<\/div>\n\t\t\t\t\t\t\t\t<\/div>\n\t\t\t\t\t\t\t<\/div>\n\t\t\t\t\t\t\t\t<\/div>\n\t\t\t<\/div>\n<\/div>\n\n\n<div  class=\"blockSettings  paddingTopSM paddingBottomNone patient-stories-block light\" style=\"\"><div class=\"container\">\n    <div class=\"grid\">\n        <div class=\"col-sm-12\">\n                <div class=\"introWithSliderControls centerAlign\">\n            <div class=\"mainCopyWrap\">\n            <h2>Tecnolog\u00eda que transforma vidas<\/h2>\n        <\/div>\n            <!-- Desktop + leftAlign Slider arrows -->\n        <div class=\"sliderControls sliderArrows\">\n            <button title=\"diapositiva anterior\" class=\"prev-slide\" aria-label=\"Diapositiva anterior\"><i class=\"fa-light fa-chevron-left\" aria-hidden=\"true\"><\/i><\/button>\n            <button title=\"siguiente diapositiva\" class=\"next-slide\" aria-label=\"Siguiente diapositiva\"><i class=\"fa-light fa-chevron-right\" aria-hidden=\"true\"><\/i><\/button>\n        <\/div>\n            <\/div>\n\n\n                \n        <\/div>\n    <\/div>\n\n            <div class=\"blockSeparator\"><\/div>\n    \n    \n        <div class=\"grid\">\n            <div class=\"col-sm-12\">\n\n                <div class=\"slider-container slider-bleed\">\n\n\n                    <div class=\"sliderControls sliderArrows centerAlign\">\n                        <button title=\"diapositiva anterior\" class=\"prev-slide\"><i class=\"fa-light fa-chevron-left\"><\/i><\/button>\n                        <button title=\"siguiente diapositiva\" class=\"next-slide\"><i class=\"fa-light fa-chevron-right\"><\/i><\/button>\n                    <\/div>\n                    <div id=\"patient-stories-slider-69eaccc292f88\" class=\"patient-stories-slider\">\n\n                                                    <div class=\"patient-story-slide\">\n                                                            <\/div>\n                                                    <div class=\"patient-story-slide\">\n                                                            <\/div>\n                                                    <div class=\"patient-story-slide\">\n                                                            <\/div>\n                                            <\/div>\n                <\/div>\n            <\/div>\n        <\/div>\n\n    \n\n<\/div>\n<\/div>\n\n\n<div  class=\"blockSettings  paddingTopSM paddingBottomNone teamFluid light\" style=\"\"><div class=\"container\">\n    <div class=\"grid\">\n        <div class=\"col-sm-12\">\n            <div class=\"introCenter\">\n                    <div class=\"mainCopyWrap\">\n            <h2>Conozca a nuestros cirujanos de Mako<\/h2>\n        <\/div>\n                    \n            <\/div>\n        <\/div>\n    <\/div>\n\n            <div class=\"blockSeparator\"><\/div>\n    \n    <div class=\"teamContentWrap\">\n                    <div class=\"sliderArrows\">\n                <button class=\"prev-slide\"><i class=\"fa-light fa-chevron-left\"><\/i><\/button>\n                <button class=\"next-slide\"><i class=\"fa-light fa-chevron-right\"><\/i><\/button>\n            <\/div>\n        \n        <div class=\"grid  teamSlider sliderBleed\" data-slide-cols=\"5\" >\n                                <div class=\"col-6  col-grid\">\n                                                        <a href=\"https:\/\/www.southcoast.org\/es\/doctors\/joseph-lifrak-md\/#\/appointment-chooser\/providerId\/99992707\/patientTypeId\" target=\"_self\" class=\"teamCardLink\">\n                                    <div class=\"teamCard\">\n                                                                                <div class=\"teamCardBody\">\n                                                                                            <h2> Dr. Joseph Lifrak<\/h2>\n                                                                                                                                        <p class=\"teamTitle\">Cirug\u00eda ortop\u00e9dica | Ortopedia | Medicina deportiva<\/p>\n                                                                                                                                    <div class=\"learnMore\">\n                                                <i class=\"sc-icon sc-icon-green rotate-arrow fa-regular fa-arrow-up-right readMoreIcon\"><\/i> M\u00e1s informaci\u00f3n                                             <\/div>\n                                        <\/div>\n                                    <\/div>\n                                <\/a>\n                                                <\/div>\n                                    <div class=\"col-6  col-grid\">\n                                                        <a href=\"https:\/\/www.southcoast.org\/es\/doctors\/christopher-skeehan-md\/#\/appointment-chooser\/providerId\/1010457\/patientTypeId\" target=\"_self\" class=\"teamCardLink\">\n                                    <div class=\"teamCard\">\n                                                                                <div class=\"teamCardBody\">\n                                                                                            <h2>Dr. Christopher Skeehan<\/h2>\n                                                                                                                                        <p class=\"teamTitle\">Cirug\u00eda ortop\u00e9dica | Ortopedia<\/p>\n                                                                                                                                    <div class=\"learnMore\">\n                                                <i class=\"sc-icon sc-icon-green rotate-arrow fa-regular fa-arrow-up-right readMoreIcon\"><\/i> M\u00e1s informaci\u00f3n                                             <\/div>\n                                        <\/div>\n                                    <\/div>\n                                <\/a>\n                                                <\/div>\n                                        \n                    <\/div>\n    <\/div>\n<\/div>\n<\/div>","protected":false},"excerpt":{"rendered":"","protected":false},"author":13,"featured_media":0,"parent":0,"menu_order":0,"comment_status":"closed","ping_status":"closed","template":"","meta":{"_acf_changed":false,"footnotes":""},"class_list":["post-22560","page","type-page","status-publish","hentry"],"acf":[],"yoast_head":"<!-- This site is optimized with the Yoast SEO plugin v26.0 - https:\/\/yoast.com\/wordpress\/plugins\/seo\/ -->\n<title>Mako Robotic-Arm Assisted Technology - Southcoast Health<\/title>\n<meta name=\"robots\" content=\"index, follow, max-snippet:-1, max-image-preview:large, max-video-preview:-1\" \/>\n<link rel=\"canonical\" href=\"https:\/\/www.southcoast.org\/es\/mako-robotic-arm-assisted-technology\/\" \/>\n<meta property=\"og:locale\" content=\"es_MX\" \/>\n<meta property=\"og:type\" content=\"article\" \/>\n<meta property=\"og:title\" content=\"Mako Robotic-Arm Assisted Technology - Southcoast Health\" \/>\n<meta property=\"og:url\" content=\"https:\/\/www.southcoast.org\/es\/mako-robotic-arm-assisted-technology\/\" \/>\n<meta property=\"og:site_name\" content=\"Southcoast Health\" \/>\n<meta property=\"article:modified_time\" content=\"2025-11-18T19:13:30+00:00\" \/>\n<meta name=\"twitter:card\" content=\"summary_large_image\" \/>\n<script type=\"application\/ld+json\" class=\"yoast-schema-graph\">{\"@context\":\"https:\/\/schema.org\",\"@graph\":[{\"@type\":\"WebPage\",\"@id\":\"https:\/\/www.southcoast.org\/mako-robotic-arm-assisted-technology\/\",\"url\":\"https:\/\/www.southcoast.org\/mako-robotic-arm-assisted-technology\/\",\"name\":\"Mako Robotic-Arm Assisted Technology - Southcoast Health\",\"isPartOf\":{\"@id\":\"https:\/\/www.southcoast.org\/#website\"},\"datePublished\":\"2025-08-08T18:21:37+00:00\",\"dateModified\":\"2025-11-18T19:13:30+00:00\",\"breadcrumb\":{\"@id\":\"https:\/\/www.southcoast.org\/mako-robotic-arm-assisted-technology\/#breadcrumb\"},\"inLanguage\":\"es-MX\",\"potentialAction\":[{\"@type\":\"ReadAction\",\"target\":[\"https:\/\/www.southcoast.org\/mako-robotic-arm-assisted-technology\/\"]}]},{\"@type\":\"BreadcrumbList\",\"@id\":\"https:\/\/www.southcoast.org\/mako-robotic-arm-assisted-technology\/#breadcrumb\",\"itemListElement\":[{\"@type\":\"ListItem\",\"position\":1,\"name\":\"\",\"item\":\"https:\/\/www.southcoast.org\/\"},{\"@type\":\"ListItem\",\"position\":2,\"name\":\"Mako Robotic-Arm Assisted Technology\"}]},{\"@type\":\"WebSite\",\"@id\":\"https:\/\/www.southcoast.org\/#website\",\"url\":\"https:\/\/www.southcoast.org\/\",\"name\":\"Southcoast Health\",\"description\":\"More than medicine.\",\"potentialAction\":[{\"@type\":\"SearchAction\",\"target\":{\"@type\":\"EntryPoint\",\"urlTemplate\":\"https:\/\/www.southcoast.org\/?s={search_term_string}\"},\"query-input\":{\"@type\":\"PropertyValueSpecification\",\"valueRequired\":true,\"valueName\":\"search_term_string\"}}],\"inLanguage\":\"es-MX\"}]}<\/script>\n<!-- \/ Yoast SEO plugin. -->","yoast_head_json":{"title":"Mako Robotic-Arm Assisted Technology - Southcoast Health","robots":{"index":"index","follow":"follow","max-snippet":"max-snippet:-1","max-image-preview":"max-image-preview:large","max-video-preview":"max-video-preview:-1"},"canonical":"https:\/\/www.southcoast.org\/es\/mako-robotic-arm-assisted-technology\/","og_locale":"es_MX","og_type":"article","og_title":"Mako Robotic-Arm Assisted Technology - Southcoast Health","og_url":"https:\/\/www.southcoast.org\/es\/mako-robotic-arm-assisted-technology\/","og_site_name":"Southcoast Health","article_modified_time":"2025-11-18T19:13:30+00:00","twitter_card":"summary_large_image","schema":{"@context":"https:\/\/schema.org","@graph":[{"@type":"WebPage","@id":"https:\/\/www.southcoast.org\/mako-robotic-arm-assisted-technology\/","url":"https:\/\/www.southcoast.org\/mako-robotic-arm-assisted-technology\/","name":"Mako Robotic-Arm Assisted Technology - Southcoast Health","isPartOf":{"@id":"https:\/\/www.southcoast.org\/#website"},"datePublished":"2025-08-08T18:21:37+00:00","dateModified":"2025-11-18T19:13:30+00:00","breadcrumb":{"@id":"https:\/\/www.southcoast.org\/mako-robotic-arm-assisted-technology\/#breadcrumb"},"inLanguage":"es-MX","potentialAction":[{"@type":"ReadAction","target":["https:\/\/www.southcoast.org\/mako-robotic-arm-assisted-technology\/"]}]},{"@type":"BreadcrumbList","@id":"https:\/\/www.southcoast.org\/mako-robotic-arm-assisted-technology\/#breadcrumb","itemListElement":[{"@type":"ListItem","position":1,"name":"","item":"https:\/\/www.southcoast.org\/"},{"@type":"ListItem","position":2,"name":"Mako Robotic-Arm Assisted Technology"}]},{"@type":"WebSite","@id":"https:\/\/www.southcoast.org\/#website","url":"https:\/\/www.southcoast.org\/","name":"Southcoast Health","description":"M\u00e1s que medicina.","potentialAction":[{"@type":"SearchAction","target":{"@type":"EntryPoint","urlTemplate":"https:\/\/www.southcoast.org\/?s={search_term_string}"},"query-input":{"@type":"PropertyValueSpecification","valueRequired":true,"valueName":"search_term_string"}}],"inLanguage":"es-MX"}]}},"_links":{"self":[{"href":"https:\/\/www.southcoast.org\/es\/wp-json\/wp\/v2\/pages\/22560","targetHints":{"allow":["GET"]}}],"collection":[{"href":"https:\/\/www.southcoast.org\/es\/wp-json\/wp\/v2\/pages"}],"about":[{"href":"https:\/\/www.southcoast.org\/es\/wp-json\/wp\/v2\/types\/page"}],"author":[{"embeddable":true,"href":"https:\/\/www.southcoast.org\/es\/wp-json\/wp\/v2\/users\/13"}],"replies":[{"embeddable":true,"href":"https:\/\/www.southcoast.org\/es\/wp-json\/wp\/v2\/comments?post=22560"}],"version-history":[{"count":11,"href":"https:\/\/www.southcoast.org\/es\/wp-json\/wp\/v2\/pages\/22560\/revisions"}],"predecessor-version":[{"id":282379,"href":"https:\/\/www.southcoast.org\/es\/wp-json\/wp\/v2\/pages\/22560\/revisions\/282379"}],"wp:attachment":[{"href":"https:\/\/www.southcoast.org\/es\/wp-json\/wp\/v2\/media?parent=22560"}],"curies":[{"name":"wp","href":"https:\/\/api.w.org\/{rel}","templated":true}]}}