{"id":22450,"date":"2025-08-07T20:38:56","date_gmt":"2025-08-07T20:38:56","guid":{"rendered":"https:\/\/test-southcoast-health-multi.southcoast-health.org\/?page_id=22450"},"modified":"2025-11-18T14:04:39","modified_gmt":"2025-11-18T19:04:39","slug":"robots","status":"publish","type":"page","link":"https:\/\/www.southcoast.org\/es\/robots\/","title":{"rendered":"Tecnolog\u00eda de cirug\u00eda asistida por robot"},"content":{"rendered":"<div  class=\"blockSettings    heroVideoFluid\" style=\"\">    <div id=\"hero-video-container\" data-video=\"https:\/\/www.southcoast.org\/wp-content\/uploads\/2025\/08\/Website-Hero-Video.mp4\" data-videotype=\"mp4\">\n                    <video id=\"hero-video\" autoplay loop muted>\n                <source src=\"https:\/\/www.southcoast.org\/wp-content\/uploads\/2025\/08\/Website-Hero-Video.mp4\" type=\"video\/mp4\">\n            <\/video>\n            <\/div>\n\n\n<div class=\"container\">\n    <div class=\"grid\">\n        <div class=\"col-sm-12\">\n            <div class=\"videoContent center\">\n                                    <div class=\"breadcrumbsWrapper desktop-breadcrumbs\"><nav id=\"breadcrumbs\" aria-label=\"Migas de pan\"><ol><li><a href=\"https:\/\/www.southcoast.org\/es\/\"><i class=\"fa-light fa-house\"><\/i><span class=\"visually-hidden\">Inicio<\/span><\/a><\/li><\/ol><\/nav><\/div><div class=\"breadcrumbsWrapper mobile-breadcrumbs\"><p id=\"mobile-breadcrumbs\" class=\"mobile-back-nav\"><span><span><a href=\"#\" onclick=\"return handleBackNavigation();\"><i class=\"fa-solid fa-chevron-left back-arrow\"><\/i> Volver<\/a><\/span><\/span><\/p>\t\t<script>\n\t\t\tfunction handleBackNavigation() {\n\t\t\t\tif (window.history.length > 1) {\n\t\t\t\t\twindow.history.back();\n\t\t\t\t} else {\n\t\t\t\t\twindow.location.href = 'https:\/\/www.southcoast.org\/es';\n\t\t\t\t}\n\t\t\t\treturn false;\n\t\t\t}\n\t\t<\/script>\n<\/div>                \n                                    <h1 class=\"wow animate__animated animate__fadeInUp primary-lg\">Tecnolog\u00eda de cirug\u00eda asistida por robot<\/h1>\n                \n                \n                <div class=\"ctaWrap\">\n                                                                                        \n                                                                                                        <\/div>\n                <div class=\"video-button\">\n                    <button id=\"play-pause-btn\">\n                        <i class=\"fas fa-pause-circle\"><\/i>\n                    <\/button>\n                <\/div>\n            <\/div>\n        <\/div>\n    <\/div>\n<\/div>\n\n    \n    <\/div>\n\n\n\n<div  class=\"blockSettings  paddingTopSM paddingBottomMD media-object-block light\" style=\"\"><div class=\"container\">\n\t<div class=\"grid\">\n\t\t<div class=\"col-sm-12\">\n\t\t\t<div class=\"inner image-left list-style-disc inner-white-bg\" style=\"background-color: #fff;\">\n\t\t\t\t<div class=\"copy\">\n\t\t\t\t\t    <div class=\"mainCopyWrap\">\n            <h2>El futuro de la cirug\u00eda est\u00e1 en Southcoast Health<\/h2>\n    <div class=\"paragraphWrap\"><p>La cirug\u00eda asistida por robot permite a los cirujanos realizar muchos tipos diferentes de intervenciones complejas con m\u00e1s precisi\u00f3n, flexibilidad y control de lo que normalmente es posible con las t\u00e9cnicas quir\u00fargicas convencionales.<\/p>\n<p class=\"has-text-color\"><strong>Para los pacientes, la cirug\u00eda rob\u00f3tica puede ofrecer varias ventajas potenciales frente a la cirug\u00eda abierta convencional, entre ellas:\u00a0<\/strong><\/p>\n<div class=\"wp-block-group\">\n<div class=\"wp-block-group__inner-container is-layout-constrained wp-block-group-is-layout-constrained\">\n<div class=\"wp-block-group\">\n<div class=\"wp-block-group__inner-container is-layout-constrained wp-block-group-is-layout-constrained\">\n<div class=\"wp-block-group is-vertical is-layout-flex wp-container-core-group-is-layout-8cf370e7 wp-block-group-is-layout-flex\">\n<ul>\n<li><strong>Menos p\u00e9rdidas de sangre<\/strong><\/li>\n<li><strong>Menor riesgo de infecci\u00f3n<\/strong><\/li>\n<li><strong>Menos cicatrices<\/strong><\/li>\n<li><strong>Estancias hospitalarias m\u00e1s cortas<\/strong><\/li>\n<li><strong>Menor tiempo de recuperaci\u00f3n<\/strong><\/li>\n<\/ul>\n<\/div>\n<\/div>\n<\/div>\n<\/div>\n<\/div>\n<\/div>    <\/div>\n    \t\t\t\t<\/div>\n\t\t\t\t\t\t\t\t<div class=\"images\">\n\t\t\t\t\t\t<img decoding=\"async\" class=\"single\" src=\"https:\/\/www.southcoast.org\/wp-content\/uploads\/2025\/08\/IMG_0565-1-scaled-e1754942850526.jpg\" alt=\"\">\n\t\t\t\t\t\t\t\t\t\t<\/div>\n\t\t\t\t\n\t\t\t<\/div>\n\t\t<\/div>\n\t<\/div>\n<\/div>\n<\/div>\n\n\n<div  class=\"blockSettings  paddingTopNone paddingBottomNone media-object-block light\" style=\"\"><div class=\"container\">\n\t<div class=\"grid\">\n\t\t<div class=\"col-sm-12\">\n\t\t\t<div class=\"inner image-right list-style-disc inner-bg\" style=\"background-color: #f6f7f7;\">\n\t\t\t\t<div class=\"copy\">\n\t\t\t\t\t    <div class=\"mainCopyWrap\">\n            <h2>Reconocimiento a la excelencia cl\u00ednica en cirug\u00eda rob\u00f3tica<\/h2>\n    <div class=\"paragraphWrap\"><p><br data-mce-bogus=\"1\"><\/p>\n<\/div>    <\/div>\n        <div class=\"ctaWrap\">\n                    <a aria-label=\"enlace a Charlton Memorial Hospital reconocido por su cirug\u00eda rob\u00f3tica\" class=\"mainCTA shadow light1\" href=\"https:\/\/www.southcoast.org\/es\/news\/clinical-excellence-robotic-surgery\/\" title=\"Open Charlton Memorial Hospital reconocido por su cirug\u00eda rob\u00f3tica\" >Charlton Memorial Hospital reconocido por su cirug\u00eda rob\u00f3tica<\/a>                    <a aria-label=\"enlace al Hospital Tobey, reconocido por su cirug\u00eda rob\u00f3tica\" class=\"mainCTA shadow light1\" href=\"https:\/\/www.southcoast.org\/es\/headline_posts\/tobey-hospital-recognized-for-robotic-surgery\/\" title=\"El Hospital Abierto de Tobey, reconocido por su cirug\u00eda rob\u00f3tica\" >El Hospital Tobey, reconocido por su cirug\u00eda rob\u00f3tica<\/a>            <\/div>\n    \t\t\t\t<\/div>\n\t\t\t\t\t\t\t\t<div class=\"images\">\n\t\t\t\t\t\t<img decoding=\"async\" class=\"single\" src=\"https:\/\/www.southcoast.org\/wp-content\/uploads\/2025\/11\/Untitled-372-x-405-px-2.png\" alt=\"Two gold circular badges with the text &quot;SRC Center of Excellence Robotic Surgery&quot; and &quot;SRC Surgeon of Excellence Robotic Surgery&quot; on a white background.\">\n\t\t\t\t\t\t\t\t\t\t<\/div>\n\t\t\t\t\n\t\t\t<\/div>\n\t\t<\/div>\n\t<\/div>\n<\/div>\n<\/div>\n\n\n<div  class=\"blockSettings  paddingTopSM paddingBottomMD cardImageFluid light\" style=\"background-color:#E9F7F4;\"><div class=\"container\" role=\"region\"  aria-label=\"C\u00f3mo funciona la cirug\u00eda asistida por robot \">\n\t<div class=\"grid\">\n\t\t<div class=\"col-sm-12\">\n\t\t\t    <div class=\"introWithCta centerAlign\">\n            <div class=\"mainCopyWrap\">\n            <h2>C\u00f3mo funciona la cirug\u00eda asistida por robot <\/h2>\n        <\/div>\n        <\/div>\n    \t\t<\/div>\n\t<\/div>\n\t<div class=\"blockSeparator\"><\/div>\n\t<div class=\"cardImageContentWrap\">\n\t\t\t\t\t\t\t<!--Manual Cards-->\n\t\t\t<div class=\"grid smallGrid\" >\n\t\t\t\t\t\t\t\t\t\t\t<div class=\"col-sm-6 col-md-6 col-grid\" role=\"group\"  aria-label=\"Mayor precisi\u00f3n con incisiones m\u00e1s peque\u00f1as\">\n\t\t\t\t\t\t\t\t<div class=\"cardBasic border left Vertical\">\n\t\t\t\t\t\t\t\t\t<div class=\"cardImage\" style=\"background-image:url('https:\/\/www.southcoast.org\/wp-content\/uploads\/2025\/08\/da-Vinci-Surgical-System-Robotic-Surgery-Weight-Loss-21-scaled.jpg'); \"><\/div>\n\t\t\t\t\t\t\t\t\t<div class=\"cardBasicBody\">\n\t\t\t\t\t\t\t\t\t\t\t\t\t\t\t\t\t\t\t\t\t<p class=\"preHeadline\">Sistema quir\u00fargico da Vinci<\/p>\n\t\t\t\t\t\t\t\t\t\t\t\t\t\t\t\t\t\t\t\t<p class=\"cardBasicBodyTitle\">Mayor precisi\u00f3n con incisiones m\u00e1s peque\u00f1as<\/p>\n\t\t\t\t\t\t\t\t\t\t\t\t\t\t\t\t\t\t\t\t\t<div class=\"excerpt\">\n\t\t\t\t\t\t\t\t\t\t\t\t<p>Con el\u00a0<strong>Sistema quir\u00fargico da Vinci<\/strong>El cirujano se sienta en una consola de control en el mismo quir\u00f3fano que el paciente. La consola traduce en tiempo real los movimientos de la mano del cirujano en la consola, doblando y girando los instrumentos mientras realiza el procedimiento.<\/p>\n\t\t\t\t\t\t\t\t\t\t\t<\/div>\n\t\t\t\t\t\t\t\t\t\t\t\t\t\t\t\t\t\t\t\t<a aria-label=\"enlace al robot quir\u00fargico da Vinci Xi\" href=\"https:\/\/www.southcoast.org\/es\/da-vinci-surgical-robot\/\" title=\"enlace al robot quir\u00fargico da Vinci Xi\" target=\"_self\" class=\"readMore\"><span class=\"fa-regular fa-arrow-up-right readMoreIcon\"><\/span> Robot quir\u00fargico da Vinci Xi <\/a>\n\t\t\t\t\t\t\t\t\t<\/div>\n\t\t\t\t\t\t\t\t<\/div>\n\t\t\t\t\t\t\t<\/div>\n\t\t\t\t\t\t\t\t\t\t\t\t\t\t\t\t\t<div class=\"col-sm-6 col-md-6 col-grid\" role=\"group\"  aria-label=\"Una nueva soluci\u00f3n para el dolor articular\">\n\t\t\t\t\t\t\t\t<div class=\"cardBasic border left Vertical\">\n\t\t\t\t\t\t\t\t\t<div class=\"cardImage\" style=\"background-image:url('https:\/\/www.southcoast.org\/wp-content\/uploads\/2025\/08\/Mako-Robotic-Surgery-Orthopedics-14-scaled.jpg'); \"><\/div>\n\t\t\t\t\t\t\t\t\t<div class=\"cardBasicBody\">\n\t\t\t\t\t\t\t\t\t\t\t\t\t\t\t\t\t\t\t\t\t<p class=\"preHeadline\">Mako\u2122 Tecnolog\u00eda asistida por brazo rob\u00f3tico<\/p>\n\t\t\t\t\t\t\t\t\t\t\t\t\t\t\t\t\t\t\t\t<p class=\"cardBasicBodyTitle\">Una nueva soluci\u00f3n para el dolor articular<\/p>\n\t\t\t\t\t\t\t\t\t\t\t\t\t\t\t\t\t\t\t\t\t<div class=\"excerpt\">\n\t\t\t\t\t\t\t\t\t\t\t\t<p><strong>El sistema Mako<\/strong>\u00a0gu\u00eda al cirujano dentro de una zona predefinida y le ayuda a evitar que se salga de los l\u00edmites previstos. El sistema Mako no realiza realmente la cirug\u00eda, simplemente ayuda a los cirujanos a realizar el procedimiento con mayor precisi\u00f3n y con un m\u00e9todo m\u00ednimamente invasivo.<\/p>\n\t\t\t\t\t\t\t\t\t\t\t<\/div>\n\t\t\t\t\t\t\t\t\t\t\t\t\t\t\t\t\t\t\t\t<a aria-label=\"Enlace a la tecnolog\u00eda de brazos rob\u00f3ticos Mako\" href=\"https:\/\/www.southcoast.org\/es\/mako-robotic-arm-assisted-technology\/\" title=\"Enlace a la tecnolog\u00eda de brazos rob\u00f3ticos Mako\" target=\"_self\" class=\"readMore\"><span class=\"fa-regular fa-arrow-up-right readMoreIcon\"><\/span> Tecnolog\u00eda de brazo rob\u00f3tico Mako <\/a>\n\t\t\t\t\t\t\t\t\t<\/div>\n\t\t\t\t\t\t\t\t<\/div>\n\t\t\t\t\t\t\t<\/div>\n\t\t\t\t\t\t\t\t\t\t\t\t\t\t\t\t\t<div class=\"col-sm-6 col-md-6 col-grid\" role=\"group\"  aria-label=\"Una visi\u00f3n clara de la cirug\u00eda de la espalda\">\n\t\t\t\t\t\t\t\t<div class=\"cardBasic border left Vertical\">\n\t\t\t\t\t\t\t\t\t<div class=\"cardImage\" style=\"background-image:url('https:\/\/www.southcoast.org\/wp-content\/uploads\/2025\/11\/20250826-174141ADP_2588-scaled.jpg'); \"><\/div>\n\t\t\t\t\t\t\t\t\t<div class=\"cardBasicBody\">\n\t\t\t\t\t\t\t\t\t\t\t\t\t\t\t\t\t\t\t\t\t<p class=\"preHeadline\">Sistema quir\u00fargico 7D Flash<\/p>\n\t\t\t\t\t\t\t\t\t\t\t\t\t\t\t\t\t\t\t\t<p class=\"cardBasicBodyTitle\">Una visi\u00f3n clara de la cirug\u00eda de la espalda<\/p>\n\t\t\t\t\t\t\t\t\t\t\t\t\t\t\t\t\t\t\t\t\t<div class=\"excerpt\">\n\t\t\t\t\t\t\t\t\t\t\t\t<p><strong>Tecnolog\u00eda quir\u00fargica 7D<\/strong>\u00a0para intervenciones de columna gu\u00eda a los cirujanos con una imagen 3D muy detallada tomada en s\u00f3lo cuatro segundos. De forma similar a lo que el GPS ha hecho por la navegaci\u00f3n geogr\u00e1fica, 7D es como un sistema GPS para la cirug\u00eda de la espalda. El sistema permite a los cirujanos realizar intervenciones r\u00e1pidas, eficaces y sin radiaci\u00f3n.<\/p>\n\t\t\t\t\t\t\t\t\t\t\t<\/div>\n\t\t\t\t\t\t\t\t\t\t\t\t\t\t\t\t\t\t\t\t<a aria-label=\"enlace a 7D Surgical System\" href=\"https:\/\/www.southcoast.org\/es\/7d-surgical-system\/\" title=\"enlace a 7D Surgical System\" target=\"_self\" class=\"readMore\"><span class=\"fa-regular fa-arrow-up-right readMoreIcon\"><\/span> Sistema quir\u00fargico 7D <\/a>\n\t\t\t\t\t\t\t\t\t<\/div>\n\t\t\t\t\t\t\t\t<\/div>\n\t\t\t\t\t\t\t<\/div>\n\t\t\t\t\t\t\t\t\t\t\t\t\t\t\t\t\t<div class=\"col-sm-6 col-md-6 col-grid\" role=\"group\"  aria-label=\"Un enfoque m\u00ednimamente invasivo de la biopsia pulmonar y el tratamiento del c\u00e1ncer\">\n\t\t\t\t\t\t\t\t<div class=\"cardBasic border left Vertical\">\n\t\t\t\t\t\t\t\t\t<div class=\"cardImage\" style=\"background-image:url('https:\/\/www.southcoast.org\/wp-content\/uploads\/2025\/08\/ION-Technology-4-scaled.jpg'); \"><\/div>\n\t\t\t\t\t\t\t\t\t<div class=\"cardBasicBody\">\n\t\t\t\t\t\t\t\t\t\t\t\t\t\t\t\t\t\t\t\t\t<p class=\"preHeadline\">Sistema endoluminal robotizado Ion<\/p>\n\t\t\t\t\t\t\t\t\t\t\t\t\t\t\t\t\t\t\t\t<p class=\"cardBasicBodyTitle\">Un enfoque m\u00ednimamente invasivo de la biopsia pulmonar y el tratamiento del c\u00e1ncer<\/p>\n\t\t\t\t\t\t\t\t\t\t\t\t\t\t\t\t\t\t\t\t\t<div class=\"excerpt\">\n\t\t\t\t\t\t\t\t\t\t\t\t<p>Durante una broncoscopia con el sistema quir\u00fargico Ion, el cirujano utiliza el controlador para navegar hasta el objetivo siguiendo una trayectoria planificada. El cat\u00e9ter puede articularse 180\u00b0 en cualquier direcci\u00f3n para atravesar v\u00edas a\u00e9reas peque\u00f1as y dif\u00edciles de navegar, as\u00ed como curvas cerradas para llegar a los 18 segmentos del pulm\u00f3n.<\/p>\n\t\t\t\t\t\t\t\t\t\t\t<\/div>\n\t\t\t\t\t\t\t\t\t\t\t\t\t\t\t\t\t\t\t\t<a aria-label=\"enlace al sistema endoluminal robotizado Ion\" href=\"https:\/\/www.southcoast.org\/es\/ion-robotic-assisted-endoluminal-system\/\" title=\"enlace al sistema endoluminal robotizado Ion\" target=\"_self\" class=\"readMore\"><span class=\"fa-regular fa-arrow-up-right readMoreIcon\"><\/span> Sistema endoluminal robotizado Ion <\/a>\n\t\t\t\t\t\t\t\t\t<\/div>\n\t\t\t\t\t\t\t\t<\/div>\n\t\t\t\t\t\t\t<\/div>\n\t\t\t\t\t\t\t\t\t\t\t\t\t<\/div>\n\t\t\t<\/div>\n\t<\/div>\n\n<\/div>\n\n\n<div  class=\"blockSettings  paddingTopNone paddingBottomNone videoGridFluid light\" style=\"\"><div class=\"container\">\n            <div class=\"grid\">\n            <div class=\"col-sm-12\">\n                <div class=\"introCenter\">\n                        <div class=\"mainCopyWrap\">\n            <h2>Recursos en v\u00eddeo sobre cirug\u00eda rob\u00f3tica asistida <\/h2>\n        <\/div>\n                                        <\/div>\n            <\/div>\n        <\/div>\n    \n            <div class=\"blockSeparator\"><\/div>\n    \n    <!-- Video list -->\n    <div class=\"grid video smallGrid\">\n                                    <div class=\"col-xs-12 col-sm-6 col-grid video__item\">\n                                                                    <a title=\"abrir v\u00eddeo en ventana emergente\" class=\"popup-youtube video__image\" href=\"https:\/\/www.youtube.com\/watch?v=9G2sZkzrrdg\" style=\"background-image:url('https:\/\/www.southcoast.org\/wp-content\/uploads\/2025\/11\/Robotic-Assisted-Surgery-What-to-Expect.jpg');\">\n                            <div class=\"overLayVideo\"><\/div>\n                            <i class=\"fa-solid fa-circle-play\"><\/i>\n                        <\/a>\n                        <h2 class=\"video__title\"> Cirug\u00eda rob\u00f3tica asistida | Qu\u00e9 esperar<\/h2>\n                                    <\/div>\n                            <div class=\"col-xs-12 col-sm-6 col-grid video__item\">\n                                                                    <a title=\"abrir v\u00eddeo en ventana emergente\" class=\"popup-youtube video__image\" href=\"https:\/\/www.youtube.com\/watch?v=0ZaobUiJhCQ\" style=\"background-image:url('https:\/\/www.southcoast.org\/wp-content\/uploads\/2025\/11\/Introducing-Ion-by-Intuitive-Advancing-lung-biopsy-capability.jpg');\">\n                            <div class=\"overLayVideo\"><\/div>\n                            <i class=\"fa-solid fa-circle-play\"><\/i>\n                        <\/a>\n                        <h2 class=\"video__title\">Presentaci\u00f3n de Ion by Intuitive | Mejora de la capacidad de biopsia pulmonar<\/h2>\n                                    <\/div>\n                        <\/div>\n<\/div>\n<\/div>\n\n\n<div  class=\"blockSettings  paddingTopSM paddingBottomMD patient-stories-block light\" style=\"\"><div class=\"container\">\n    <div class=\"grid\">\n        <div class=\"col-sm-12\">\n                <div class=\"introWithSliderControls leftAlign\">\n            <div class=\"mainCopyWrap\">\n            <\/div>\n            <!-- Desktop + leftAlign Slider arrows -->\n        <div class=\"sliderControls sliderArrows\">\n            <button title=\"diapositiva anterior\" class=\"prev-slide\" aria-label=\"Diapositiva anterior\"><i class=\"fa-light fa-chevron-left\" aria-hidden=\"true\"><\/i><\/button>\n            <button title=\"siguiente diapositiva\" class=\"next-slide\" aria-label=\"Siguiente diapositiva\"><i class=\"fa-light fa-chevron-right\" aria-hidden=\"true\"><\/i><\/button>\n        <\/div>\n            <\/div>\n\n\n                                <div class=\"grid\">\n                    <div class=\"col-sm-12\">\n                        <div class=\"blockFooter\">\n                            <\/br>\n                                                    <\/div>\n                    <\/div>\n                <\/div>\n\n            \n        <\/div>\n    <\/div>\n\n    \n    \n        <div class=\"grid\">\n            <div class=\"col-sm-12\">\n\n                <div class=\"slider-container slider-bleed\">\n\n\n                    <div class=\"sliderControls sliderArrows leftAlign\">\n                        <button title=\"diapositiva anterior\" class=\"prev-slide\"><i class=\"fa-light fa-chevron-left\"><\/i><\/button>\n                        <button title=\"siguiente diapositiva\" class=\"next-slide\"><i class=\"fa-light fa-chevron-right\"><\/i><\/button>\n                    <\/div>\n                    <div id=\"patient-stories-slider-69e70ea17ebb2\" class=\"patient-stories-slider\">\n\n                                                    <div class=\"patient-story-slide\">\n                                                            <\/div>\n                                                    <div class=\"patient-story-slide\">\n                                                            <\/div>\n                                                    <div class=\"patient-story-slide\">\n                                                            <\/div>\n                                            <\/div>\n                <\/div>\n            <\/div>\n        <\/div>\n\n    \n\n<\/div>\n<\/div>","protected":false},"excerpt":{"rendered":"","protected":false},"author":11,"featured_media":0,"parent":0,"menu_order":0,"comment_status":"closed","ping_status":"closed","template":"","meta":{"_acf_changed":false,"footnotes":""},"class_list":["post-22450","page","type-page","status-publish","hentry"],"acf":[],"yoast_head":"<!-- This site is optimized with the Yoast SEO plugin v26.0 - https:\/\/yoast.com\/wordpress\/plugins\/seo\/ -->\n<title>Robotic-Assisted Surgery Technology - Southcoast Health<\/title>\n<meta name=\"robots\" content=\"index, follow, max-snippet:-1, max-image-preview:large, max-video-preview:-1\" \/>\n<link rel=\"canonical\" href=\"https:\/\/www.southcoast.org\/es\/robots\/\" \/>\n<meta property=\"og:locale\" content=\"es_MX\" \/>\n<meta property=\"og:type\" content=\"article\" \/>\n<meta property=\"og:title\" content=\"Robotic-Assisted Surgery Technology - Southcoast Health\" \/>\n<meta property=\"og:url\" content=\"https:\/\/www.southcoast.org\/es\/robots\/\" \/>\n<meta property=\"og:site_name\" content=\"Southcoast Health\" \/>\n<meta property=\"article:modified_time\" content=\"2025-11-18T19:04:39+00:00\" \/>\n<meta name=\"twitter:card\" content=\"summary_large_image\" \/>\n<script type=\"application\/ld+json\" class=\"yoast-schema-graph\">{\"@context\":\"https:\/\/schema.org\",\"@graph\":[{\"@type\":\"WebPage\",\"@id\":\"https:\/\/www.southcoast.org\/robots\/\",\"url\":\"https:\/\/www.southcoast.org\/robots\/\",\"name\":\"Robotic-Assisted Surgery Technology - Southcoast Health\",\"isPartOf\":{\"@id\":\"https:\/\/www.southcoast.org\/#website\"},\"datePublished\":\"2025-08-07T20:38:56+00:00\",\"dateModified\":\"2025-11-18T19:04:39+00:00\",\"breadcrumb\":{\"@id\":\"https:\/\/www.southcoast.org\/robots\/#breadcrumb\"},\"inLanguage\":\"es-MX\",\"potentialAction\":[{\"@type\":\"ReadAction\",\"target\":[\"https:\/\/www.southcoast.org\/robots\/\"]}]},{\"@type\":\"BreadcrumbList\",\"@id\":\"https:\/\/www.southcoast.org\/robots\/#breadcrumb\",\"itemListElement\":[{\"@type\":\"ListItem\",\"position\":1,\"name\":\"\",\"item\":\"https:\/\/www.southcoast.org\/\"},{\"@type\":\"ListItem\",\"position\":2,\"name\":\"Robotic-Assisted Surgery Technology\"}]},{\"@type\":\"WebSite\",\"@id\":\"https:\/\/www.southcoast.org\/#website\",\"url\":\"https:\/\/www.southcoast.org\/\",\"name\":\"Southcoast Health\",\"description\":\"More than medicine.\",\"potentialAction\":[{\"@type\":\"SearchAction\",\"target\":{\"@type\":\"EntryPoint\",\"urlTemplate\":\"https:\/\/www.southcoast.org\/?s={search_term_string}\"},\"query-input\":{\"@type\":\"PropertyValueSpecification\",\"valueRequired\":true,\"valueName\":\"search_term_string\"}}],\"inLanguage\":\"es-MX\"}]}<\/script>\n<!-- \/ Yoast SEO plugin. -->","yoast_head_json":{"title":"Tecnolog\u00eda de cirug\u00eda asistida por robot - Southcoast Health","robots":{"index":"index","follow":"follow","max-snippet":"max-snippet:-1","max-image-preview":"max-image-preview:large","max-video-preview":"max-video-preview:-1"},"canonical":"https:\/\/www.southcoast.org\/es\/robots\/","og_locale":"es_MX","og_type":"article","og_title":"Robotic-Assisted Surgery Technology - Southcoast Health","og_url":"https:\/\/www.southcoast.org\/es\/robots\/","og_site_name":"Southcoast Health","article_modified_time":"2025-11-18T19:04:39+00:00","twitter_card":"summary_large_image","schema":{"@context":"https:\/\/schema.org","@graph":[{"@type":"WebPage","@id":"https:\/\/www.southcoast.org\/robots\/","url":"https:\/\/www.southcoast.org\/robots\/","name":"Tecnolog\u00eda de cirug\u00eda asistida por robot - Southcoast Health","isPartOf":{"@id":"https:\/\/www.southcoast.org\/#website"},"datePublished":"2025-08-07T20:38:56+00:00","dateModified":"2025-11-18T19:04:39+00:00","breadcrumb":{"@id":"https:\/\/www.southcoast.org\/robots\/#breadcrumb"},"inLanguage":"es-MX","potentialAction":[{"@type":"ReadAction","target":["https:\/\/www.southcoast.org\/robots\/"]}]},{"@type":"BreadcrumbList","@id":"https:\/\/www.southcoast.org\/robots\/#breadcrumb","itemListElement":[{"@type":"ListItem","position":1,"name":"","item":"https:\/\/www.southcoast.org\/"},{"@type":"ListItem","position":2,"name":"Robotic-Assisted Surgery Technology"}]},{"@type":"WebSite","@id":"https:\/\/www.southcoast.org\/#website","url":"https:\/\/www.southcoast.org\/","name":"Southcoast Health","description":"M\u00e1s que medicina.","potentialAction":[{"@type":"SearchAction","target":{"@type":"EntryPoint","urlTemplate":"https:\/\/www.southcoast.org\/?s={search_term_string}"},"query-input":{"@type":"PropertyValueSpecification","valueRequired":true,"valueName":"search_term_string"}}],"inLanguage":"es-MX"}]}},"_links":{"self":[{"href":"https:\/\/www.southcoast.org\/es\/wp-json\/wp\/v2\/pages\/22450","targetHints":{"allow":["GET"]}}],"collection":[{"href":"https:\/\/www.southcoast.org\/es\/wp-json\/wp\/v2\/pages"}],"about":[{"href":"https:\/\/www.southcoast.org\/es\/wp-json\/wp\/v2\/types\/page"}],"author":[{"embeddable":true,"href":"https:\/\/www.southcoast.org\/es\/wp-json\/wp\/v2\/users\/11"}],"replies":[{"embeddable":true,"href":"https:\/\/www.southcoast.org\/es\/wp-json\/wp\/v2\/comments?post=22450"}],"version-history":[{"count":59,"href":"https:\/\/www.southcoast.org\/es\/wp-json\/wp\/v2\/pages\/22450\/revisions"}],"predecessor-version":[{"id":283254,"href":"https:\/\/www.southcoast.org\/es\/wp-json\/wp\/v2\/pages\/22450\/revisions\/283254"}],"wp:attachment":[{"href":"https:\/\/www.southcoast.org\/es\/wp-json\/wp\/v2\/media?parent=22450"}],"curies":[{"name":"wp","href":"https:\/\/api.w.org\/{rel}","templated":true}]}}