{"id":22418,"date":"2025-08-26T18:54:26","date_gmt":"2025-08-26T18:54:26","guid":{"rendered":"https:\/\/test-southcoast-health-multi.southcoast-health.org\/?page_id=22418"},"modified":"2025-08-26T19:06:36","modified_gmt":"2025-08-26T19:06:36","slug":"pathway-to-excellence","status":"publish","type":"page","link":"https:\/\/www.southcoast.org\/es\/pathway-to-excellence\/","title":{"rendered":"Camino a la excelencia"},"content":{"rendered":"<div  class=\"blockSettings  paddingTopSM paddingBottomMD videoGridFluid light\" style=\"background-color:#E9F7F4;\"><div class=\"container\">\n            <div class=\"grid\">\n            <div class=\"col-sm-12\">\n                <div class=\"introCenter\">\n                        <div class=\"mainCopyWrap\">\n            <p class=\"eyebrow\">Su voz es el camino hacia M\u00e1s<\/p>\n        <h2>Camino a la excelencia<\/h2>\n        <\/div>\n                                        <\/div>\n            <\/div>\n        <\/div>\n    \n    \n    <!-- Video list -->\n    <div class=\"grid video smallGrid\">\n            <\/div>\n<\/div>\n<\/div>\n\n\n<div  class=\"blockSettings  paddingTopSM paddingBottomSM media-object-block light\" style=\"background-color:#e1f5fa;\"><div class=\"container\">\n\t<div class=\"grid\">\n\t\t<div class=\"col-sm-12\">\n\t\t\t<div class=\"inner image-right list-style-disc inner-white-bg\" style=\"background-color: #fff;\">\n\t\t\t\t<div class=\"copy\">\n\t\t\t\t\t    <div class=\"mainCopyWrap\">\n            <h2>Siguiendo la excelencia enfermera <\/h2>\n    <div class=\"paragraphWrap\"><p><span class=\"TextRun SCXW7579131 BCX8\" lang=\"EN-US\" xml:lang=\"EN-US\" data-contrast=\"auto\"><span class=\"NormalTextRun SCXW7579131 BCX8\">El Pathway to Excellence Program\u00ae es una designaci\u00f3n de enfermer\u00eda de primer nivel ofrecida por el American Nurses Credentialing Center, la rama de excelencia en enfermer\u00eda de la American Nurses Association. Reconoce a las organizaciones sanitarias que cuentan con entornos de pr\u00e1ctica positivos que promueven la autonom\u00eda de la enfermer\u00eda. <\/span><span class=\"NormalTextRun SCXW7579131 BCX8\">En esencia<\/span><span class=\"NormalTextRun SCXW7579131 BCX8\"> anima a las enfermeras a comprometerse y capacitarse para tomar decisiones sobre la atenci\u00f3n al paciente, al tiempo que fomenta el bienestar y el apoyo<\/span><span class=\"NormalTextRun SCXW7579131 BCX8\">.<\/span><\/span><span class=\"LineBreakBlob BlobObject DragDrop SCXW7579131 BCX8\"><span class=\"SCXW7579131 BCX8\">\u00a0<\/span><br class=\"SCXW7579131 BCX8\" \/><\/span><span class=\"LineBreakBlob BlobObject DragDrop SCXW7579131 BCX8\"><span class=\"SCXW7579131 BCX8\">\u00a0<\/span><br class=\"SCXW7579131 BCX8\" \/><\/span><span class=\"TextRun SCXW7579131 BCX8\" lang=\"EN-US\" xml:lang=\"EN-US\" data-contrast=\"auto\"><span class=\"NormalTextRun SCXW7579131 BCX8\">El Marco del Camino a la Excelencia de la ANCC <\/span><span class=\"NormalTextRun SCXW7579131 BCX8\">se basa en <\/span><span class=\"NormalTextRun SCXW7579131 BCX8\">seis normas que son elementos esenciales en el desarrollo de un entorno positivo para la pr\u00e1ctica de la enfermer\u00eda en diversos entornos sanitarios, incluidos los cuidados intensivos y los cuidados a largo plazo. Estas seis normas incluyen la toma de decisiones compartida, el liderazgo, la seguridad y la calidad, <\/span><span class=\"NormalTextRun SCXW7579131 BCX8\">bienestar<\/span><span class=\"NormalTextRun SCXW7579131 BCX8\"> y el desarrollo profesional.<\/span><\/span><span class=\"LineBreakBlob BlobObject DragDrop SCXW7579131 BCX8\"><span class=\"SCXW7579131 BCX8\">\u00a0<\/span><br class=\"SCXW7579131 BCX8\" \/><\/span><span class=\"LineBreakBlob BlobObject DragDrop SCXW7579131 BCX8\"><span class=\"SCXW7579131 BCX8\">\u00a0<\/span><br class=\"SCXW7579131 BCX8\" \/><\/span><span class=\"TextRun SCXW7579131 BCX8\" lang=\"EN-US\" xml:lang=\"EN-US\" data-contrast=\"auto\"><span class=\"NormalTextRun SCXW7579131 BCX8\">En Southcoast Health somos conscientes de que, cuando las enfermeras tienen voz, contamos con una plantilla m\u00e1s resistente y con m\u00e1s personal. <\/span><span class=\"NormalTextRun SCXW7579131 BCX8\">satisfacci\u00f3n<\/span><span class=\"NormalTextRun SCXW7579131 BCX8\"> y <\/span><span class=\"NormalTextRun SCXW7579131 BCX8\">mejor<\/span><span class=\"NormalTextRun SCXW7579131 BCX8\"> experiencia del paciente. Adem\u00e1s, el aumento de la colaboraci\u00f3n entre <\/span><span class=\"NormalTextRun SCXW7579131 BCX8\">profesional<\/span><span class=\"NormalTextRun SCXW7579131 BCX8\"> se traduce en una atenci\u00f3n de mayor calidad y mejores resultados para los pacientes.<\/span><\/span><\/p>\n<\/div>    <\/div>\n    \t\t\t\t<\/div>\n\t\t\t\t\t\t\t\t<div class=\"images\">\n\t\t\t\t\t\t<img decoding=\"async\" class=\"single\" src=\"https:\/\/www.southcoast.org\/wp-content\/uploads\/2025\/08\/Pathway-To-Excellence-Designated-1.png\" alt=\"Pathway-designated emblem for American Nurses Credentialing Center\">\n\t\t\t\t\t\t\t\t\t\t<\/div>\n\t\t\t\t\n\t\t\t<\/div>\n\t\t<\/div>\n\t<\/div>\n<\/div>\n<\/div>\n\n\n<div  class=\"blockSettings  paddingTopSM paddingBottomSM cardImageFluid light\" style=\"\"><div class=\"container\" role=\"region\"  aria-label=\"Viaje a la excelencia de Southcoast Health\">\n\t<div class=\"grid\">\n\t\t<div class=\"col-sm-12\">\n\t\t\t    <div class=\"introWithCta leftAlign\">\n            <div class=\"mainCopyWrap\">\n            <h2>Viaje a la excelencia de Southcoast Health<\/h2>\n        <\/div>\n        <\/div>\n    \t\t<\/div>\n\t<\/div>\n\t<div class=\"blockSeparator\"><\/div>\n\t<div class=\"cardImageContentWrap\">\n\t\t\t\t\t\t\t<div class=\"grid smallGrid\" >\n\t\t\t\t\t\t\t\t\t\t\t\t\t\t\t<div class=\"col-sm-6 col-md-6 col-grid\" role=\"group\"  aria-label=\"El Hospital Tobey se convierte en el segundo hospital de Southcoast Health en conseguir la designaci\u00f3n Pathway to Excellence\">\n\t\t\t\t\t\t\t<div class=\"cardBasic border left Vertical\">\n\t\t\t\t\t\t\t\t<div class=\"cardImage\" style=\"background-image:url('https:\/\/www.southcoast.org\/wp-content\/uploads\/2025\/08\/NEW-WEBSITE-788x398-News-Post-Images.png');\">\n\t\t\t\t\t\t\t\t\t\t\t\t\t\t\t\t\t\t\t<div class=\"postCategory\">\n\t\t\t\t\t\t\t\t\t\t\t<span>Premios y logros<\/span>\t\t\t\t\t\t\t\t\t\t<\/div>\n\t\t\t\t\t\t\t\t\t\t\t\t\t\t\t\t\t<\/div>\n\t\t\t\t\t\t\t\t<div class=\"cardBasicBody\">\n\t\t\t\t\t\t\t\t\t\t\t\t\t\t\t\t\t\t\t<p class=\"postMeta\">Southcoast Health\t\t\t\t\t\t\t\t\t\t\t<span>&#9679;<\/span>\n\t\t\t\t\t\t\t\t\t\t\t22 de agosto de 2025\t\t\t\t\t\t\t\t\t\t<\/p>\n\t\t\t\t\t\t\t\t\t\t\t\t\t\t\t\t\t\t<p class=\"cardBasicBodyTitle\">El Hospital Tobey se convierte en el segundo hospital de Southcoast Health en conseguir la designaci\u00f3n Pathway to Excellence<\/p>\n\t\t\t\t\t\t\t\t\t\t\t\t\t\t\t\t\t\t\t<div class=\"excerpt\">\n\t\t\t\t\t\t\t\t\t\t\t<p>Hoy, las enfermeras, los l\u00edderes y el personal de Southcoast Health celebraron el anuncio oficial de que el Hospital Tobey recibi\u00f3 la designaci\u00f3n como Hospital Pathway to Excellence\u00ae por parte del American Nurses Credentialing Center (ANCC), uni\u00e9ndose [...]<\/p>\n\t\t\t\t\t\t\t\t\t\t<\/div>\n\t\t\t\t\t\t\t\t\t\t\t\t\t\t\t\t\t\t\t\t\t\t\t\t\t\t\t\t\t\t\t\t\t\t\t\t\t\t\t<!-- Use post permalink if no external link -->\n\t\t\t\t\t\t\t\t\t\t\t<a aria-label=\"enlace a Tobey Hospital se convierte en el segundo hospital de Southcoast Health en obtener la designaci\u00f3n Pathway to Excellence\" title=\"enlace a Tobey Hospital se convierte en el segundo hospital de Southcoast Health en obtener la designaci\u00f3n Pathway to Excellence\" href=\"https:\/\/www.southcoast.org\/es\/news\/tobey-hospitals-pathway-to-excellence\/\" class=\"readMore\"><i class=\"fa-regular fa-arrow-up-right readMoreIcon\"><\/i> Seguir leyendo<\/a>\n\t\t\t\t\t\t\t\t\t\t\t\t\t\t\t\t\t\t\t\t\t\t\t\t\t\t\t<\/div>\n\t\t\t\t\t\t\t<\/div>\n\t\t\t\t\t\t<\/div>\n\t\t\t\t\t\t\t\t\t\t\t<div class=\"col-sm-6 col-md-6 col-grid\" role=\"group\"  aria-label=\"El Hospital Charlton Memorial de Southcoast Health obtiene la designaci\u00f3n Pathway to Excellence\">\n\t\t\t\t\t\t\t<div class=\"cardBasic border left Vertical\">\n\t\t\t\t\t\t\t\t<div class=\"cardImage\" style=\"background-image:url('https:\/\/www.southcoast.org\/wp-content\/uploads\/2025\/01\/Pathway.jpg');\">\n\t\t\t\t\t\t\t\t\t\t\t\t\t\t\t\t\t\t\t<div class=\"postCategory\">\n\t\t\t\t\t\t\t\t\t\t\t<span>Premios y logros<\/span>\t\t\t\t\t\t\t\t\t\t<\/div>\n\t\t\t\t\t\t\t\t\t\t\t\t\t\t\t\t\t<\/div>\n\t\t\t\t\t\t\t\t<div class=\"cardBasicBody\">\n\t\t\t\t\t\t\t\t\t\t\t\t\t\t\t\t\t\t\t<p class=\"postMeta\">Southcoast Health\t\t\t\t\t\t\t\t\t\t\t<span>&#9679;<\/span>\n\t\t\t\t\t\t\t\t\t\t\t23 de febrero de 2024\t\t\t\t\t\t\t\t\t\t<\/p>\n\t\t\t\t\t\t\t\t\t\t\t\t\t\t\t\t\t\t<p class=\"cardBasicBodyTitle\">El Hospital Charlton Memorial de Southcoast Health obtiene la designaci\u00f3n Pathway to Excellence<\/p>\n\t\t\t\t\t\t\t\t\t\t\t\t\t\t\t\t\t\t\t<div class=\"excerpt\">\n\t\t\t\t\t\t\t\t\t\t\t<p>El jueves por la tarde, las enfermeras, los l\u00edderes y el personal de Southcoast Health se reunieron para el anuncio oficial de que el Hospital Charlton Memorial hab\u00eda recibido la designaci\u00f3n de Hospital Pathway to Excellence\u00ae por parte [...]<\/p>\n\t\t\t\t\t\t\t\t\t\t<\/div>\n\t\t\t\t\t\t\t\t\t\t\t\t\t\t\t\t\t\t\t\t\t\t\t\t\t\t\t\t\t\t\t\t\t\t\t\t\t\t\t<!-- Use post permalink if no external link -->\n\t\t\t\t\t\t\t\t\t\t\t<a aria-label=\"enlace a Southcoast Health&#039;s Charlton Memorial Hospital Has Achieved Pathway to Excellence\u00ae Designation\" title=\"enlace a Southcoast Health&#039;s Charlton Memorial Hospital Has Achieved Pathway to Excellence\u00ae Designation\" href=\"https:\/\/www.southcoast.org\/es\/news\/charlton-memorial-hospital-pathway-to-excellence-designation\/\" class=\"readMore\"><i class=\"fa-regular fa-arrow-up-right readMoreIcon\"><\/i> Seguir leyendo<\/a>\n\t\t\t\t\t\t\t\t\t\t\t\t\t\t\t\t\t\t\t\t\t\t\t\t\t\t\t<\/div>\n\t\t\t\t\t\t\t<\/div>\n\t\t\t\t\t\t<\/div>\n\t\t\t\t\t\t\t\t\t\t\t\t<\/div>\n\t\t\t<\/div>\n\t<\/div>\n\n<\/div>\n\n\n\n\n<div  class=\"blockSettings  paddingTopSM paddingBottomSM bannerFluid light\" style=\"\"><div class=\"container\">\n    <div class=\"grid\">\n        <div class=\"col-sm-12\">\n            <div class=\"inner\">\n                                    <img decoding=\"async\" class=\"pulse\" src=\"https:\/\/www.southcoast.org\/wp-content\/themes\/southcoast_multisite\/images\/pulse.svg\" alt=\"\">\n                                <div class=\"copy\">\n                        <div class=\"mainCopyWrap\">\n        <div class=\"paragraphWrap\"><p>\"Esta designaci\u00f3n Pathway refuerza que hemos creado una cultura fuerte, inclusiva y positiva para nuestras enfermeras que fomenta el compromiso y apoya su crecimiento profesional y su bienestar.\" - Jacqueline Somerville, Ph.D., RN, FAAN, NEA-BC, Vicepresidenta Senior y Directora de Enfermer\u00eda de Southcoast Health<\/p>\n<\/div>    <\/div>\n        <div class=\"ctaWrap\">\n                    <a aria-label=\"enlace para apoyar a nuestros enfermeros en su camino hacia la excelencia\" class=\"mainCTA shadow dark1\" href=\"https:\/\/host.nxt.blackbaud.com\/donor-form\/?svcid=tcs&#038;formId=1efbc523-f840-4833-8176-ae6210e99a49&#038;envid=p-ErWNnLTD3UGBHCAEwe1t7Q&#038;zone=usa\" target=\"_blank\" title=\"Abre Support Our Nurses on Their Pathway to Excellence en una nueva pesta\u00f1a o ventana\" rel=\"noopener noreferrer\">Apoye a nuestros enfermeros en su camino hacia la excelencia<span class=\"fa-regular fa-up-right-from-square\"><\/span><\/a>            <\/div>\n                    <\/div>\n                <div class=\"media\">\n                    \n                        <img decoding=\"async\" class=\"doctor\" src=\"https:\/\/www.southcoast.org\/wp-content\/uploads\/2025\/08\/Jackie-Somerville-Cutout.png\" alt=\"Woman in a green jacket with a colorful brooch.\">\n                        <img decoding=\"async\" class=\"graphical\" src=\"https:\/\/www.southcoast.org\/wp-content\/themes\/southcoast_multisite\/images\/corner-art.svg\" alt=\"\">\n\n\n                                    <\/div>\n            <\/div>\n        <\/div>\n    <\/div>\n<\/div>\n<\/div>\n\n\n<div  class=\"blockSettings  paddingTopSM paddingBottomSM calloutbannerminiFluid layout-full darkTheme\" style=\"background: linear-gradient(110deg, #0A4A3D 2.57%, rgba(5, 116, 99, 0.99) 59.47%, #009984 99.08%);\"><div class=\"container-full\">\n    <div class=\"grid\">\n        <div class=\"col-sm-12 col-bleed\">\n            <div class=\"banner-content container ctas-1\">\n                                    <div class=\"copy\">\n                        <p><strong>\u00bfBusca una carrera profesional en enfermer\u00eda que le d\u00e9 sentido a su vida? Explore las oportunidades profesionales en Southcoast Health.\u00a0<\/strong><\/p>\n                    <\/div>\n                                    <div class=\"ctaWrap\">\n                    <a aria-label=\"enlace a Oportunidades profesionales\" class=\"mainCTA shadow dark2\" href=\"https:\/\/www.southcoast.org\/es\/careers\/\" title=\"Oportunidades profesionales abiertas\" >Oportunidades profesionales<\/a>            <\/div>\n                <\/div>\n        <\/div>\n    <\/div>\n<\/div>\n<\/div>","protected":false},"excerpt":{"rendered":"","protected":false},"author":11,"featured_media":0,"parent":0,"menu_order":0,"comment_status":"closed","ping_status":"closed","template":"","meta":{"_acf_changed":false,"footnotes":""},"class_list":["post-22418","page","type-page","status-publish","hentry"],"acf":[],"yoast_head":"<!-- This site is optimized with the Yoast SEO plugin v26.0 - https:\/\/yoast.com\/wordpress\/plugins\/seo\/ -->\n<title>Pathway to Excellence - Southcoast Health<\/title>\n<meta name=\"robots\" content=\"index, follow, max-snippet:-1, max-image-preview:large, max-video-preview:-1\" \/>\n<link rel=\"canonical\" href=\"https:\/\/www.southcoast.org\/es\/pathway-to-excellence\/\" \/>\n<meta property=\"og:locale\" content=\"es_MX\" \/>\n<meta property=\"og:type\" content=\"article\" \/>\n<meta property=\"og:title\" content=\"Pathway to Excellence - Southcoast Health\" \/>\n<meta property=\"og:url\" content=\"https:\/\/www.southcoast.org\/es\/pathway-to-excellence\/\" \/>\n<meta property=\"og:site_name\" content=\"Southcoast Health\" \/>\n<meta property=\"article:modified_time\" content=\"2025-08-26T19:06:36+00:00\" \/>\n<meta name=\"twitter:card\" content=\"summary_large_image\" \/>\n<script type=\"application\/ld+json\" class=\"yoast-schema-graph\">{\"@context\":\"https:\/\/schema.org\",\"@graph\":[{\"@type\":\"WebPage\",\"@id\":\"https:\/\/www.southcoast.org\/pathway-to-excellence\/\",\"url\":\"https:\/\/www.southcoast.org\/pathway-to-excellence\/\",\"name\":\"Pathway to Excellence - Southcoast Health\",\"isPartOf\":{\"@id\":\"https:\/\/www.southcoast.org\/#website\"},\"datePublished\":\"2025-08-26T18:54:26+00:00\",\"dateModified\":\"2025-08-26T19:06:36+00:00\",\"breadcrumb\":{\"@id\":\"https:\/\/www.southcoast.org\/pathway-to-excellence\/#breadcrumb\"},\"inLanguage\":\"es-MX\",\"potentialAction\":[{\"@type\":\"ReadAction\",\"target\":[\"https:\/\/www.southcoast.org\/pathway-to-excellence\/\"]}]},{\"@type\":\"BreadcrumbList\",\"@id\":\"https:\/\/www.southcoast.org\/pathway-to-excellence\/#breadcrumb\",\"itemListElement\":[{\"@type\":\"ListItem\",\"position\":1,\"name\":\"\",\"item\":\"https:\/\/www.southcoast.org\/\"},{\"@type\":\"ListItem\",\"position\":2,\"name\":\"Pathway to Excellence\"}]},{\"@type\":\"WebSite\",\"@id\":\"https:\/\/www.southcoast.org\/#website\",\"url\":\"https:\/\/www.southcoast.org\/\",\"name\":\"Southcoast Health\",\"description\":\"More than medicine.\",\"potentialAction\":[{\"@type\":\"SearchAction\",\"target\":{\"@type\":\"EntryPoint\",\"urlTemplate\":\"https:\/\/www.southcoast.org\/?s={search_term_string}\"},\"query-input\":{\"@type\":\"PropertyValueSpecification\",\"valueRequired\":true,\"valueName\":\"search_term_string\"}}],\"inLanguage\":\"es-MX\"}]}<\/script>\n<!-- \/ Yoast SEO plugin. -->","yoast_head_json":{"title":"Pathway to Excellence - Southcoast Health","robots":{"index":"index","follow":"follow","max-snippet":"max-snippet:-1","max-image-preview":"max-image-preview:large","max-video-preview":"max-video-preview:-1"},"canonical":"https:\/\/www.southcoast.org\/es\/pathway-to-excellence\/","og_locale":"es_MX","og_type":"article","og_title":"Pathway to Excellence - Southcoast Health","og_url":"https:\/\/www.southcoast.org\/es\/pathway-to-excellence\/","og_site_name":"Southcoast Health","article_modified_time":"2025-08-26T19:06:36+00:00","twitter_card":"summary_large_image","schema":{"@context":"https:\/\/schema.org","@graph":[{"@type":"WebPage","@id":"https:\/\/www.southcoast.org\/pathway-to-excellence\/","url":"https:\/\/www.southcoast.org\/pathway-to-excellence\/","name":"Pathway to Excellence - Southcoast Health","isPartOf":{"@id":"https:\/\/www.southcoast.org\/#website"},"datePublished":"2025-08-26T18:54:26+00:00","dateModified":"2025-08-26T19:06:36+00:00","breadcrumb":{"@id":"https:\/\/www.southcoast.org\/pathway-to-excellence\/#breadcrumb"},"inLanguage":"es-MX","potentialAction":[{"@type":"ReadAction","target":["https:\/\/www.southcoast.org\/pathway-to-excellence\/"]}]},{"@type":"BreadcrumbList","@id":"https:\/\/www.southcoast.org\/pathway-to-excellence\/#breadcrumb","itemListElement":[{"@type":"ListItem","position":1,"name":"","item":"https:\/\/www.southcoast.org\/"},{"@type":"ListItem","position":2,"name":"Pathway to Excellence"}]},{"@type":"WebSite","@id":"https:\/\/www.southcoast.org\/#website","url":"https:\/\/www.southcoast.org\/","name":"Southcoast Health","description":"M\u00e1s que medicina.","potentialAction":[{"@type":"SearchAction","target":{"@type":"EntryPoint","urlTemplate":"https:\/\/www.southcoast.org\/?s={search_term_string}"},"query-input":{"@type":"PropertyValueSpecification","valueRequired":true,"valueName":"search_term_string"}}],"inLanguage":"es-MX"}]}},"_links":{"self":[{"href":"https:\/\/www.southcoast.org\/es\/wp-json\/wp\/v2\/pages\/22418","targetHints":{"allow":["GET"]}}],"collection":[{"href":"https:\/\/www.southcoast.org\/es\/wp-json\/wp\/v2\/pages"}],"about":[{"href":"https:\/\/www.southcoast.org\/es\/wp-json\/wp\/v2\/types\/page"}],"author":[{"embeddable":true,"href":"https:\/\/www.southcoast.org\/es\/wp-json\/wp\/v2\/users\/11"}],"replies":[{"embeddable":true,"href":"https:\/\/www.southcoast.org\/es\/wp-json\/wp\/v2\/comments?post=22418"}],"version-history":[{"count":19,"href":"https:\/\/www.southcoast.org\/es\/wp-json\/wp\/v2\/pages\/22418\/revisions"}],"predecessor-version":[{"id":39192,"href":"https:\/\/www.southcoast.org\/es\/wp-json\/wp\/v2\/pages\/22418\/revisions\/39192"}],"wp:attachment":[{"href":"https:\/\/www.southcoast.org\/es\/wp-json\/wp\/v2\/media?parent=22418"}],"curies":[{"name":"wp","href":"https:\/\/api.w.org\/{rel}","templated":true}]}}