{"id":22400,"date":"2025-08-06T20:53:00","date_gmt":"2025-08-06T20:53:00","guid":{"rendered":"https:\/\/test-southcoast-health-multi.southcoast-health.org\/?page_id=22400"},"modified":"2026-03-10T11:59:06","modified_gmt":"2026-03-10T16:59:06","slug":"childbirth-and-family-education","status":"publish","type":"page","link":"https:\/\/www.southcoast.org\/es\/childbirth-and-family-education\/","title":{"rendered":"Educaci\u00f3n sobre el parto y la familia"},"content":{"rendered":"<div  class=\"blockSettings  paddingTopSM paddingBottomMD heroBasicFluid darkTheme\" style=\"background-image:url(https:\/\/www.southcoast.org\/wp-content\/uploads\/2025\/07\/Jillian-Zucco-Family-Photo-Primary-Care.jpg);background-size:cover;background-position:center center;\"><div class=\"overlay\"><\/div><div class=\"container\">\n            <div class=\"grid\">\n            <div class=\"col-sm-12 col-bleed-y\">\n                <div class=\"Center\">\n                    <div class=\"breadcrumbsWrapper desktop-breadcrumbs\"><nav id=\"breadcrumbs\" aria-label=\"Migas de pan\"><ol><li><a href=\"https:\/\/www.southcoast.org\/es\/\"><i class=\"fa-light fa-house\"><\/i><span class=\"visually-hidden\">Inicio<\/span><\/a><\/li><\/ol><\/nav><\/div><div class=\"breadcrumbsWrapper mobile-breadcrumbs\"><p id=\"mobile-breadcrumbs\" class=\"mobile-back-nav\"><span><span><a href=\"#\" onclick=\"return handleBackNavigation();\"><i class=\"fa-solid fa-chevron-left back-arrow\"><\/i> Volver<\/a><\/span><\/span><\/p>\t\t<script>\n\t\t\tfunction handleBackNavigation() {\n\t\t\t\tif (window.history.length > 1) {\n\t\t\t\t\twindow.history.back();\n\t\t\t\t} else {\n\t\t\t\t\twindow.location.href = 'https:\/\/www.southcoast.org\/es';\n\t\t\t\t}\n\t\t\t\treturn false;\n\t\t\t}\n\t\t<\/script>\n<\/div>                <\/div>\n            <\/div>\n        <\/div>\n        <div class=\"grid align-center\">\n        <div class=\"col-sm-10\">\n            <div class=\"Center\">\n\n                    <div class=\"mainCopyWrap\">\n            <h1>Educaci\u00f3n sobre el parto y la familia<\/h1>\n    <div class=\"paragraphWrap\"><p>Southcoast Health se enorgullece de ofrecer una variedad de clases de preparaci\u00f3n al parto que se adaptan a las necesidades de cada nueva familia. Tanto si desea saber m\u00e1s sobre c\u00f3mo prepararse para el parto como sobre lo que ocurre despu\u00e9s, podemos guiarle hacia las mejores respuestas. Asistir a una clase de preparaci\u00f3n al parto tambi\u00e9n es una buena forma de aprender a interactuar mejor con su pareja y el equipo sanitario durante el parto.<\/p><\/div>    <\/div>\n    \n                \n            <\/div>\n        <\/div>\n    <\/div>\n<\/div>\n    <div class=\"cornerArtWrapper cornerArt-small\">\n        <img decoding=\"async\" class=\"cornerArt\" src=\"https:\/\/www.southcoast.org\/wp-content\/themes\/southcoast_multisite\/images\/corner-art.svg\" alt=\"\">\n    <\/div>\n<\/div>\n\n\n\n\n<div  class=\"blockSettings  paddingTopNone paddingBottomNone copyFullFluid light\" style=\"\">\t<div class=\"container\">\n\t\t<div class=\"grid\">\n            \t\t\t<div class=\"copyFullWrap bg-white\">\n\t\t\t\t<div class=\"col-sm-12\">\n                    <div class=\"maincopy\">\n                        <h2 style=\"text-align: center;\"><strong>Register for Childbirth &amp; Parenting Class in Fall River and<br \/>\nNew Bedford, MA<\/strong><\/h2>\n<p>Look through our childbirth classes in southeastern MA below, then contact us\u00a0 for more information or to register. <strong>Registration is required for all classes at Southcoast Health.<\/strong> To secure a space in any class, payment must be made at the time of registration. Contact your insurance provider to see if they offer reimbursements.<\/p>\n<p><strong>Please call during the 18th to 20th week (10 to 12 weeks for multiples) of pregnancy to assure placement in the class you need.<\/strong> Classes are most beneficial to you in your third trimester, around 28 to 32 weeks. Many health insurance companies offer reimbursement to help cover the cost of classes, so be sure to contact your provider to ask about coverage.<\/p>\n<ul>\n<li><strong><a href=\"https:\/\/www.southcoast.org\/wp-content\/uploads\/2026\/03\/Fam-ed-Brochure.pdf\" target=\"_blank\" rel=\"noopener\">Download our brochure for more information<\/a><\/strong> (PDF EN INGL\u00c9S)<\/li>\n<\/ul>\n                    <\/div>\n\n                    \n                    <div class=\"ctaWrap ctaCenter\">\n                                                                                        <a aria-label=\"Enlace a la convocatoria de m\u00e1s informaci\u00f3n\" class=\"mainCTA shadow light1 ctaRight\" href=\"tel:508-973-7308\" title=\"Convocatoria abierta para m\u00e1s informaci\u00f3n\" >M\u00e1s informaci\u00f3n<\/a>                                                                                    \n                                                                                        <a aria-label=\"Enlace al correo electr\u00f3nico para m\u00e1s informaci\u00f3n\" class=\"mainCTA shadow light1 ctaRight\" href=\"mailto:familyeducation@southcoast.org\" title=\"Abrir correo electr\u00f3nico para m\u00e1s informaci\u00f3n\" >M\u00e1s informaci\u00f3n<\/a>                                                                                                        <\/div>\n\n\t\t\t\t<\/div>\n\t\t\t<\/div>\n            \n\n            \n\n            \t\t<\/div>\n\t<\/div>\n<\/div>\n\n\n<div  class=\"blockSettings  paddingTopNone paddingBottomMD cardIconsFluid cardIconsImageFluid light\" style=\"background-color:#f6f7f7;\">\t<div class=\"container\">\n\t\t\t\t\t<div class=\"grid\">\n\t\t\t\t<div class=\"col-sm-12\">\n\t\t\t\t\t<div class=\"introCenter\">\n\t\t\t\t\t\t<div class=\"maincopy intro\">\n\t\t\t\t\t\t\t<h2><\/h2>\n\t\t\t\t\t\t\t\t\t\t\t\t\t<\/div>\n\t\t\t\t\t\t\t\t\t\t\t\t\t\t\t\t\t\t\t\t\t\t\t\t\t\t                                                                                                        \t\t\t\t\t<\/div>\n\t\t\t\t<\/div>\n\t\t\t<\/div>\n\t\t\n\t\t\t\t\t<!--Manual Cards-->\n\t\t\t<div class=\"grid\">\n\t\t\t\t\t\t\t\t\t\t\t<div class=\"col-sm-6 col-md-4 col-grid\">\n\t\t\t\t\t\t\t\t<div class=\"cardBasic  Center Vertical\">\n\t\t\t\t\t\t\t\t\t<span class='icon image-icon'><img loading=\"lazy\" decoding=\"async\" width=\"150\" height=\"150\" src=\"https:\/\/www.southcoast.org\/wp-content\/uploads\/2026\/03\/Childbirth-Icon-150x150-1.png\" class=\"attachment-full size-full\" alt=\"Childbirth-Icon\" srcset=\"https:\/\/www.southcoast.org\/wp-content\/uploads\/2026\/03\/Childbirth-Icon-150x150-1.png 150w, https:\/\/www.southcoast.org\/wp-content\/uploads\/2026\/03\/Childbirth-Icon-150x150-1-12x12.png 12w\" sizes=\"auto, (max-width: 150px) 100vw, 150px\" \/><\/span>\t\t\t\t\t\t\t\t\t\t\t\t\t\t\t\t\t\t\n\t\t\t\t\t\t\t\t\t<div class=\"cardBasicBody\">\n\t\t\t\t\t\t\t\t\t\t<div class=\"cardBasicBodyTitle\" role=\"title\">Serie Preparados para el parto<\/div>\n\t\t\t\t\t\t\t\t\t\t\t\t\t\t\t\t\t\t\t\t<div class=\"excerpt\">\n\t\t\t\t\t\t\t\t\t\t\t<p>This four-week series will cover the changes occurring in the third trimester, such as the normal\/unexpected processes of labor and birth, comfort measures and labor support.<\/p>\n<p><strong>Instruction on infant care and car seat safety are included.<\/strong><\/p>\n<p><strong>Evenings &#8211; 6 to 8:30 p.m., $125 per couple<\/strong><\/p>\n\t\t\t\t\t\t\t\t\t\t<\/div>\n\t\t\t\t\t\t\t\t\t\t\t\t\t\t\t\t\t\t\t\t\t\t\t\t\t\t\t\t\t<\/div>\n\t\t\t\t\t\t\t\t<\/div>\n\t\t\t\t\t\t\t<\/div>\n\t\t\t\t\t\t\t\t\t\t\t\t<div class=\"col-sm-6 col-md-4 col-grid\">\n\t\t\t\t\t\t\t\t<div class=\"cardBasic  Center Vertical\">\n\t\t\t\t\t\t\t\t\t<span class='icon image-icon'><img loading=\"lazy\" decoding=\"async\" width=\"150\" height=\"150\" src=\"https:\/\/www.southcoast.org\/wp-content\/uploads\/2026\/03\/Birthing-Boot-Camp-Icon-150x150-1.png\" class=\"attachment-full size-full\" alt=\"Birthing-Boot-Camp-Icon-150x150\" srcset=\"https:\/\/www.southcoast.org\/wp-content\/uploads\/2026\/03\/Birthing-Boot-Camp-Icon-150x150-1.png 150w, https:\/\/www.southcoast.org\/wp-content\/uploads\/2026\/03\/Birthing-Boot-Camp-Icon-150x150-1-12x12.png 12w\" sizes=\"auto, (max-width: 150px) 100vw, 150px\" \/><\/span>\t\t\t\t\t\t\t\t\t\t\t\t\t\t\t\t\t\t\n\t\t\t\t\t\t\t\t\t<div class=\"cardBasicBody\">\n\t\t\t\t\t\t\t\t\t\t<div class=\"cardBasicBodyTitle\" role=\"title\">Campamento de preparaci\u00f3n al parto<\/div>\n\t\t\t\t\t\t\t\t\t\t\t\t\t\t\t\t\t\t\t\t<div class=\"excerpt\">\n\t\t\t\t\t\t\t\t\t\t\t<p>Para los padres que prefieren un ritmo m\u00e1s r\u00e1pido, este es un breve resumen de lo que se cubre en nuestra Serie de Preparaci\u00f3n al Parto. Esta es una clase condensada de todo el d\u00eda que proporciona informaci\u00f3n sobre el cuidado del beb\u00e9 y la seguridad del asiento del coche.<\/p>\n<p><strong>Plazas limitadas.\u00a0<\/strong>$125\/madre y compa\u00f1era.<\/p>\n\t\t\t\t\t\t\t\t\t\t<\/div>\n\t\t\t\t\t\t\t\t\t\t\t\t\t\t\t\t\t\t\t\t\t\t\t\t\t\t\t\t\t<\/div>\n\t\t\t\t\t\t\t\t<\/div>\n\t\t\t\t\t\t\t<\/div>\n\t\t\t\t\t\t\t\t\t\t\t\t<div class=\"col-sm-6 col-md-4 col-grid\">\n\t\t\t\t\t\t\t\t<div class=\"cardBasic  Center Vertical\">\n\t\t\t\t\t\t\t\t\t<span class='icon image-icon'><img loading=\"lazy\" decoding=\"async\" width=\"150\" height=\"150\" src=\"https:\/\/www.southcoast.org\/wp-content\/uploads\/2026\/03\/Icons-1251-x-1251-px-1-150x150-1.png\" class=\"attachment-full size-full\" alt=\"Breastfeeding Icon\" srcset=\"https:\/\/www.southcoast.org\/wp-content\/uploads\/2026\/03\/Icons-1251-x-1251-px-1-150x150-1.png 150w, https:\/\/www.southcoast.org\/wp-content\/uploads\/2026\/03\/Icons-1251-x-1251-px-1-150x150-1-12x12.png 12w\" sizes=\"auto, (max-width: 150px) 100vw, 150px\" \/><\/span>\t\t\t\t\t\t\t\t\t\t\t\t\t\t\t\t\t\t\n\t\t\t\t\t\t\t\t\t<div class=\"cardBasicBody\">\n\t\t\t\t\t\t\t\t\t\t<div class=\"cardBasicBodyTitle\" role=\"title\">Aspectos b\u00e1sicos de la lactancia materna<\/div>\n\t\t\t\t\t\t\t\t\t\t\t\t\t\t\t\t\t\t\t\t<div class=\"excerpt\">\n\t\t\t\t\t\t\t\t\t\t\t<p>This <strong>free class<\/strong> is designed for families that are planning to\u00a0<a href=\"https:\/\/www.southcoast.org\/es\/services\/maternity-services\/new-moms\/breastfeeding\/\">amamantar<\/a> or are exploring their options regarding infant feeding choices. Topics include the benefits of breastfeeding, techniques and positions. Expectant mothers and their partners are encouraged to attend before the birth of the baby. This class is offered to any patient delivering at a Southcoast Health Hospital.<\/p>\n\t\t\t\t\t\t\t\t\t\t<\/div>\n\t\t\t\t\t\t\t\t\t\t\t\t\t\t\t\t\t\t\t\t\t\t\t\t\t\t\t\t\t<\/div>\n\t\t\t\t\t\t\t\t<\/div>\n\t\t\t\t\t\t\t<\/div>\n\t\t\t\t\t\t\t\t\t\t\t\t<div class=\"col-sm-6 col-md-4 col-grid\">\n\t\t\t\t\t\t\t\t<div class=\"cardBasic  Center Vertical\">\n\t\t\t\t\t\t\t\t\t<span class='icon image-icon'><img loading=\"lazy\" decoding=\"async\" width=\"150\" height=\"150\" src=\"https:\/\/www.southcoast.org\/wp-content\/uploads\/2026\/03\/Icons-1251-x-1251-px-150x150-1.png\" class=\"attachment-full size-full\" alt=\"Safe Sitter\" srcset=\"https:\/\/www.southcoast.org\/wp-content\/uploads\/2026\/03\/Icons-1251-x-1251-px-150x150-1.png 150w, https:\/\/www.southcoast.org\/wp-content\/uploads\/2026\/03\/Icons-1251-x-1251-px-150x150-1-12x12.png 12w\" sizes=\"auto, (max-width: 150px) 100vw, 150px\" \/><\/span>\t\t\t\t\t\t\t\t\t\t\t\t\t\t\t\t\t\t\n\t\t\t\t\t\t\t\t\t<div class=\"cardBasicBody\">\n\t\t\t\t\t\t\t\t\t\t<div class=\"cardBasicBodyTitle\" role=\"title\">Canguro seguro<\/div>\n\t\t\t\t\t\t\t\t\t\t\t\t\t\t\t\t\t\t\t\t<div class=\"excerpt\">\n\t\t\t\t\t\t\t\t\t\t\t<p>Este es un programa reconocido a nivel nacional dise\u00f1ado para preparar a adolescentes de 11 a 14 a\u00f1os para cuidar ni\u00f1os. Los temas incluyen el cuidado de ni\u00f1os como un negocio, la seguridad de la ni\u00f1era, las etapas de desarrollo de los ni\u00f1os, la gesti\u00f3n del comportamiento, la prevenci\u00f3n de problemas de comportamiento, la prevenci\u00f3n de lesiones, primeros auxilios b\u00e1sicos, asfixia infantil y rescate de ni\u00f1os, y la reanimaci\u00f3n cardiopulmonar para beb\u00e9s y ni\u00f1os. Las clases se imparten seis veces al a\u00f1o en verano, primavera y oto\u00f1o entre los campus de St. Luke's y Charlton. $65\/estudiante por adelantado para reservar plaza.\u00a0<strong><a href=\"https:\/\/www.southcoast.org\/wp-content\/uploads\/2025\/08\/Safe-Sitter-Registration-Form-1.pdf\" target=\"_blank\" rel=\"noopener noreferrer\">Descargar el formulario de inscripci\u00f3n de Safe Sitter<\/a>.<\/strong><\/p>\n<p>*No todas las clases se ofrecen en todos los centros. Si tiene necesidades espec\u00edficas o es un padre joven de 12 a 16 a\u00f1os, p\u00f3ngase en contacto con nosotros para conocer las opciones de clases.<\/p>\n\t\t\t\t\t\t\t\t\t\t<\/div>\n\t\t\t\t\t\t\t\t\t\t\t\t\t\t\t\t\t\t\t\t\t\t\t\t\t\t\t\t\t<\/div>\n\t\t\t\t\t\t\t\t<\/div>\n\t\t\t\t\t\t\t<\/div>\n\t\t\t\t\t\t\t\t\t\t\t\t<div class=\"col-sm-6 col-md-4 col-grid\">\n\t\t\t\t\t\t\t\t<div class=\"cardBasic  Center Vertical\">\n\t\t\t\t\t\t\t\t\t<span class='icon image-icon'><img loading=\"lazy\" decoding=\"async\" width=\"150\" height=\"150\" src=\"https:\/\/www.southcoast.org\/wp-content\/uploads\/2026\/03\/CPR-Icon-150x150-1.png\" class=\"attachment-full size-full\" alt=\"CPR-Icon\" srcset=\"https:\/\/www.southcoast.org\/wp-content\/uploads\/2026\/03\/CPR-Icon-150x150-1.png 150w, https:\/\/www.southcoast.org\/wp-content\/uploads\/2026\/03\/CPR-Icon-150x150-1-12x12.png 12w\" sizes=\"auto, (max-width: 150px) 100vw, 150px\" \/><\/span>\t\t\t\t\t\t\t\t\t\t\t\t\t\t\t\t\t\t\n\t\t\t\t\t\t\t\t\t<div class=\"cardBasicBody\">\n\t\t\t\t\t\t\t\t\t\t<div class=\"cardBasicBodyTitle\" role=\"title\">RCP para beb\u00e9s y ni\u00f1os<\/div>\n\t\t\t\t\t\t\t\t\t\t\t\t\t\t\t\t\t\t\t\t<div class=\"excerpt\">\n\t\t\t\t\t\t\t\t\t\t\t<p>This course teaches adult, child and infant CPR.\u00a0Families and friends are welcome to join. \u00a0<strong>Pre-registration required.<\/strong><\/p>\n<p>Please note that this <strong>does not<\/strong> provide a CPR certification.<\/p>\n<p>Classes are usually held at the Center for Women\u2019s Health in Dartmouth.<\/p>\n<p><strong>$40\/person, $60\/two people.<\/strong><\/p>\n\t\t\t\t\t\t\t\t\t\t<\/div>\n\t\t\t\t\t\t\t\t\t\t\t\t\t\t\t\t\t\t\t\t\t\t\t\t\t\t\t\t\t<\/div>\n\t\t\t\t\t\t\t\t<\/div>\n\t\t\t\t\t\t\t<\/div>\n\t\t\t\t\t\t\t\t<\/div>\n\t\t\t<\/div>\n<\/div>","protected":false},"excerpt":{"rendered":"","protected":false},"author":11,"featured_media":0,"parent":0,"menu_order":0,"comment_status":"closed","ping_status":"closed","template":"","meta":{"_acf_changed":false,"footnotes":""},"class_list":["post-22400","page","type-page","status-publish","hentry"],"acf":[],"yoast_head":"<!-- This site is optimized with the Yoast SEO plugin v26.0 - https:\/\/yoast.com\/wordpress\/plugins\/seo\/ -->\n<title>Childbirth and Family Education - Southcoast Health<\/title>\n<meta name=\"robots\" content=\"index, follow, max-snippet:-1, max-image-preview:large, max-video-preview:-1\" \/>\n<link rel=\"canonical\" href=\"https:\/\/www.southcoast.org\/es\/childbirth-and-family-education\/\" \/>\n<meta property=\"og:locale\" content=\"es_MX\" \/>\n<meta property=\"og:type\" content=\"article\" \/>\n<meta property=\"og:title\" content=\"Childbirth and Family Education - Southcoast Health\" \/>\n<meta property=\"og:url\" content=\"https:\/\/www.southcoast.org\/es\/childbirth-and-family-education\/\" \/>\n<meta property=\"og:site_name\" content=\"Southcoast Health\" \/>\n<meta property=\"article:modified_time\" content=\"2026-03-10T16:59:06+00:00\" \/>\n<meta name=\"twitter:card\" content=\"summary_large_image\" \/>\n<script type=\"application\/ld+json\" class=\"yoast-schema-graph\">{\"@context\":\"https:\/\/schema.org\",\"@graph\":[{\"@type\":\"WebPage\",\"@id\":\"https:\/\/www.southcoast.org\/childbirth-and-family-education\/\",\"url\":\"https:\/\/www.southcoast.org\/childbirth-and-family-education\/\",\"name\":\"Childbirth and Family Education - Southcoast Health\",\"isPartOf\":{\"@id\":\"https:\/\/www.southcoast.org\/#website\"},\"datePublished\":\"2025-08-06T20:53:00+00:00\",\"dateModified\":\"2026-03-10T16:59:06+00:00\",\"breadcrumb\":{\"@id\":\"https:\/\/www.southcoast.org\/childbirth-and-family-education\/#breadcrumb\"},\"inLanguage\":\"es-MX\",\"potentialAction\":[{\"@type\":\"ReadAction\",\"target\":[\"https:\/\/www.southcoast.org\/childbirth-and-family-education\/\"]}]},{\"@type\":\"BreadcrumbList\",\"@id\":\"https:\/\/www.southcoast.org\/childbirth-and-family-education\/#breadcrumb\",\"itemListElement\":[{\"@type\":\"ListItem\",\"position\":1,\"name\":\"\",\"item\":\"https:\/\/www.southcoast.org\/\"},{\"@type\":\"ListItem\",\"position\":2,\"name\":\"Childbirth and Family Education\"}]},{\"@type\":\"WebSite\",\"@id\":\"https:\/\/www.southcoast.org\/#website\",\"url\":\"https:\/\/www.southcoast.org\/\",\"name\":\"Southcoast Health\",\"description\":\"More than medicine.\",\"potentialAction\":[{\"@type\":\"SearchAction\",\"target\":{\"@type\":\"EntryPoint\",\"urlTemplate\":\"https:\/\/www.southcoast.org\/?s={search_term_string}\"},\"query-input\":{\"@type\":\"PropertyValueSpecification\",\"valueRequired\":true,\"valueName\":\"search_term_string\"}}],\"inLanguage\":\"es-MX\"}]}<\/script>\n<!-- \/ Yoast SEO plugin. -->","yoast_head_json":{"title":"Childbirth and Family Education - Southcoast Health","robots":{"index":"index","follow":"follow","max-snippet":"max-snippet:-1","max-image-preview":"max-image-preview:large","max-video-preview":"max-video-preview:-1"},"canonical":"https:\/\/www.southcoast.org\/es\/childbirth-and-family-education\/","og_locale":"es_MX","og_type":"article","og_title":"Childbirth and Family Education - Southcoast Health","og_url":"https:\/\/www.southcoast.org\/es\/childbirth-and-family-education\/","og_site_name":"Southcoast Health","article_modified_time":"2026-03-10T16:59:06+00:00","twitter_card":"summary_large_image","schema":{"@context":"https:\/\/schema.org","@graph":[{"@type":"WebPage","@id":"https:\/\/www.southcoast.org\/childbirth-and-family-education\/","url":"https:\/\/www.southcoast.org\/childbirth-and-family-education\/","name":"Childbirth and Family Education - Southcoast Health","isPartOf":{"@id":"https:\/\/www.southcoast.org\/#website"},"datePublished":"2025-08-06T20:53:00+00:00","dateModified":"2026-03-10T16:59:06+00:00","breadcrumb":{"@id":"https:\/\/www.southcoast.org\/childbirth-and-family-education\/#breadcrumb"},"inLanguage":"es-MX","potentialAction":[{"@type":"ReadAction","target":["https:\/\/www.southcoast.org\/childbirth-and-family-education\/"]}]},{"@type":"BreadcrumbList","@id":"https:\/\/www.southcoast.org\/childbirth-and-family-education\/#breadcrumb","itemListElement":[{"@type":"ListItem","position":1,"name":"","item":"https:\/\/www.southcoast.org\/"},{"@type":"ListItem","position":2,"name":"Childbirth and Family Education"}]},{"@type":"WebSite","@id":"https:\/\/www.southcoast.org\/#website","url":"https:\/\/www.southcoast.org\/","name":"Southcoast Health","description":"M\u00e1s que medicina.","potentialAction":[{"@type":"SearchAction","target":{"@type":"EntryPoint","urlTemplate":"https:\/\/www.southcoast.org\/?s={search_term_string}"},"query-input":{"@type":"PropertyValueSpecification","valueRequired":true,"valueName":"search_term_string"}}],"inLanguage":"es-MX"}]}},"_links":{"self":[{"href":"https:\/\/www.southcoast.org\/es\/wp-json\/wp\/v2\/pages\/22400","targetHints":{"allow":["GET"]}}],"collection":[{"href":"https:\/\/www.southcoast.org\/es\/wp-json\/wp\/v2\/pages"}],"about":[{"href":"https:\/\/www.southcoast.org\/es\/wp-json\/wp\/v2\/types\/page"}],"author":[{"embeddable":true,"href":"https:\/\/www.southcoast.org\/es\/wp-json\/wp\/v2\/users\/11"}],"replies":[{"embeddable":true,"href":"https:\/\/www.southcoast.org\/es\/wp-json\/wp\/v2\/comments?post=22400"}],"version-history":[{"count":43,"href":"https:\/\/www.southcoast.org\/es\/wp-json\/wp\/v2\/pages\/22400\/revisions"}],"predecessor-version":[{"id":286807,"href":"https:\/\/www.southcoast.org\/es\/wp-json\/wp\/v2\/pages\/22400\/revisions\/286807"}],"wp:attachment":[{"href":"https:\/\/www.southcoast.org\/es\/wp-json\/wp\/v2\/media?parent=22400"}],"curies":[{"name":"wp","href":"https:\/\/api.w.org\/{rel}","templated":true}]}}