{"id":21923,"date":"2025-08-22T14:47:04","date_gmt":"2025-08-22T14:47:04","guid":{"rendered":"https:\/\/test-southcoast-health-multi.southcoast-health.org\/?page_id=21923"},"modified":"2026-04-23T13:43:03","modified_gmt":"2026-04-23T18:43:03","slug":"southcoast-health-nicole-podkowa-5k-walk-run","status":"publish","type":"page","link":"https:\/\/www.southcoast.org\/es\/southcoast-health-nicole-podkowa-5k-walk-run\/","title":{"rendered":"Southcoast Health Cancer Care Nicole Podkowa 5k Walk &amp; Run"},"content":{"rendered":"<div  class=\"blockSettings    hero-main-block\" style=\"\"><div class=\"background\"><\/div>\n<div class=\"container\">\n\n        <div class=\"grid\">\n        <div class=\"col-bleed-y\">\n            <div class=\"inner-wrap\">\n                <div class=\"content-col\">\n                                            <h1>Southcoast Health Cancer Care Nicole Podkowa 5k Walk &amp; Run<\/h1>\n                                        <div class=\"copy-wrap\">\n                                                    <p><span class=\"TextRun SCXW233023676 BCX8\" lang=\"EN-US\" xml:lang=\"EN-US\" data-contrast=\"auto\"><span class=\"NormalTextRun SCXW233023676 BCX8\">\u00danase a nosotros en nuestro<\/span><span class=\"NormalTextRun SCXW233023676 BCX8\">\u00a0<\/span><span class=\"NormalTextRun SCXW233023676 BCX8\">9<\/span><span class=\"NormalTextRun SCXW233023676 BCX8\">\u00f3n anual de Southcoast Health Cancer Care Nicole Podkowa 5k Walk &amp; Ru<\/span><span class=\"NormalTextRun SCXW233023676 BCX8\">n en\u00a0<\/span><\/span><span class=\"TextRun SCXW233023676 BCX8\" lang=\"EN-US\" xml:lang=\"EN-US\" data-contrast=\"auto\"><span class=\"NormalTextRun SCXW233023676 BCX8\">Domingo 4 de octubre, <\/span><span class=\"NormalTextRun ContextualSpellingAndGrammarErrorV2Themed SCXW233023676 BCX8\">2026<\/span><\/span><span class=\"TextRun SCXW233023676 BCX8\" lang=\"EN-US\" xml:lang=\"EN-US\" data-contrast=\"auto\"><span class=\"NormalTextRun SCXW233023676 BCX8\">\u00a0y participe en una jornada llena de energ\u00eda, esp\u00edritu comunitario y determinaci\u00f3n.<\/span><\/span><\/p>\n                                            <\/div>\n                                            <div class=\"cta-wrap\">\n                                                            <a aria-label=\"link to Register Now\" class=\"mainCTA shadow dark1\" href=\"https:\/\/runsignup.com\/Race\/MA\/Fairhaven\/NicolePodkowa5kRunWalk\" target=\"_blank\" title=\"Opens Register Now in new tab or window\" rel=\"noopener noreferrer\">Register Now<span class=\"fa-regular fa-up-right-from-square\"><\/span><\/a>                                                                                <\/div>\n                                    <\/div>\n                <div class=\"media-col\">\n                                            <img\n                            class=\"main-img\"\n                            src=\"https:\/\/www.southcoast.org\/wp-content\/uploads\/2025\/08\/2024-Nicole-Podkowa-Race-Day-171-scaled.jpg\"\n                                                        srcset=\"https:\/\/www.southcoast.org\/wp-content\/uploads\/2025\/08\/2024-Nicole-Podkowa-Race-Day-171-scaled.jpg 2560w, https:\/\/www.southcoast.org\/wp-content\/uploads\/2025\/08\/2024-Nicole-Podkowa-Race-Day-171-300x200.jpg 300w, https:\/\/www.southcoast.org\/wp-content\/uploads\/2025\/08\/2024-Nicole-Podkowa-Race-Day-171-1024x683.jpg 1024w, https:\/\/www.southcoast.org\/wp-content\/uploads\/2025\/08\/2024-Nicole-Podkowa-Race-Day-171-768x512.jpg 768w, https:\/\/www.southcoast.org\/wp-content\/uploads\/2025\/08\/2024-Nicole-Podkowa-Race-Day-171-1536x1024.jpg 1536w, https:\/\/www.southcoast.org\/wp-content\/uploads\/2025\/08\/2024-Nicole-Podkowa-Race-Day-171-2048x1365.jpg 2048w\"\n                            sizes=\"(max-width: 768px) 100vw, (max-width: 1200px) 50vw, 800px\"\n                                                        alt=\"\"\n                            loading=\"eager\"\n                            decoding=\"async\"\n                            fetchpriority=\"high\">\n                                                            <img decoding=\"async\" class=\"corner-art\" src=\"https:\/\/www.southcoast.org\/wp-content\/themes\/southcoast_multisite\/images\/corner-art.svg\">\n                <\/div>\n            <\/div>\n        <\/div>\n    <\/div>\n<\/div>\n\n<script>\n    document.querySelectorAll('.play-button').forEach(button => {\n        button.addEventListener('click', function() {\n            const modal = this.nextElementSibling;\n            modal.style.display = 'block';\n            document.body.style.overflow = 'hidden';\n        });\n    });\n\n    document.querySelectorAll('.close-modal, .modal-overlay').forEach(element => {\n        element.addEventListener('click', function() {\n            const modal = this.closest('.video-modal');\n            modal.style.display = 'none';\n            document.body.style.overflow = '';\n        });\n    });\n<\/script>\n<\/div>\n\n\n<div  class=\"blockSettings  paddingTopSM paddingBottomSM media-object-block light\" style=\"background-color:#fff;\"><div class=\"container\">\n\t<div class=\"grid\">\n\t\t<div class=\"col-sm-12\">\n\t\t\t<div class=\"inner image-right list-style-disc inner-white-bg\" style=\"background-color: #fff;\">\n\t\t\t\t<div class=\"copy\">\n\t\t\t\t\t    <div class=\"mainCopyWrap\">\n            <h2>Marca la diferencia<\/h2>\n    <div class=\"paragraphWrap\"><p>La recaudaci\u00f3n de este acontecimiento se destina a <a href=\"https:\/\/runsignup.com\/Race\/Donate\/MA\/Fairhaven\/NicolePodkowa5kRunWalk?rsus=200-500-1046bec0-82c3-4152-bcd4-3cc118f29c06\"><strong>Southcoast Health Fondo Nicole Podkowa para pacientes y cuidadores<\/strong><\/a>. Este fondo \u00fanico apoya a los pacientes que reciben tratamiento en Southcoast Health Cancer Care y a sus familias que necesitan asistencia financiera para ayudar con los pagos de servicios p\u00fablicos, alimentos, vivienda, transporte, suministros relacionados con el c\u00e1ncer y otras necesidades. Adem\u00e1s de corredores y caminantes, buscamos miembros del Comit\u00e9 Comunitario, voluntarios y recaudadores de fondos entre iguales.<\/p>\n<p>\u00bfQuiere saber m\u00e1s?\u00a0<a href=\"mailto:events@southcoast.org\">Env\u00edenos un correo electr\u00f3nico<\/a>!<\/p>\n<\/div>    <\/div>\n        <div class=\"ctaWrap\">\n                    <a aria-label=\"enlace a events@southcoast.org\" class=\"mainCTA shadow light1\" href=\"mailto:events@southcoast.org\" target=\"_blank\" title=\"Abre events@southcoast.org en una nueva pesta\u00f1a o ventana\" rel=\"noopener noreferrer\">events@southcoast.org<span class=\"fa-regular fa-up-right-from-square\"><\/span><\/a>            <\/div>\n    \t\t\t\t<\/div>\n\t\t\t\t\t\t\t\t<div class=\"images\">\n\t\t\t\t\t\t<img decoding=\"async\" class=\"single\" src=\"https:\/\/www.southcoast.org\/wp-content\/uploads\/2025\/07\/2024-Nicole-Podkowa-Race-Day-155-scaled.jpg\" alt=\"\">\n\t\t\t\t\t\t\t\t\t\t<\/div>\n\t\t\t\t\n\t\t\t<\/div>\n\t\t<\/div>\n\t<\/div>\n<\/div>\n<\/div>\n\n\n<div  class=\"blockSettings  paddingTopSM paddingBottomSM cardIconsFluid cardIconsImageFluid light\" style=\"background-color:#E9F7F4;\">\t<div class=\"container\">\n\t\t\t\t\t<div class=\"grid\">\n\t\t\t\t<div class=\"col-sm-12\">\n\t\t\t\t\t<div class=\"introCenter\">\n\t\t\t\t\t\t<div class=\"maincopy intro\">\n\t\t\t\t\t\t\t<h2>2026 Southcoast Health Cancer Care Nicole Podkowa 5k Walk &amp; Run <\/h2>\n\t\t\t\t\t\t\t\t\t\t\t\t\t<\/div>\n\t\t\t\t\t\t\t\t\t\t\t\t\t\t\t\t\t\t\t\t\t\t\t\t\t\t                                                                                                        \t\t\t\t\t<\/div>\n\t\t\t\t<\/div>\n\t\t\t<\/div>\n\t\t\n\t\t\t\t\t<!--Manual Cards-->\n\t\t\t<div class=\"grid\">\n\t\t\t\t\t\t\t\t\t\t\t<div class=\"col-sm-6 col-md-4 col-grid\">\n\t\t\t\t\t\t\t\t<div class=\"cardBasic  Center Vertical\">\n\t\t\t\t\t\t\t\t\t\t\t\t\t\t\t\t\t\t\t<span class=\"icon fa-classic fa-light fa-person-running\"><\/span>\n\t\t\t\t\t\t\t\t\t\t\t\t\t\t\t\t\t\t\n\t\t\t\t\t\t\t\t\t<div class=\"cardBasicBody\">\n\t\t\t\t\t\t\t\t\t\t<div class=\"cardBasicBodyTitle\" role=\"title\">Caminar o correr<\/div>\n\t\t\t\t\t\t\t\t\t\t\t\t\t\t\t\t\t\t\t\t<div class=\"excerpt\">\n\t\t\t\t\t\t\t\t\t\t\t<p>You can walk or run the 5k in person or virtually!<\/p>\n\t\t\t\t\t\t\t\t\t\t<\/div>\n\t\t\t\t\t\t\t\t\t\t\t\t\t\t\t\t\t\t\t\t\t\t\t\t\t\t\t\t\t\t\t<div class=\"cardLinks\">\n\t\t\t\t\t\t\t\t\t\t\t\t\t\t\t\t\t\t\t\t\t\t\t<a aria-label=\"link to Register Now of Walk or Run\" title=\"link to Register Now\" href=\"https:\/\/runsignup.com\/Race\/MA\/Fairhaven\/NicolePodkowa5kRunWalk\" target=\"_blank\" class=\"mainCTA light3\">\n\t\t\t\t\t\t\t\t\t\t\t\t\t<span class=\"icon-cta fa-regular fa-arrow-up-right\" aria-hidden=\"true\"><\/span>\n\t\t\t\t\t\t\t\t\t\t\t\t\tRegister Now <span class=\"fa-regular fa-arrow-up-right-from-square readMoreIconTarget\"><\/span>\t\t\t\t\t\t\t\t\t\t\t\t<\/a>\n\t\t\t\t\t\t\t\t\t\t\t\t\t\t\t\t\t\t\t\t\t\t\t\n\t\t\t\t\t\t\t\t\t\t\t\t\t\t\t\t\t\t\t\t\t\t<\/div>\n\t\t\t\t\t\t\t\t\t\t\t\t\t\t\t\t\t\t\t<\/div>\n\t\t\t\t\t\t\t\t<\/div>\n\t\t\t\t\t\t\t<\/div>\n\t\t\t\t\t\t\t\t\t\t\t\t<div class=\"col-sm-6 col-md-4 col-grid\">\n\t\t\t\t\t\t\t\t<div class=\"cardBasic  Center Vertical\">\n\t\t\t\t\t\t\t\t\t\t\t\t\t\t\t\t\t\t\t<span class=\"icon fa-classic fa-light fa-child-reaching\"><\/span>\n\t\t\t\t\t\t\t\t\t\t\t\t\t\t\t\t\t\t\n\t\t\t\t\t\t\t\t\t<div class=\"cardBasicBody\">\n\t\t\t\t\t\t\t\t\t\t<div class=\"cardBasicBodyTitle\" role=\"title\">Carrera infantil<\/div>\n\t\t\t\t\t\t\t\t\t\t\t\t\t\t\t\t\t\t\t\t<div class=\"excerpt\">\n\t\t\t\t\t\t\t\t\t\t\t<p>Los ni\u00f1os menores de 8 a\u00f1os pueden participar GRATIS en el Kid's Dash.<\/p>\n\t\t\t\t\t\t\t\t\t\t<\/div>\n\t\t\t\t\t\t\t\t\t\t\t\t\t\t\t\t\t\t\t\t\t\t\t\t\t\t\t\t\t\t\t<div class=\"cardLinks\">\n\t\t\t\t\t\t\t\t\t\t\t\t\t\t\t\t\t\t\t\t\t\t\t<a aria-label=\"enlace a la inscripci\u00f3n de Kid&#039;s Dash\" title=\"Enlace a la inscripci\u00f3n de ni\u00f1os\" href=\"https:\/\/runsignup.com\/Race\/MA\/Fairhaven\/NicolePodkowa5kRunWalk\" target=\"_blank\" class=\"mainCTA light3\">\n\t\t\t\t\t\t\t\t\t\t\t\t\t<span class=\"icon-cta fa-regular fa-arrow-up-right\" aria-hidden=\"true\"><\/span>\n\t\t\t\t\t\t\t\t\t\t\t\t\tInscripci\u00f3n infantil <span class=\"fa-regular fa-arrow-up-right-from-square readMoreIconTarget\"><\/span>\t\t\t\t\t\t\t\t\t\t\t\t<\/a>\n\t\t\t\t\t\t\t\t\t\t\t\t\t\t\t\t\t\t\t\t\t\t\t\n\t\t\t\t\t\t\t\t\t\t\t\t\t\t\t\t\t\t\t\t\t\t<\/div>\n\t\t\t\t\t\t\t\t\t\t\t\t\t\t\t\t\t\t\t<\/div>\n\t\t\t\t\t\t\t\t<\/div>\n\t\t\t\t\t\t\t<\/div>\n\t\t\t\t\t\t\t\t\t\t\t\t<div class=\"col-sm-6 col-md-4 col-grid\">\n\t\t\t\t\t\t\t\t<div class=\"cardBasic  Center Vertical\">\n\t\t\t\t\t\t\t\t\t\t\t\t\t\t\t\t\t\t\t<span class=\"icon fa-classic fa-light fa-money-bill-trend-up\"><\/span>\n\t\t\t\t\t\t\t\t\t\t\t\t\t\t\t\t\t\t\n\t\t\t\t\t\t\t\t\t<div class=\"cardBasicBody\">\n\t\t\t\t\t\t\t\t\t\t<div class=\"cardBasicBodyTitle\" role=\"title\">Donar<\/div>\n\t\t\t\t\t\t\t\t\t\t\t\t\t\t\t\t\t\t\t\t<div class=\"excerpt\">\n\t\t\t\t\t\t\t\t\t\t\t<p>\u00bfNo puede venir? No te preocupes. Todav\u00eda puedes hacer un donativo para marcar la diferencia o convertirte en patrocinador de 2026.<\/p>\n\t\t\t\t\t\t\t\t\t\t<\/div>\n\t\t\t\t\t\t\t\t\t\t\t\t\t\t\t\t\t\t\t\t\t\t\t\t\t\t\t\t\t\t\t<div class=\"cardLinks cardTwoLinks\">\n\t\t\t\t\t\t\t\t\t\t\t\t\t\t\t\t\t\t\t\t\t\t\t<a aria-label=\"enlace a Donar de Donar\" title=\"enlace a Donar\" href=\"https:\/\/runsignup.com\/Race\/Donate\/MA\/Fairhaven\/NicolePodkowa5kRunWalk\" target=\"_blank\" class=\"mainCTA light3\">\n\t\t\t\t\t\t\t\t\t\t\t\t\t<span class=\"icon-cta fa-regular fa-arrow-up-right\" aria-hidden=\"true\"><\/span>\n\t\t\t\t\t\t\t\t\t\t\t\t\tDonar <span class=\"fa-regular fa-arrow-up-right-from-square readMoreIconTarget\"><\/span>\t\t\t\t\t\t\t\t\t\t\t\t<\/a>\n\t\t\t\t\t\t\t\t\t\t\t\t\t\t\t\t\t\t\t\t\t\t\t\n\t\t\t\t\t\t\t\t\t\t\t\t\t\t\t\t\t\t\t\t\t\t\t<a aria-label=\"enlace a Email Us of Donate\" title=\"Enlace al correo electr\u00f3nico\" href=\"mailto:events@southcoast.org\" target=\"_self\" class=\"mainCTA light3\">\n\t\t\t\t\t\t\t\t\t\t\t\t\t<span class=\"icon-cta fa-regular fa-arrow-up-right\" aria-hidden=\"true\"><\/span>\n\t\t\t\t\t\t\t\t\t\t\t\t\tEnv\u00edenos un correo electr\u00f3nico\t\t\t\t\t\t\t\t\t\t\t\t<\/a>\n\t\t\t\t\t\t\t\t\t\t\t\t\t\t\t\t\t\t\t\t\t\t\t<\/div>\n\t\t\t\t\t\t\t\t\t\t\t\t\t\t\t\t\t\t\t<\/div>\n\t\t\t\t\t\t\t\t<\/div>\n\t\t\t\t\t\t\t<\/div>\n\t\t\t\t\t\t\t\t<\/div>\n\t\t\t<\/div>\n<\/div>\n\n\n<div  class=\"blockSettings  paddingTopSM paddingBottomSM media-object-block light\" style=\"background-color:#f6f7f7;\"><div class=\"container\">\n\t<div class=\"grid\">\n\t\t<div class=\"col-sm-12\">\n\t\t\t<div class=\"inner image-right list-style-disc inner-bg\" style=\"background-color: #f6f7f7;\">\n\t\t\t\t<div class=\"copy\">\n\t\t\t\t\t    <div class=\"mainCopyWrap\">\n            <h2>Acerca del Fondo Nicole Podkowa para Pacientes y Cuidadores de Southcoast Health<\/h2>\n    <div class=\"paragraphWrap\"><p>Este fondo \u00fanico elimina las barreras a la atenci\u00f3n proporcionando a los pacientes asistencia para ayudarles con los pagos de servicios p\u00fablicos, alimentos, vivienda, transporte, suministros relacionados con el c\u00e1ncer y otras necesidades. Su apoyo permite a nuestros pacientes y sus familias centrarse en lo m\u00e1s importante: su lucha contra el c\u00e1ncer.<\/p>\n<\/div>    <\/div>\n        <div class=\"ctaWrap\">\n                    <a aria-label=\"enlace a Donar\" class=\"mainCTA shadow light1\" href=\"https:\/\/runsignup.com\/Race\/Donate\/MA\/Fairhaven\/NicolePodkowa5kRunWalk?rsus=200-500-1046bec0-82c3-4152-bcd4-3cc118f29c06\" target=\"_blank\" title=\"Abre Donar en una nueva pesta\u00f1a o ventana\" rel=\"noopener noreferrer\">Donar<span class=\"fa-regular fa-up-right-from-square\"><\/span><\/a>            <\/div>\n    \t\t\t\t<\/div>\n\t\t\t\t\t\t\t\t<div class=\"images\">\n\t\t\t\t\t\t<img decoding=\"async\" class=\"single\" src=\"https:\/\/www.southcoast.org\/wp-content\/uploads\/2025\/09\/Inside-Cancer-Center-2023-1024x683-1.jpg\" alt=\"\">\n\t\t\t\t\t\t\t\t\t\t<\/div>\n\t\t\t\t\n\t\t\t<\/div>\n\t\t<\/div>\n\t<\/div>\n<\/div>\n<\/div>\n\n\n\n\n<div  class=\"blockSettings  paddingTopSM paddingBottomSM bannerFluid darkTheme\" style=\"background-color:#E9F7F4;\"><div class=\"container\">\n    <div class=\"grid\">\n        <div class=\"col-sm-12\">\n            <div class=\"inner\">\n                                    <img decoding=\"async\" class=\"pulse\" src=\"https:\/\/www.southcoast.org\/wp-content\/themes\/southcoast_multisite\/images\/pulse.svg\" alt=\"\">\n                                <div class=\"copy\">\n                        <div class=\"mainCopyWrap\">\n            <h3>Gracias por su apoyo. No podr\u00edamos hacer lo que hacemos sin ustedes.<\/h3>\n        <\/div>\n                    <\/div>\n                <div class=\"media\">\n                    \n                        <img decoding=\"async\" class=\"doctor\" src=\"https:\/\/www.southcoast.org\/wp-content\/uploads\/2025\/08\/2024-Podkowa-5k-Race-Cutout.png\" alt=\"A woman and young girl running together in a race, both wearing bright, colorful activewear.\">\n                        <img decoding=\"async\" class=\"graphical\" src=\"https:\/\/www.southcoast.org\/wp-content\/themes\/southcoast_multisite\/images\/corner-art.svg\" alt=\"\">\n\n\n                                    <\/div>\n            <\/div>\n        <\/div>\n    <\/div>\n<\/div>\n<\/div>","protected":false},"excerpt":{"rendered":"","protected":false},"author":11,"featured_media":38931,"parent":0,"menu_order":0,"comment_status":"closed","ping_status":"closed","template":"","meta":{"_acf_changed":false,"footnotes":""},"class_list":["post-21923","page","type-page","status-publish","has-post-thumbnail","hentry"],"acf":[],"yoast_head":"<!-- This site is optimized with the Yoast SEO plugin v26.0 - https:\/\/yoast.com\/wordpress\/plugins\/seo\/ -->\n<title>Southcoast Health Cancer Care Nicole Podkowa 5k Walk &amp; Run - Southcoast Health<\/title>\n<meta name=\"description\" content=\"Thank you to everyone who joined us for the 2025 Southcoast Health Podkowa 5k Walk &amp; Run!\" \/>\n<meta name=\"robots\" content=\"index, follow, max-snippet:-1, max-image-preview:large, max-video-preview:-1\" \/>\n<link rel=\"canonical\" href=\"https:\/\/www.southcoast.org\/es\/southcoast-health-nicole-podkowa-5k-walk-run\/\" \/>\n<meta property=\"og:locale\" content=\"es_MX\" \/>\n<meta property=\"og:type\" content=\"article\" \/>\n<meta property=\"og:title\" content=\"Southcoast Health Cancer Care Nicole Podkowa 5k Walk &amp; Run - Southcoast Health\" \/>\n<meta property=\"og:description\" content=\"Thank you to everyone who joined us for the 2025 Southcoast Health Podkowa 5k Walk &amp; Run!\" \/>\n<meta property=\"og:url\" content=\"https:\/\/www.southcoast.org\/es\/southcoast-health-nicole-podkowa-5k-walk-run\/\" \/>\n<meta property=\"og:site_name\" content=\"Southcoast Health\" \/>\n<meta property=\"article:modified_time\" content=\"2026-04-23T18:43:03+00:00\" \/>\n<meta property=\"og:image\" content=\"https:\/\/www.southcoast.org\/wp-content\/uploads\/2025\/08\/2024-Nicole-Podkowa-Race-Day-171-scaled.jpg\" \/>\n\t<meta property=\"og:image:width\" content=\"2560\" \/>\n\t<meta property=\"og:image:height\" content=\"1707\" \/>\n\t<meta property=\"og:image:type\" content=\"image\/jpeg\" \/>\n<meta name=\"twitter:card\" content=\"summary_large_image\" \/>\n<meta name=\"twitter:label1\" content=\"Est. reading time\" \/>\n\t<meta name=\"twitter:data1\" content=\"1 minute\" \/>\n<script type=\"application\/ld+json\" class=\"yoast-schema-graph\">{\"@context\":\"https:\/\/schema.org\",\"@graph\":[{\"@type\":\"WebPage\",\"@id\":\"https:\/\/www.southcoast.org\/southcoast-health-nicole-podkowa-5k-walk-run\/\",\"url\":\"https:\/\/www.southcoast.org\/southcoast-health-nicole-podkowa-5k-walk-run\/\",\"name\":\"Southcoast Health Cancer Care Nicole Podkowa 5k Walk &amp; Run - Southcoast Health\",\"isPartOf\":{\"@id\":\"https:\/\/www.southcoast.org\/#website\"},\"primaryImageOfPage\":{\"@id\":\"https:\/\/www.southcoast.org\/southcoast-health-nicole-podkowa-5k-walk-run\/#primaryimage\"},\"image\":{\"@id\":\"https:\/\/www.southcoast.org\/southcoast-health-nicole-podkowa-5k-walk-run\/#primaryimage\"},\"thumbnailUrl\":\"https:\/\/www.southcoast.org\/wp-content\/uploads\/2025\/08\/2024-Nicole-Podkowa-Race-Day-171-scaled.jpg\",\"datePublished\":\"2025-08-22T14:47:04+00:00\",\"dateModified\":\"2026-04-23T18:43:03+00:00\",\"description\":\"Thank you to everyone who joined us for the 2025 Southcoast Health Podkowa 5k Walk & Run!\",\"breadcrumb\":{\"@id\":\"https:\/\/www.southcoast.org\/southcoast-health-nicole-podkowa-5k-walk-run\/#breadcrumb\"},\"inLanguage\":\"es-MX\",\"potentialAction\":[{\"@type\":\"ReadAction\",\"target\":[\"https:\/\/www.southcoast.org\/southcoast-health-nicole-podkowa-5k-walk-run\/\"]}]},{\"@type\":\"ImageObject\",\"inLanguage\":\"es-MX\",\"@id\":\"https:\/\/www.southcoast.org\/southcoast-health-nicole-podkowa-5k-walk-run\/#primaryimage\",\"url\":\"https:\/\/www.southcoast.org\/wp-content\/uploads\/2025\/08\/2024-Nicole-Podkowa-Race-Day-171-scaled.jpg\",\"contentUrl\":\"https:\/\/www.southcoast.org\/wp-content\/uploads\/2025\/08\/2024-Nicole-Podkowa-Race-Day-171-scaled.jpg\",\"width\":2560,\"height\":1707},{\"@type\":\"BreadcrumbList\",\"@id\":\"https:\/\/www.southcoast.org\/southcoast-health-nicole-podkowa-5k-walk-run\/#breadcrumb\",\"itemListElement\":[{\"@type\":\"ListItem\",\"position\":1,\"name\":\"\",\"item\":\"https:\/\/www.southcoast.org\/\"},{\"@type\":\"ListItem\",\"position\":2,\"name\":\"Southcoast Health Cancer Care Nicole Podkowa 5k Walk &amp; Run\"}]},{\"@type\":\"WebSite\",\"@id\":\"https:\/\/www.southcoast.org\/#website\",\"url\":\"https:\/\/www.southcoast.org\/\",\"name\":\"Southcoast Health\",\"description\":\"More than medicine.\",\"potentialAction\":[{\"@type\":\"SearchAction\",\"target\":{\"@type\":\"EntryPoint\",\"urlTemplate\":\"https:\/\/www.southcoast.org\/?s={search_term_string}\"},\"query-input\":{\"@type\":\"PropertyValueSpecification\",\"valueRequired\":true,\"valueName\":\"search_term_string\"}}],\"inLanguage\":\"es-MX\"}]}<\/script>\n<!-- \/ Yoast SEO plugin. -->","yoast_head_json":{"title":"Southcoast Health Cancer Care Nicole Podkowa 5k Walk &amp; Run - Southcoast Health","description":"Thank you to everyone who joined us for the 2025 Southcoast Health Podkowa 5k Walk & Run!","robots":{"index":"index","follow":"follow","max-snippet":"max-snippet:-1","max-image-preview":"max-image-preview:large","max-video-preview":"max-video-preview:-1"},"canonical":"https:\/\/www.southcoast.org\/es\/southcoast-health-nicole-podkowa-5k-walk-run\/","og_locale":"es_MX","og_type":"article","og_title":"Southcoast Health Cancer Care Nicole Podkowa 5k Walk &amp; Run - Southcoast Health","og_description":"Thank you to everyone who joined us for the 2025 Southcoast Health Podkowa 5k Walk & Run!","og_url":"https:\/\/www.southcoast.org\/es\/southcoast-health-nicole-podkowa-5k-walk-run\/","og_site_name":"Southcoast Health","article_modified_time":"2026-04-23T18:43:03+00:00","og_image":[{"width":2560,"height":1707,"url":"https:\/\/www.southcoast.org\/wp-content\/uploads\/2025\/08\/2024-Nicole-Podkowa-Race-Day-171-scaled.jpg","type":"image\/jpeg"}],"twitter_card":"summary_large_image","twitter_misc":{"Est. reading time":"1 minute"},"schema":{"@context":"https:\/\/schema.org","@graph":[{"@type":"WebPage","@id":"https:\/\/www.southcoast.org\/southcoast-health-nicole-podkowa-5k-walk-run\/","url":"https:\/\/www.southcoast.org\/southcoast-health-nicole-podkowa-5k-walk-run\/","name":"Southcoast Health Cancer Care Nicole Podkowa 5k Walk &amp; Run - Southcoast Health","isPartOf":{"@id":"https:\/\/www.southcoast.org\/#website"},"primaryImageOfPage":{"@id":"https:\/\/www.southcoast.org\/southcoast-health-nicole-podkowa-5k-walk-run\/#primaryimage"},"image":{"@id":"https:\/\/www.southcoast.org\/southcoast-health-nicole-podkowa-5k-walk-run\/#primaryimage"},"thumbnailUrl":"https:\/\/www.southcoast.org\/wp-content\/uploads\/2025\/08\/2024-Nicole-Podkowa-Race-Day-171-scaled.jpg","datePublished":"2025-08-22T14:47:04+00:00","dateModified":"2026-04-23T18:43:03+00:00","description":"Thank you to everyone who joined us for the 2025 Southcoast Health Podkowa 5k Walk & Run!","breadcrumb":{"@id":"https:\/\/www.southcoast.org\/southcoast-health-nicole-podkowa-5k-walk-run\/#breadcrumb"},"inLanguage":"es-MX","potentialAction":[{"@type":"ReadAction","target":["https:\/\/www.southcoast.org\/southcoast-health-nicole-podkowa-5k-walk-run\/"]}]},{"@type":"ImageObject","inLanguage":"es-MX","@id":"https:\/\/www.southcoast.org\/southcoast-health-nicole-podkowa-5k-walk-run\/#primaryimage","url":"https:\/\/www.southcoast.org\/wp-content\/uploads\/2025\/08\/2024-Nicole-Podkowa-Race-Day-171-scaled.jpg","contentUrl":"https:\/\/www.southcoast.org\/wp-content\/uploads\/2025\/08\/2024-Nicole-Podkowa-Race-Day-171-scaled.jpg","width":2560,"height":1707},{"@type":"BreadcrumbList","@id":"https:\/\/www.southcoast.org\/southcoast-health-nicole-podkowa-5k-walk-run\/#breadcrumb","itemListElement":[{"@type":"ListItem","position":1,"name":"","item":"https:\/\/www.southcoast.org\/"},{"@type":"ListItem","position":2,"name":"Southcoast Health Cancer Care Nicole Podkowa 5k Walk &amp; Run"}]},{"@type":"WebSite","@id":"https:\/\/www.southcoast.org\/#website","url":"https:\/\/www.southcoast.org\/","name":"Southcoast Health","description":"M\u00e1s que medicina.","potentialAction":[{"@type":"SearchAction","target":{"@type":"EntryPoint","urlTemplate":"https:\/\/www.southcoast.org\/?s={search_term_string}"},"query-input":{"@type":"PropertyValueSpecification","valueRequired":true,"valueName":"search_term_string"}}],"inLanguage":"es-MX"}]}},"_links":{"self":[{"href":"https:\/\/www.southcoast.org\/es\/wp-json\/wp\/v2\/pages\/21923","targetHints":{"allow":["GET"]}}],"collection":[{"href":"https:\/\/www.southcoast.org\/es\/wp-json\/wp\/v2\/pages"}],"about":[{"href":"https:\/\/www.southcoast.org\/es\/wp-json\/wp\/v2\/types\/page"}],"author":[{"embeddable":true,"href":"https:\/\/www.southcoast.org\/es\/wp-json\/wp\/v2\/users\/11"}],"replies":[{"embeddable":true,"href":"https:\/\/www.southcoast.org\/es\/wp-json\/wp\/v2\/comments?post=21923"}],"version-history":[{"count":41,"href":"https:\/\/www.southcoast.org\/es\/wp-json\/wp\/v2\/pages\/21923\/revisions"}],"predecessor-version":[{"id":288544,"href":"https:\/\/www.southcoast.org\/es\/wp-json\/wp\/v2\/pages\/21923\/revisions\/288544"}],"wp:featuredmedia":[{"embeddable":true,"href":"https:\/\/www.southcoast.org\/es\/wp-json\/wp\/v2\/media\/38931"}],"wp:attachment":[{"href":"https:\/\/www.southcoast.org\/es\/wp-json\/wp\/v2\/media?parent=21923"}],"curies":[{"name":"wp","href":"https:\/\/api.w.org\/{rel}","templated":true}]}}