{"id":21428,"date":"2025-07-23T10:47:57","date_gmt":"2025-07-23T10:47:57","guid":{"rendered":"https:\/\/test-southcoast-health-multi.southcoast-health.org\/?page_id=21428"},"modified":"2025-07-23T11:45:23","modified_gmt":"2025-07-23T11:45:23","slug":"covid-19-vaccine-scheduling","status":"publish","type":"page","link":"https:\/\/www.southcoast.org\/es\/covid-19-vaccine-scheduling\/","title":{"rendered":"Calendario de vacunaci\u00f3n"},"content":{"rendered":"<div class=\"container\">\n<div class=\"grid\">\n<div class=\"col-sm-12 maincopy blogCore\">\n<h2 id=\"h-flu-amp-covid-19-vaccine-q-amp-a\" class=\"wp-block-heading\"><strong>Preguntas y respuestas sobre la gripe y la vacuna COVID-19:<\/strong><\/h2>\n<p><strong>\u00bfA qu\u00e9 edad es seguro vacunarse contra la gripe y la COVID-19?<\/strong><\/p>\n<p>Para la gripe y la vacuna COVID-19, los CDC recomiendan que los ni\u00f1os a partir de los 6 meses reciban ambas.<\/p>\n<p><strong>\u00bfQui\u00e9n puede recibir la vacuna contra la gripe o COVID en Southcoast?<\/strong><\/p>\n<p>La cl\u00ednica de vacunas proporciona vacunas contra la gripe y COVID a los que tienen 5 a\u00f1os o m\u00e1s. Aquellos que son las edades 5-11 pueden ser programadas en la cl\u00ednica de Dartmouth en d\u00edas limitados. Por favor, consulte el calendario publicado para esos d\u00edas. Los mayores de 12 a\u00f1os pueden ser programados en cualquiera de las tres cl\u00ednicas de vacunas.<\/p>\n<p><strong>\u00bfPuedo recibir la vacuna COVID y la de la gripe al mismo tiempo?<\/strong><\/p>\n<p>Puede recibir ambas vacunas el mismo d\u00eda y ahorrarse un viaje. Se recomienda utilizar brazos opuestos para cada vacuna, pero no es obligatorio.<\/p>\n<p><strong>\u00bfPor qu\u00e9 debo vacunarme anualmente contra la gripe?<\/strong><\/p>\n<p>La vacuna antigripal puede evitar que se enferme de gripe y se ha demostrado en varios estudios que reduce la gravedad de la enfermedad en personas que siguen enfermando de gripe despu\u00e9s de vacunarse.<\/p>\n<p><strong>\u00bfY si estoy inmunodeprimido?<\/strong><\/p>\n<p><strong>Personas que\u00a0<\/strong><a href=\"https:\/\/www.cdc.gov\/coronavirus\/2019-ncov\/need-extra-precautions\/people-with-medical-conditions.html\">inmunodepresi\u00f3n moderada o grave<\/a>\u00a0pueden recibir dosis adicionales de vacunas COVID-19 actualizadas para reducir el riesgo de enfermar.<\/p>\n<p>Para m\u00e1s informaci\u00f3n sobre vacunas, visite\u00a0<a href=\"https:\/\/www.cdc.gov\/\">Centros para el Control y la Prevenci\u00f3n de Enfermedades (cdc.gov)<\/a>.<\/div>\n<\/div>\n<\/div>","protected":false},"excerpt":{"rendered":"<p>Flu &amp; COVID-19 Vaccine Q &amp; A: At what age is it safe to get the Flu and COVID-19 vaccine? For the flu and the COVID-19 vaccine, the CDC is [&hellip;]<\/p>","protected":false},"author":4,"featured_media":0,"parent":0,"menu_order":0,"comment_status":"closed","ping_status":"closed","template":"page_covid-vaccine-oas.php","meta":{"_acf_changed":false,"footnotes":""},"class_list":["post-21428","page","type-page","status-publish","hentry"],"acf":[],"yoast_head":"<!-- This site is optimized with the Yoast SEO plugin v26.0 - https:\/\/yoast.com\/wordpress\/plugins\/seo\/ -->\n<title>Vaccine Scheduling - Southcoast Health<\/title>\n<meta name=\"robots\" content=\"index, follow, max-snippet:-1, max-image-preview:large, max-video-preview:-1\" \/>\n<link rel=\"canonical\" href=\"https:\/\/www.southcoast.org\/es\/covid-19-vaccine-scheduling\/\" \/>\n<meta property=\"og:locale\" content=\"es_MX\" \/>\n<meta property=\"og:type\" content=\"article\" \/>\n<meta property=\"og:title\" content=\"Vaccine Scheduling - Southcoast Health\" \/>\n<meta property=\"og:description\" content=\"Flu &amp; COVID-19 Vaccine Q &amp; A: At what age is it safe to get the Flu and COVID-19 vaccine? For the flu and the COVID-19 vaccine, the CDC is [&hellip;]\" \/>\n<meta property=\"og:url\" content=\"https:\/\/www.southcoast.org\/es\/covid-19-vaccine-scheduling\/\" \/>\n<meta property=\"og:site_name\" content=\"Southcoast Health\" \/>\n<meta property=\"article:modified_time\" content=\"2025-07-23T11:45:23+00:00\" \/>\n<meta name=\"twitter:card\" content=\"summary_large_image\" \/>\n<meta name=\"twitter:label1\" content=\"Est. reading time\" \/>\n\t<meta name=\"twitter:data1\" content=\"1 minute\" \/>\n<script type=\"application\/ld+json\" class=\"yoast-schema-graph\">{\"@context\":\"https:\/\/schema.org\",\"@graph\":[{\"@type\":\"WebPage\",\"@id\":\"https:\/\/www.southcoast.org\/covid-19-vaccine-scheduling\/\",\"url\":\"https:\/\/www.southcoast.org\/covid-19-vaccine-scheduling\/\",\"name\":\"Vaccine Scheduling - Southcoast Health\",\"isPartOf\":{\"@id\":\"https:\/\/www.southcoast.org\/#website\"},\"datePublished\":\"2025-07-23T10:47:57+00:00\",\"dateModified\":\"2025-07-23T11:45:23+00:00\",\"breadcrumb\":{\"@id\":\"https:\/\/www.southcoast.org\/covid-19-vaccine-scheduling\/#breadcrumb\"},\"inLanguage\":\"es-MX\",\"potentialAction\":[{\"@type\":\"ReadAction\",\"target\":[\"https:\/\/www.southcoast.org\/covid-19-vaccine-scheduling\/\"]}]},{\"@type\":\"BreadcrumbList\",\"@id\":\"https:\/\/www.southcoast.org\/covid-19-vaccine-scheduling\/#breadcrumb\",\"itemListElement\":[{\"@type\":\"ListItem\",\"position\":1,\"name\":\"\",\"item\":\"https:\/\/www.southcoast.org\/\"},{\"@type\":\"ListItem\",\"position\":2,\"name\":\"Vaccine Scheduling\"}]},{\"@type\":\"WebSite\",\"@id\":\"https:\/\/www.southcoast.org\/#website\",\"url\":\"https:\/\/www.southcoast.org\/\",\"name\":\"Southcoast Health\",\"description\":\"More than medicine.\",\"potentialAction\":[{\"@type\":\"SearchAction\",\"target\":{\"@type\":\"EntryPoint\",\"urlTemplate\":\"https:\/\/www.southcoast.org\/?s={search_term_string}\"},\"query-input\":{\"@type\":\"PropertyValueSpecification\",\"valueRequired\":true,\"valueName\":\"search_term_string\"}}],\"inLanguage\":\"es-MX\"}]}<\/script>\n<!-- \/ Yoast SEO plugin. -->","yoast_head_json":{"title":"Vaccine Scheduling - Southcoast Health","robots":{"index":"index","follow":"follow","max-snippet":"max-snippet:-1","max-image-preview":"max-image-preview:large","max-video-preview":"max-video-preview:-1"},"canonical":"https:\/\/www.southcoast.org\/es\/covid-19-vaccine-scheduling\/","og_locale":"es_MX","og_type":"article","og_title":"Vaccine Scheduling - Southcoast Health","og_description":"Flu &amp; COVID-19 Vaccine Q &amp; A: At what age is it safe to get the Flu and COVID-19 vaccine? For the flu and the COVID-19 vaccine, the CDC is [&hellip;]","og_url":"https:\/\/www.southcoast.org\/es\/covid-19-vaccine-scheduling\/","og_site_name":"Southcoast Health","article_modified_time":"2025-07-23T11:45:23+00:00","twitter_card":"summary_large_image","twitter_misc":{"Est. reading time":"1 minute"},"schema":{"@context":"https:\/\/schema.org","@graph":[{"@type":"WebPage","@id":"https:\/\/www.southcoast.org\/covid-19-vaccine-scheduling\/","url":"https:\/\/www.southcoast.org\/covid-19-vaccine-scheduling\/","name":"Vaccine Scheduling - Southcoast Health","isPartOf":{"@id":"https:\/\/www.southcoast.org\/#website"},"datePublished":"2025-07-23T10:47:57+00:00","dateModified":"2025-07-23T11:45:23+00:00","breadcrumb":{"@id":"https:\/\/www.southcoast.org\/covid-19-vaccine-scheduling\/#breadcrumb"},"inLanguage":"es-MX","potentialAction":[{"@type":"ReadAction","target":["https:\/\/www.southcoast.org\/covid-19-vaccine-scheduling\/"]}]},{"@type":"BreadcrumbList","@id":"https:\/\/www.southcoast.org\/covid-19-vaccine-scheduling\/#breadcrumb","itemListElement":[{"@type":"ListItem","position":1,"name":"","item":"https:\/\/www.southcoast.org\/"},{"@type":"ListItem","position":2,"name":"Vaccine Scheduling"}]},{"@type":"WebSite","@id":"https:\/\/www.southcoast.org\/#website","url":"https:\/\/www.southcoast.org\/","name":"Southcoast Health","description":"M\u00e1s que medicina.","potentialAction":[{"@type":"SearchAction","target":{"@type":"EntryPoint","urlTemplate":"https:\/\/www.southcoast.org\/?s={search_term_string}"},"query-input":{"@type":"PropertyValueSpecification","valueRequired":true,"valueName":"search_term_string"}}],"inLanguage":"es-MX"}]}},"_links":{"self":[{"href":"https:\/\/www.southcoast.org\/es\/wp-json\/wp\/v2\/pages\/21428","targetHints":{"allow":["GET"]}}],"collection":[{"href":"https:\/\/www.southcoast.org\/es\/wp-json\/wp\/v2\/pages"}],"about":[{"href":"https:\/\/www.southcoast.org\/es\/wp-json\/wp\/v2\/types\/page"}],"author":[{"embeddable":true,"href":"https:\/\/www.southcoast.org\/es\/wp-json\/wp\/v2\/users\/4"}],"replies":[{"embeddable":true,"href":"https:\/\/www.southcoast.org\/es\/wp-json\/wp\/v2\/comments?post=21428"}],"version-history":[{"count":6,"href":"https:\/\/www.southcoast.org\/es\/wp-json\/wp\/v2\/pages\/21428\/revisions"}],"predecessor-version":[{"id":21441,"href":"https:\/\/www.southcoast.org\/es\/wp-json\/wp\/v2\/pages\/21428\/revisions\/21441"}],"wp:attachment":[{"href":"https:\/\/www.southcoast.org\/es\/wp-json\/wp\/v2\/media?parent=21428"}],"curies":[{"name":"wp","href":"https:\/\/api.w.org\/{rel}","templated":true}]}}