{"id":21320,"date":"2025-07-22T17:01:09","date_gmt":"2025-07-22T17:01:09","guid":{"rendered":"https:\/\/test-southcoast-health-multi.southcoast-health.org\/?page_id=21320"},"modified":"2025-07-22T17:03:09","modified_gmt":"2025-07-22T17:03:09","slug":"terms-of-use","status":"publish","type":"page","link":"https:\/\/www.southcoast.org\/es\/terms-of-use\/","title":{"rendered":"Condiciones de uso"},"content":{"rendered":"<div  class=\"blockSettings  paddingTopSM paddingBottomMD heroBasicFluid darkTheme\" style=\"background: linear-gradient(110deg, #0A4A3D 2.57%, rgba(5, 116, 99, 0.99) 59.47%, #009984 99.08%);\"><div class=\"container\">\n            <div class=\"grid\">\n            <div class=\"col-sm-12 col-bleed-y\">\n                <div class=\"Center\">\n                    <div class=\"breadcrumbsWrapper desktop-breadcrumbs\"><nav id=\"breadcrumbs\" aria-label=\"Migas de pan\"><ol><li><a href=\"https:\/\/www.southcoast.org\/es\/\"><i class=\"fa-light fa-house\"><\/i><span class=\"visually-hidden\">Inicio<\/span><\/a><\/li><\/ol><\/nav><\/div><div class=\"breadcrumbsWrapper mobile-breadcrumbs\"><p id=\"mobile-breadcrumbs\" class=\"mobile-back-nav\"><span><span><a href=\"#\" onclick=\"return handleBackNavigation();\"><i class=\"fa-solid fa-chevron-left back-arrow\"><\/i> Volver<\/a><\/span><\/span><\/p>\t\t<script>\n\t\t\tfunction handleBackNavigation() {\n\t\t\t\tif (window.history.length > 1) {\n\t\t\t\t\twindow.history.back();\n\t\t\t\t} else {\n\t\t\t\t\twindow.location.href = 'https:\/\/www.southcoast.org\/es';\n\t\t\t\t}\n\t\t\t\treturn false;\n\t\t\t}\n\t\t<\/script>\n<\/div>                <\/div>\n            <\/div>\n        <\/div>\n        <div class=\"grid align-center\">\n        <div class=\"col-sm-10\">\n            <div class=\"Center\">\n\n                    <div class=\"mainCopyWrap\">\n            <h1>Condiciones de uso<\/h1>\n        <\/div>\n    \n                \n            <\/div>\n        <\/div>\n    <\/div>\n<\/div>\n    <div class=\"cornerArtWrapper cornerArt-small\">\n        <img decoding=\"async\" class=\"cornerArt\" src=\"https:\/\/www.southcoast.org\/wp-content\/themes\/southcoast_multisite\/images\/corner-art.svg\" alt=\"\">\n    <\/div>\n<\/div>\n\n\n\n\n<div  class=\"blockSettings  paddingTopMD paddingBottomMD copyFullFluid light\" style=\"\">\t<div class=\"container\">\n\t\t<div class=\"grid\">\n            \t\t\t<div class=\"copyFullWrap bg-white\">\n\t\t\t\t<div class=\"col-sm-12\">\n                    <div class=\"maincopy\">\n                        <p><em>\u00daltima modificaci\u00f3n: 13 de junio de 2023<\/em><\/p>\n<p><strong>Aceptaci\u00f3n de las condiciones de uso<\/strong><\/p>\n<p>Las presentes condiciones de uso se establecen entre usted y Southcoast Health System, Inc. y sus entidades, que incluyen Southcoast Hospitals Group, Inc. (formado por Charlton Memorial Hospital, St. Luke's Hospital y Tobey Hospital), as\u00ed como Southcoast Visiting Nurse Association, Inc. y Southcoast Physicians Group, Inc. (en lo sucesivo, \"Southcoast\", \"nosotros\" o \"nos\"). Los siguientes t\u00e9rminos y condiciones (estas \"Condiciones de uso\") rigen su acceso y uso de este sitio web, incluyendo cualquier contenido, funcionalidad y servicios ofrecidos en o a trav\u00e9s del sitio web (el \"Sitio\"). Lea atentamente las Condiciones de uso antes de empezar a utilizar el Sitio. Al utilizar el Sitio, acepta y se compromete a cumplir estas Condiciones de uso y nuestra Pol\u00edtica de privacidad del sitio web, que se encuentra en\u00a0<a href=\"\/es\/website-privacy-policy\/\">southcoast.org\/website-privacy-policy<\/a>\u00a0incluido nuestro Aviso de pr\u00e1cticas de privacidad, que se encuentra en\u00a0<a href=\"\/es\/privacy-practices\/\">southcoast.org\/pr\u00e1cticas-de-privacidad<\/a>y se incorpora al presente documento por referencia. Si no est\u00e1 de acuerdo con estas Condiciones de uso, la Pol\u00edtica de privacidad del sitio web o el Aviso de pr\u00e1cticas de privacidad, no debe acceder al sitio ni utilizarlo.<\/p>\n<p><strong>Uso del sitio\/actualizaciones del sitio<\/strong><\/p>\n<p>Este Sitio se ofrece y est\u00e1 disponible para usuarios mayores de 18 a\u00f1os que residan en Estados Unidos o en cualquiera de sus territorios o posesiones. Al utilizar este Sitio, usted declara y garantiza que tiene la edad legal para formalizar un contrato vinculante con el Sitio y que cumple todos los requisitos de elegibilidad anteriores. No afirmamos que el Sitio o cualquiera de sus contenidos sean accesibles o apropiados fuera de los Estados Unidos. El acceso al Sitio puede no ser legal para determinadas personas o en determinados pa\u00edses. Si accede al Sitio desde fuera de Estados Unidos, lo hace por iniciativa propia y es responsable del cumplimiento de la legislaci\u00f3n local. Si no cumple todos estos requisitos, no debe acceder al Sitio ni utilizarlo. Podemos, en cualquier momento y por cualquier motivo, actualizar, revisar o modificar las Condiciones de Uso sin previo aviso. Le recomendamos que revise peri\u00f3dicamente las Condiciones de uso para comprobar si se han producido cambios. Todos los cambios entrar\u00e1n en vigor inmediatamente cuando los publiquemos y se aplicar\u00e1n a partir de ese momento a todo acceso y uso del Sitio. Sin embargo, cualquier cambio en las disposiciones de resoluci\u00f3n de conflictos establecidas en la secci\u00f3n Ley aplicable y jurisdicci\u00f3n de estas Condiciones de uso no se aplicar\u00e1 a ning\u00fan conflicto para el que las partes tengan notificaci\u00f3n real antes de la fecha en que el cambio se publique en el Sitio. El uso continuado del Sitio por parte del usuario tras la publicaci\u00f3n de los cambios constituye su aceptaci\u00f3n de las Condiciones de uso vigentes en ese momento.<\/p>\n<p><strong>No es un consejo m\u00e9dico<\/strong><\/p>\n<p>Southcoast ofrece la informaci\u00f3n contenida en este Sitio \u00fanicamente con fines informativos y educativos. El contenido de este sitio no pretende ser un diagn\u00f3stico o tratamiento m\u00e9dico. Consulte siempre a su m\u00e9dico u otro profesional sanitario cualificado. Nunca desestime el consejo m\u00e9dico ni retrase su b\u00fasqueda por algo que haya le\u00eddo en este Sitio. La informaci\u00f3n presentada en o a trav\u00e9s del Sitio se facilita \u00fanicamente con fines de informaci\u00f3n general. No garantizamos la exactitud, integridad o utilidad de esta informaci\u00f3n.<\/p>\n<p><strong>Comunicaciones electr\u00f3nicas<\/strong><\/p>\n<p>Al visitar el Sitio o enviarnos correos electr\u00f3nicos, usted consiente consciente y voluntariamente en recibir comunicaciones nuestras por v\u00eda electr\u00f3nica. Nos comunicaremos con usted por correo electr\u00f3nico o publicando avisos en este Sitio. Al facilitarnos un n\u00famero de tel\u00e9fono, usted acepta que un representante de Southcoast pueda ponerse en contacto con usted en el n\u00famero que nos facilite, posiblemente utilizando tecnolog\u00eda automatizada (incluidos mensajes de texto\/SMS) o un mensaje pregrabado. Su consentimiento no es una obligaci\u00f3n para recibir nuestros servicios. Usted acepta que todos los acuerdos, avisos, divulgaciones y otras comunicaciones que le proporcionemos electr\u00f3nicamente satisfacen cualquier requisito legal que exija que dichas comunicaciones se realicen por escrito. Si desea dejar de recibir nuestras comunicaciones electr\u00f3nicas, puede hacerlo poni\u00e9ndose en contacto con nosotros en la siguiente direcci\u00f3n\u00a0<a href=\"mailto:info@southcoast.org\" target=\"_blank\" rel=\"noopener\">info@southcoast.org<\/a>\u00a0o utilizando las funciones para darse de baja que aparecen al final de nuestras comunicaciones.<\/p>\n<p><strong>Derechos de propiedad intelectual<\/strong><\/p>\n<p>Las marcas comerciales, las marcas de servicio, los nombres comerciales, la imagen comercial y los derechos de autor del contenido de este Sitio son propiedad de Southcoast o de sus proveedores de contenido y est\u00e1n protegidos por las leyes estadounidenses e internacionales. Nada en este Sitio le otorga a usted licencia o derecho alguno para utilizar cualquier marca comercial, marca de servicio, nombre comercial o logotipo, derechos de autor, imagen comercial u otro contenido mostrado en este Sitio sin el permiso previo por escrito de Southcoast. Queda estrictamente prohibido el uso o mal uso de cualquier propiedad intelectual mostrada o utilizada en relaci\u00f3n con este Sitio, o cualquier otro contenido de este Sitio. Esta restricci\u00f3n incluye la copia, reproducci\u00f3n o modificaci\u00f3n de cualquier contenido de este Sitio para cualquier fin que no sea su uso personal.<\/p>\n<p>Agradecemos cualquier comentario que pueda tener en relaci\u00f3n con el Sitio, sus productos y servicios. Cualquier comentario o contenido que nos env\u00ede, como observaciones, sugerencias, ideas, gr\u00e1ficos u otra informaci\u00f3n, se convierte y sigue siendo propiedad exclusiva de Southcoast, incluso si estas Condiciones de uso o cualquier otro acuerdo que haya firmado con nosotros se rescinde o modifica posteriormente. Esto significa que no estamos obligados a tratar como confidencial ninguno de dichos env\u00edos (incluidas, entre otras, las ideas sobre productos o publicidad). No le pagaremos a usted ni a nadie por ninguna informaci\u00f3n que nos facilite y que sea utilizada por nosotros. Adem\u00e1s, usted reconoce que es plenamente responsable de cualquier env\u00edo que realice, incluida su legalidad, fiabilidad, adecuaci\u00f3n, originalidad y derechos de autor.<\/p>\n<p><strong>Usos prohibidos<\/strong><\/p>\n<p>Usted se compromete a no utilizar el Sitio para fines ilegales o prohibidos por las presentes Condiciones de Uso. No podr\u00e1 utilizar el Sitio de ninguna manera que pueda da\u00f1arlo, inutilizarlo, sobrecargarlo o deteriorarlo. Usted acepta que es responsable de su propia conducta al utilizar el Sitio y de las consecuencias de la misma. Usted acepta que Southcoast decida, a su entera discreci\u00f3n, si su conducta viola cualquier aspecto de estas Condiciones de Uso y que Southcoast pueda tomar las medidas que considere oportunas para hacer frente a dicha violaci\u00f3n, incluyendo, sin limitaci\u00f3n, la notificaci\u00f3n a las autoridades competentes y la eliminaci\u00f3n de su acceso al Sitio y\/o la cancelaci\u00f3n de cualquier servicio.<\/p>\n<p><strong>Descargo de responsabilidad<\/strong><\/p>\n<p>Usted acepta que los materiales proporcionados por Southcoast en este Sitio (incluidos productos, gr\u00e1ficos, software, recomendaciones u otros materiales) y cualquier material o producto disponible a trav\u00e9s de este Sitio se proporcionan \"tal cual\" y sin garant\u00edas de ning\u00fan tipo, ya sean expresas o impl\u00edcitas. En la medida en que lo permita la legislaci\u00f3n aplicable, Southcoast renuncia a todas las garant\u00edas, expresas o impl\u00edcitas, incluidas, entre otras, todas las garant\u00edas impl\u00edcitas de comerciabilidad, idoneidad para un fin determinado, titularidad y no infracci\u00f3n. Southcoast no garantiza ni hace declaraci\u00f3n alguna en relaci\u00f3n con el uso o los resultados del uso de los materiales de este Sitio en t\u00e9rminos de su correcci\u00f3n, exactitud, fiabilidad u otros. Los materiales de este Sitio podr\u00edan incluir imprecisiones t\u00e9cnicas o errores tipogr\u00e1ficos. Estos materiales podr\u00edan ser inexactos o volverse inexactos como resultado de acontecimientos ocurridos despu\u00e9s de sus respectivas fechas. Southcoast no asume ninguna obligaci\u00f3n de verificar o mantener la actualidad de dicha informaci\u00f3n.<\/p>\n<p>Southcoast no garantiza que (i) el funcionamiento del Sitio satisfaga sus necesidades; (ii) el acceso al Sitio sea ininterrumpido, puntual, seguro, libre de virus, gusanos, troyanos u otros componentes da\u00f1inos, o libre de defectos o errores; (iii) los resultados que puedan obtenerse del uso del Sitio sean precisos o fiables; o (iv) se corrijan los defectos. Usted (y no Southcoast) asume el coste total de todos los servicios, reparaciones o correcciones que puedan ser necesarios para su equipo inform\u00e1tico y software como resultado de cualquier virus, error o cualquier otro problema que pueda tener como resultado de visitar este Sitio. Por la presente, usted se compromete a mantener indemne e indemnizar a Southcoast, y sus subsidiarias, afiliados, funcionarios, directores, agentes y empleados, licenciatarios, proveedores, socios, sucesores y cesionarios, de y contra toda responsabilidad, p\u00e9rdidas, da\u00f1os y gastos (incluyendo, sin limitaci\u00f3n, los costes de defensa y honorarios razonables de abogados y costes asociados) asociados con cualquier reclamaci\u00f3n, acci\u00f3n o demanda presentada contra Southcoast que surja de (a) cualquier incumplimiento o violaci\u00f3n de estas Condiciones de Uso; (b) cualquier informaci\u00f3n que usted env\u00ede, comparta o cargue en o hacia el Sitio; y\/o (c) cualquier reclamaci\u00f3n de que la informaci\u00f3n o el contenido que usted proporcione viole cualquier ley aplicable o infrinja de otro modo los derechos de un tercero. Usted deber\u00e1 cooperar plenamente en la defensa de cualquier reclamaci\u00f3n. Southcoast se reserva el derecho, a sus expensas, de asumir la defensa y el control exclusivos de cualquier asunto sujeto a indemnizaci\u00f3n por su parte.<\/p>\n<p><strong>Reclamaciones por infracci\u00f3n<\/strong><\/p>\n<p><u>Procedimiento de notificaci\u00f3n de infracciones<\/u>. Si usted es titular de derechos de propiedad intelectual o un agente de los mismos y cree que cualquier contenido publicado en este Sitio infringe sus derechos de propiedad intelectual, puede enviar una notificaci\u00f3n de conformidad con la Ley de Derechos de Autor del Milenio Digital (\"DMCA\") proporcionando la siguiente informaci\u00f3n por escrito (v\u00e9ase 17 U.S.C \u00a7512(c)(3) para m\u00e1s detalles):<\/p>\n<ul>\n<li>Una firma f\u00edsica o electr\u00f3nica de una persona autorizada a actuar en nombre del titular de un derecho exclusivo presuntamente infringido;<\/li>\n<li>Identificaci\u00f3n de la obra cuya infracci\u00f3n se alega o, si la notificaci\u00f3n abarca varias obras de un mismo sitio en l\u00ednea, una lista representativa de dichas obras en ese sitio;<\/li>\n<li>Identificaci\u00f3n del material que se considera infractor o que es objeto de una actividad infractora y que debe eliminarse o cuyo acceso debe deshabilitarse, e informaci\u00f3n razonablemente suficiente para permitir al proveedor de servicios localizar el material;<\/li>\n<li>Informaci\u00f3n razonablemente suficiente para permitir que el proveedor de servicios se ponga en contacto con usted, como una direcci\u00f3n, un n\u00famero de tel\u00e9fono y, si est\u00e1 disponible, un correo electr\u00f3nico;<\/li>\n<li>Una declaraci\u00f3n de que usted cree de buena fe que el uso del material en la forma reclamada no est\u00e1 autorizado por el propietario, su agente o la ley; y<\/li>\n<li>Una declaraci\u00f3n de que la informaci\u00f3n contenida en la notificaci\u00f3n es exacta y, bajo pena de perjurio, que usted est\u00e1 autorizado para actuar en nombre del titular de un derecho exclusivo que presuntamente se ha infringido.<\/li>\n<\/ul>\n<p>Dicha informaci\u00f3n debe enviarse a\u00a0<a href=\"mailto:info@southcoast.org\" target=\"_blank\" rel=\"noopener\">info@southcoast.org<\/a>. Usted reconoce que si no cumple con todos los requisitos establecidos anteriormente, su notificaci\u00f3n DMCA puede no ser v\u00e1lida.<\/p>\n<p><u>Contraaviso<\/u>. Si sus contenidos han sido retirados de conformidad con el procedimiento de retirada anteriormente descrito y considera que no se trata de una infracci\u00f3n, puede enviar una contranotificaci\u00f3n con la siguiente informaci\u00f3n a\u00a0<a href=\"mailto:info@southcoast.org\" target=\"_blank\" rel=\"noopener\">info@southcoast.org<\/a>:<\/p>\n<ul>\n<li>Su firma f\u00edsica o electr\u00f3nica;<\/li>\n<li>Identificaci\u00f3n del contenido que se ha eliminado o cuyo acceso se ha inhabilitado y la ubicaci\u00f3n en la que aparec\u00eda el contenido antes de ser eliminado o inhabilitado;<\/li>\n<li>Una declaraci\u00f3n de que usted cree de buena fe que el contenido fue retirado o inutilizado como resultado de un error o una identificaci\u00f3n err\u00f3nea del contenido; y<\/li>\n<li>Su nombre, direcci\u00f3n, n\u00famero de tel\u00e9fono y direcci\u00f3n de correo electr\u00f3nico, una declaraci\u00f3n de que acepta la jurisdicci\u00f3n del tribunal federal de Washington, D.C., y una declaraci\u00f3n de que aceptar\u00e1 la notificaci\u00f3n de la persona que notific\u00f3 la presunta infracci\u00f3n.<\/li>\n<\/ul>\n<p>Si Southcoast recibe una contranotificaci\u00f3n, podr\u00e1 enviar una copia de la misma a la parte denunciante original inform\u00e1ndole de que puede sustituir el contenido eliminado o dejar de inhabilitarlo en un plazo de diez (10) d\u00edas laborables. A menos que el propietario de los derechos de autor presente una demanda solicitando una orden judicial contra el proveedor de contenidos, miembro o usuario, el contenido eliminado podr\u00e1 ser sustituido, o se podr\u00e1 restablecer el acceso al mismo, en un plazo de diez (10) a catorce (14) d\u00edas h\u00e1biles o m\u00e1s tras la recepci\u00f3n de la contranotificaci\u00f3n, a discreci\u00f3n exclusiva de Southcoast.<\/p>\n<p>Informaci\u00f3n sobre usted y sus visitas al sitio<\/p>\n<p>Toda la informaci\u00f3n que recopilamos en este sitio est\u00e1 sujeta a nuestra pol\u00edtica de privacidad.\u00a0<a href=\"\/es\/website-privacy-policy\/\">Pol\u00edtica de privacidad del sitio web.<\/a>\u00a0Al utilizar el Sitio, usted da su consentimiento a todas las acciones emprendidas por nosotros con respecto a su informaci\u00f3n en cumplimiento de la Pol\u00edtica de Privacidad del Sitio Web.<\/p>\n<p><strong>Enlaces desde el sitio<\/strong><\/p>\n<p>Si el Sitio contiene enlaces a otros sitios y recursos proporcionados por terceros, estos enlaces se proporcionan \u00fanicamente para su comodidad. Esto incluye los enlaces contenidos en los anuncios, incluidos los banners publicitarios y los enlaces patrocinados. No tenemos ning\u00fan control sobre el contenido de esos sitios o recursos, y no aceptamos ninguna responsabilidad por ellos o por cualquier p\u00e9rdida o da\u00f1o que pueda derivarse de su uso. Si decide acceder a cualquiera de los sitios web de terceros vinculados a este Sitio, lo har\u00e1 por su cuenta y riesgo y estar\u00e1 sujeto a los t\u00e9rminos y condiciones de uso y a las pol\u00edticas de privacidad de dichos sitios web.<\/p>\n<p><strong>Limitaci\u00f3n de responsabilidad<\/strong><\/p>\n<p>EN NING\u00daN CASO SOUTHCOAST, SUS FILIALES O SUS LICENCIANTES, PROVEEDORES DE SERVICIOS, EMPLEADOS, AGENTES, DIRECTIVOS O DIRECTORES SER\u00c1N RESPONSABLES POR DA\u00d1OS DE NING\u00daN TIPO, BAJO NINGUNA TEOR\u00cdA LEGAL, QUE SURJAN DE O EN RELACI\u00d3N CON EL USO O LA IMPOSIBILIDAD DE USAR EL SITIO, CUALQUIER SITIO WEB VINCULADO A \u00c9L, CUALQUIER CONTENIDO DEL SITIO O DE DICHOS SITIOS WEB O CUALQUIER SERVICIO O ART\u00cdCULO OBTENIDO A TRAV\u00c9S DEL SITIO O DE DICHOS SITIOS WEB, INCLUYENDO CUALQUIER DA\u00d1O DIRECTO, INDIRECTO, ESPECIAL, INCIDENTAL, CONSECUENTE O PUNITIVO, INCLUYENDO PERO NO LIMITADO A, LESIONES PERSONALES, DOLOR Y SUFRIMIENTO, ANGUSTIA EMOCIONAL, P\u00c9RDIDA DE INGRESOS, P\u00c9RDIDA DE BENEFICIOS, P\u00c9RDIDA DE NEGOCIO O AHORROS ANTICIPADOS, P\u00c9RDIDA DE USO, P\u00c9RDIDA DE FONDO DE COMERCIO, P\u00c9RDIDA DE DATOS, Y YA SEA CAUSADO POR AGRAVIO (INCLUYENDO NEGLIGENCIA), INCUMPLIMIENTO DE CONTRATO O DE OTRO MODO, INCLUSO SI ES PREVISIBLE. LO ANTERIOR NO AFECTA A NINGUNA RESPONSABILIDAD QUE NO PUEDA EXCLUIRSE O LIMITARSE EN VIRTUD DE LA LEGISLACI\u00d3N APLICABLE.<\/p>\n<p><strong>Indemnizaci\u00f3n<\/strong><\/p>\n<p>Usted se compromete a defender, indemnizar y mantener indemne a Southcoast, sus afiliados, licenciantes y proveedores de servicios, y sus respectivos funcionarios, directores, empleados, contratistas, agentes, licenciantes, proveedores, sucesores y cesionarios de y contra cualquier reclamo, responsabilidades, da\u00f1os, juicios, premios, p\u00e9rdidas, costos, gastos u honorarios (incluidos los honorarios razonables de abogados) que se deriven o est\u00e9n relacionados con el incumplimiento por su parte de las presentes Condiciones de uso o con el uso que haga del Sitio, incluido, a t\u00edtulo meramente enunciativo y no limitativo, cualquier uso de los contenidos, servicios y productos del Sitio distinto del expresamente autorizado en las presentes Condiciones de uso o el uso por su parte de cualquier informaci\u00f3n obtenida del Sitio.<\/p>\n<p><strong>Ley aplicable y jurisdicci\u00f3n<\/strong><\/p>\n<p>Estas Condiciones de uso se rigen por la legislaci\u00f3n del Estado de Massachusetts, sin tener en cuenta las disposiciones sobre conflicto de leyes.<\/p>\n<p><strong>Sus comentarios e inquietudes<\/strong><\/p>\n<p>Este sitio est\u00e1 gestionado por Southcoast Health System, Inc., con sede en 101 Page Street, New Bedford, MA 02740. Todas las opiniones, comentarios y otras comunicaciones relacionadas con el Sitio deben dirigirse a info@southcoast.org.<\/p>\n                    <\/div>\n\n                    \n                    <div class=\"ctaWrap ctaCenter\">\n                                                                                                        \n                                                                                                                            <\/div>\n\n\t\t\t\t<\/div>\n\t\t\t<\/div>\n            \n\n            \n\n            \t\t<\/div>\n\t<\/div>\n<\/div>","protected":false},"excerpt":{"rendered":"","protected":false},"author":7,"featured_media":0,"parent":0,"menu_order":0,"comment_status":"closed","ping_status":"closed","template":"","meta":{"_acf_changed":false,"footnotes":""},"class_list":["post-21320","page","type-page","status-publish","hentry"],"acf":[],"yoast_head":"<!-- This site is optimized with the Yoast SEO plugin v26.0 - https:\/\/yoast.com\/wordpress\/plugins\/seo\/ -->\n<title>Terms of Use - Southcoast Health<\/title>\n<meta name=\"robots\" content=\"index, follow, max-snippet:-1, max-image-preview:large, max-video-preview:-1\" \/>\n<link rel=\"canonical\" href=\"https:\/\/www.southcoast.org\/es\/terms-of-use\/\" \/>\n<meta property=\"og:locale\" content=\"es_MX\" \/>\n<meta property=\"og:type\" content=\"article\" \/>\n<meta property=\"og:title\" content=\"Terms of Use - Southcoast Health\" \/>\n<meta property=\"og:url\" content=\"https:\/\/www.southcoast.org\/es\/terms-of-use\/\" \/>\n<meta property=\"og:site_name\" content=\"Southcoast Health\" \/>\n<meta property=\"article:modified_time\" content=\"2025-07-22T17:03:09+00:00\" \/>\n<meta name=\"twitter:card\" content=\"summary_large_image\" \/>\n<script type=\"application\/ld+json\" class=\"yoast-schema-graph\">{\"@context\":\"https:\/\/schema.org\",\"@graph\":[{\"@type\":\"WebPage\",\"@id\":\"https:\/\/www.southcoast.org\/terms-of-use\/\",\"url\":\"https:\/\/www.southcoast.org\/terms-of-use\/\",\"name\":\"Terms of Use - Southcoast Health\",\"isPartOf\":{\"@id\":\"https:\/\/www.southcoast.org\/#website\"},\"datePublished\":\"2025-07-22T17:01:09+00:00\",\"dateModified\":\"2025-07-22T17:03:09+00:00\",\"breadcrumb\":{\"@id\":\"https:\/\/www.southcoast.org\/terms-of-use\/#breadcrumb\"},\"inLanguage\":\"es-MX\",\"potentialAction\":[{\"@type\":\"ReadAction\",\"target\":[\"https:\/\/www.southcoast.org\/terms-of-use\/\"]}]},{\"@type\":\"BreadcrumbList\",\"@id\":\"https:\/\/www.southcoast.org\/terms-of-use\/#breadcrumb\",\"itemListElement\":[{\"@type\":\"ListItem\",\"position\":1,\"name\":\"\",\"item\":\"https:\/\/www.southcoast.org\/\"},{\"@type\":\"ListItem\",\"position\":2,\"name\":\"Terms of Use\"}]},{\"@type\":\"WebSite\",\"@id\":\"https:\/\/www.southcoast.org\/#website\",\"url\":\"https:\/\/www.southcoast.org\/\",\"name\":\"Southcoast Health\",\"description\":\"More than medicine.\",\"potentialAction\":[{\"@type\":\"SearchAction\",\"target\":{\"@type\":\"EntryPoint\",\"urlTemplate\":\"https:\/\/www.southcoast.org\/?s={search_term_string}\"},\"query-input\":{\"@type\":\"PropertyValueSpecification\",\"valueRequired\":true,\"valueName\":\"search_term_string\"}}],\"inLanguage\":\"es-MX\"}]}<\/script>\n<!-- \/ Yoast SEO plugin. -->","yoast_head_json":{"title":"Terms of Use - Southcoast Health","robots":{"index":"index","follow":"follow","max-snippet":"max-snippet:-1","max-image-preview":"max-image-preview:large","max-video-preview":"max-video-preview:-1"},"canonical":"https:\/\/www.southcoast.org\/es\/terms-of-use\/","og_locale":"es_MX","og_type":"article","og_title":"Terms of Use - Southcoast Health","og_url":"https:\/\/www.southcoast.org\/es\/terms-of-use\/","og_site_name":"Southcoast Health","article_modified_time":"2025-07-22T17:03:09+00:00","twitter_card":"summary_large_image","schema":{"@context":"https:\/\/schema.org","@graph":[{"@type":"WebPage","@id":"https:\/\/www.southcoast.org\/terms-of-use\/","url":"https:\/\/www.southcoast.org\/terms-of-use\/","name":"Terms of Use - Southcoast Health","isPartOf":{"@id":"https:\/\/www.southcoast.org\/#website"},"datePublished":"2025-07-22T17:01:09+00:00","dateModified":"2025-07-22T17:03:09+00:00","breadcrumb":{"@id":"https:\/\/www.southcoast.org\/terms-of-use\/#breadcrumb"},"inLanguage":"es-MX","potentialAction":[{"@type":"ReadAction","target":["https:\/\/www.southcoast.org\/terms-of-use\/"]}]},{"@type":"BreadcrumbList","@id":"https:\/\/www.southcoast.org\/terms-of-use\/#breadcrumb","itemListElement":[{"@type":"ListItem","position":1,"name":"","item":"https:\/\/www.southcoast.org\/"},{"@type":"ListItem","position":2,"name":"Terms of Use"}]},{"@type":"WebSite","@id":"https:\/\/www.southcoast.org\/#website","url":"https:\/\/www.southcoast.org\/","name":"Southcoast Health","description":"M\u00e1s que medicina.","potentialAction":[{"@type":"SearchAction","target":{"@type":"EntryPoint","urlTemplate":"https:\/\/www.southcoast.org\/?s={search_term_string}"},"query-input":{"@type":"PropertyValueSpecification","valueRequired":true,"valueName":"search_term_string"}}],"inLanguage":"es-MX"}]}},"_links":{"self":[{"href":"https:\/\/www.southcoast.org\/es\/wp-json\/wp\/v2\/pages\/21320","targetHints":{"allow":["GET"]}}],"collection":[{"href":"https:\/\/www.southcoast.org\/es\/wp-json\/wp\/v2\/pages"}],"about":[{"href":"https:\/\/www.southcoast.org\/es\/wp-json\/wp\/v2\/types\/page"}],"author":[{"embeddable":true,"href":"https:\/\/www.southcoast.org\/es\/wp-json\/wp\/v2\/users\/7"}],"replies":[{"embeddable":true,"href":"https:\/\/www.southcoast.org\/es\/wp-json\/wp\/v2\/comments?post=21320"}],"version-history":[{"count":3,"href":"https:\/\/www.southcoast.org\/es\/wp-json\/wp\/v2\/pages\/21320\/revisions"}],"predecessor-version":[{"id":21324,"href":"https:\/\/www.southcoast.org\/es\/wp-json\/wp\/v2\/pages\/21320\/revisions\/21324"}],"wp:attachment":[{"href":"https:\/\/www.southcoast.org\/es\/wp-json\/wp\/v2\/media?parent=21320"}],"curies":[{"name":"wp","href":"https:\/\/api.w.org\/{rel}","templated":true}]}}