{"id":21279,"date":"2025-07-22T14:31:02","date_gmt":"2025-07-22T14:31:02","guid":{"rendered":"https:\/\/test-southcoast-health-multi.southcoast-health.org\/?page_id=21279"},"modified":"2025-07-22T17:33:37","modified_gmt":"2025-07-22T17:33:37","slug":"website-privacy-policy","status":"publish","type":"page","link":"https:\/\/www.southcoast.org\/es\/website-privacy-policy\/","title":{"rendered":"Pol\u00edtica de privacidad del sitio web"},"content":{"rendered":"<div  class=\"blockSettings  paddingTopSM paddingBottomMD heroBasicFluid darkTheme\" style=\"background: linear-gradient(110deg, #0A4A3D 2.57%, rgba(5, 116, 99, 0.99) 59.47%, #009984 99.08%);\"><div class=\"container\">\n            <div class=\"grid\">\n            <div class=\"col-sm-12 col-bleed-y\">\n                <div class=\"Center\">\n                    <div class=\"breadcrumbsWrapper desktop-breadcrumbs\"><nav id=\"breadcrumbs\" aria-label=\"Migas de pan\"><ol><li><a href=\"https:\/\/www.southcoast.org\/es\/\"><i class=\"fa-light fa-house\"><\/i><span class=\"visually-hidden\">Inicio<\/span><\/a><\/li><\/ol><\/nav><\/div><div class=\"breadcrumbsWrapper mobile-breadcrumbs\"><p id=\"mobile-breadcrumbs\" class=\"mobile-back-nav\"><span><span><a href=\"#\" onclick=\"return handleBackNavigation();\"><i class=\"fa-solid fa-chevron-left back-arrow\"><\/i> Volver<\/a><\/span><\/span><\/p>\t\t<script>\n\t\t\tfunction handleBackNavigation() {\n\t\t\t\tif (window.history.length > 1) {\n\t\t\t\t\twindow.history.back();\n\t\t\t\t} else {\n\t\t\t\t\twindow.location.href = 'https:\/\/www.southcoast.org\/es';\n\t\t\t\t}\n\t\t\t\treturn false;\n\t\t\t}\n\t\t<\/script>\n<\/div>                <\/div>\n            <\/div>\n        <\/div>\n        <div class=\"grid align-center\">\n        <div class=\"col-sm-10\">\n            <div class=\"Center\">\n\n                    <div class=\"mainCopyWrap\">\n            <h1>Pol\u00edtica de privacidad del sitio web<\/h1>\n        <\/div>\n    \n                \n            <\/div>\n        <\/div>\n    <\/div>\n<\/div>\n    <div class=\"cornerArtWrapper cornerArt-small\">\n        <img decoding=\"async\" class=\"cornerArt\" src=\"https:\/\/www.southcoast.org\/wp-content\/themes\/southcoast_multisite\/images\/corner-art.svg\" alt=\"\">\n    <\/div>\n<\/div>\n\n\n\n\n<div  class=\"blockSettings  paddingTopMD paddingBottomMD copyFullFluid fullwidth light\" style=\"\">\t<div class=\"container\">\n\t\t<div class=\"grid\">\n            \t\t\t<div class=\"copyFullWrap\">\n\t\t\t\t<div class=\"col-sm-12\">\n                    <div class=\"maincopy\">\n                        <p>Southcoast Health System, Inc. y sus filiales (colectivamente, \"Southcoast Health\", \"nosotros\", \"nos\" o \"nuestro\") se comprometen a proteger y preservar su privacidad.  Esta Pol\u00edtica de privacidad del sitio web (\"Pol\u00edtica de privacidad\" o \"Pol\u00edtica\") describe la forma en que procesamos, utilizamos y divulgamos la informaci\u00f3n que usted nos proporciona o que recopilamos cuando utiliza nuestro sitio. Al utilizar el sitio web Southcoast.org (\"Sitio\"), usted acepta las pr\u00e1cticas descritas en la presente Pol\u00edtica de Privacidad.<\/p>\n<p><strong><u>Importante<\/u><\/strong>: La Informaci\u00f3n Sanitaria Protegida, tal y como se define este t\u00e9rmino en la Ley de Portabilidad y Responsabilidad del Seguro Sanitario de 1996 y sus reglamentos de aplicaci\u00f3n (\"HIPAA\"), incluida la informaci\u00f3n que usted nos proporciona en uno de nuestros centros mientras recibe tratamiento como paciente de dicho centro o dentro de nuestro portal del paciente, no est\u00e1 cubierta por esta Pol\u00edtica de Privacidad y est\u00e1 sujeta a nuestra\u00a0<a href=\"\/es\/privacy-practices\/\">Aviso de pr\u00e1cticas de privacidad.<\/a><\/p>\n<p><strong>Su consentimiento<\/strong><\/p>\n<p>Al utilizar este sitio, usted acepta el uso de la informaci\u00f3n que nos proporciona de acuerdo con esta Pol\u00edtica de privacidad.<\/p>\n<p>Actualizamos esta Pol\u00edtica de Privacidad de vez en cuando, por lo que le recomendamos que la revise con regularidad. Si modificamos sustancialmente nuestra Pol\u00edtica de Privacidad, le notificaremos dichos cambios mediante la publicaci\u00f3n de un aviso en nuestro Sitio. Su uso continuado del Sitio se considerar\u00e1 como su aceptaci\u00f3n de que su informaci\u00f3n pueda ser utilizada de acuerdo con la nueva pol\u00edtica.  Si no est\u00e1 de acuerdo con los cambios, debe dejar de utilizar el Sitio.<\/p>\n<p>Le rogamos que lea atentamente esta Pol\u00edtica para comprender plenamente c\u00f3mo recopilamos, revelamos y protegemos la informaci\u00f3n sobre usted.  Esta Pol\u00edtica se incorpora y forma parte de las Condiciones de uso de este Sitio.\u00a0\u00a0<a href=\"\/es\/terms-of-use\/\">Para acceder a las condiciones de uso, haga clic aqu\u00ed<\/a>.<\/p>\n<p>Al acceder y utilizar el Sitio, usted acepta que ha le\u00eddo y comprendido la presente Pol\u00edtica de Privacidad y que acepta y consiente las pr\u00e1cticas de privacidad y los usos y divulgaciones de su informaci\u00f3n aqu\u00ed descritos.<\/p>\n<p><strong>Informaci\u00f3n que recopilamos<\/strong><\/p>\n<p>En el funcionamiento de nuestro Sitio, podemos recopilar y procesar los siguientes datos sobre usted:<\/p>\n<ol>\n<li>Detalles de sus visitas a nuestro Sitio y de los recursos a los que accede, incluidos, entre otros, datos de tr\u00e1fico, datos de localizaci\u00f3n generalizados (s\u00f3lo por ciudad o regi\u00f3n), weblogs y otros datos de comunicaci\u00f3n, la fecha y hora en que su dispositivo accedi\u00f3 al Sitio o lo abandon\u00f3, y las p\u00e1ginas que visit\u00f3.  Algunas partes de nuestro Sitio utilizan cookies y otras tecnolog\u00edas para recopilar esta informaci\u00f3n sobre su uso general de Internet.  Consulte la secci\u00f3n \"Cookies, seguimiento y publicidad en Internet\" para obtener m\u00e1s informaci\u00f3n.<\/li>\n<li>Cuando responda a cualquiera de nuestras comunicaciones con una solicitud a trav\u00e9s de nuestro Sitio, es posible que necesitemos recopilar informaci\u00f3n adicional. Por ejemplo, es posible que se le solicite informaci\u00f3n personal identificable, como el nombre, la direcci\u00f3n de correo electr\u00f3nico u otros datos demogr\u00e1ficos. Recogemos y conservamos la informaci\u00f3n que nos env\u00eda a trav\u00e9s de nuestro Sitio.<\/li>\n<li>Si env\u00eda a Southcoast Health a trav\u00e9s del Sitio cualquier informaci\u00f3n de identificaci\u00f3n personal relacionada con usted o con otras personas, usted declara que tiene autoridad para enviar dicha informaci\u00f3n de identificaci\u00f3n personal a Southcoast Health y para conceder a Southcoast Health el derecho a transmitir, controlar, recuperar, almacenar y utilizar su informaci\u00f3n de acuerdo con esta Pol\u00edtica de Privacidad en relaci\u00f3n con el funcionamiento del Sitio o el servicio solicitado por usted a trav\u00e9s del Sitio y\/o los servicios que proporcionamos.<\/li>\n<li>Los pacientes de Southcoast Health pueden optar por crear una cuenta en el portal de pacientes MyChart de la siguiente manera\u00a0<a href=\"https:\/\/mychart.southcoast.org\/mychart\/Authentication\/Login\">visitando la p\u00e1gina de acceso a MyChart aqu\u00ed.<\/a>\u00a0MyChart es un portal seguro disponible para que los pacientes recuperen resultados de pruebas, gestionen citas, env\u00eden mensajes o interact\u00faen con el equipo de atenci\u00f3n del paciente mediante servicios de telesalud, renueven o revisen recetas y paguen facturas.  El uso de MyChart est\u00e1 sujeto a t\u00e9rminos y condiciones independientes disponibles en la p\u00e1gina de inicio de sesi\u00f3n de MyChart.<\/li>\n<li>La informaci\u00f3n que nos facilite cuando se comunique con nosotros a trav\u00e9s del Sitio por cualquier motivo.<\/li>\n<li>Informaci\u00f3n sobre usted necesaria para facilitar su conexi\u00f3n y uso del Sitio, como su direcci\u00f3n IP.<\/li>\n<\/ol>\n<p><strong>Cookies, rastreo y publicidad en Internet<\/strong><\/p>\n<p>Una \"cookie\" es un fragmento de texto que solicita permiso para almacenarse en el disco duro de su dispositivo. Las cookies nos ayudan a mejorar nuestro Sitio y a ofrecerle las caracter\u00edsticas y funciones del mismo.  Presentan el contenido de nuestro sitio de la manera m\u00e1s eficaz para usted y su dispositivo.<\/p>\n<p>Nuestro Sitio trabaja con productos o servicios de terceros (\"Proveedores de Servicios\") para ofrecerle y presentarle nuestro Sitio de la mejor manera. Por ejemplo, estos Proveedores de Servicios nos permiten analizar la actividad de los usuarios de nuestro Sitio, medir la eficacia de nuestros esfuerzos publicitarios y apoyar la optimizaci\u00f3n de nuestras campa\u00f1as de marketing digital. Utilizamos servicios y herramientas de an\u00e1lisis web y gesti\u00f3n de etiquetas proporcionados por determinados Proveedores de Servicios para recopilar determinada informaci\u00f3n relacionada con su uso de este Sitio. Utilizamos estos servicios y herramientas para calcular m\u00e9tricas como la tasa de rebote, las tendencias de p\u00e1ginas vistas y el n\u00famero de sesiones de dispositivos que, en conjunto, ayudan a Southcoast Health a comprender c\u00f3mo se utiliza el contenido de nuestro Sitio. Southcoast Health no intenta identificarle a trav\u00e9s de su uso del Sitio, a menos que usted nos env\u00ede voluntariamente informaci\u00f3n que le identifique.<\/p>\n<p>Southcoast Health utiliza \"cookies\" limitadas pertenecientes a sus proveedores de servicios. La informaci\u00f3n recopilada a trav\u00e9s de estas cookies y otras tecnolog\u00edas se almacena y puede recuperarse bien durante la visita al Sitio (lo que se conoce como \"cookies de sesi\u00f3n\"), bien hasta un momento posterior establecido por nuestro Sitio que establece la cookie (lo que se conoce como \"cookies persistentes\").<\/p>\n<p>Algunos ejemplos de la informaci\u00f3n que recopilamos mediante el uso de estas tecnolog\u00edas de cookies pueden incluir el n\u00famero de visitantes y visitas a nuestro Sitio y lo que se hace mientras se est\u00e1 en nuestro Sitio. Utilizamos esta informaci\u00f3n de forma agregada para comprender c\u00f3mo utilizan nuestros visitantes los diferentes recursos y para ayudarnos a mejorar nuestro Sitio y los servicios que ofrecemos. Nosotros y nuestros proveedores de servicios utilizamos esta informaci\u00f3n en conjunto para comprender c\u00f3mo nuestros visitantes utilizan los diferentes recursos en l\u00ednea y para ayudarnos a mejorar nuestro sitio y su rendimiento. Podemos proporcionar a terceros estad\u00edsticas globales sobre nuestros visitantes, patrones de tr\u00e1fico e informaci\u00f3n relacionada con el sitio. Estos datos reflejan los patrones de uso del sitio recopilados durante las visitas a nuestro sitio cada mes; pero, excepto en las circunstancias limitadas descritas en este documento, los datos compartidos no contienen informaci\u00f3n que le identifique personalmente a menos que nos haya dado permiso para compartir esa informaci\u00f3n.<\/p>\n<p>Puede acceder a la informaci\u00f3n de nuestro Sitio sin activar las cookies en su navegador o si hace clic en \"Rechazar todo\" en la ventana emergente de consentimiento de cookies de nuestro Sitio; sin embargo, desactivar las cookies puede dar lugar a una menor capacidad para aprovechar los servicios y el contenido informativo relacionado de nuestro Sitio. Puede modificar las preferencias de su navegador para bloquear o restringir las cookies si no desea que se realice un seguimiento de su actividad de navegaci\u00f3n por la web, as\u00ed como rechazar las cookies a trav\u00e9s de nuestra herramienta de notificaci\u00f3n de consentimiento de cookies que ver\u00e1 al visitar nuestro sitio.  Tenga en cuenta que si borra las cookies o actualiza su navegador despu\u00e9s de haber optado por no recibir cookies en el Sitio, tendr\u00e1 que volver a hacerlo. Adem\u00e1s, si utiliza varios navegadores o dispositivos, deber\u00e1 excluirse en cada uno de ellos.<\/p>\n<p><strong>Uso de su informaci\u00f3n<\/strong><\/p>\n<p>La informaci\u00f3n que recopilamos y almacenamos sobre usted se utiliza principalmente para poder ofrecerle nuestro Sitio y nuestros servicios de la mejor manera posible, y nos ayuda a controlar el rendimiento de nuestro Sitio.  Adem\u00e1s, podemos utilizar la informaci\u00f3n para los siguientes fines:<\/p>\n<ol>\n<li>Para facilitarle informaci\u00f3n relativa a nuestros servicios;<\/li>\n<li>Para cumplir o satisfacer el motivo por el que facilit\u00f3 la informaci\u00f3n;<\/li>\n<li>Proporcionar a terceros informaci\u00f3n estad\u00edstica sobre los usuarios de nuestro Sitio;<\/li>\n<li>Supervisar y analizar el tr\u00e1fico y las pautas de uso de nuestro sitio web;<\/li>\n<li>Para responder a solicitudes de cumplimiento de la ley y seg\u00fan lo exija la legislaci\u00f3n aplicable, una orden judicial o la normativa gubernamental;<\/li>\n<li>Analizar tendencias; y<\/li>\n<li>Para evaluar o llevar a cabo una fusi\u00f3n, desinversi\u00f3n, reestructuraci\u00f3n, reorganizaci\u00f3n, disoluci\u00f3n u otro tipo de venta o transferencia de algunos o todos nuestros activos, ya sea como empresa en funcionamiento o como parte de un procedimiento de quiebra, liquidaci\u00f3n o similar, en el que la informaci\u00f3n que poseemos sobre los usuarios de nuestro Sitio se encuentre entre los activos transferidos.<\/li>\n<\/ol>\n<p>No utilizaremos la informaci\u00f3n de identificaci\u00f3n personal para fines distintos de los descritos en la presente Pol\u00edtica de Privacidad o de los permitidos por la legislaci\u00f3n aplicable. No utilizaremos la informaci\u00f3n de identificaci\u00f3n personal que recopilemos de usted para fines que sean materialmente diferentes, no relacionados o incompatibles con esta Pol\u00edtica de Privacidad sin notific\u00e1rselo y\/o actualizar esta Pol\u00edtica de Privacidad.<\/p>\n<p><strong>Seguridad<\/strong><\/p>\n<p>Southcoast Health est\u00e1 altamente comprometido con la protecci\u00f3n de la privacidad de la informaci\u00f3n de identificaci\u00f3n personal que usted nos proporciona a trav\u00e9s de este Sitio. Southcoast realiza esfuerzos razonables para evitar el acceso no autorizado a dicha informaci\u00f3n de identificaci\u00f3n personal, y utiliza una infraestructura de seguridad dise\u00f1ada para proteger la integridad y privacidad de la informaci\u00f3n de identificaci\u00f3n personal que se nos env\u00eda a trav\u00e9s de este Sitio. Como medida de seguridad adicional, la informaci\u00f3n de identificaci\u00f3n personal recopilada a trav\u00e9s del Sitio tambi\u00e9n se codifica durante la transmisi\u00f3n.<\/p>\n<p>No obstante, la transmisi\u00f3n de informaci\u00f3n a trav\u00e9s de Internet no es completamente segura y, por lo tanto, no podemos garantizar ni garantizamos la seguridad de los datos que se nos env\u00edan electr\u00f3nicamente a trav\u00e9s de nuestro Sitio, por lo que la transmisi\u00f3n de dichos datos se realiza bajo su propia responsabilidad.  Aunque nos comprometemos a proteger su informaci\u00f3n personal identificable, Southcoast Health no puede garantizar la seguridad de ninguna informaci\u00f3n que nos transmita a trav\u00e9s de una aplicaci\u00f3n de terceros que pueda utilizar para interactuar con nuestro Sitio, y lo hace bajo su propia responsabilidad. Si lo desea, puede ponerse en contacto con nosotros a trav\u00e9s de los n\u00fameros de tel\u00e9fono que aparecen en nuestro Sitio para facilitarnos su informaci\u00f3n personal.<\/p>\n<p>Le rogamos que no nos facilite informaci\u00f3n personal identificable por correo electr\u00f3nico. Tenga en cuenta que las comunicaciones por correo electr\u00f3nico que nos env\u00ede a trav\u00e9s de los enlaces de correo electr\u00f3nico de nuestro Sitio no se cifran autom\u00e1ticamente, y es posible que otro usuario de Internet acceda o vea las comunicaciones por correo electr\u00f3nico no cifradas que nos env\u00ede mientras est\u00e1n en tr\u00e1nsito hacia nosotros.   Si tiene que comunicarnos informaci\u00f3n personal identificable, utilice el formulario en l\u00ednea seguro correspondiente o utilice el portal seguro Southcoast Health MyChart cuando sea apropiado para asuntos de atenci\u00f3n sanitaria para implicar a su equipo de atenci\u00f3n.<\/p>\n<p><strong>Southcoast Health nunca solicitar\u00e1 su contrase\u00f1a de MyChart, ID de usuario, informaci\u00f3n de tarjeta de cr\u00e9dito u otra informaci\u00f3n personal similar a trav\u00e9s de correo electr\u00f3nico.<\/strong><\/p>\n<p><strong>Divulgaci\u00f3n de sus datos<\/strong><\/p>\n<p>Cuando proceda, podremos revelar sus datos de identificaci\u00f3n personal a nuestras filiales o a terceros a los que contratemos para que le presten servicios, administren nuestro Sitio, le informen de los servicios que ofrecemos o realicen otros servicios en nuestro nombre.  Tambi\u00e9n podemos revelar su informaci\u00f3n de identificaci\u00f3n personal a terceros, como:<\/p>\n<ol class=\"wp-block-list\">\n<li>Cuando vendamos o compartamos una parte o la totalidad de nuestro negocio y\/o nuestros activos a un tercero, ya sea a trav\u00e9s de un procedimiento de quiebra u otro tipo de venta o fusi\u00f3n; y<\/li>\n<li>Cuando estemos legalmente obligados a revelar su informaci\u00f3n, incluyendo, pero no limitado a, en virtud de una citaci\u00f3n v\u00e1lida, orden, orden de registro u otra solicitud de aplicaci\u00f3n de la ley.<\/li>\n<\/ol>\n<p><strong>Sitios web de terceros y servicios de medios digitales<\/strong><\/p>\n<p>Esta Pol\u00edtica de Privacidad se aplica \u00fanicamente a este Sitio. Este Sitio puede contener enlaces a otros sitios web, incluidos sitios web que no son propiedad ni est\u00e1n gestionados por Southcoast Health. Tenga en cuenta que esta Pol\u00edtica de privacidad no se aplica a los sitios web o servicios de medios digitales, como la televisi\u00f3n por cable y \/ o servicios de streaming, que no son propiedad o no son operados por Southcoast Health. Le recomendamos que lea la pol\u00edtica de privacidad de cualquier otro sitio web o servicio de medios digitales que pueda visitar o utilizar antes de proporcionarles informaci\u00f3n personal o de otro tipo para comprender sus pol\u00edticas de recopilaci\u00f3n de datos y privacidad.<\/p>\n<p>Al acceder a otros sitios web a trav\u00e9s de nuestro Sitio, usted acepta las condiciones y pol\u00edticas de privacidad de dichos sitios web. No aceptamos responsabilidad alguna por las pol\u00edticas de privacidad de los sitios web de terceros, ya que no tenemos control alguno sobre ellos.<\/p>\n<p><strong>Inteligencia artificial<\/strong><\/p>\n<p>Southcoast Health se toma muy en serio su privacidad y, siempre que sea posible, se esforzar\u00e1 por avisarle cuando interact\u00fae con partes del Sitio que puedan utilizar inteligencia artificial (\"IA\"). En la medida de lo posible, Southcoast Health se esforzar\u00e1 por ofrecerle la opci\u00f3n de rechazar el uso de herramientas de IA y de obtener servicio al cliente de Southcoast Health a trav\u00e9s de un medio que no requiera su interacci\u00f3n con la IA. Las herramientas de IA de nuestro Sitio, como el chatbot \"SAM\" de Southcoast Health ubicado en nuestra p\u00e1gina de inicio, est\u00e1n dise\u00f1adas para proporcionar informaci\u00f3n general automatizada y asistencia sobre diversos temas relacionados con los servicios prestados por Southcoast Health. LA INFORMACI\u00d3N PROPORCIONADA POR LAS HERRAMIENTAS DE I.A. UTILIZADAS EN EL SITIO TIENE \u00daNICAMENTE FINES INFORMATIVOS Y EL USO DE LAS HERRAMIENTAS DE I.A. NO ES, NI PRETENDE SER, UN SUSTITUTO DEL ASESORAMIENTO, DIAGN\u00d3STICO O TRATAMIENTO M\u00c9DICO PROFESIONAL. ADEM\u00c1S, EL USO DE CUALQUIER HERRAMIENTA DE LA AI NO CREA UNA RELACI\u00d3N PROVEEDOR-PACIENTE ENTRE SOUTHCOAST HEALTH O UN PROFESIONAL DE SOUTHCOAST HEALTH Y USTED. Aunque Southcoast Health acepta el uso de la IA para proporcionar informaci\u00f3n general a los visitantes de nuestro Sitio, es posible que la IA no siempre le proporcione informaci\u00f3n precisa. SOUTHCOAST HEALTH NO PUEDE GARANTIZAR NI GARANTIZA LA EXACTITUD, INTEGRIDAD O ACTUALIDAD DE LA INFORMACI\u00d3N QUE SE LE PROPORCIONE MEDIANTE EL USO DE LA AI EN NUESTRO SITIO.<\/p>\n<p><strong>Contacto<\/strong><\/p>\n<p>Southcoast Health agradece todos los cumplidos e inquietudes relacionados con el servicio que ha recibido como paciente o como visitante de nuestro Sitio.  No dude en ponerse en contacto con nosotros en:<\/p>\n<p>Southcoast Health System, Inc.<br \/>\nCalle Page 101<br \/>\nNew Bedford, MA 02740<br \/>\n877-264-7244<\/p>\n<p><a href=\"https:\/\/southcoast.wufoo.com\/forms\/m1ts8rbr0ojwdqx\">O rellene el formulario de comentarios en l\u00ednea haciendo clic aqu\u00ed.<\/a><\/p>\n<p>Fecha de entrada en vigor: 6 de mayo de 2024<\/p>\n                    <\/div>\n\n                    \n                    <div class=\"ctaWrap ctaCenter\">\n                                                                                                        \n                                                                                                                            <\/div>\n\n\t\t\t\t<\/div>\n\t\t\t<\/div>\n            \n\n            \n\n            \t\t<\/div>\n\t<\/div>\n<\/div>","protected":false},"excerpt":{"rendered":"","protected":false},"author":7,"featured_media":0,"parent":0,"menu_order":0,"comment_status":"closed","ping_status":"closed","template":"","meta":{"_acf_changed":false,"footnotes":""},"class_list":["post-21279","page","type-page","status-publish","hentry"],"acf":[],"yoast_head":"<!-- This site is optimized with the Yoast SEO plugin v26.0 - https:\/\/yoast.com\/wordpress\/plugins\/seo\/ -->\n<title>Website Privacy Policy - Southcoast Health<\/title>\n<meta name=\"robots\" content=\"index, follow, max-snippet:-1, max-image-preview:large, max-video-preview:-1\" \/>\n<link rel=\"canonical\" href=\"https:\/\/www.southcoast.org\/es\/website-privacy-policy\/\" \/>\n<meta property=\"og:locale\" content=\"es_MX\" \/>\n<meta property=\"og:type\" content=\"article\" \/>\n<meta property=\"og:title\" content=\"Website Privacy Policy - Southcoast Health\" \/>\n<meta property=\"og:url\" content=\"https:\/\/www.southcoast.org\/es\/website-privacy-policy\/\" \/>\n<meta property=\"og:site_name\" content=\"Southcoast Health\" \/>\n<meta property=\"article:modified_time\" content=\"2025-07-22T17:33:37+00:00\" \/>\n<meta name=\"twitter:card\" content=\"summary_large_image\" \/>\n<script type=\"application\/ld+json\" class=\"yoast-schema-graph\">{\"@context\":\"https:\/\/schema.org\",\"@graph\":[{\"@type\":\"WebPage\",\"@id\":\"https:\/\/www.southcoast.org\/website-privacy-policy\/\",\"url\":\"https:\/\/www.southcoast.org\/website-privacy-policy\/\",\"name\":\"Website Privacy Policy - Southcoast Health\",\"isPartOf\":{\"@id\":\"https:\/\/www.southcoast.org\/#website\"},\"datePublished\":\"2025-07-22T14:31:02+00:00\",\"dateModified\":\"2025-07-22T17:33:37+00:00\",\"breadcrumb\":{\"@id\":\"https:\/\/www.southcoast.org\/website-privacy-policy\/#breadcrumb\"},\"inLanguage\":\"es-MX\",\"potentialAction\":[{\"@type\":\"ReadAction\",\"target\":[\"https:\/\/www.southcoast.org\/website-privacy-policy\/\"]}]},{\"@type\":\"BreadcrumbList\",\"@id\":\"https:\/\/www.southcoast.org\/website-privacy-policy\/#breadcrumb\",\"itemListElement\":[{\"@type\":\"ListItem\",\"position\":1,\"name\":\"\",\"item\":\"https:\/\/www.southcoast.org\/\"},{\"@type\":\"ListItem\",\"position\":2,\"name\":\"Website Privacy Policy\"}]},{\"@type\":\"WebSite\",\"@id\":\"https:\/\/www.southcoast.org\/#website\",\"url\":\"https:\/\/www.southcoast.org\/\",\"name\":\"Southcoast Health\",\"description\":\"More than medicine.\",\"potentialAction\":[{\"@type\":\"SearchAction\",\"target\":{\"@type\":\"EntryPoint\",\"urlTemplate\":\"https:\/\/www.southcoast.org\/?s={search_term_string}\"},\"query-input\":{\"@type\":\"PropertyValueSpecification\",\"valueRequired\":true,\"valueName\":\"search_term_string\"}}],\"inLanguage\":\"es-MX\"}]}<\/script>\n<!-- \/ Yoast SEO plugin. -->","yoast_head_json":{"title":"Website Privacy Policy - Southcoast Health","robots":{"index":"index","follow":"follow","max-snippet":"max-snippet:-1","max-image-preview":"max-image-preview:large","max-video-preview":"max-video-preview:-1"},"canonical":"https:\/\/www.southcoast.org\/es\/website-privacy-policy\/","og_locale":"es_MX","og_type":"article","og_title":"Website Privacy Policy - Southcoast Health","og_url":"https:\/\/www.southcoast.org\/es\/website-privacy-policy\/","og_site_name":"Southcoast Health","article_modified_time":"2025-07-22T17:33:37+00:00","twitter_card":"summary_large_image","schema":{"@context":"https:\/\/schema.org","@graph":[{"@type":"WebPage","@id":"https:\/\/www.southcoast.org\/website-privacy-policy\/","url":"https:\/\/www.southcoast.org\/website-privacy-policy\/","name":"Website Privacy Policy - Southcoast Health","isPartOf":{"@id":"https:\/\/www.southcoast.org\/#website"},"datePublished":"2025-07-22T14:31:02+00:00","dateModified":"2025-07-22T17:33:37+00:00","breadcrumb":{"@id":"https:\/\/www.southcoast.org\/website-privacy-policy\/#breadcrumb"},"inLanguage":"es-MX","potentialAction":[{"@type":"ReadAction","target":["https:\/\/www.southcoast.org\/website-privacy-policy\/"]}]},{"@type":"BreadcrumbList","@id":"https:\/\/www.southcoast.org\/website-privacy-policy\/#breadcrumb","itemListElement":[{"@type":"ListItem","position":1,"name":"","item":"https:\/\/www.southcoast.org\/"},{"@type":"ListItem","position":2,"name":"Website Privacy Policy"}]},{"@type":"WebSite","@id":"https:\/\/www.southcoast.org\/#website","url":"https:\/\/www.southcoast.org\/","name":"Southcoast Health","description":"M\u00e1s que medicina.","potentialAction":[{"@type":"SearchAction","target":{"@type":"EntryPoint","urlTemplate":"https:\/\/www.southcoast.org\/?s={search_term_string}"},"query-input":{"@type":"PropertyValueSpecification","valueRequired":true,"valueName":"search_term_string"}}],"inLanguage":"es-MX"}]}},"_links":{"self":[{"href":"https:\/\/www.southcoast.org\/es\/wp-json\/wp\/v2\/pages\/21279","targetHints":{"allow":["GET"]}}],"collection":[{"href":"https:\/\/www.southcoast.org\/es\/wp-json\/wp\/v2\/pages"}],"about":[{"href":"https:\/\/www.southcoast.org\/es\/wp-json\/wp\/v2\/types\/page"}],"author":[{"embeddable":true,"href":"https:\/\/www.southcoast.org\/es\/wp-json\/wp\/v2\/users\/7"}],"replies":[{"embeddable":true,"href":"https:\/\/www.southcoast.org\/es\/wp-json\/wp\/v2\/comments?post=21279"}],"version-history":[{"count":11,"href":"https:\/\/www.southcoast.org\/es\/wp-json\/wp\/v2\/pages\/21279\/revisions"}],"predecessor-version":[{"id":276700,"href":"https:\/\/www.southcoast.org\/es\/wp-json\/wp\/v2\/pages\/21279\/revisions\/276700"}],"wp:attachment":[{"href":"https:\/\/www.southcoast.org\/es\/wp-json\/wp\/v2\/media?parent=21279"}],"curies":[{"name":"wp","href":"https:\/\/api.w.org\/{rel}","templated":true}]}}