{"id":17201,"date":"2025-07-02T00:47:29","date_gmt":"2025-07-02T00:47:29","guid":{"rendered":"https:\/\/test-southcoast-health-multi.southcoast-health.org\/?page_id=17201"},"modified":"2025-07-02T00:52:17","modified_gmt":"2025-07-02T00:52:17","slug":"dartmouth","status":"publish","type":"page","link":"https:\/\/www.southcoast.org\/es\/urgent-care\/dartmouth\/","title":{"rendered":"Urgent Care Dartmouth"},"content":{"rendered":"<div  class=\"blockSettings  paddingTopMD paddingBottomMD cardsQuickFluid darkTheme\" style=\"background: linear-gradient(110deg, #0A4A3D 2.57%, rgba(5, 116, 99, 0.99) 59.47%, #009984 99.08%);\"><div class=\"container\">\n        <div class=\"grid\">\n        <div class=\"col-sm-12 maincopy\">\n                <div class=\"introWithCta leftAlign\">\n            <div class=\"mainCopyWrap\">\n            <h2>Especialidades y servicios<\/h2>\n        <\/div>\n        <\/div>\n            <\/div>\n\n\n\n    <\/div>\n                <div class=\"blockSeparator\"><\/div>\n        <div class=\"grid\" role=\"list\">\n                                        <div class=\"col-sm-6 col-lg-4\" role=\"listitem\">\n                        <a href=\"https:\/\/www.southcoast.org\/es\/services\/urgent-care\/animal-bites\/\" target=\"_blank\" class=\"quick-link\" style=\"\">\n                                                            <i class=\"fa-classic fa-solid fa-dog\"><\/i>\n                                                        <span lang=\"en\">Mordeduras de animales<\/span>\n                            <i class=\"fa-solid fa-arrow-up-right\"><\/i>\n                        <\/a>\n                    <\/div>\n                                \n                                                <div class=\"col-sm-6 col-lg-4\" role=\"listitem\">\n                        <a href=\"https:\/\/library.southcoast.org\/Search\/85,P00004\" target=\"_blank\" class=\"quick-link\" style=\"\">\n                                                            <i class=\"fa-classic fa-solid fa-lungs\"><\/i>\n                                                        <span lang=\"en\">Asma y bronquitis<\/span>\n                            <i class=\"fa-solid fa-arrow-up-right\"><\/i>\n                        <\/a>\n                    <\/div>\n                                \n                                                <div class=\"col-sm-6 col-lg-4\" role=\"listitem\">\n                        <a href=\"https:\/\/library.southcoast.org\/Search\/90,P02795\" target=\"_blank\" class=\"quick-link\" style=\"\">\n                                                            <i class=\"fa-classic fa-solid fa-bone\"><\/i>\n                                                        <span lang=\"en\">Contusiones, fracturas y esguinces<\/span>\n                            <i class=\"fa-solid fa-arrow-up-right\"><\/i>\n                        <\/a>\n                    <\/div>\n                                \n                                                <div class=\"col-sm-6 col-lg-4\" role=\"listitem\">\n                        <a href=\"https:\/\/www.southcoast.org\/es\/services\/urgent-care\/burns\/\" target=\"_blank\" class=\"quick-link\" style=\"\">\n                                                            <i class=\"fa-classic fa-solid fa-fire-burner\"><\/i>\n                                                        <span lang=\"en\">Quemaduras<\/span>\n                            <i class=\"fa-solid fa-arrow-up-right\"><\/i>\n                        <\/a>\n                    <\/div>\n                                \n                                                <div class=\"col-sm-6 col-lg-4\" role=\"listitem\">\n                        <a href=\"https:\/\/www.southcoast.org\/es\/services\/urgent-care\/cold-vs-infection-vs-flu\/\" target=\"_blank\" class=\"quick-link\" style=\"\">\n                                                            <i class=\"fa-classic fa-solid fa-head-side-cough\"><\/i>\n                                                        <span lang=\"en\">Resfriados, infecciones y s\u00edntomas de la gripe<\/span>\n                            <i class=\"fa-solid fa-arrow-up-right\"><\/i>\n                        <\/a>\n                    <\/div>\n                                \n                                                <div class=\"col-sm-6 col-lg-4\" role=\"listitem\">\n                        <a href=\"https:\/\/www.southcoast.org\/es\/services\/urgent-care\/contusions\/\" target=\"_blank\" class=\"quick-link\" style=\"\">\n                                                            <i class=\"fa-classic fa-solid fa-person-falling-burst\"><\/i>\n                                                        <span lang=\"en\">Contusiones<\/span>\n                            <i class=\"fa-solid fa-arrow-up-right\"><\/i>\n                        <\/a>\n                    <\/div>\n                                \n                                                <div class=\"col-sm-6 col-lg-4\" role=\"listitem\">\n                        <a href=\"https:\/\/www.southcoast.org\/es\/services\/urgent-care\/cuts\/\" target=\"_blank\" class=\"quick-link\" style=\"\">\n                                                            <i class=\"fa-classic fa-solid fa-bandage\"><\/i>\n                                                        <span lang=\"en\">Laceraciones<\/span>\n                            <i class=\"fa-solid fa-arrow-up-right\"><\/i>\n                        <\/a>\n                    <\/div>\n                                \n                                            \n                                    <div class=\"col-sm-6 col-lg-4\" role=\"listitem\">\n                        <span class=\"quick-link\" style=\"\">\n                                                            <i class=\"fa-classic fa-regular fa-eye\"><\/i>\n                                                        <span lang=\"en\">Lesiones oculares leves<\/span>\n                        <\/span>\n                    <\/div>\n                                            \n                                    <div class=\"col-sm-6 col-lg-4\" role=\"listitem\">\n                        <span class=\"quick-link\" style=\"\">\n                                                            <i class=\"fa-classic fa-solid fa-ear-listen\"><\/i>\n                                                        <span lang=\"en\">Dolor de garganta, o\u00eddos y sinusitis<\/span>\n                        <\/span>\n                    <\/div>\n                                                <div class=\"col-sm-6 col-lg-4\" role=\"listitem\">\n                        <a href=\"https:\/\/www.southcoast.org\/es\/services\/urgent-care\/skin-conditions\/\" target=\"_blank\" class=\"quick-link\" style=\"\">\n                                                            <i class=\"fa-classic fa-solid fa-hand-dots\"><\/i>\n                                                        <span lang=\"en\">Afecciones cut\u00e1neas<\/span>\n                            <i class=\"fa-solid fa-arrow-up-right\"><\/i>\n                        <\/a>\n                    <\/div>\n                                \n                                                <div class=\"col-sm-6 col-lg-4\" role=\"listitem\">\n                        <a href=\"https:\/\/library.southcoast.org\/Search\/85,P01497\" target=\"_blank\" class=\"quick-link\" style=\"\">\n                                                            <i class=\"fa-classic fa-solid fa-kit-medical\"><\/i>\n                                                        <span lang=\"en\">Infecciones del tracto urinario (ITU)<\/span>\n                            <i class=\"fa-solid fa-arrow-up-right\"><\/i>\n                        <\/a>\n                    <\/div>\n                                \n                                        <\/div>\n<\/div>\n<\/div>\n\n\n<div  class=\"blockSettings  paddingTopMD paddingBottomMD cardAwardsFluid light\" style=\"\"><div class=\"container\">\n\t<div class=\"grid\">\n\t\t<div class=\"col-sm-12\">\n\t\t\t    <div class=\"introWithCta centerAlign\">\n            <div class=\"mainCopyWrap\">\n            <h2>Comprometidos con un trato superior<\/h2>\n    <div class=\"paragraphWrap\"><p>En Southcoast Health, nos enorgullecemos de nuestros numerosos galardones que reflejan nuestra dedicaci\u00f3n a proporcionar una atenci\u00f3n sanitaria excepcional. Hemos sido reconocidos por la excelencia en la atenci\u00f3n al paciente, ganando premios que destacan nuestro compromiso con las pr\u00e1cticas innovadoras y un servicio excepcional. Con un equipo de proveedores de clase mundial, nos aseguramos de que cada paciente reciba el m\u00e1s alto nivel de atenci\u00f3n m\u00e9dica, lo que nos convierte en una opci\u00f3n de confianza para la atenci\u00f3n urgente y m\u00e1s all\u00e1.<\/p>\n<\/div>    <\/div>\n        <\/div>\n    \t\t<\/div>\n\t<\/div>\n\t<div class=\"blockSeparator\"><\/div>\n\t<div class=\"cardAwardsContentWrap\" role=\"region\"  aria-label=\"Comprometidos con un trato superior\">\n\t\t\n\t\t<div class=\"grid\" >\n\t\t\t\t\t<\/div>\n\t<\/div>\n\t<\/div>\n<\/div>\n\n\n<div  class=\"blockSettings  paddingTopNone paddingBottomNone cardImageFluid light\" style=\"\"><div class=\"container\" role=\"region\"  aria-label=\"\">\n\t<div class=\"grid\">\n\t\t<div class=\"col-sm-12\">\n\t\t\t    <div class=\"introWithCta leftAlign\">\n            <div class=\"mainCopyWrap\">\n            <\/div>\n        <\/div>\n    \t\t<\/div>\n\t<\/div>\n\t<div class=\"blockSeparator\"><\/div>\n\t<div class=\"cardImageContentWrap\">\n\t\t\t\t\t\t\t<!--Manual Cards-->\n\t\t\t<div class=\"grid smallGrid\" >\n\t\t\t\t\t\t\t<\/div>\n\t\t\t<\/div>\n\t<\/div>\n\n<\/div>\n\n\n\n<div  class=\"blockSettings  paddingTopSM paddingBottomMD doctor-specialty-block light\" style=\"\"><div class=\"container\">\n    <div class=\"grid\">\n        <div class=\"col-sm-12\">\n            <div class=\"inner\">\n\n                    <div class=\"introWithCta leftAlign\">\n            <div class=\"mainCopyWrap\">\n            <h2>Proveedores de atenci\u00f3n urgente<\/h2>\n        <\/div>\n        <div class=\"ctaWrap cta-left\">\n                    <a aria-label=\"enlace a Buscar todos los proveedores\" class=\"mainCTA shadow light1\" href=\"\/es\/find-a-provider\/\" title=\"Abrir Buscar todos los proveedores\" >Buscar todos los proveedores<\/a>                    <a aria-label=\"enlace para ver todos los proveedores de especialidades\" class=\"mainCTA shadow light2\" href=\"\/es\/find-a-provider\/\" title=\"Abierto Ver todos los proveedores especializados\" >Ver todos los proveedores especializados<\/a>            <\/div>\n        <\/div>\n    <div id=\"number-of-doctors\"><\/div>\n\n                                    <div class=\"doctor-wrap\">\n                        <div class=\"doctor-slider\" data-specialties='[\"urgent-care\"]'><\/div>\n                    <\/div>\n                            <\/div>\n        <\/div>\n    <\/div>\n<\/div>\n<\/div>","protected":false},"excerpt":{"rendered":"","protected":false},"author":7,"featured_media":0,"parent":10841,"menu_order":0,"comment_status":"closed","ping_status":"closed","template":"","meta":{"_acf_changed":false,"footnotes":""},"class_list":["post-17201","page","type-page","status-publish","hentry"],"acf":[],"yoast_head":"<!-- This site is optimized with the Yoast SEO plugin v26.0 - https:\/\/yoast.com\/wordpress\/plugins\/seo\/ -->\n<title>Urgent Care Dartmouth - Southcoast Health<\/title>\n<meta name=\"robots\" content=\"index, follow, max-snippet:-1, max-image-preview:large, max-video-preview:-1\" \/>\n<link rel=\"canonical\" href=\"https:\/\/www.southcoast.org\/es\/urgent-care\/dartmouth\/\" \/>\n<meta property=\"og:locale\" content=\"es_MX\" \/>\n<meta property=\"og:type\" content=\"article\" \/>\n<meta property=\"og:title\" content=\"Urgent Care Dartmouth - Southcoast Health\" \/>\n<meta property=\"og:url\" content=\"https:\/\/www.southcoast.org\/es\/urgent-care\/dartmouth\/\" \/>\n<meta property=\"og:site_name\" content=\"Southcoast Health\" \/>\n<meta property=\"article:modified_time\" content=\"2025-07-02T00:52:17+00:00\" \/>\n<meta name=\"twitter:card\" content=\"summary_large_image\" \/>\n<script type=\"application\/ld+json\" class=\"yoast-schema-graph\">{\"@context\":\"https:\/\/schema.org\",\"@graph\":[{\"@type\":\"WebPage\",\"@id\":\"https:\/\/www.southcoast.org\/urgent-care\/dartmouth\/\",\"url\":\"https:\/\/www.southcoast.org\/urgent-care\/dartmouth\/\",\"name\":\"Urgent Care Dartmouth - Southcoast Health\",\"isPartOf\":{\"@id\":\"https:\/\/www.southcoast.org\/#website\"},\"datePublished\":\"2025-07-02T00:47:29+00:00\",\"dateModified\":\"2025-07-02T00:52:17+00:00\",\"breadcrumb\":{\"@id\":\"https:\/\/www.southcoast.org\/urgent-care\/dartmouth\/#breadcrumb\"},\"inLanguage\":\"es-MX\",\"potentialAction\":[{\"@type\":\"ReadAction\",\"target\":[\"https:\/\/www.southcoast.org\/urgent-care\/dartmouth\/\"]}]},{\"@type\":\"BreadcrumbList\",\"@id\":\"https:\/\/www.southcoast.org\/urgent-care\/dartmouth\/#breadcrumb\",\"itemListElement\":[{\"@type\":\"ListItem\",\"position\":1,\"name\":\"\",\"item\":\"https:\/\/www.southcoast.org\/\"},{\"@type\":\"ListItem\",\"position\":2,\"name\":\"Urgent Care\",\"item\":\"https:\/\/www.southcoast.org\/urgent-care\/\"},{\"@type\":\"ListItem\",\"position\":3,\"name\":\"Urgent Care Dartmouth\"}]},{\"@type\":\"WebSite\",\"@id\":\"https:\/\/www.southcoast.org\/#website\",\"url\":\"https:\/\/www.southcoast.org\/\",\"name\":\"Southcoast Health\",\"description\":\"More than medicine.\",\"potentialAction\":[{\"@type\":\"SearchAction\",\"target\":{\"@type\":\"EntryPoint\",\"urlTemplate\":\"https:\/\/www.southcoast.org\/?s={search_term_string}\"},\"query-input\":{\"@type\":\"PropertyValueSpecification\",\"valueRequired\":true,\"valueName\":\"search_term_string\"}}],\"inLanguage\":\"es-MX\"}]}<\/script>\n<!-- \/ Yoast SEO plugin. -->","yoast_head_json":{"title":"Urgent Care Dartmouth - Southcoast Health","robots":{"index":"index","follow":"follow","max-snippet":"max-snippet:-1","max-image-preview":"max-image-preview:large","max-video-preview":"max-video-preview:-1"},"canonical":"https:\/\/www.southcoast.org\/es\/urgent-care\/dartmouth\/","og_locale":"es_MX","og_type":"article","og_title":"Urgent Care Dartmouth - Southcoast Health","og_url":"https:\/\/www.southcoast.org\/es\/urgent-care\/dartmouth\/","og_site_name":"Southcoast Health","article_modified_time":"2025-07-02T00:52:17+00:00","twitter_card":"summary_large_image","schema":{"@context":"https:\/\/schema.org","@graph":[{"@type":"WebPage","@id":"https:\/\/www.southcoast.org\/urgent-care\/dartmouth\/","url":"https:\/\/www.southcoast.org\/urgent-care\/dartmouth\/","name":"Urgent Care Dartmouth - Southcoast Health","isPartOf":{"@id":"https:\/\/www.southcoast.org\/#website"},"datePublished":"2025-07-02T00:47:29+00:00","dateModified":"2025-07-02T00:52:17+00:00","breadcrumb":{"@id":"https:\/\/www.southcoast.org\/urgent-care\/dartmouth\/#breadcrumb"},"inLanguage":"es-MX","potentialAction":[{"@type":"ReadAction","target":["https:\/\/www.southcoast.org\/urgent-care\/dartmouth\/"]}]},{"@type":"BreadcrumbList","@id":"https:\/\/www.southcoast.org\/urgent-care\/dartmouth\/#breadcrumb","itemListElement":[{"@type":"ListItem","position":1,"name":"","item":"https:\/\/www.southcoast.org\/"},{"@type":"ListItem","position":2,"name":"Urgent Care","item":"https:\/\/www.southcoast.org\/urgent-care\/"},{"@type":"ListItem","position":3,"name":"Urgent Care Dartmouth"}]},{"@type":"WebSite","@id":"https:\/\/www.southcoast.org\/#website","url":"https:\/\/www.southcoast.org\/","name":"Southcoast Health","description":"M\u00e1s que medicina.","potentialAction":[{"@type":"SearchAction","target":{"@type":"EntryPoint","urlTemplate":"https:\/\/www.southcoast.org\/?s={search_term_string}"},"query-input":{"@type":"PropertyValueSpecification","valueRequired":true,"valueName":"search_term_string"}}],"inLanguage":"es-MX"}]}},"_links":{"self":[{"href":"https:\/\/www.southcoast.org\/es\/wp-json\/wp\/v2\/pages\/17201","targetHints":{"allow":["GET"]}}],"collection":[{"href":"https:\/\/www.southcoast.org\/es\/wp-json\/wp\/v2\/pages"}],"about":[{"href":"https:\/\/www.southcoast.org\/es\/wp-json\/wp\/v2\/types\/page"}],"author":[{"embeddable":true,"href":"https:\/\/www.southcoast.org\/es\/wp-json\/wp\/v2\/users\/7"}],"replies":[{"embeddable":true,"href":"https:\/\/www.southcoast.org\/es\/wp-json\/wp\/v2\/comments?post=17201"}],"version-history":[{"count":7,"href":"https:\/\/www.southcoast.org\/es\/wp-json\/wp\/v2\/pages\/17201\/revisions"}],"predecessor-version":[{"id":17213,"href":"https:\/\/www.southcoast.org\/es\/wp-json\/wp\/v2\/pages\/17201\/revisions\/17213"}],"up":[{"embeddable":true,"href":"https:\/\/www.southcoast.org\/es\/wp-json\/wp\/v2\/pages\/10841"}],"wp:attachment":[{"href":"https:\/\/www.southcoast.org\/es\/wp-json\/wp\/v2\/media?parent=17201"}],"curies":[{"name":"wp","href":"https:\/\/api.w.org\/{rel}","templated":true}]}}