{"id":16025,"date":"2025-06-19T19:37:05","date_gmt":"2025-06-19T19:37:05","guid":{"rendered":"https:\/\/test-southcoast-health-multi.southcoast-health.org\/?page_id=16025"},"modified":"2026-01-27T07:17:14","modified_gmt":"2026-01-27T12:17:14","slug":"alerts-and-cancellations","status":"publish","type":"page","link":"https:\/\/www.southcoast.org\/es\/alerts-and-cancellations\/","title":{"rendered":"Alertas y anulaciones"},"content":{"rendered":"<div  class=\"blockSettings  paddingTopMD paddingBottomMD media-object-block light\" style=\"\"><div class=\"container\">\n\t<div class=\"grid\">\n\t\t<div class=\"col-sm-12\">\n\t\t\t<div class=\"inner image-right list-style-disc inner-white-bg\" style=\"background-color: #fff;\">\n\t\t\t\t<div class=\"copy\">\n\t\t\t\t\t    <div class=\"mainCopyWrap\">\n            <h2>Ofrecer una atenci\u00f3n segura y excepcional ser\u00e1 siempre nuestra m\u00e1xima prioridad<\/h2>\n    <div class=\"paragraphWrap\"><p>Mientras seguimos las directrices estatales para la reapertura de nuestros servicios, ofrecer una atenci\u00f3n segura y excepcional ser\u00e1 siempre nuestra m\u00e1xima prioridad y nos aseguramos de que cumplimos o superamos las directrices antes de reabrir las \u00e1reas de atenci\u00f3n al paciente. En nuestros hospitales y centros de atenci\u00f3n al paciente aplicamos las normas de seguridad m\u00e1s estrictas:<\/p>\n<ul>\n<li>Separar a los pacientes con COVID-19 presunta y confirmada de los dem\u00e1s pacientes.<\/li>\n<li>Mascarillas obligatorias para todo el personal y los pacientes<\/li>\n<li>Requisitos estrictos de distanciamiento social: cada 2 metros<\/li>\n<li>Control de todo el personal, pacientes y acompa\u00f1antes<\/li>\n<li>Protocolos rigurosos de limpieza y desinfecci\u00f3n entre pacientes y cada 2 horas<\/li>\n<li>Sistemas de filtraci\u00f3n de aire limpio en nuestros hospitales<\/li>\n<li>Equipos de protecci\u00f3n individual para todo el personal de acuerdo con las directrices sobre EPI<\/li>\n<li>Pruebas de COVID-19 en todos los pacientes ingresados en nuestros hospitales Opciones de telesalud disponibles y programadas cuando proceda<\/li>\n<\/ul>\n<\/div>    <\/div>\n    \t\t\t\t<\/div>\n\t\t\t\t\t\t\t\t<div class=\"images\">\n\t\t\t\t\t\t<img decoding=\"async\" class=\"single\" src=\"https:\/\/www.southcoast.org\/wp-content\/uploads\/2025\/06\/alerts_and_cancellations_care.webp\" alt=\"A young boy sitting with his father while being examined by a female doctor in a medical setting.\">\n\t\t\t\t\t\t\t\t\t\t<\/div>\n\t\t\t\t\n\t\t\t<\/div>\n\t\t<\/div>\n\t<\/div>\n<\/div>\n<\/div>","protected":false},"excerpt":{"rendered":"","protected":false},"author":7,"featured_media":0,"parent":0,"menu_order":0,"comment_status":"closed","ping_status":"closed","template":"page_notifications.php","meta":{"_acf_changed":false,"footnotes":""},"class_list":["post-16025","page","type-page","status-publish","hentry"],"acf":[],"yoast_head":"<!-- This site is optimized with the Yoast SEO plugin v26.0 - https:\/\/yoast.com\/wordpress\/plugins\/seo\/ -->\n<title>Alerts and Cancellations - Southcoast Health<\/title>\n<meta name=\"description\" content=\"Ease your mind by staying up to date with the most recent Southcoast Health delays and closures.\" \/>\n<meta name=\"robots\" content=\"index, follow, max-snippet:-1, max-image-preview:large, max-video-preview:-1\" \/>\n<link rel=\"canonical\" href=\"https:\/\/www.southcoast.org\/es\/alerts-and-cancellations\/\" \/>\n<meta property=\"og:locale\" content=\"es_MX\" \/>\n<meta property=\"og:type\" content=\"article\" \/>\n<meta property=\"og:title\" content=\"Alerts and Cancellations - Southcoast Health\" \/>\n<meta property=\"og:description\" content=\"Ease your mind by staying up to date with the most recent Southcoast Health delays and closures.\" \/>\n<meta property=\"og:url\" content=\"https:\/\/www.southcoast.org\/es\/alerts-and-cancellations\/\" \/>\n<meta property=\"og:site_name\" content=\"Southcoast Health\" \/>\n<meta property=\"article:modified_time\" content=\"2026-01-27T12:17:14+00:00\" \/>\n<meta name=\"twitter:card\" content=\"summary_large_image\" \/>\n<script type=\"application\/ld+json\" class=\"yoast-schema-graph\">{\"@context\":\"https:\/\/schema.org\",\"@graph\":[{\"@type\":\"WebPage\",\"@id\":\"https:\/\/www.southcoast.org\/alerts-and-cancellations\/\",\"url\":\"https:\/\/www.southcoast.org\/alerts-and-cancellations\/\",\"name\":\"Alerts and Cancellations - Southcoast Health\",\"isPartOf\":{\"@id\":\"https:\/\/www.southcoast.org\/#website\"},\"datePublished\":\"2025-06-19T19:37:05+00:00\",\"dateModified\":\"2026-01-27T12:17:14+00:00\",\"description\":\"Ease your mind by staying up to date with the most recent Southcoast Health delays and closures.\",\"breadcrumb\":{\"@id\":\"https:\/\/www.southcoast.org\/alerts-and-cancellations\/#breadcrumb\"},\"inLanguage\":\"es-MX\",\"potentialAction\":[{\"@type\":\"ReadAction\",\"target\":[\"https:\/\/www.southcoast.org\/alerts-and-cancellations\/\"]}]},{\"@type\":\"BreadcrumbList\",\"@id\":\"https:\/\/www.southcoast.org\/alerts-and-cancellations\/#breadcrumb\",\"itemListElement\":[{\"@type\":\"ListItem\",\"position\":1,\"name\":\"\",\"item\":\"https:\/\/www.southcoast.org\/\"},{\"@type\":\"ListItem\",\"position\":2,\"name\":\"Alerts and Cancellations\"}]},{\"@type\":\"WebSite\",\"@id\":\"https:\/\/www.southcoast.org\/#website\",\"url\":\"https:\/\/www.southcoast.org\/\",\"name\":\"Southcoast Health\",\"description\":\"More than medicine.\",\"potentialAction\":[{\"@type\":\"SearchAction\",\"target\":{\"@type\":\"EntryPoint\",\"urlTemplate\":\"https:\/\/www.southcoast.org\/?s={search_term_string}\"},\"query-input\":{\"@type\":\"PropertyValueSpecification\",\"valueRequired\":true,\"valueName\":\"search_term_string\"}}],\"inLanguage\":\"es-MX\"}]}<\/script>\n<!-- \/ Yoast SEO plugin. -->","yoast_head_json":{"title":"Alertas y cancelaciones - Southcoast Health","description":"Tranquil\u00edcese manteni\u00e9ndose al d\u00eda de los retrasos y cierres m\u00e1s recientes de Southcoast Health.","robots":{"index":"index","follow":"follow","max-snippet":"max-snippet:-1","max-image-preview":"max-image-preview:large","max-video-preview":"max-video-preview:-1"},"canonical":"https:\/\/www.southcoast.org\/es\/alerts-and-cancellations\/","og_locale":"es_MX","og_type":"article","og_title":"Alerts and Cancellations - Southcoast Health","og_description":"Ease your mind by staying up to date with the most recent Southcoast Health delays and closures.","og_url":"https:\/\/www.southcoast.org\/es\/alerts-and-cancellations\/","og_site_name":"Southcoast Health","article_modified_time":"2026-01-27T12:17:14+00:00","twitter_card":"summary_large_image","schema":{"@context":"https:\/\/schema.org","@graph":[{"@type":"WebPage","@id":"https:\/\/www.southcoast.org\/alerts-and-cancellations\/","url":"https:\/\/www.southcoast.org\/alerts-and-cancellations\/","name":"Alertas y cancelaciones - Southcoast Health","isPartOf":{"@id":"https:\/\/www.southcoast.org\/#website"},"datePublished":"2025-06-19T19:37:05+00:00","dateModified":"2026-01-27T12:17:14+00:00","description":"Tranquil\u00edcese manteni\u00e9ndose al d\u00eda de los retrasos y cierres m\u00e1s recientes de Southcoast Health.","breadcrumb":{"@id":"https:\/\/www.southcoast.org\/alerts-and-cancellations\/#breadcrumb"},"inLanguage":"es-MX","potentialAction":[{"@type":"ReadAction","target":["https:\/\/www.southcoast.org\/alerts-and-cancellations\/"]}]},{"@type":"BreadcrumbList","@id":"https:\/\/www.southcoast.org\/alerts-and-cancellations\/#breadcrumb","itemListElement":[{"@type":"ListItem","position":1,"name":"","item":"https:\/\/www.southcoast.org\/"},{"@type":"ListItem","position":2,"name":"Alerts and Cancellations"}]},{"@type":"WebSite","@id":"https:\/\/www.southcoast.org\/#website","url":"https:\/\/www.southcoast.org\/","name":"Southcoast Health","description":"M\u00e1s que medicina.","potentialAction":[{"@type":"SearchAction","target":{"@type":"EntryPoint","urlTemplate":"https:\/\/www.southcoast.org\/?s={search_term_string}"},"query-input":{"@type":"PropertyValueSpecification","valueRequired":true,"valueName":"search_term_string"}}],"inLanguage":"es-MX"}]}},"_links":{"self":[{"href":"https:\/\/www.southcoast.org\/es\/wp-json\/wp\/v2\/pages\/16025","targetHints":{"allow":["GET"]}}],"collection":[{"href":"https:\/\/www.southcoast.org\/es\/wp-json\/wp\/v2\/pages"}],"about":[{"href":"https:\/\/www.southcoast.org\/es\/wp-json\/wp\/v2\/types\/page"}],"author":[{"embeddable":true,"href":"https:\/\/www.southcoast.org\/es\/wp-json\/wp\/v2\/users\/7"}],"replies":[{"embeddable":true,"href":"https:\/\/www.southcoast.org\/es\/wp-json\/wp\/v2\/comments?post=16025"}],"version-history":[{"count":13,"href":"https:\/\/www.southcoast.org\/es\/wp-json\/wp\/v2\/pages\/16025\/revisions"}],"predecessor-version":[{"id":284794,"href":"https:\/\/www.southcoast.org\/es\/wp-json\/wp\/v2\/pages\/16025\/revisions\/284794"}],"wp:attachment":[{"href":"https:\/\/www.southcoast.org\/es\/wp-json\/wp\/v2\/media?parent=16025"}],"curies":[{"name":"wp","href":"https:\/\/api.w.org\/{rel}","templated":true}]}}