{"id":16007,"date":"2025-06-19T19:32:13","date_gmt":"2025-06-19T19:32:13","guid":{"rendered":"https:\/\/test-southcoast-health-multi.southcoast-health.org\/?page_id=16007"},"modified":"2025-10-02T17:41:26","modified_gmt":"2025-10-02T17:41:26","slug":"requesting-medical-records","status":"publish","type":"page","link":"https:\/\/www.southcoast.org\/es\/patient-information\/requesting-medical-records\/","title":{"rendered":"Solicitud de historiales m\u00e9dicos"},"content":{"rendered":"<div  class=\"blockSettings  paddingTopSM paddingBottomMD heroBasicFluid darkTheme\" style=\"background-image:url(https:\/\/www.southcoast.org\/wp-content\/uploads\/2025\/06\/career_eras_tour_hero.webp);background-size:cover;background-position:center center;\"><div class=\"overlay\"><\/div><div class=\"container\">\n            <div class=\"grid\">\n            <div class=\"col-sm-12 col-bleed-y\">\n                <div class=\"Center\">\n                    <div class=\"breadcrumbsWrapper desktop-breadcrumbs\"><nav id=\"breadcrumbs\" aria-label=\"Migas de pan\"><ol><li><a href=\"https:\/\/www.southcoast.org\/es\/\"><i class=\"fa-light fa-house\"><\/i><span class=\"visually-hidden\">Inicio<\/span><\/a><\/li><\/ol><\/nav><\/div><div class=\"breadcrumbsWrapper mobile-breadcrumbs\"><p id=\"mobile-breadcrumbs\"><span><span><a href=\"https:\/\/www.southcoast.org\/es\"><i class=\"far fa-home\"><\/i><\/a><\/span> <i class=\"fa-solid fa-chevron-right separator\"><\/i> <span><a href=\"https:\/\/www.southcoast.org\/es\/patient-information\/\">Informaci\u00f3n para el paciente<\/a><\/span><\/span><\/p><\/div>                <\/div>\n            <\/div>\n        <\/div>\n        <div class=\"grid align-center\">\n        <div class=\"col-sm-10\">\n            <div class=\"Center\">\n\n                    <div class=\"mainCopyWrap\">\n            <h1>Solicitud de historiales m\u00e9dicos<\/h1>\n        <\/div>\n    \n                \n            <\/div>\n        <\/div>\n    <\/div>\n<\/div>\n    <div class=\"cornerArtWrapper cornerArt-small\">\n        <img decoding=\"async\" class=\"cornerArt\" src=\"https:\/\/www.southcoast.org\/wp-content\/themes\/southcoast_multisite\/images\/corner-art.svg\" alt=\"\">\n    <\/div>\n<\/div>\n\n\n\n\n<div  class=\"blockSettings  paddingTopMD paddingBottomMD cardImageFluid light\" style=\"\"><div class=\"container\" role=\"region\"  aria-label=\"Le ayudamos a acceder a la informaci\u00f3n sanitaria que necesita\">\n\t<div class=\"grid\">\n\t\t<div class=\"col-sm-12\">\n\t\t\t    <div class=\"introWithCta centerAlign\">\n            <div class=\"mainCopyWrap\">\n            <h2>Le ayudamos a acceder a la informaci\u00f3n sanitaria que necesita<\/h2>\n        <\/div>\n        <\/div>\n    \t\t<\/div>\n\t<\/div>\n\t<div class=\"blockSeparator\"><\/div>\n\t<div class=\"cardImageContentWrap\">\n\t\t\t\t\t\t\t<!--Manual Cards-->\n\t\t\t<div class=\"grid smallGrid\" >\n\t\t\t\t\t\t\t\t\t\t\t<div class=\"col-sm-6 col-md-6 col-grid\" role=\"group\"  aria-label=\"Solicitudes de pacientes y cuidadores a trav\u00e9s de MyChart\">\n\t\t\t\t\t\t\t\t<div class=\"cardBasic noBorder left Vertical\">\n\t\t\t\t\t\t\t\t\t<div class=\"cardImage\" style=\"background-image:url('https:\/\/www.southcoast.org\/wp-content\/uploads\/2025\/06\/requesting_medical_records_patients.webp'); \"><\/div>\n\t\t\t\t\t\t\t\t\t<div class=\"cardBasicBody\">\n\t\t\t\t\t\t\t\t\t\t\t\t\t\t\t\t\t\t\t\t<p class=\"cardBasicBodyTitle\">Solicitudes de pacientes y cuidadores a trav\u00e9s de MyChart<\/p>\n\t\t\t\t\t\t\t\t\t\t\t\t\t\t\t\t\t\t\t\t\t<div class=\"excerpt\">\n\t\t\t\t\t\t\t\t\t\t\t\t<p>Nos esforzamos para que su experiencia sanitaria sea fluida. Puede acceder y solicitar sus historiales m\u00e9dicos y\/o de facturaci\u00f3n en l\u00ednea a trav\u00e9s de MyChart, nuestro portal para pacientes, en el <em>Centro de documentaci\u00f3n<\/em>. Por favor, espere de 5 a 7 d\u00edas laborables para solicitudes rutinarias. <strong>Las copias pueden ser de pago.<\/strong><\/p>\n\t\t\t\t\t\t\t\t\t\t\t<\/div>\n\t\t\t\t\t\t\t\t\t\t\t\t\t\t\t\t\t\t\t\t<a aria-label=\"Enlace a MyChart\" href=\"https:\/\/mychart.southcoast.org\/mychart\/Authentication\/Login\" title=\"Enlace a MyChart\" target=\"_blank\" class=\"readMore\"><span class=\"fa-regular fa-arrow-up-right readMoreIcon\"><\/span> MyChart <span class=\"fa-regular fa-arrow-up-right-from-square readMoreIconTarget\"><\/span><\/a>\n\t\t\t\t\t\t\t\t\t<\/div>\n\t\t\t\t\t\t\t\t<\/div>\n\t\t\t\t\t\t\t<\/div>\n\t\t\t\t\t\t\t\t\t\t\t\t\t\t\t\t\t<div class=\"col-sm-6 col-md-6 col-grid\" role=\"group\"  aria-label=\"Pacientes y cuidadores solicitan m\u00e9todos alternativos\">\n\t\t\t\t\t\t\t\t<div class=\"cardBasic noBorder left Vertical\">\n\t\t\t\t\t\t\t\t\t<div class=\"cardImage\" style=\"background-image:url('https:\/\/www.southcoast.org\/wp-content\/uploads\/2025\/06\/requesting_medical_records_physician.webp'); \"><\/div>\n\t\t\t\t\t\t\t\t\t<div class=\"cardBasicBody\">\n\t\t\t\t\t\t\t\t\t\t\t\t\t\t\t\t\t\t\t\t<p class=\"cardBasicBodyTitle\">Pacientes y cuidadores solicitan m\u00e9todos alternativos<\/p>\n\t\t\t\t\t\t\t\t\t\t\t\t\t\t\t\t\t\t\t\t\t<div class=\"excerpt\">\n\t\t\t\t\t\t\t\t\t\t\t\t<p>Si no dispone de MyChart, o es un cuidador, puede solicitar los historiales m\u00e9dicos y\/o de facturaci\u00f3n en l\u00ednea a trav\u00e9s del siguiente enlace o rellenando el formulario <em>Autorizaci\u00f3n para la divulgaci\u00f3n de informaci\u00f3n sanitaria protegida<\/em> al final de esta p\u00e1gina. Las solicitudes rutinarias tardan entre 5 y 7 d\u00edas laborables. <strong>Las copias pueden ser de pago.<\/strong><\/p>\n\t\t\t\t\t\t\t\t\t\t\t<\/div>\n\t\t\t\t\t\t\t\t\t\t\t\t\t\t\t\t\t\t\t\t<a aria-label=\"enlace a la solicitud de historiales m\u00e9dicos en l\u00ednea\" href=\"https:\/\/www.swellbox.com\/southcoast-health-wizard.html\" title=\"enlace a la solicitud de historiales m\u00e9dicos en l\u00ednea\" target=\"_blank\" class=\"readMore\"><span class=\"fa-regular fa-arrow-up-right readMoreIcon\"><\/span> Solicitud de historiales m\u00e9dicos en l\u00ednea <span class=\"fa-regular fa-arrow-up-right-from-square readMoreIconTarget\"><\/span><\/a>\n\t\t\t\t\t\t\t\t\t<\/div>\n\t\t\t\t\t\t\t\t<\/div>\n\t\t\t\t\t\t\t<\/div>\n\t\t\t\t\t\t\t\t\t\t\t\t\t\t\t\t\t<div class=\"col-sm-6 col-md-6 col-grid\" role=\"group\"  aria-label=\"Abogados, compa\u00f1\u00edas de seguros y otros no pacientes\">\n\t\t\t\t\t\t\t\t<div class=\"cardBasic noBorder left Vertical\">\n\t\t\t\t\t\t\t\t\t<div class=\"cardImage\" style=\"background-image:url('https:\/\/www.southcoast.org\/wp-content\/uploads\/2025\/06\/requesting_medical_records_attorney.webp'); \"><\/div>\n\t\t\t\t\t\t\t\t\t<div class=\"cardBasicBody\">\n\t\t\t\t\t\t\t\t\t\t\t\t\t\t\t\t\t\t\t\t<p class=\"cardBasicBodyTitle\">Abogados, compa\u00f1\u00edas de seguros y otros no pacientes<\/p>\n\t\t\t\t\t\t\t\t\t\t\t\t\t\t\t\t\t\t\t\t\t<div class=\"excerpt\">\n\t\t\t\t\t\t\t\t\t\t\t\t<p>Env\u00ede por correo el <em>Autorizaci\u00f3n para la divulgaci\u00f3n de informaci\u00f3n sanitaria protegida<\/em> a la direcci\u00f3n que figura a continuaci\u00f3n:<\/p>\n<p>Southcoast Health<br \/>\nGesti\u00f3n de la informaci\u00f3n sanitaria - ROI<br \/>\n200 Mill Road, Suite 210,<br \/>\nFairhaven, MA 02719<\/p>\n\t\t\t\t\t\t\t\t\t\t\t<\/div>\n\t\t\t\t\t\t\t\t\t\t\t\t\t\t\t\t\t\t\t<\/div>\n\t\t\t\t\t\t\t\t<\/div>\n\t\t\t\t\t\t\t<\/div>\n\t\t\t\t\t\t\t\t\t\t\t\t\t\t\t\t\t<div class=\"col-sm-6 col-md-6 col-grid\" role=\"group\"  aria-label=\"Solicitudes de proveedores\">\n\t\t\t\t\t\t\t\t<div class=\"cardBasic noBorder left Vertical\">\n\t\t\t\t\t\t\t\t\t<div class=\"cardImage\" style=\"background-image:url('https:\/\/www.southcoast.org\/wp-content\/uploads\/2025\/06\/requesting_medical_records_provider.webp'); \"><\/div>\n\t\t\t\t\t\t\t\t\t<div class=\"cardBasicBody\">\n\t\t\t\t\t\t\t\t\t\t\t\t\t\t\t\t\t\t\t\t<p class=\"cardBasicBodyTitle\">Solicitudes de proveedores<\/p>\n\t\t\t\t\t\t\t\t\t\t\t\t\t\t\t\t\t\t\t\t\t<div class=\"excerpt\">\n\t\t\t\t\t\t\t\t\t\t\t\t<p>Los proveedores y centros m\u00e9dicos que soliciten historiales m\u00e9dicos deben llamar al 508-973-3700 o enviar un fax al 508-973-3694 o 508-973-3695.<\/p>\n\t\t\t\t\t\t\t\t\t\t\t<\/div>\n\t\t\t\t\t\t\t\t\t\t\t\t\t\t\t\t\t\t\t\t<a aria-label=\"enlace al 508-973-3700\" href=\"tel:508-973-3700\" title=\"enlace al 508-973-3700\" target=\"_blank\" class=\"readMore\"><span class=\"fa-regular fa-arrow-up-right readMoreIcon\"><\/span> 508-973-3700 <span class=\"fa-regular fa-arrow-up-right-from-square readMoreIconTarget\"><\/span><\/a>\n\t\t\t\t\t\t\t\t\t<\/div>\n\t\t\t\t\t\t\t\t<\/div>\n\t\t\t\t\t\t\t<\/div>\n\t\t\t\t\t\t\t\t\t\t\t\t\t<\/div>\n\t\t\t<\/div>\n\t<\/div>\n\n<\/div>\n\n\n<div  class=\"blockSettings  paddingTopNone paddingBottomSM calloutbannerminiFluid layout-contained light\" style=\"\"><div class=\"container\">\n    <div class=\"grid\">\n        <div class=\"col-sm-12 col-bleed-y\">\n            <div class=\"banner-content  ctas-3\">\n                                    <div class=\"copy\">\n                        <p><span class=\"TextRun SCXW121191918 BCX8\" lang=\"EN-US\" xml:lang=\"EN-US\" data-contrast=\"auto\"><span class=\"NormalTextRun SCXW121191918 BCX8\">Formulario de autorizaci\u00f3n de divulgaci\u00f3n de informaci\u00f3n sanitaria protegida<\/span><\/span><span class=\"EOP SCXW121191918 BCX8\" data-ccp-props=\"{}\">\u00a0<\/span><\/p>\n                    <\/div>\n                                    <div class=\"ctaWrap\">\n                    <a aria-label=\"enlace al ingl\u00e9s\" class=\"mainCTA shadow dark1\" href=\"https:\/\/www.southcoast.org\/wp-content\/uploads\/2025\/06\/Authorization-for-Release-of-Protected-Health-Information-SHS-English.pdf\" target=\"_blank\" title=\"Abre en ingl\u00e9s en una nueva pesta\u00f1a o ventana\" rel=\"noopener noreferrer\">Ingl\u00e9s<span class=\"fa-regular fa-download\"><\/span><\/a>                    <a aria-label=\"enlace al portugu\u00e9s\" class=\"mainCTA shadow dark1\" href=\"https:\/\/www.southcoast.org\/wp-content\/uploads\/2025\/06\/POR-Authorization-for-Release-of-Protected-Health-Information-SHS-PORTUGUESE.pdf\" target=\"_blank\" title=\"Abre Portuguese en una nueva pesta\u00f1a o ventana\" rel=\"noopener noreferrer\">Portugu\u00e9s<span class=\"fa-regular fa-download\"><\/span><\/a>                    <a aria-label=\"enlace al espa\u00f1ol\" class=\"mainCTA shadow dark1\" href=\"https:\/\/www.southcoast.org\/wp-content\/uploads\/2025\/06\/SPA-Authorization-for-Release-of-Protected-Health-Information-SHS-SPANISH.pdf\" target=\"_blank\" title=\"Abre en espa\u00f1ol en una nueva pesta\u00f1a o ventana\" rel=\"noopener noreferrer\">Espa\u00f1ol<span class=\"fa-regular fa-download\"><\/span><\/a>            <\/div>\n                <\/div>\n        <\/div>\n    <\/div>\n<\/div>\n<\/div>\n\n\n<div id=\"process\" class=\"blockSettings  paddingTopMD paddingBottomMD cardIconsFluid cardIconsImageFluid light\" style=\"background-color:#e1f5fa;\">\t<div class=\"container\">\n\t\t\t\t\t<div class=\"grid\">\n\t\t\t\t<div class=\"col-sm-12\">\n\t\t\t\t\t<div class=\"introCenter\">\n\t\t\t\t\t\t<div class=\"maincopy intro\">\n\t\t\t\t\t\t\t<h2>Proceso alternativo de solicitud de historiales m\u00e9dicos<\/h2>\n\t\t\t\t\t\t\t\t\t\t\t\t\t<\/div>\n\t\t\t\t\t\t\t\t\t\t\t\t\t\t\t\t\t\t\t\t\t\t\t\t\t\t                                                                                                        \t\t\t\t\t<\/div>\n\t\t\t\t<\/div>\n\t\t\t<\/div>\n\t\t\n\t\t\t\t\t<!--Manual Cards-->\n\t\t\t<div class=\"grid\">\n\t\t\t\t\t\t\t\t\t\t\t<div class=\"col-sm-6 col-md-3 col-grid\">\n\t\t\t\t\t\t\t\t<div class=\"cardBasic  Left Vertical\">\n\t\t\t\t\t\t\t\t\t\t\t\t\t\t\t\t\t\t\t<span class=\"icon fa-classic fa-thin fa-1\"><\/span>\n\t\t\t\t\t\t\t\t\t\t\t\t\t\t\t\t\t\t\n\t\t\t\t\t\t\t\t\t<div class=\"cardBasicBody\">\n\t\t\t\t\t\t\t\t\t\t<div class=\"cardBasicBodyTitle\" role=\"title\">Descargar el formulario de autorizaci\u00f3n<\/div>\n\t\t\t\t\t\t\t\t\t\t\t\t\t\t\t\t\t\t\t\t<div class=\"excerpt\">\n\t\t\t\t\t\t\t\t\t\t\t<p>Descargar el <em>Autorizaci\u00f3n para la divulgaci\u00f3n de informaci\u00f3n sanitaria protegida<\/em> Formulario en <a href=\"https:\/\/www.southcoast.org\/wp-content\/uploads\/2025\/06\/Authorization-for-Release-of-Protected-Health-Information-SHS-English.pdf\" target=\"_blank\" rel=\"noopener\">Ingl\u00e9s<\/a>, <a href=\"http:\/\/POR-Authorization-for-Release-of-Protected-Health-Information-SHS-PORTUGUESE.pdf\" target=\"_blank\" rel=\"noopener\">Portugu\u00e9s<\/a> o <a href=\"https:\/\/www.southcoast.org\/wp-content\/uploads\/2025\/06\/SPA-Authorization-for-Release-of-Protected-Health-Information-SHS-SPANISH.pdf\" target=\"_blank\" rel=\"noopener\">Espa\u00f1ol<\/a>.<\/p>\n\t\t\t\t\t\t\t\t\t\t<\/div>\n\t\t\t\t\t\t\t\t\t\t\t\t\t\t\t\t\t\t\t\t\t\t\t\t\t\t\t\t\t<\/div>\n\t\t\t\t\t\t\t\t<\/div>\n\t\t\t\t\t\t\t<\/div>\n\t\t\t\t\t\t\t\t\t\t\t\t<div class=\"col-sm-6 col-md-3 col-grid\">\n\t\t\t\t\t\t\t\t<div class=\"cardBasic  Left Vertical\">\n\t\t\t\t\t\t\t\t\t\t\t\t\t\t\t\t\t\t\t<span class=\"icon fa-classic fa-thin fa-2\"><\/span>\n\t\t\t\t\t\t\t\t\t\t\t\t\t\t\t\t\t\t\n\t\t\t\t\t\t\t\t\t<div class=\"cardBasicBody\">\n\t\t\t\t\t\t\t\t\t\t<div class=\"cardBasicBodyTitle\" role=\"title\">Imprimir y rellenar el formulario<\/div>\n\t\t\t\t\t\t\t\t\t\t\t\t\t\t\t\t\t\t\t\t<div class=\"excerpt\">\n\t\t\t\t\t\t\t\t\t\t\t<p>Imprima y rellene el formulario de autorizaci\u00f3n.<\/p>\n\t\t\t\t\t\t\t\t\t\t<\/div>\n\t\t\t\t\t\t\t\t\t\t\t\t\t\t\t\t\t\t\t\t\t\t\t\t\t\t\t\t\t<\/div>\n\t\t\t\t\t\t\t\t<\/div>\n\t\t\t\t\t\t\t<\/div>\n\t\t\t\t\t\t\t\t\t\t\t\t<div class=\"col-sm-6 col-md-3 col-grid\">\n\t\t\t\t\t\t\t\t<div class=\"cardBasic  Left Vertical\">\n\t\t\t\t\t\t\t\t\t\t\t\t\t\t\t\t\t\t\t<span class=\"icon fa-classic fa-thin fa-3\"><\/span>\n\t\t\t\t\t\t\t\t\t\t\t\t\t\t\t\t\t\t\n\t\t\t\t\t\t\t\t\t<div class=\"cardBasicBody\">\n\t\t\t\t\t\t\t\t\t\t<div class=\"cardBasicBodyTitle\" role=\"title\">Env\u00ede por correo, correo electr\u00f3nico o fax el formulario cumplimentado<\/div>\n\t\t\t\t\t\t\t\t\t\t\t\t\t\t\t\t\t\t\t\t<div class=\"excerpt\">\n\t\t\t\t\t\t\t\t\t\t\t<p>Southcoast Health<br \/>\nGesti\u00f3n de la informaci\u00f3n sanitaria - ROI<br \/>\n200 Mill Road, Suite 210<br \/>\nFairhaven, MA 02719<\/p>\n<p>Fax: <span class=\"TextRun SCXW266291775 BCX8\" lang=\"EN-US\" xml:lang=\"EN-US\" data-contrast=\"auto\"><span class=\"NormalTextRun SCXW266291775 BCX8\">508-973-3694 o 508-973-3695<\/span><\/span><br \/>\nTel\u00e9fono 508-973-3700<br \/>\nCorreo electr\u00f3nico:\u00a0<a href=\"mailto:RequestRecords@southcoast.org\" target=\"_blank\" rel=\"noopener\">RequestRecords@southcoast.org<\/a><\/p>\n\t\t\t\t\t\t\t\t\t\t<\/div>\n\t\t\t\t\t\t\t\t\t\t\t\t\t\t\t\t\t\t\t\t\t\t\t\t\t\t\t\t\t<\/div>\n\t\t\t\t\t\t\t\t<\/div>\n\t\t\t\t\t\t\t<\/div>\n\t\t\t\t\t\t\t\t\t\t\t\t<div class=\"col-sm-6 col-md-3 col-grid\">\n\t\t\t\t\t\t\t\t<div class=\"cardBasic  Left Vertical\">\n\t\t\t\t\t\t\t\t\t\t\t\t\t\t\t\t\t\t\t<span class=\"icon fa-classic fa-thin fa-4\"><\/span>\n\t\t\t\t\t\t\t\t\t\t\t\t\t\t\t\t\t\t\n\t\t\t\t\t\t\t\t\t<div class=\"cardBasicBody\">\n\t\t\t\t\t\t\t\t\t\t<div class=\"cardBasicBodyTitle\" role=\"title\">Lugares de recogida<\/div>\n\t\t\t\t\t\t\t\t\t\t\t\t\t\t\t\t\t\t\t\t<div class=\"excerpt\">\n\t\t\t\t\t\t\t\t\t\t\t<p><strong>Hospital Charlton Memorial<\/strong><br \/>\nAvenida Highland 363<br \/>\nFall River, MA<br \/>\nHorario: De lunes a viernes, de 8.00 a 16.30 horas (festivos cerrado)<\/p>\n<p><strong>Hospital St. Luke<\/strong><br \/>\nCalle Page 101<br \/>\nNew Bedford, MA<br \/>\nHorario: De lunes a viernes, de 8.00 a 16.30 horas (festivos cerrado)<\/p>\n<p><strong>La recogida en el Hospital de Tobey no est\u00e1 disponible actualmente.<\/strong><\/p>\n\t\t\t\t\t\t\t\t\t\t<\/div>\n\t\t\t\t\t\t\t\t\t\t\t\t\t\t\t\t\t\t\t\t\t\t\t\t\t\t\t\t\t<\/div>\n\t\t\t\t\t\t\t\t<\/div>\n\t\t\t\t\t\t\t<\/div>\n\t\t\t\t\t\t\t\t<\/div>\n\t\t\t<\/div>\n<\/div>","protected":false},"excerpt":{"rendered":"","protected":false},"author":7,"featured_media":0,"parent":15989,"menu_order":0,"comment_status":"closed","ping_status":"closed","template":"","meta":{"_acf_changed":false,"footnotes":""},"class_list":["post-16007","page","type-page","status-publish","hentry"],"acf":[],"yoast_head":"<!-- This site is optimized with the Yoast SEO plugin v26.0 - https:\/\/yoast.com\/wordpress\/plugins\/seo\/ -->\n<title>Requesting Medical Records - Southcoast Health<\/title>\n<meta name=\"robots\" content=\"index, follow, max-snippet:-1, max-image-preview:large, max-video-preview:-1\" \/>\n<link rel=\"canonical\" href=\"https:\/\/www.southcoast.org\/es\/patient-information\/requesting-medical-records\/\" \/>\n<meta property=\"og:locale\" content=\"es_MX\" \/>\n<meta property=\"og:type\" content=\"article\" \/>\n<meta property=\"og:title\" content=\"Requesting Medical Records - Southcoast Health\" \/>\n<meta property=\"og:url\" content=\"https:\/\/www.southcoast.org\/es\/patient-information\/requesting-medical-records\/\" \/>\n<meta property=\"og:site_name\" content=\"Southcoast Health\" \/>\n<meta property=\"article:modified_time\" content=\"2025-10-02T17:41:26+00:00\" \/>\n<meta name=\"twitter:card\" content=\"summary_large_image\" \/>\n<script type=\"application\/ld+json\" class=\"yoast-schema-graph\">{\"@context\":\"https:\/\/schema.org\",\"@graph\":[{\"@type\":\"WebPage\",\"@id\":\"https:\/\/www.southcoast.org\/patient-information\/requesting-medical-records\/\",\"url\":\"https:\/\/www.southcoast.org\/patient-information\/requesting-medical-records\/\",\"name\":\"Requesting Medical Records - Southcoast Health\",\"isPartOf\":{\"@id\":\"https:\/\/www.southcoast.org\/#website\"},\"datePublished\":\"2025-06-19T19:32:13+00:00\",\"dateModified\":\"2025-10-02T17:41:26+00:00\",\"breadcrumb\":{\"@id\":\"https:\/\/www.southcoast.org\/patient-information\/requesting-medical-records\/#breadcrumb\"},\"inLanguage\":\"es-MX\",\"potentialAction\":[{\"@type\":\"ReadAction\",\"target\":[\"https:\/\/www.southcoast.org\/patient-information\/requesting-medical-records\/\"]}]},{\"@type\":\"BreadcrumbList\",\"@id\":\"https:\/\/www.southcoast.org\/patient-information\/requesting-medical-records\/#breadcrumb\",\"itemListElement\":[{\"@type\":\"ListItem\",\"position\":1,\"name\":\"\",\"item\":\"https:\/\/www.southcoast.org\/\"},{\"@type\":\"ListItem\",\"position\":2,\"name\":\"Patient Information\",\"item\":\"https:\/\/www.southcoast.org\/patient-information\/\"},{\"@type\":\"ListItem\",\"position\":3,\"name\":\"Requesting Medical Records\"}]},{\"@type\":\"WebSite\",\"@id\":\"https:\/\/www.southcoast.org\/#website\",\"url\":\"https:\/\/www.southcoast.org\/\",\"name\":\"Southcoast Health\",\"description\":\"More than medicine.\",\"potentialAction\":[{\"@type\":\"SearchAction\",\"target\":{\"@type\":\"EntryPoint\",\"urlTemplate\":\"https:\/\/www.southcoast.org\/?s={search_term_string}\"},\"query-input\":{\"@type\":\"PropertyValueSpecification\",\"valueRequired\":true,\"valueName\":\"search_term_string\"}}],\"inLanguage\":\"es-MX\"}]}<\/script>\n<!-- \/ Yoast SEO plugin. -->","yoast_head_json":{"title":"Solicitud de historiales m\u00e9dicos - Southcoast Health","robots":{"index":"index","follow":"follow","max-snippet":"max-snippet:-1","max-image-preview":"max-image-preview:large","max-video-preview":"max-video-preview:-1"},"canonical":"https:\/\/www.southcoast.org\/es\/patient-information\/requesting-medical-records\/","og_locale":"es_MX","og_type":"article","og_title":"Requesting Medical Records - Southcoast Health","og_url":"https:\/\/www.southcoast.org\/es\/patient-information\/requesting-medical-records\/","og_site_name":"Southcoast Health","article_modified_time":"2025-10-02T17:41:26+00:00","twitter_card":"summary_large_image","schema":{"@context":"https:\/\/schema.org","@graph":[{"@type":"WebPage","@id":"https:\/\/www.southcoast.org\/patient-information\/requesting-medical-records\/","url":"https:\/\/www.southcoast.org\/patient-information\/requesting-medical-records\/","name":"Solicitud de historiales m\u00e9dicos - Southcoast Health","isPartOf":{"@id":"https:\/\/www.southcoast.org\/#website"},"datePublished":"2025-06-19T19:32:13+00:00","dateModified":"2025-10-02T17:41:26+00:00","breadcrumb":{"@id":"https:\/\/www.southcoast.org\/patient-information\/requesting-medical-records\/#breadcrumb"},"inLanguage":"es-MX","potentialAction":[{"@type":"ReadAction","target":["https:\/\/www.southcoast.org\/patient-information\/requesting-medical-records\/"]}]},{"@type":"BreadcrumbList","@id":"https:\/\/www.southcoast.org\/patient-information\/requesting-medical-records\/#breadcrumb","itemListElement":[{"@type":"ListItem","position":1,"name":"","item":"https:\/\/www.southcoast.org\/"},{"@type":"ListItem","position":2,"name":"Patient Information","item":"https:\/\/www.southcoast.org\/patient-information\/"},{"@type":"ListItem","position":3,"name":"Requesting Medical Records"}]},{"@type":"WebSite","@id":"https:\/\/www.southcoast.org\/#website","url":"https:\/\/www.southcoast.org\/","name":"Southcoast Health","description":"M\u00e1s que medicina.","potentialAction":[{"@type":"SearchAction","target":{"@type":"EntryPoint","urlTemplate":"https:\/\/www.southcoast.org\/?s={search_term_string}"},"query-input":{"@type":"PropertyValueSpecification","valueRequired":true,"valueName":"search_term_string"}}],"inLanguage":"es-MX"}]}},"_links":{"self":[{"href":"https:\/\/www.southcoast.org\/es\/wp-json\/wp\/v2\/pages\/16007","targetHints":{"allow":["GET"]}}],"collection":[{"href":"https:\/\/www.southcoast.org\/es\/wp-json\/wp\/v2\/pages"}],"about":[{"href":"https:\/\/www.southcoast.org\/es\/wp-json\/wp\/v2\/types\/page"}],"author":[{"embeddable":true,"href":"https:\/\/www.southcoast.org\/es\/wp-json\/wp\/v2\/users\/7"}],"replies":[{"embeddable":true,"href":"https:\/\/www.southcoast.org\/es\/wp-json\/wp\/v2\/comments?post=16007"}],"version-history":[{"count":26,"href":"https:\/\/www.southcoast.org\/es\/wp-json\/wp\/v2\/pages\/16007\/revisions"}],"predecessor-version":[{"id":278527,"href":"https:\/\/www.southcoast.org\/es\/wp-json\/wp\/v2\/pages\/16007\/revisions\/278527"}],"up":[{"embeddable":true,"href":"https:\/\/www.southcoast.org\/es\/wp-json\/wp\/v2\/pages\/15989"}],"wp:attachment":[{"href":"https:\/\/www.southcoast.org\/es\/wp-json\/wp\/v2\/media?parent=16007"}],"curies":[{"name":"wp","href":"https:\/\/api.w.org\/{rel}","templated":true}]}}