{"id":15999,"date":"2025-06-19T19:30:14","date_gmt":"2025-06-19T19:30:14","guid":{"rendered":"https:\/\/test-southcoast-health-multi.southcoast-health.org\/?page_id=15999"},"modified":"2025-08-04T22:31:44","modified_gmt":"2025-08-04T22:31:44","slug":"patient-code-of-conduct","status":"publish","type":"page","link":"https:\/\/www.southcoast.org\/es\/patient-information\/patient-code-of-conduct\/","title":{"rendered":"C\u00f3digo de conducta del paciente"},"content":{"rendered":"<div  class=\"blockSettings  paddingTopSM paddingBottomMD heroBasicFluid darkTheme\" style=\"background-image:url(https:\/\/www.southcoast.org\/wp-content\/uploads\/2025\/06\/career_eras_tour_hero.webp);background-size:cover;background-position:center center;\"><div class=\"overlay\"><\/div><div class=\"container\">\n            <div class=\"grid\">\n            <div class=\"col-sm-12 col-bleed-y\">\n                <div class=\"Center\">\n                    <div class=\"breadcrumbsWrapper desktop-breadcrumbs\"><nav id=\"breadcrumbs\" aria-label=\"Migas de pan\"><ol><li><a href=\"https:\/\/www.southcoast.org\/es\/\"><i class=\"fa-light fa-house\"><\/i><span class=\"visually-hidden\">Inicio<\/span><\/a><\/li><\/ol><\/nav><\/div><div class=\"breadcrumbsWrapper mobile-breadcrumbs\"><p id=\"mobile-breadcrumbs\"><span><span><a href=\"https:\/\/www.southcoast.org\/es\"><i class=\"far fa-home\"><\/i><\/a><\/span> <i class=\"fa-solid fa-chevron-right separator\"><\/i> <span><a href=\"https:\/\/www.southcoast.org\/es\/patient-information\/\">Informaci\u00f3n para el paciente<\/a><\/span><\/span><\/p><\/div>                <\/div>\n            <\/div>\n        <\/div>\n        <div class=\"grid align-center\">\n        <div class=\"col-sm-10\">\n            <div class=\"Center\">\n\n                    <div class=\"mainCopyWrap\">\n            <h1>C\u00f3digo de conducta para pacientes e invitados<\/h1>\n        <\/div>\n    \n                \n            <\/div>\n        <\/div>\n    <\/div>\n<\/div>\n    <div class=\"cornerArtWrapper cornerArt-small\">\n        <img decoding=\"async\" class=\"cornerArt\" src=\"https:\/\/www.southcoast.org\/wp-content\/themes\/southcoast_multisite\/images\/corner-art.svg\" alt=\"\">\n    <\/div>\n<\/div>\n\n\n\n\n<div  class=\"blockSettings  paddingTopNone paddingBottomNone cardsQuickFluid light\" style=\"background-color:#e1f5fa;\"><div class=\"container\">\n            <div class=\"grid\" role=\"list\">\n                                        <div class=\"col-sm-6 col-lg-4\" role=\"listitem\">\n                        <a href=\"\/es\/patient-information\/patient-bill-of-rights\/\" target=\"_self\" class=\"quick-link\" style=\"\">\n                                                        <span lang=\"en\">Declaraci\u00f3n de derechos del paciente<\/span>\n                            <i class=\"fa-solid fa-arrow-up-right\"><\/i>\n                        <\/a>\n                    <\/div>\n                                \n                                                <div class=\"col-sm-6 col-lg-4\" role=\"listitem\">\n                        <a href=\"\/es\/patient-information\/patient-responsibilities\/\" target=\"_self\" class=\"quick-link\" style=\"\">\n                                                        <span lang=\"en\">Responsabilidades del paciente<\/span>\n                            <i class=\"fa-solid fa-arrow-up-right\"><\/i>\n                        <\/a>\n                    <\/div>\n                                \n                                                <div class=\"col-sm-6 col-lg-4\" role=\"listitem\">\n                        <a href=\"\/es\/patient-information\/patient-handbook\/\" target=\"_self\" class=\"quick-link\" style=\"\">\n                                                        <span lang=\"en\">Manual del paciente<\/span>\n                            <i class=\"fa-solid fa-arrow-up-right\"><\/i>\n                        <\/a>\n                    <\/div>\n                                \n                                        <\/div>\n<\/div>\n<\/div>\n\n\n<div  class=\"blockSettings  paddingTopMD paddingBottomMD media-object-block light\" style=\"\"><div class=\"container\">\n\t<div class=\"grid\">\n\t\t<div class=\"col-sm-12\">\n\t\t\t<div class=\"inner image-left list-style-disc inner-white-bg\" style=\"background-color: #fff;\">\n\t\t\t\t<div class=\"copy\">\n\t\t\t\t\t    <div class=\"mainCopyWrap\">\n            <h2>Acerca de nuestro C\u00f3digo de conducta para pacientes e invitados<\/h2>\n    <div class=\"paragraphWrap\"><p>En Southcoast Health, nuestros hospitales, consultorios de proveedores y todos los centros de atenci\u00f3n son entornos curativos donde la seguridad y el respeto son las principales prioridades. Cuando visite o busque atenci\u00f3n en cualquier centro de Southcoast Health, recuerde:<\/p>\n<ol>\n<li>Est\u00e1s en un lugar de curaci\u00f3n y respeto.<\/li>\n<li>Cualquier persona que entre en un centro de Southcoast Health debe hacerlo con la expectativa de que estar\u00e1 segura y ser\u00e1 tratada con respeto en todo momento, ya sea prestando o recibiendo atenci\u00f3n.<\/li>\n<li>Como miembros de esta comunidad, todos somos responsables de trabajar juntos para lograr un objetivo compartido, que es que la atenci\u00f3n se preste y se reciba en un entorno seguro y respetuoso.<\/li>\n<li>El respeto, la dignidad y la compasi\u00f3n no son s\u00f3lo palabras: son los cimientos sobre los que se asientan todas las instalaciones de Southcoast Health y nuestra comunidad.<\/li>\n<\/ol>\n<p>Gracias por ayudarnos a garantizar que todos los miembros de la comunidad a la que llamamos hogar puedan recibir una atenci\u00f3n excepcional de forma segura. Antes de su cita, por favor aseg\u00farese de que cualquier especialista que vea participa en su plan de seguro para evitar la no cobertura del servicio.<\/p>\n<\/div>    <\/div>\n        <div class=\"ctaWrap\">\n                    <a aria-label=\"enlace para ver el C\u00f3digo de conducta\" class=\"mainCTA shadow light1\" href=\"https:\/\/www.southcoast.org\/wp-content\/uploads\/2025\/06\/Patient-Guest-Code-of-Conduct.pdf\" target=\"_blank\" title=\"Abre Ver C\u00f3digo de Conducta en una pesta\u00f1a o ventana nueva\" rel=\"noopener noreferrer\">Ver el C\u00f3digo de conducta<span class=\"fa-regular fa-download\"><\/span><\/a>            <\/div>\n    \t\t\t\t<\/div>\n\t\t\t\t\t\t\t\t<div class=\"images\">\n\t\t\t\t\t\t<img decoding=\"async\" class=\"single\" src=\"https:\/\/www.southcoast.org\/wp-content\/uploads\/2025\/06\/patient_code_of_conduct_about.webp\" alt=\"Two women, one smiling while taking a patient&#039;s blood pressure using a sphygmomanometer.\">\n\t\t\t\t\t\t\t\t\t\t<\/div>\n\t\t\t\t\n\t\t\t<\/div>\n\t\t<\/div>\n\t<\/div>\n<\/div>\n<\/div>\n\n\n<div  class=\"blockSettings  paddingTopNone paddingBottomNone calloutbannerminiFluid layout-full darkTheme\" style=\"background: linear-gradient(110deg, #0A4A3D 2.57%, rgba(5, 116, 99, 0.99) 59.47%, #009984 99.08%);\"><div class=\"container-full\">\n    <div class=\"grid\">\n        <div class=\"col-sm-12 col-bleed\">\n            <div class=\"banner-content container ctas-1\">\n                                    <div class=\"copy\">\n                        <p>P\u00f3ngase en contacto con el equipo de Experiencia del Paciente de Southcoast Health llamando al 1-877-264-7244 si tiene alguna pregunta sobre el C\u00f3digo de Conducta para Pacientes e Invitados.<\/p>\n                    <\/div>\n                                    <div class=\"ctaWrap\">\n                    <a aria-label=\"enlace al 1-877-264-7244\" class=\"mainCTA shadow dark1\" href=\"tel:1-877-264-7244\" target=\"_blank\" title=\"Abre el 1-877-264-7244 en una nueva pesta\u00f1a o ventana\" rel=\"noopener noreferrer\">1-877-264-7244<span class=\"fa-regular fa-up-right-from-square\"><\/span><\/a>            <\/div>\n                <\/div>\n        <\/div>\n    <\/div>\n<\/div>\n<\/div>\n\n\n<div  class=\"blockSettings  paddingTopSM paddingBottomSM cardIconsFluid cardIconsDocument light\" style=\"background-color:#e1f5fa;\"><div class=\"container\">\n            <div class=\"grid\">\n            <div class=\"col-sm-12\">\n                <div class=\"introCenter\">\n                    <div class=\"maincopy intro\">\n                        <h2>Documentos del C\u00f3digo de Conducta para Pacientes e Invitados<\/h2>\n                                            <\/div>\n                                                                                                                                                                                                <\/div>\n            <\/div>\n        <\/div>\n    \n    <!-- Documents -->\n                        <div class=\"card-item\">\n                                <div class=\"grid\">\n                                                                            <div class=\"col-sm-6 col-md-2 col-grid\">\n                                    <a title=\"enlace al Manual del Paciente\" href=\"https:\/\/www.southcoast.org\/wp-content\/uploads\/2025\/07\/SHG-PTX-PtHandbook-ENG-D-2025.pdf\" class=\"cardBasic cardBasicText\" target=\"_blank\">\n                                        <span class=\"icon icon fa-regular fa-file-pdf\"><\/span>\n                                        <div class=\"cardBasicBody\">\n                                            <h2>Manual del paciente<\/h2>\n                                            <div class=\"excerpt\">\n                                            <p class=\"fileType\">(<span>pdf<\/span>7 MB)<\/p>\n                                            <\/div>\n                                        <\/div>\n                                    <\/a>\n                                <\/div>\n                                                            <div class=\"col-sm-6 col-md-2 col-grid\">\n                                    <a title=\"enlace a la Gu\u00eda del paciente\" href=\"https:\/\/www.southcoast.org\/wp-content\/uploads\/2025\/06\/HandbookDraft-220310_PT.pdf\" class=\"cardBasic cardBasicText\" target=\"_blank\">\n                                        <span class=\"icon icon fa-regular fa-file-pdf\"><\/span>\n                                        <div class=\"cardBasicBody\">\n                                            <h2>Gu\u00eda del paciente<\/h2>\n                                            <div class=\"excerpt\">\n                                            <p class=\"fileType\">(<span>pdf<\/span>, 9 MB)<\/p>\n                                            <\/div>\n                                        <\/div>\n                                    <\/a>\n                                <\/div>\n                                                            <div class=\"col-sm-6 col-md-2 col-grid\">\n                                    <a title=\"enlace al Manual del paciente\" href=\"https:\/\/www.southcoast.org\/wp-content\/uploads\/2025\/06\/HandbookDraft-210728_ES.pdf\" class=\"cardBasic cardBasicText\" target=\"_blank\">\n                                        <span class=\"icon icon fa-regular fa-file-pdf\"><\/span>\n                                        <div class=\"cardBasicBody\">\n                                            <h2>Manual del paciente<\/h2>\n                                            <div class=\"excerpt\">\n                                            <p class=\"fileType\">(<span>pdf<\/span>, 9 MB)<\/p>\n                                            <\/div>\n                                        <\/div>\n                                    <\/a>\n                                <\/div>\n                                                            <div class=\"col-sm-6 col-md-2 col-grid\">\n                                    <a title=\"Enlace a la pol\u00edtica de visitas\" href=\"https:\/\/www.southcoast.org\/wp-content\/uploads\/2025\/06\/Visitation-Policy-021324-English.pdf\" class=\"cardBasic cardBasicText\" target=\"_blank\">\n                                        <span class=\"icon icon fa-regular fa-file-pdf\"><\/span>\n                                        <div class=\"cardBasicBody\">\n                                            <h2>Pol\u00edtica de visitas<\/h2>\n                                            <div class=\"excerpt\">\n                                            <p class=\"fileType\">(<span>pdf<\/span>, 177 KB)<\/p>\n                                            <\/div>\n                                        <\/div>\n                                    <\/a>\n                                <\/div>\n                                                            <div class=\"col-sm-6 col-md-2 col-grid\">\n                                    <a title=\"enlace a Regulamento de Visitas\" href=\"https:\/\/www.southcoast.org\/wp-content\/uploads\/2025\/06\/Visitation-Policy-Portuguese-051223-11x17-1.pdf\" class=\"cardBasic cardBasicText\" target=\"_blank\">\n                                        <span class=\"icon icon fa-regular fa-file-pdf\"><\/span>\n                                        <div class=\"cardBasicBody\">\n                                            <h2>Regulamento de Visitas<\/h2>\n                                            <div class=\"excerpt\">\n                                            <p class=\"fileType\">(<span>pdf<\/span>, 489 KB)<\/p>\n                                            <\/div>\n                                        <\/div>\n                                    <\/a>\n                                <\/div>\n                                                            <div class=\"col-sm-6 col-md-2 col-grid\">\n                                    <a title=\"enlace a Pol\u00edtica de visitas\" href=\"https:\/\/www.southcoast.org\/wp-content\/uploads\/2025\/06\/Visitation-Policy-Spanish-051223-11x17-1.jpg\" class=\"cardBasic cardBasicText\" target=\"_blank\">\n                                        <span class=\"icon icon fa-solid fa-camera\"><\/span>\n                                        <div class=\"cardBasicBody\">\n                                            <h2>Pol\u00edtica de visitas<\/h2>\n                                            <div class=\"excerpt\">\n                                            <p class=\"fileType\">(<span>jpg<\/span>, 495 KB)<\/p>\n                                            <\/div>\n                                        <\/div>\n                                    <\/a>\n                                <\/div>\n                                                                                        <\/div>\n            <\/div>\n            <\/div>\n<\/div>","protected":false},"excerpt":{"rendered":"","protected":false},"author":7,"featured_media":0,"parent":15989,"menu_order":0,"comment_status":"closed","ping_status":"closed","template":"","meta":{"_acf_changed":false,"footnotes":""},"class_list":["post-15999","page","type-page","status-publish","hentry"],"acf":[],"yoast_head":"<!-- This site is optimized with the Yoast SEO plugin v26.0 - https:\/\/yoast.com\/wordpress\/plugins\/seo\/ -->\n<title>Patient Code of Conduct - Southcoast Health<\/title>\n<meta name=\"robots\" content=\"index, follow, max-snippet:-1, max-image-preview:large, max-video-preview:-1\" \/>\n<link rel=\"canonical\" href=\"https:\/\/www.southcoast.org\/es\/patient-information\/patient-code-of-conduct\/\" \/>\n<meta property=\"og:locale\" content=\"es_MX\" \/>\n<meta property=\"og:type\" content=\"article\" \/>\n<meta property=\"og:title\" content=\"Patient Code of Conduct - Southcoast Health\" \/>\n<meta property=\"og:url\" content=\"https:\/\/www.southcoast.org\/es\/patient-information\/patient-code-of-conduct\/\" \/>\n<meta property=\"og:site_name\" content=\"Southcoast Health\" \/>\n<meta property=\"article:modified_time\" content=\"2025-08-04T22:31:44+00:00\" \/>\n<meta name=\"twitter:card\" content=\"summary_large_image\" \/>\n<script type=\"application\/ld+json\" class=\"yoast-schema-graph\">{\"@context\":\"https:\/\/schema.org\",\"@graph\":[{\"@type\":\"WebPage\",\"@id\":\"https:\/\/www.southcoast.org\/patient-information\/patient-code-of-conduct\/\",\"url\":\"https:\/\/www.southcoast.org\/patient-information\/patient-code-of-conduct\/\",\"name\":\"Patient Code of Conduct - Southcoast Health\",\"isPartOf\":{\"@id\":\"https:\/\/www.southcoast.org\/#website\"},\"datePublished\":\"2025-06-19T19:30:14+00:00\",\"dateModified\":\"2025-08-04T22:31:44+00:00\",\"breadcrumb\":{\"@id\":\"https:\/\/www.southcoast.org\/patient-information\/patient-code-of-conduct\/#breadcrumb\"},\"inLanguage\":\"es-MX\",\"potentialAction\":[{\"@type\":\"ReadAction\",\"target\":[\"https:\/\/www.southcoast.org\/patient-information\/patient-code-of-conduct\/\"]}]},{\"@type\":\"BreadcrumbList\",\"@id\":\"https:\/\/www.southcoast.org\/patient-information\/patient-code-of-conduct\/#breadcrumb\",\"itemListElement\":[{\"@type\":\"ListItem\",\"position\":1,\"name\":\"\",\"item\":\"https:\/\/www.southcoast.org\/\"},{\"@type\":\"ListItem\",\"position\":2,\"name\":\"Patient Information\",\"item\":\"https:\/\/www.southcoast.org\/patient-information\/\"},{\"@type\":\"ListItem\",\"position\":3,\"name\":\"Patient Code of Conduct\"}]},{\"@type\":\"WebSite\",\"@id\":\"https:\/\/www.southcoast.org\/#website\",\"url\":\"https:\/\/www.southcoast.org\/\",\"name\":\"Southcoast Health\",\"description\":\"More than medicine.\",\"potentialAction\":[{\"@type\":\"SearchAction\",\"target\":{\"@type\":\"EntryPoint\",\"urlTemplate\":\"https:\/\/www.southcoast.org\/?s={search_term_string}\"},\"query-input\":{\"@type\":\"PropertyValueSpecification\",\"valueRequired\":true,\"valueName\":\"search_term_string\"}}],\"inLanguage\":\"es-MX\"}]}<\/script>\n<!-- \/ Yoast SEO plugin. -->","yoast_head_json":{"title":"C\u00f3digo de conducta del paciente - Southcoast Health","robots":{"index":"index","follow":"follow","max-snippet":"max-snippet:-1","max-image-preview":"max-image-preview:large","max-video-preview":"max-video-preview:-1"},"canonical":"https:\/\/www.southcoast.org\/es\/patient-information\/patient-code-of-conduct\/","og_locale":"es_MX","og_type":"article","og_title":"Patient Code of Conduct - Southcoast Health","og_url":"https:\/\/www.southcoast.org\/es\/patient-information\/patient-code-of-conduct\/","og_site_name":"Southcoast Health","article_modified_time":"2025-08-04T22:31:44+00:00","twitter_card":"summary_large_image","schema":{"@context":"https:\/\/schema.org","@graph":[{"@type":"WebPage","@id":"https:\/\/www.southcoast.org\/patient-information\/patient-code-of-conduct\/","url":"https:\/\/www.southcoast.org\/patient-information\/patient-code-of-conduct\/","name":"C\u00f3digo de conducta del paciente - Southcoast Health","isPartOf":{"@id":"https:\/\/www.southcoast.org\/#website"},"datePublished":"2025-06-19T19:30:14+00:00","dateModified":"2025-08-04T22:31:44+00:00","breadcrumb":{"@id":"https:\/\/www.southcoast.org\/patient-information\/patient-code-of-conduct\/#breadcrumb"},"inLanguage":"es-MX","potentialAction":[{"@type":"ReadAction","target":["https:\/\/www.southcoast.org\/patient-information\/patient-code-of-conduct\/"]}]},{"@type":"BreadcrumbList","@id":"https:\/\/www.southcoast.org\/patient-information\/patient-code-of-conduct\/#breadcrumb","itemListElement":[{"@type":"ListItem","position":1,"name":"","item":"https:\/\/www.southcoast.org\/"},{"@type":"ListItem","position":2,"name":"Patient Information","item":"https:\/\/www.southcoast.org\/patient-information\/"},{"@type":"ListItem","position":3,"name":"Patient Code of Conduct"}]},{"@type":"WebSite","@id":"https:\/\/www.southcoast.org\/#website","url":"https:\/\/www.southcoast.org\/","name":"Southcoast Health","description":"M\u00e1s que medicina.","potentialAction":[{"@type":"SearchAction","target":{"@type":"EntryPoint","urlTemplate":"https:\/\/www.southcoast.org\/?s={search_term_string}"},"query-input":{"@type":"PropertyValueSpecification","valueRequired":true,"valueName":"search_term_string"}}],"inLanguage":"es-MX"}]}},"_links":{"self":[{"href":"https:\/\/www.southcoast.org\/es\/wp-json\/wp\/v2\/pages\/15999","targetHints":{"allow":["GET"]}}],"collection":[{"href":"https:\/\/www.southcoast.org\/es\/wp-json\/wp\/v2\/pages"}],"about":[{"href":"https:\/\/www.southcoast.org\/es\/wp-json\/wp\/v2\/types\/page"}],"author":[{"embeddable":true,"href":"https:\/\/www.southcoast.org\/es\/wp-json\/wp\/v2\/users\/7"}],"replies":[{"embeddable":true,"href":"https:\/\/www.southcoast.org\/es\/wp-json\/wp\/v2\/comments?post=15999"}],"version-history":[{"count":9,"href":"https:\/\/www.southcoast.org\/es\/wp-json\/wp\/v2\/pages\/15999\/revisions"}],"predecessor-version":[{"id":22045,"href":"https:\/\/www.southcoast.org\/es\/wp-json\/wp\/v2\/pages\/15999\/revisions\/22045"}],"up":[{"embeddable":true,"href":"https:\/\/www.southcoast.org\/es\/wp-json\/wp\/v2\/pages\/15989"}],"wp:attachment":[{"href":"https:\/\/www.southcoast.org\/es\/wp-json\/wp\/v2\/media?parent=15999"}],"curies":[{"name":"wp","href":"https:\/\/api.w.org\/{rel}","templated":true}]}}