{"id":15997,"date":"2025-06-19T19:29:54","date_gmt":"2025-06-19T19:29:54","guid":{"rendered":"https:\/\/test-southcoast-health-multi.southcoast-health.org\/?page_id=15997"},"modified":"2025-08-04T22:31:25","modified_gmt":"2025-08-04T22:31:25","slug":"patient-bill-of-rights","status":"publish","type":"page","link":"https:\/\/www.southcoast.org\/es\/patient-information\/patient-bill-of-rights\/","title":{"rendered":"Declaraci\u00f3n de derechos del paciente"},"content":{"rendered":"<div  class=\"blockSettings  paddingTopSM paddingBottomMD heroBasicFluid darkTheme\" style=\"background-image:url(https:\/\/www.southcoast.org\/wp-content\/uploads\/2025\/06\/career_eras_tour_hero.webp);background-size:cover;background-position:center center;\"><div class=\"overlay\"><\/div><div class=\"container\">\n            <div class=\"grid\">\n            <div class=\"col-sm-12 col-bleed-y\">\n                <div class=\"Center\">\n                    <div class=\"breadcrumbsWrapper desktop-breadcrumbs\"><nav id=\"breadcrumbs\" aria-label=\"Migas de pan\"><ol><li><a href=\"https:\/\/www.southcoast.org\/es\/\"><i class=\"fa-light fa-house\"><\/i><span class=\"visually-hidden\">Inicio<\/span><\/a><\/li><\/ol><\/nav><\/div><div class=\"breadcrumbsWrapper mobile-breadcrumbs\"><p id=\"mobile-breadcrumbs\"><span><span><a href=\"https:\/\/www.southcoast.org\/es\"><i class=\"far fa-home\"><\/i><\/a><\/span> <i class=\"fa-solid fa-chevron-right separator\"><\/i> <span><a href=\"https:\/\/www.southcoast.org\/es\/patient-information\/\">Informaci\u00f3n para el paciente<\/a><\/span><\/span><\/p><\/div>                <\/div>\n            <\/div>\n        <\/div>\n        <div class=\"grid align-center\">\n        <div class=\"col-sm-10\">\n            <div class=\"Center\">\n\n                    <div class=\"mainCopyWrap\">\n            <h1>Declaraci\u00f3n de derechos del paciente<\/h1>\n        <\/div>\n    \n                \n            <\/div>\n        <\/div>\n    <\/div>\n<\/div>\n    <div class=\"cornerArtWrapper cornerArt-small\">\n        <img decoding=\"async\" class=\"cornerArt\" src=\"https:\/\/www.southcoast.org\/wp-content\/themes\/southcoast_multisite\/images\/corner-art.svg\" alt=\"\">\n    <\/div>\n<\/div>\n\n\n\n\n<div  class=\"blockSettings  paddingTopNone paddingBottomNone cardsQuickFluid light\" style=\"background-color:#e1f5fa;\"><div class=\"container\">\n            <div class=\"grid\" role=\"list\">\n                                        <div class=\"col-sm-6 col-lg-4\" role=\"listitem\">\n                        <a href=\"\/es\/patient-information\/patient-responsibilities\/\" target=\"_self\" class=\"quick-link\" style=\"\">\n                                                        <span lang=\"en\">Responsabilidades del paciente<\/span>\n                            <i class=\"fa-solid fa-arrow-up-right\"><\/i>\n                        <\/a>\n                    <\/div>\n                                \n                                                <div class=\"col-sm-6 col-lg-4\" role=\"listitem\">\n                        <a href=\"\/es\/patient-information\/patient-code-of-conduct\/\" target=\"_self\" class=\"quick-link\" style=\"\">\n                                                        <span lang=\"en\">C\u00f3digo de conducta para pacientes e invitados<\/span>\n                            <i class=\"fa-solid fa-arrow-up-right\"><\/i>\n                        <\/a>\n                    <\/div>\n                                \n                                                <div class=\"col-sm-6 col-lg-4\" role=\"listitem\">\n                        <a href=\"\/es\/patient-information\/patient-handbook\/\" target=\"_self\" class=\"quick-link\" style=\"\">\n                                                        <span lang=\"en\">Manual del paciente<\/span>\n                            <i class=\"fa-solid fa-arrow-up-right\"><\/i>\n                        <\/a>\n                    <\/div>\n                                \n                                        <\/div>\n<\/div>\n<\/div>\n\n\n<div  class=\"blockSettings  paddingTopSM paddingBottomMD copyFullFluid light\" style=\"\">\t<div class=\"container\">\n\t\t<div class=\"grid\">\n            \t\t\t<div class=\"copyFullWrap bg-white\">\n\t\t\t\t<div class=\"col-sm-12\">\n                    <div class=\"maincopy\">\n                        <h2>Como paciente del Southcoast Hospitals Group, sus derechos incluyen el derecho a:<\/h2>\n<ul>\n<li>Recibir atenci\u00f3n y tratamiento en un entorno seguro y protegido, y a que todas las solicitudes razonables reciban una respuesta r\u00e1pida y adecuada dentro de la capacidad del hospital.<\/li>\n<li>Reciba un trato considerado y respetuoso que apoye sus valores y creencias. El asesoramiento pastoral est\u00e1 disponible previa solicitud.<\/li>\n<li>Conozca el nombre y la especialidad profesional de cualquier m\u00e9dico u otra persona que participe en su atenci\u00f3n.<\/li>\n<li>Reciba informaci\u00f3n completa y actualizada en t\u00e9rminos que pueda entender.<\/li>\n<li>Que un familiar, amigo u otra persona est\u00e9 presente con usted para darle apoyo emocional durante la estancia, a menos que su presencia vulnere los derechos o la seguridad de otras personas o est\u00e9 contraindicada desde el punto de vista m\u00e9dico o terap\u00e9utico.<\/li>\n<li>Esperar la confidencialidad de la comunicaci\u00f3n y de la informaci\u00f3n del historial m\u00e9dico relativa a su diagn\u00f3stico, tratamiento y cuidados.<\/li>\n<li>Revisar su historial m\u00e9dico en presencia de su m\u00e9dico o enfermera, y recibir una copia a un precio razonable.<\/li>\n<li>Estar informado de los procedimientos, tratamientos, riesgos, beneficios y alternativas para poder tomar decisiones y dar su consentimiento.<\/li>\n<li>Rechazar el tratamiento y ser informado de los riesgos de su decisi\u00f3n.<\/li>\n<li>Recibir informaci\u00f3n y conocer sus derechos si decide participar en investigaciones, estudios de investigaci\u00f3n o ensayos cl\u00ednicos.<\/li>\n<li>Intimidad personal durante el tratamiento y los cuidados m\u00e9dicos.<\/li>\n<li>Negarse a ser examinado, observado o tratado por estudiantes o cualquier otro personal del hospital sin poner en peligro su acceso a otros cuidados m\u00e9dicos.<\/li>\n<li>Tratamiento inmediato para salvar vidas en caso de emergencia, sin discriminaci\u00f3n por situaci\u00f3n econ\u00f3mica o fuente de pago.<\/li>\n<li>Recibir una explicaci\u00f3n si debe ser trasladado a otra instituci\u00f3n.<\/li>\n<li>Reciba una explicaci\u00f3n de su factura independientemente del pagador, y reciba informaci\u00f3n sobre ayudas econ\u00f3micas y asistencia sanitaria gratuita.<\/li>\n<li>Disponer de informaci\u00f3n completa, en el momento del preingreso, sobre las pr\u00e1cticas de maternidad del hospital.<\/li>\n<li>Nombrar a un apoderado para la atenci\u00f3n sanitaria como sustituto en la toma de decisiones sobre su atenci\u00f3n sanitaria en caso de que usted no pueda tomar o comunicar sus propias decisiones.<\/li>\n<li>Solicitar ayuda al Comit\u00e9 de Bio\u00e9tica si se enfrenta a un problema o conflicto \u00e9tico.<\/li>\n<li>Recibir informaci\u00f3n precisa por escrito sobre anticoncepci\u00f3n de emergencia y disponer de anticoncepci\u00f3n de emergencia si eres una mujer v\u00edctima de violaci\u00f3n en edad f\u00e9rtil.<\/li>\n<\/ul>\n                    <\/div>\n\n                    \n                    <div class=\"ctaWrap ctaLeft\">\n                                                                                        <a aria-label=\"enlace para descargar la Carta de Derechos del Paciente en PDF\" class=\"mainCTA shadow light1 ctaRight\" href=\"https:\/\/www.southcoast.org\/wp-content\/uploads\/2025\/07\/Patient-Bill-of-Rights-June-2025.pdf\" target=\"_blank\" title=\"Abre la descarga de la Declaraci\u00f3n de Derechos del Paciente en PDF en una nueva pesta\u00f1a o ventana\" rel=\"noopener noreferrer\">Descargar la Declaraci\u00f3n de derechos del paciente en PDF<span class=\"fa-regular fa-download\"><\/span><\/a>                                                                                    \n                                                                                                                            <\/div>\n\n\t\t\t\t<\/div>\n\t\t\t<\/div>\n            \n\n            \n\n            \t\t<\/div>\n\t<\/div>\n<\/div>\n\n\n<div  class=\"blockSettings  paddingTopMD paddingBottomMD cardTextFluid light\" style=\"background-color:#e1f5fa;\"><div class=\"container\">\n            <div class=\"grid\">\n            <div class=\"col-sm-12\">\n                <div class=\"introCenter\">\n                    <div class=\"maincopy intro\">\n                        <h2>Informaci\u00f3n de contacto<\/h2>\n                                            <\/div>\n                                                                                                                                                                                                <\/div>\n            <\/div>\n        <\/div>\n    \n            <!--Manual Cards-->\n        <div class=\"grid\">\n                                                    <div class=\"col-sm-6 col-md-4 col-grid\">\n                            <div class=\"cardBasic cardBasicText\">\n                                <div class=\"cardBasicBody\">\n                                    <div class=\"cardBasicBodyInner\">\n                                        <p class=\"preHeadline\"><\/p>\n                                        <p class=\"cardBasicBodyTitle\">Junta de Registro de M\u00e9dicos de Massachusetts<\/p>\n                                        <div class=\"excerpt\">\n                                            <p>200 Harvard Mill Sq., Suite 330<br \/>\nWakefield, MA 01880<br \/>\n781-876-8200<\/p>\n                                        <\/div>\n                                    <\/div>\n                                <\/div>\n                            <\/div>\n                        <\/div>\n                                                            <div class=\"col-sm-6 col-md-4 col-grid\">\n                            <div class=\"cardBasic cardBasicText\">\n                                <div class=\"cardBasicBody\">\n                                    <div class=\"cardBasicBodyInner\">\n                                                                                <p class=\"cardBasicBodyTitle\">Departamento de Salud P\u00fablica de Massachusetts Divisi\u00f3n de Calidad de la Atenci\u00f3n Sanitaria, Unidad de Quejas<\/p>\n                                        <div class=\"excerpt\">\n                                            <p>Calle Chauncy 99<br \/>\nBoston, MA 02111<br \/>\n800-462-5540<\/p>\n                                        <\/div>\n                                    <\/div>\n                                    <a title=\"enlace a www.mass.gov\/dph\/dhcq\/\" href=\"http:\/\/www.mass.gov\/dph\/dhcq\/\" target=\"_blank\"\n                                        class=\"readMore\"><i class=\"sc-icon sc-icon-green rotate-arrow fa-regular fa-arrow-up-right readMoreIcon\"><\/i> www.mass.gov\/dph\/dhcq\/ <i class=\"fa-regular fa-arrow-up-right-from-square readMoreIconTarget\"><\/i><\/a>\n                                <\/div>\n                            <\/div>\n                        <\/div>\n                                                            <div class=\"col-sm-6 col-md-4 col-grid\">\n                            <div class=\"cardBasic cardBasicText\">\n                                <div class=\"cardBasicBody\">\n                                    <div class=\"cardBasicBodyInner\">\n                                                                                <p class=\"cardBasicBodyTitle\">The Joint Commission Divisi\u00f3n de Operaciones de Acreditaci\u00f3n Oficina de Control de Calidad<\/p>\n                                        <div class=\"excerpt\">\n                                            <p>One Renaissance Boulevard<br \/>\nOakbrook Terrace, IL 60181<br \/>\nTel\u00e9fono: 800-994-6610 Fax: 630-792-5636<br \/>\nCorreo electr\u00f3nico: <a href=\"mailto:complaint@jointcommission.org\" target=\"_blank\" rel=\"noopener\">complaint@jointcommission.org<\/a><\/p>\n                                        <\/div>\n                                    <\/div>\n                                    <a title=\"enlace a www.jointcommission.org\" href=\"http:\/\/www.jointcommission.org\" target=\"_blank\"\n                                        class=\"readMore\"><i class=\"sc-icon sc-icon-green rotate-arrow fa-regular fa-arrow-up-right readMoreIcon\"><\/i> www.jointcommission.org <i class=\"fa-regular fa-arrow-up-right-from-square readMoreIconTarget\"><\/i><\/a>\n                                <\/div>\n                            <\/div>\n                        <\/div>\n                                                        <\/div>\n    <\/div>\n<\/div>","protected":false},"excerpt":{"rendered":"","protected":false},"author":7,"featured_media":0,"parent":15989,"menu_order":0,"comment_status":"closed","ping_status":"closed","template":"","meta":{"_acf_changed":false,"footnotes":""},"class_list":["post-15997","page","type-page","status-publish","hentry"],"acf":[],"yoast_head":"<!-- This site is optimized with the Yoast SEO plugin v26.0 - https:\/\/yoast.com\/wordpress\/plugins\/seo\/ -->\n<title>Patient Bill of Rights - Southcoast Health<\/title>\n<meta name=\"robots\" content=\"index, follow, max-snippet:-1, max-image-preview:large, max-video-preview:-1\" \/>\n<link rel=\"canonical\" href=\"https:\/\/www.southcoast.org\/es\/patient-information\/patient-bill-of-rights\/\" \/>\n<meta property=\"og:locale\" content=\"es_MX\" \/>\n<meta property=\"og:type\" content=\"article\" \/>\n<meta property=\"og:title\" content=\"Patient Bill of Rights - Southcoast Health\" \/>\n<meta property=\"og:url\" content=\"https:\/\/www.southcoast.org\/es\/patient-information\/patient-bill-of-rights\/\" \/>\n<meta property=\"og:site_name\" content=\"Southcoast Health\" \/>\n<meta property=\"article:modified_time\" content=\"2025-08-04T22:31:25+00:00\" \/>\n<meta name=\"twitter:card\" content=\"summary_large_image\" \/>\n<script type=\"application\/ld+json\" class=\"yoast-schema-graph\">{\"@context\":\"https:\/\/schema.org\",\"@graph\":[{\"@type\":\"WebPage\",\"@id\":\"https:\/\/www.southcoast.org\/patient-information\/patient-bill-of-rights\/\",\"url\":\"https:\/\/www.southcoast.org\/patient-information\/patient-bill-of-rights\/\",\"name\":\"Patient Bill of Rights - Southcoast Health\",\"isPartOf\":{\"@id\":\"https:\/\/www.southcoast.org\/#website\"},\"datePublished\":\"2025-06-19T19:29:54+00:00\",\"dateModified\":\"2025-08-04T22:31:25+00:00\",\"breadcrumb\":{\"@id\":\"https:\/\/www.southcoast.org\/patient-information\/patient-bill-of-rights\/#breadcrumb\"},\"inLanguage\":\"es-MX\",\"potentialAction\":[{\"@type\":\"ReadAction\",\"target\":[\"https:\/\/www.southcoast.org\/patient-information\/patient-bill-of-rights\/\"]}]},{\"@type\":\"BreadcrumbList\",\"@id\":\"https:\/\/www.southcoast.org\/patient-information\/patient-bill-of-rights\/#breadcrumb\",\"itemListElement\":[{\"@type\":\"ListItem\",\"position\":1,\"name\":\"\",\"item\":\"https:\/\/www.southcoast.org\/\"},{\"@type\":\"ListItem\",\"position\":2,\"name\":\"Patient Information\",\"item\":\"https:\/\/www.southcoast.org\/patient-information\/\"},{\"@type\":\"ListItem\",\"position\":3,\"name\":\"Patient Bill of Rights\"}]},{\"@type\":\"WebSite\",\"@id\":\"https:\/\/www.southcoast.org\/#website\",\"url\":\"https:\/\/www.southcoast.org\/\",\"name\":\"Southcoast Health\",\"description\":\"More than medicine.\",\"potentialAction\":[{\"@type\":\"SearchAction\",\"target\":{\"@type\":\"EntryPoint\",\"urlTemplate\":\"https:\/\/www.southcoast.org\/?s={search_term_string}\"},\"query-input\":{\"@type\":\"PropertyValueSpecification\",\"valueRequired\":true,\"valueName\":\"search_term_string\"}}],\"inLanguage\":\"es-MX\"}]}<\/script>\n<!-- \/ Yoast SEO plugin. -->","yoast_head_json":{"title":"Declaraci\u00f3n de derechos del paciente - Southcoast Health","robots":{"index":"index","follow":"follow","max-snippet":"max-snippet:-1","max-image-preview":"max-image-preview:large","max-video-preview":"max-video-preview:-1"},"canonical":"https:\/\/www.southcoast.org\/es\/patient-information\/patient-bill-of-rights\/","og_locale":"es_MX","og_type":"article","og_title":"Patient Bill of Rights - Southcoast Health","og_url":"https:\/\/www.southcoast.org\/es\/patient-information\/patient-bill-of-rights\/","og_site_name":"Southcoast Health","article_modified_time":"2025-08-04T22:31:25+00:00","twitter_card":"summary_large_image","schema":{"@context":"https:\/\/schema.org","@graph":[{"@type":"WebPage","@id":"https:\/\/www.southcoast.org\/patient-information\/patient-bill-of-rights\/","url":"https:\/\/www.southcoast.org\/patient-information\/patient-bill-of-rights\/","name":"Declaraci\u00f3n de derechos del paciente - Southcoast Health","isPartOf":{"@id":"https:\/\/www.southcoast.org\/#website"},"datePublished":"2025-06-19T19:29:54+00:00","dateModified":"2025-08-04T22:31:25+00:00","breadcrumb":{"@id":"https:\/\/www.southcoast.org\/patient-information\/patient-bill-of-rights\/#breadcrumb"},"inLanguage":"es-MX","potentialAction":[{"@type":"ReadAction","target":["https:\/\/www.southcoast.org\/patient-information\/patient-bill-of-rights\/"]}]},{"@type":"BreadcrumbList","@id":"https:\/\/www.southcoast.org\/patient-information\/patient-bill-of-rights\/#breadcrumb","itemListElement":[{"@type":"ListItem","position":1,"name":"","item":"https:\/\/www.southcoast.org\/"},{"@type":"ListItem","position":2,"name":"Patient Information","item":"https:\/\/www.southcoast.org\/patient-information\/"},{"@type":"ListItem","position":3,"name":"Patient Bill of Rights"}]},{"@type":"WebSite","@id":"https:\/\/www.southcoast.org\/#website","url":"https:\/\/www.southcoast.org\/","name":"Southcoast Health","description":"M\u00e1s que medicina.","potentialAction":[{"@type":"SearchAction","target":{"@type":"EntryPoint","urlTemplate":"https:\/\/www.southcoast.org\/?s={search_term_string}"},"query-input":{"@type":"PropertyValueSpecification","valueRequired":true,"valueName":"search_term_string"}}],"inLanguage":"es-MX"}]}},"_links":{"self":[{"href":"https:\/\/www.southcoast.org\/es\/wp-json\/wp\/v2\/pages\/15997","targetHints":{"allow":["GET"]}}],"collection":[{"href":"https:\/\/www.southcoast.org\/es\/wp-json\/wp\/v2\/pages"}],"about":[{"href":"https:\/\/www.southcoast.org\/es\/wp-json\/wp\/v2\/types\/page"}],"author":[{"embeddable":true,"href":"https:\/\/www.southcoast.org\/es\/wp-json\/wp\/v2\/users\/7"}],"replies":[{"embeddable":true,"href":"https:\/\/www.southcoast.org\/es\/wp-json\/wp\/v2\/comments?post=15997"}],"version-history":[{"count":13,"href":"https:\/\/www.southcoast.org\/es\/wp-json\/wp\/v2\/pages\/15997\/revisions"}],"predecessor-version":[{"id":22044,"href":"https:\/\/www.southcoast.org\/es\/wp-json\/wp\/v2\/pages\/15997\/revisions\/22044"}],"up":[{"embeddable":true,"href":"https:\/\/www.southcoast.org\/es\/wp-json\/wp\/v2\/pages\/15989"}],"wp:attachment":[{"href":"https:\/\/www.southcoast.org\/es\/wp-json\/wp\/v2\/media?parent=15997"}],"curies":[{"name":"wp","href":"https:\/\/api.w.org\/{rel}","templated":true}]}}