{"id":15969,"date":"2025-06-19T19:22:51","date_gmt":"2025-06-19T19:22:51","guid":{"rendered":"https:\/\/test-southcoast-health-multi.southcoast-health.org\/?page_id=15969"},"modified":"2025-11-21T15:56:57","modified_gmt":"2025-11-21T20:56:57","slug":"before-and-after","status":"publish","type":"page","link":"https:\/\/www.southcoast.org\/es\/dr-gregory-bormes\/before-and-after\/","title":{"rendered":"Dr. Bormes Fotos de antes y despu\u00e9s"},"content":{"rendered":"<div  class=\"blockSettings  paddingTopSM paddingBottomMD heroBasicFluid darkTheme\" style=\"background-image:url(https:\/\/www.southcoast.org\/wp-content\/uploads\/2025\/06\/career_eras_tour_hero.webp);background-size:cover;background-position:center center;\"><div class=\"overlay\"><\/div><div class=\"container\">\n            <div class=\"grid\">\n            <div class=\"col-sm-12 col-bleed-y\">\n                <div class=\"Center\">\n                    <div class=\"breadcrumbsWrapper desktop-breadcrumbs\"><nav id=\"breadcrumbs\" aria-label=\"Migas de pan\"><ol><li><a href=\"https:\/\/www.southcoast.org\/es\/\"><i class=\"fa-light fa-house\"><\/i><span class=\"visually-hidden\">Inicio<\/span><\/a><\/li><\/ol><\/nav><\/div><div class=\"breadcrumbsWrapper mobile-breadcrumbs\"><p id=\"mobile-breadcrumbs\"><span><span><a href=\"https:\/\/www.southcoast.org\/es\"><i class=\"far fa-home\"><\/i><\/a><\/span> <i class=\"fa-solid fa-chevron-right separator\"><\/i> <span><a href=\"https:\/\/www.southcoast.org\/es\/dr-gregory-bormes\/\">Dr. Gregory Bormes<\/a><\/span><\/span><\/p><\/div>                <\/div>\n            <\/div>\n        <\/div>\n        <div class=\"grid align-center\">\n        <div class=\"col-sm-10\">\n            <div class=\"Center\">\n\n                    <div class=\"mainCopyWrap\">\n            <h1>Dr. Bormes Fotos de antes y despu\u00e9s<\/h1>\n    <div class=\"paragraphWrap\"><p>Descargo de responsabilidad sobre las fotograf\u00edas: Utilizamos un sistema Vectra 3D para capturar fotograf\u00edas del antes y el despu\u00e9s. Aunque nos esforzamos por ofrecer las representaciones m\u00e1s precisas de los resultados quir\u00fargicos, tenga en cuenta que el sistema Vectra 3D no siempre puede producir im\u00e1genes perfectas. No alteramos ninguna foto aparte de la eliminaci\u00f3n de tatuajes que podr\u00edan estar vinculados a la identificaci\u00f3n de un paciente.<\/p><\/div>    <\/div>\n    \n                \n            <\/div>\n        <\/div>\n    <\/div>\n<\/div>\n    <div class=\"cornerArtWrapper cornerArt-small\">\n        <img decoding=\"async\" class=\"cornerArt\" src=\"https:\/\/www.southcoast.org\/wp-content\/themes\/southcoast_multisite\/images\/corner-art.svg\" alt=\"\">\n    <\/div>\n<\/div>\n\n    <div class=\"heroBasicFluidExtended\">\n        <div class=\"container\">\n            <div class=\"grid\">\n                <div class=\"col-sm-12 col-bleed-y\">\n                    <!-- Mobile Jump Nav Dropdown -->\n                    <div class=\"jump-nav-mobile\">\n                        <p>Saltar al contenido<\/p>\n                        <select>\n                            <option value=\"\">Seleccionar secci\u00f3n<\/option>\n                                                                                                <option value=\"#abdominoplasty\">\n                                        Abdominoplastia (cirug\u00eda est\u00e9tica de abdomen)                                    <\/option>\n                                                                                                                                <option value=\"#breastlift\">\n                                        Elevaci\u00f3n de mamas                                    <\/option>\n                                                                                                                                <option value=\"#breastreconstruction\">\n                                        Reconstrucci\u00f3n mamaria                                    <\/option>\n                                                                                                                                <option value=\"#breastreduction\">\n                                        Reducci\u00f3n mamaria                                    <\/option>\n                                                                                                                                <option value=\"#panniculectomy\">\n                                        Paniculectom\u00eda                                    <\/option>\n                                                                                    <\/select>\n                        <i class=\"fal fa-angle-down\"><\/i>\n                    <\/div>\n                    <!-- Desktop Jump Nav Links -->\n                    <div class=\"jump-nav-desktop\">\n                        <div class=\"jump-nav-wrap\">\n                            <div class=\"inner\">\n                                                                                                            <a href=\"#abdominoplasty\"\n                                            >\n                                            Abdominoplastia (cirug\u00eda est\u00e9tica de abdomen)                                        <\/a>\n                                                                                                                                                <a href=\"#breastlift\"\n                                            >\n                                            Elevaci\u00f3n de mamas                                        <\/a>\n                                                                                                                                                <a href=\"#breastreconstruction\"\n                                            >\n                                            Reconstrucci\u00f3n mamaria                                        <\/a>\n                                                                                                                                                <a href=\"#breastreduction\"\n                                            >\n                                            Reducci\u00f3n mamaria                                        <\/a>\n                                                                                                                                                <a href=\"#panniculectomy\"\n                                            >\n                                            Paniculectom\u00eda                                        <\/a>\n                                                                                                <\/div>\n                        <\/div>\n                    <\/div>\n                <\/div>\n            <\/div>\n        <\/div>\n    <\/div>\n\n\n\n\n\n<div id=\"abdominoplasty\" class=\"blockSettings  paddingTopMD paddingBottomMD sliderFluid light\" style=\"\"><div class=\"container-full\">\n\t\t\t<div class=\"grid\">\n\t\t\t<div class=\"col-sm-12\">\n\t\t\t\t<div class=\"introCenter\">\n\t\t\t\t\t    <div class=\"mainCopyWrap\">\n            <h2>Abdominoplastia (cirug\u00eda est\u00e9tica de abdomen)<\/h2>\n        <\/div>\n    \t\t\t\t\t\t\t\t\t<\/div>\n\t\t\t<\/div>\n\t\t<\/div>\n\t\t\t\t\t\t\t<div class=\"blockSeparator\"><\/div>\n\t\t\t\t\t\t<div class=\"grid\">\n\t\t\t<div class=\"col-sm-12\">\n\t\t\t\t<div class=\"slider\">\n\t\t\t\t\t\t\t\t\t\t\t<div class=\"slide-wrap\">\n\t\t\t\t\t\t\t<div class=\"slide-img\" style=\"background-image:url('https:\/\/www.southcoast.org\/wp-content\/uploads\/2025\/07\/37-year-old-female-Abdominoplasty-52-175-lbs-Watermarked-2.png')\"><\/div>\n\t\t\t\t\t\t\t    <div class=\"mainCopyWrap\">\n            <h3>Mujer de 37 a\u00f1os Abdominoplastia, Altura: 5'2, Peso: 175 lbs.<\/h3>\n        <\/div>\n    \n\t\t\t\t\t\t<\/div>\n\t\t\t\t\t\t\t\t\t\t\t<div class=\"slide-wrap\">\n\t\t\t\t\t\t\t<div class=\"slide-img\" style=\"background-image:url('https:\/\/www.southcoast.org\/wp-content\/uploads\/2025\/07\/54-year-old-female-Abdominoplasty-52-208lbs-Watermarked-2.png')\"><\/div>\n\t\t\t\t\t\t\t    <div class=\"mainCopyWrap\">\n            <h3>Mujer de 54 a\u00f1os Abdominoplastia, Altura: 5'2, Peso: 208 lbs.<\/h3>\n        <\/div>\n    \n\t\t\t\t\t\t<\/div>\n\t\t\t\t\t\t\t\t\t<\/div>\n\t\t\t<\/div>\n\t\t<\/div>\n\t<\/div>\n<\/div>\n\n\n<div id=\"breastlift\" class=\"blockSettings  paddingTopNone paddingBottomMD media-object-block light\" style=\"\"><div class=\"container\">\n\t<div class=\"grid\">\n\t\t<div class=\"col-sm-12\">\n\t\t\t<div class=\"inner image-right list-style-disc inner-white-bg\" style=\"background-color: #fff;\">\n\t\t\t\t<div class=\"copy\">\n\t\t\t\t\t    <div class=\"mainCopyWrap\">\n            <h2>Elevaci\u00f3n de mamas<\/h2>\n    <div class=\"paragraphWrap\"><p>Mujer de 30 a\u00f1os Elevaci\u00f3n de mamas<br \/>\nAltura: 1,70 m<br \/>\nPeso: 180 lbs.<\/p>\n<\/div>    <\/div>\n    \t\t\t\t<\/div>\n\t\t\t\t\t\t\t\t<div class=\"images\">\n\t\t\t\t\t\t<img decoding=\"async\" class=\"single\" src=\"https:\/\/www.southcoast.org\/wp-content\/uploads\/2025\/07\/30-year-old-female-Breast-Lift-53-180lbs-Watermarked-2.png\" alt=\"Torso of an adult female undergoing breast lift procedure, shown before and after.\">\n\t\t\t\t\t\t\t\t\t\t<\/div>\n\t\t\t\t\n\t\t\t<\/div>\n\t\t<\/div>\n\t<\/div>\n<\/div>\n<\/div>\n\n\n\n\n<div id=\"breastreconstruction\" class=\"blockSettings  paddingTopNone paddingBottomMD sliderFluid light\" style=\"\"><div class=\"container-full\">\n\t\t\t<div class=\"grid\">\n\t\t\t<div class=\"col-sm-12\">\n\t\t\t\t<div class=\"introCenter\">\n\t\t\t\t\t    <div class=\"mainCopyWrap\">\n            <h2>Reconstrucci\u00f3n mamaria<\/h2>\n        <\/div>\n    \t\t\t\t\t\t\t\t\t<\/div>\n\t\t\t<\/div>\n\t\t<\/div>\n\t\t\t\t\t\t\t<div class=\"blockSeparator\"><\/div>\n\t\t\t\t\t\t<div class=\"grid\">\n\t\t\t<div class=\"col-sm-12\">\n\t\t\t\t<div class=\"slider\">\n\t\t\t\t\t\t\t\t\t\t\t<div class=\"slide-wrap\">\n\t\t\t\t\t\t\t<div class=\"slide-img\" style=\"background-image:url('https:\/\/www.southcoast.org\/wp-content\/uploads\/2025\/07\/60-year-old-female-Bilateral-Breast-Reconstruction-59-173lbs-Watermarked-2.png')\"><\/div>\n\t\t\t\t\t\t\t    <div class=\"mainCopyWrap\">\n            <h3>Mujer de 60 a\u00f1os Reconstrucci\u00f3n mamaria bilateral, Altura: 1,70 m, Peso: 75 kg.<\/h3>\n        <\/div>\n    \n\t\t\t\t\t\t<\/div>\n\t\t\t\t\t\t\t\t\t\t\t<div class=\"slide-wrap\">\n\t\t\t\t\t\t\t<div class=\"slide-img\" style=\"background-image:url('https:\/\/www.southcoast.org\/wp-content\/uploads\/2025\/07\/61-year-old-female-Bilateral-Breast-Reconstruction-53-159lbs-Watermarked-2.png')\"><\/div>\n\t\t\t\t\t\t\t    <div class=\"mainCopyWrap\">\n            <h3>Mujer de 61 a\u00f1os Reconstrucci\u00f3n de mama izquierda, Altura: 1,70 m, Peso: 79 kg.<\/h3>\n        <\/div>\n    \n\t\t\t\t\t\t<\/div>\n\t\t\t\t\t\t\t\t\t\t\t<div class=\"slide-wrap\">\n\t\t\t\t\t\t\t<div class=\"slide-img\" style=\"background-image:url('https:\/\/www.southcoast.org\/wp-content\/uploads\/2025\/07\/61-year-old-female-Revision-Bilateral-Reconstructed-Breasts-58-191-Watermarked-2.png')\"><\/div>\n\t\t\t\t\t\t\t    <div class=\"mainCopyWrap\">\n            <h3>Mujer de 61 a\u00f1os Revisi\u00f3n Reconstrucci\u00f3n Bilateral de Mamas, Altura: 1,70 m, Peso: 72 kg.<\/h3>\n        <\/div>\n    \n\t\t\t\t\t\t<\/div>\n\t\t\t\t\t\t\t\t\t\t\t<div class=\"slide-wrap\">\n\t\t\t\t\t\t\t<div class=\"slide-img\" style=\"background-image:url('https:\/\/www.southcoast.org\/wp-content\/uploads\/2025\/07\/67-year-old-female-Left-Breast-Reduction-for-symmetry-56-200lbs-Watermarked-2.png')\"><\/div>\n\t\t\t\t\t\t\t    <div class=\"mainCopyWrap\">\n            <h3>Mujer de 67 a\u00f1os Reducci\u00f3n de pecho izquierdo para simetr\u00eda, Altura: 1,70 m, Peso: 90 kg.<\/h3>\n        <\/div>\n    \n\t\t\t\t\t\t<\/div>\n\t\t\t\t\t\t\t\t\t<\/div>\n\t\t\t<\/div>\n\t\t<\/div>\n\t<\/div>\n<\/div>\n\n\n\n\n<div id=\"breastreduction\" class=\"blockSettings  paddingTopNone paddingBottomMD sliderFluid light\" style=\"\"><div class=\"container-full\">\n\t\t\t<div class=\"grid\">\n\t\t\t<div class=\"col-sm-12\">\n\t\t\t\t<div class=\"introCenter\">\n\t\t\t\t\t    <div class=\"mainCopyWrap\">\n            <h2>Reducci\u00f3n mamaria<\/h2>\n        <\/div>\n    \t\t\t\t\t\t\t\t\t<\/div>\n\t\t\t<\/div>\n\t\t<\/div>\n\t\t\t\t\t\t\t<div class=\"blockSeparator\"><\/div>\n\t\t\t\t\t\t<div class=\"grid\">\n\t\t\t<div class=\"col-sm-12\">\n\t\t\t\t<div class=\"slider\">\n\t\t\t\t\t\t\t\t\t\t\t<div class=\"slide-wrap\">\n\t\t\t\t\t\t\t<div class=\"slide-img\" style=\"background-image:url('')\"><\/div>\n\t\t\t\t\t\t\t    <div class=\"mainCopyWrap\">\n            <h3>Mujer de 24 a\u00f1os Reducci\u00f3n de senos, Altura: 1,70 m, Peso: 70 kg.<\/h3>\n        <\/div>\n    \n\t\t\t\t\t\t<\/div>\n\t\t\t\t\t\t\t\t\t\t\t<div class=\"slide-wrap\">\n\t\t\t\t\t\t\t<div class=\"slide-img\" style=\"background-image:url('https:\/\/www.southcoast.org\/wp-content\/uploads\/2025\/07\/19-year-old-female-Breast-Reduction-5-179lbs-Watermarked-2.png')\"><\/div>\n\t\t\t\t\t\t\t    <div class=\"mainCopyWrap\">\n            <h3>Mujer de 19 a\u00f1os Reducci\u00f3n de senos, Altura: 5\u2032, Peso: 179 lbs.<\/h3>\n        <\/div>\n    \n\t\t\t\t\t\t<\/div>\n\t\t\t\t\t\t\t\t\t\t\t<div class=\"slide-wrap\">\n\t\t\t\t\t\t\t<div class=\"slide-img\" style=\"background-image:url('https:\/\/www.southcoast.org\/wp-content\/uploads\/2025\/07\/20-year-old-female-Breast-Reduction-57-250lbs-Watermarked-2.png')\"><\/div>\n\t\t\t\t\t\t\t    <div class=\"mainCopyWrap\">\n            <h3>Mujer de 20 a\u00f1os Reducci\u00f3n de senos, Altura: 1,70 m, Peso: 80 kg.<\/h3>\n        <\/div>\n    \n\t\t\t\t\t\t<\/div>\n\t\t\t\t\t\t\t\t\t\t\t<div class=\"slide-wrap\">\n\t\t\t\t\t\t\t<div class=\"slide-img\" style=\"background-image:url('https:\/\/www.southcoast.org\/wp-content\/uploads\/2025\/07\/24-year-old-female-Breast-Reduction-56-169lbs-Watermarked-2.png')\"><\/div>\n\t\t\t\t\t\t\t    <div class=\"mainCopyWrap\">\n            <h3>Mujer de 24 a\u00f1os Reducci\u00f3n de senos, Altura: 1,70 m, Peso: 77 kg.<\/h3>\n        <\/div>\n    \n\t\t\t\t\t\t<\/div>\n\t\t\t\t\t\t\t\t\t\t\t<div class=\"slide-wrap\">\n\t\t\t\t\t\t\t<div class=\"slide-img\" style=\"background-image:url('https:\/\/www.southcoast.org\/wp-content\/uploads\/2025\/07\/25-year-old-female-Breast-Reduction-51-183lbs-Watermarked-2.png')\"><\/div>\n\t\t\t\t\t\t\t    <div class=\"mainCopyWrap\">\n            <h3>Mujer de 25 a\u00f1os Reducci\u00f3n de senos, Altura: 1,70 m, Peso: 72 kg.<\/h3>\n        <\/div>\n    \n\t\t\t\t\t\t<\/div>\n\t\t\t\t\t\t\t\t\t\t\t<div class=\"slide-wrap\">\n\t\t\t\t\t\t\t<div class=\"slide-img\" style=\"background-image:url('https:\/\/www.southcoast.org\/wp-content\/uploads\/2025\/07\/35-year-old-female-Breast-Reduction-56-217lbs-Watermarked-2.png')\"><\/div>\n\t\t\t\t\t\t\t    <div class=\"mainCopyWrap\">\n            <h3>Mujer de 35 a\u00f1os Reducci\u00f3n de senos, Altura: 1,70 m, Peso: 70 kg.<\/h3>\n        <\/div>\n    \n\t\t\t\t\t\t<\/div>\n\t\t\t\t\t\t\t\t\t\t\t<div class=\"slide-wrap\">\n\t\t\t\t\t\t\t<div class=\"slide-img\" style=\"background-image:url('https:\/\/www.southcoast.org\/wp-content\/uploads\/2025\/07\/38-year-old-female-Breast-Reduction-55-193lbs-Watermarked-2.png')\"><\/div>\n\t\t\t\t\t\t\t    <div class=\"mainCopyWrap\">\n            <h3>Mujer de 38 a\u00f1os Reducci\u00f3n de senos, Altura: 1,70 m, Peso: 63 kg.<\/h3>\n        <\/div>\n    \n\t\t\t\t\t\t<\/div>\n\t\t\t\t\t\t\t\t\t\t\t<div class=\"slide-wrap\">\n\t\t\t\t\t\t\t<div class=\"slide-img\" style=\"background-image:url('https:\/\/www.southcoast.org\/wp-content\/uploads\/2025\/07\/41-year-old-female-Breast-Reduction-510-283lbs-Watermarked-2.png')\"><\/div>\n\t\t\t\t\t\t\t    <div class=\"mainCopyWrap\">\n            <h3>Mujer de 41 a\u00f1os Reducci\u00f3n de senos, Altura: 1,70 m, Peso: 73 kg.<\/h3>\n        <\/div>\n    \n\t\t\t\t\t\t<\/div>\n\t\t\t\t\t\t\t\t\t\t\t<div class=\"slide-wrap\">\n\t\t\t\t\t\t\t<div class=\"slide-img\" style=\"background-image:url('https:\/\/www.southcoast.org\/wp-content\/uploads\/2025\/07\/48-year-old-female-Breast-Reduction-52-143lbs-Watermarked-2.png')\"><\/div>\n\t\t\t\t\t\t\t    <div class=\"mainCopyWrap\">\n            <h3>Mujer de 48 a\u00f1os Reducci\u00f3n de senos, Altura: 1,70 m, Peso: 75 kg.<\/h3>\n        <\/div>\n    \n\t\t\t\t\t\t<\/div>\n\t\t\t\t\t\t\t\t\t\t\t<div class=\"slide-wrap\">\n\t\t\t\t\t\t\t<div class=\"slide-img\" style=\"background-image:url('https:\/\/www.southcoast.org\/wp-content\/uploads\/2025\/07\/48-year-old-female-Breast-Reduction-52-219lbs-Watermarked-2.png')\"><\/div>\n\t\t\t\t\t\t\t    <div class=\"mainCopyWrap\">\n            <h3>Mujer de 48 a\u00f1os Reducci\u00f3n de senos, Altura: 1,70 m, Peso: 70 kg.<\/h3>\n        <\/div>\n    \n\t\t\t\t\t\t<\/div>\n\t\t\t\t\t\t\t\t\t<\/div>\n\t\t\t<\/div>\n\t\t<\/div>\n\t<\/div>\n<\/div>\n\n\n\n\n<div id=\"panniculectomy\" class=\"blockSettings  paddingTopNone paddingBottomMD sliderFluid light\" style=\"\"><div class=\"container-full\">\n\t\t\t<div class=\"grid\">\n\t\t\t<div class=\"col-sm-12\">\n\t\t\t\t<div class=\"introCenter\">\n\t\t\t\t\t    <div class=\"mainCopyWrap\">\n            <h2>Paniculectom\u00eda<\/h2>\n        <\/div>\n    \t\t\t\t\t\t\t\t\t<\/div>\n\t\t\t<\/div>\n\t\t<\/div>\n\t\t\t\t\t\t\t<div class=\"blockSeparator\"><\/div>\n\t\t\t\t\t\t<div class=\"grid\">\n\t\t\t<div class=\"col-sm-12\">\n\t\t\t\t<div class=\"slider\">\n\t\t\t\t\t\t\t\t\t\t\t<div class=\"slide-wrap\">\n\t\t\t\t\t\t\t<div class=\"slide-img\" style=\"background-image:url('https:\/\/www.southcoast.org\/wp-content\/uploads\/2025\/07\/32-year-old-female-Panniculectomy-52-176lbs-Watermarked-2.png')\"><\/div>\n\t\t\t\t\t\t\t    <div class=\"mainCopyWrap\">\n            <h3>Paniculectom\u00edaMujer de 32 a\u00f1os Paniculectom\u00eda, Altura: 1,70 m, Peso: 80 kg.<\/h3>\n        <\/div>\n    \n\t\t\t\t\t\t<\/div>\n\t\t\t\t\t\t\t\t\t\t\t<div class=\"slide-wrap\">\n\t\t\t\t\t\t\t<div class=\"slide-img\" style=\"background-image:url('https:\/\/www.southcoast.org\/wp-content\/uploads\/2025\/07\/42-year-old-female-Panniculectomy-66-185lbs-Watermarked-2.png')\"><\/div>\n\t\t\t\t\t\t\t    <div class=\"mainCopyWrap\">\n            <h3>Mujer de 42 a\u00f1os Paniculectom\u00eda, Altura: 6'6, Peso: 185 lbs.<\/h3>\n        <\/div>\n    \n\t\t\t\t\t\t<\/div>\n\t\t\t\t\t\t\t\t\t\t\t<div class=\"slide-wrap\">\n\t\t\t\t\t\t\t<div class=\"slide-img\" style=\"background-image:url('https:\/\/www.southcoast.org\/wp-content\/uploads\/2025\/07\/43-year-old-female-Panniculectomy-53-181lbs-Watermarked-2.png')\"><\/div>\n\t\t\t\t\t\t\t    <div class=\"mainCopyWrap\">\n            <h3>Mujer de 43 a\u00f1os Paniculectom\u00eda, Altura: 1,70 m, Peso: 68 kg.<\/h3>\n        <\/div>\n    \n\t\t\t\t\t\t<\/div>\n\t\t\t\t\t\t\t\t\t\t\t<div class=\"slide-wrap\">\n\t\t\t\t\t\t\t<div class=\"slide-img\" style=\"background-image:url('https:\/\/www.southcoast.org\/wp-content\/uploads\/2025\/07\/48-year-old-female-Panniculectomy-53-195lbs-Watermarked-2.png')\"><\/div>\n\t\t\t\t\t\t\t    <div class=\"mainCopyWrap\">\n            <h3>Mujer de 48 a\u00f1os Paniculectom\u00eda, Altura: 1,70 m, Peso: 75 kg.<\/h3>\n        <\/div>\n    \n\t\t\t\t\t\t<\/div>\n\t\t\t\t\t\t\t\t\t<\/div>\n\t\t\t<\/div>\n\t\t<\/div>\n\t<\/div>\n<\/div>","protected":false},"excerpt":{"rendered":"","protected":false},"author":7,"featured_media":0,"parent":15967,"menu_order":0,"comment_status":"closed","ping_status":"closed","template":"","meta":{"_acf_changed":false,"footnotes":""},"class_list":["post-15969","page","type-page","status-publish","hentry"],"acf":[],"yoast_head":"<!-- This site is optimized with the Yoast SEO plugin v26.0 - https:\/\/yoast.com\/wordpress\/plugins\/seo\/ -->\n<title>Dr. Bormes Before and After Photos - Southcoast Health<\/title>\n<meta name=\"description\" content=\"Dr. Gregory Bormes is a plastic surgeon in the South Coast region. View some of his before and after work.\" \/>\n<meta name=\"robots\" content=\"index, follow, max-snippet:-1, max-image-preview:large, max-video-preview:-1\" \/>\n<link rel=\"canonical\" href=\"https:\/\/www.southcoast.org\/es\/dr-gregory-bormes\/before-and-after\/\" \/>\n<meta property=\"og:locale\" content=\"es_MX\" \/>\n<meta property=\"og:type\" content=\"article\" \/>\n<meta property=\"og:title\" content=\"Dr. Bormes Before and After Photos - Southcoast Health\" \/>\n<meta property=\"og:description\" content=\"Dr. Gregory Bormes is a plastic surgeon in the South Coast region. View some of his before and after work.\" \/>\n<meta property=\"og:url\" content=\"https:\/\/www.southcoast.org\/es\/dr-gregory-bormes\/before-and-after\/\" \/>\n<meta property=\"og:site_name\" content=\"Southcoast Health\" \/>\n<meta property=\"article:modified_time\" content=\"2025-11-21T20:56:57+00:00\" \/>\n<meta name=\"twitter:card\" content=\"summary_large_image\" \/>\n<script type=\"application\/ld+json\" class=\"yoast-schema-graph\">{\"@context\":\"https:\/\/schema.org\",\"@graph\":[{\"@type\":\"WebPage\",\"@id\":\"https:\/\/www.southcoast.org\/dr-gregory-bormes\/before-and-after\/\",\"url\":\"https:\/\/www.southcoast.org\/dr-gregory-bormes\/before-and-after\/\",\"name\":\"Dr. Bormes Before and After Photos - Southcoast Health\",\"isPartOf\":{\"@id\":\"https:\/\/www.southcoast.org\/#website\"},\"datePublished\":\"2025-06-19T19:22:51+00:00\",\"dateModified\":\"2025-11-21T20:56:57+00:00\",\"description\":\"Dr. Gregory Bormes is a plastic surgeon in the South Coast region. View some of his before and after work.\",\"breadcrumb\":{\"@id\":\"https:\/\/www.southcoast.org\/dr-gregory-bormes\/before-and-after\/#breadcrumb\"},\"inLanguage\":\"es-MX\",\"potentialAction\":[{\"@type\":\"ReadAction\",\"target\":[\"https:\/\/www.southcoast.org\/dr-gregory-bormes\/before-and-after\/\"]}]},{\"@type\":\"BreadcrumbList\",\"@id\":\"https:\/\/www.southcoast.org\/dr-gregory-bormes\/before-and-after\/#breadcrumb\",\"itemListElement\":[{\"@type\":\"ListItem\",\"position\":1,\"name\":\"\",\"item\":\"https:\/\/www.southcoast.org\/\"},{\"@type\":\"ListItem\",\"position\":2,\"name\":\"Dr. Gregory Bormes\",\"item\":\"https:\/\/www.southcoast.org\/dr-gregory-bormes\/\"},{\"@type\":\"ListItem\",\"position\":3,\"name\":\"Dr. Bormes Before and After Photos\"}]},{\"@type\":\"WebSite\",\"@id\":\"https:\/\/www.southcoast.org\/#website\",\"url\":\"https:\/\/www.southcoast.org\/\",\"name\":\"Southcoast Health\",\"description\":\"More than medicine.\",\"potentialAction\":[{\"@type\":\"SearchAction\",\"target\":{\"@type\":\"EntryPoint\",\"urlTemplate\":\"https:\/\/www.southcoast.org\/?s={search_term_string}\"},\"query-input\":{\"@type\":\"PropertyValueSpecification\",\"valueRequired\":true,\"valueName\":\"search_term_string\"}}],\"inLanguage\":\"es-MX\"}]}<\/script>\n<!-- \/ Yoast SEO plugin. -->","yoast_head_json":{"title":"Dr. Bormes Before and After Photos - Southcoast Health","description":"Dr. Gregory Bormes is a plastic surgeon in the South Coast region. View some of his before and after work.","robots":{"index":"index","follow":"follow","max-snippet":"max-snippet:-1","max-image-preview":"max-image-preview:large","max-video-preview":"max-video-preview:-1"},"canonical":"https:\/\/www.southcoast.org\/es\/dr-gregory-bormes\/before-and-after\/","og_locale":"es_MX","og_type":"article","og_title":"Dr. Bormes Before and After Photos - Southcoast Health","og_description":"Dr. Gregory Bormes is a plastic surgeon in the South Coast region. View some of his before and after work.","og_url":"https:\/\/www.southcoast.org\/es\/dr-gregory-bormes\/before-and-after\/","og_site_name":"Southcoast Health","article_modified_time":"2025-11-21T20:56:57+00:00","twitter_card":"summary_large_image","schema":{"@context":"https:\/\/schema.org","@graph":[{"@type":"WebPage","@id":"https:\/\/www.southcoast.org\/dr-gregory-bormes\/before-and-after\/","url":"https:\/\/www.southcoast.org\/dr-gregory-bormes\/before-and-after\/","name":"Dr. Bormes Before and After Photos - Southcoast Health","isPartOf":{"@id":"https:\/\/www.southcoast.org\/#website"},"datePublished":"2025-06-19T19:22:51+00:00","dateModified":"2025-11-21T20:56:57+00:00","description":"Dr. Gregory Bormes is a plastic surgeon in the South Coast region. View some of his before and after work.","breadcrumb":{"@id":"https:\/\/www.southcoast.org\/dr-gregory-bormes\/before-and-after\/#breadcrumb"},"inLanguage":"es-MX","potentialAction":[{"@type":"ReadAction","target":["https:\/\/www.southcoast.org\/dr-gregory-bormes\/before-and-after\/"]}]},{"@type":"BreadcrumbList","@id":"https:\/\/www.southcoast.org\/dr-gregory-bormes\/before-and-after\/#breadcrumb","itemListElement":[{"@type":"ListItem","position":1,"name":"","item":"https:\/\/www.southcoast.org\/"},{"@type":"ListItem","position":2,"name":"Dr. Gregory Bormes","item":"https:\/\/www.southcoast.org\/dr-gregory-bormes\/"},{"@type":"ListItem","position":3,"name":"Dr. Bormes Before and After Photos"}]},{"@type":"WebSite","@id":"https:\/\/www.southcoast.org\/#website","url":"https:\/\/www.southcoast.org\/","name":"Southcoast Health","description":"M\u00e1s que medicina.","potentialAction":[{"@type":"SearchAction","target":{"@type":"EntryPoint","urlTemplate":"https:\/\/www.southcoast.org\/?s={search_term_string}"},"query-input":{"@type":"PropertyValueSpecification","valueRequired":true,"valueName":"search_term_string"}}],"inLanguage":"es-MX"}]}},"_links":{"self":[{"href":"https:\/\/www.southcoast.org\/es\/wp-json\/wp\/v2\/pages\/15969","targetHints":{"allow":["GET"]}}],"collection":[{"href":"https:\/\/www.southcoast.org\/es\/wp-json\/wp\/v2\/pages"}],"about":[{"href":"https:\/\/www.southcoast.org\/es\/wp-json\/wp\/v2\/types\/page"}],"author":[{"embeddable":true,"href":"https:\/\/www.southcoast.org\/es\/wp-json\/wp\/v2\/users\/7"}],"replies":[{"embeddable":true,"href":"https:\/\/www.southcoast.org\/es\/wp-json\/wp\/v2\/comments?post=15969"}],"version-history":[{"count":6,"href":"https:\/\/www.southcoast.org\/es\/wp-json\/wp\/v2\/pages\/15969\/revisions"}],"predecessor-version":[{"id":282561,"href":"https:\/\/www.southcoast.org\/es\/wp-json\/wp\/v2\/pages\/15969\/revisions\/282561"}],"up":[{"embeddable":true,"href":"https:\/\/www.southcoast.org\/es\/wp-json\/wp\/v2\/pages\/15967"}],"wp:attachment":[{"href":"https:\/\/www.southcoast.org\/es\/wp-json\/wp\/v2\/media?parent=15969"}],"curies":[{"name":"wp","href":"https:\/\/api.w.org\/{rel}","templated":true}]}}