{"id":15965,"date":"2025-06-19T19:21:52","date_gmt":"2025-06-19T19:21:52","guid":{"rendered":"https:\/\/test-southcoast-health-multi.southcoast-health.org\/?page_id=15965"},"modified":"2025-11-21T16:07:14","modified_gmt":"2025-11-21T21:07:14","slug":"before-and-after","status":"publish","type":"page","link":"https:\/\/www.southcoast.org\/es\/dr-craig-moores\/before-and-after\/","title":{"rendered":"Dr. Moores - Fotos de antes y despu\u00e9s"},"content":{"rendered":"<div  class=\"blockSettings  paddingTopSM paddingBottomMD heroBasicFluid darkTheme\" style=\"background-image:url(https:\/\/www.southcoast.org\/wp-content\/uploads\/2025\/06\/career_eras_tour_hero.webp);background-size:cover;background-position:center center;\"><div class=\"overlay\"><\/div><div class=\"container\">\n            <div class=\"grid\">\n            <div class=\"col-sm-12 col-bleed-y\">\n                <div class=\"Center\">\n                    <div class=\"breadcrumbsWrapper desktop-breadcrumbs\"><nav id=\"breadcrumbs\" aria-label=\"Migas de pan\"><ol><li><a href=\"https:\/\/www.southcoast.org\/es\/\"><i class=\"fa-light fa-house\"><\/i><span class=\"visually-hidden\">Inicio<\/span><\/a><\/li><\/ol><\/nav><\/div><div class=\"breadcrumbsWrapper mobile-breadcrumbs\"><p id=\"mobile-breadcrumbs\"><span><span><a href=\"https:\/\/www.southcoast.org\/es\"><i class=\"far fa-home\"><\/i><\/a><\/span> <i class=\"fa-solid fa-chevron-right separator\"><\/i> <span><a href=\"https:\/\/www.southcoast.org\/es\/dr-craig-moores\/\">Dr. Craig Moores<\/a><\/span><\/span><\/p><\/div>                <\/div>\n            <\/div>\n        <\/div>\n        <div class=\"grid align-center\">\n        <div class=\"col-sm-10\">\n            <div class=\"Center\">\n\n                    <div class=\"mainCopyWrap\">\n            <h1>Dr. Moores Fotos de antes y despu\u00e9s<\/h1>\n    <div class=\"paragraphWrap\"><p>Descargo de responsabilidad sobre las fotograf\u00edas: Utilizamos un sistema Vectra 3D para capturar fotograf\u00edas del antes y el despu\u00e9s. Aunque nos esforzamos por ofrecer las representaciones m\u00e1s precisas de los resultados quir\u00fargicos, tenga en cuenta que el sistema Vectra 3D no siempre puede producir im\u00e1genes perfectas. No alteramos ninguna foto aparte de la eliminaci\u00f3n de tatuajes que podr\u00edan estar vinculados a la identificaci\u00f3n de un paciente.<\/p><\/div>    <\/div>\n    \n                \n            <\/div>\n        <\/div>\n    <\/div>\n<\/div>\n    <div class=\"cornerArtWrapper cornerArt-small\">\n        <img decoding=\"async\" class=\"cornerArt\" src=\"https:\/\/www.southcoast.org\/wp-content\/themes\/southcoast_multisite\/images\/corner-art.svg\" alt=\"\">\n    <\/div>\n<\/div>\n\n    <div class=\"heroBasicFluidExtended\">\n        <div class=\"container\">\n            <div class=\"grid\">\n                <div class=\"col-sm-12 col-bleed-y\">\n                    <!-- Mobile Jump Nav Dropdown -->\n                    <div class=\"jump-nav-mobile\">\n                        <p>Saltar al contenido<\/p>\n                        <select>\n                            <option value=\"\">Seleccionar secci\u00f3n<\/option>\n                                                                                                <option value=\"#abdominoplasty\">\n                                        Abdominoplastia (cirug\u00eda est\u00e9tica de abdomen)                                    <\/option>\n                                                                                                                                <option value=\"#brachioplasty\">\n                                        Braquioplastia                                    <\/option>\n                                                                                                                                <option value=\"#botox\">\n                                        Botox                                    <\/option>\n                                                                                                                                <option value=\"#breastreduction\">\n                                        Reducci\u00f3n mamaria                                    <\/option>\n                                                                                                                                <option value=\"#mommymakeover\">\n                                        Cambio de imagen para mam\u00e1s                                    <\/option>\n                                                                                                                                <option value=\"#panniculectomy\">\n                                        Paniculectom\u00eda                                    <\/option>\n                                                                                                                                <option value=\"#backlift\">\n                                        Elevador de espalda                                    <\/option>\n                                                                                    <\/select>\n                        <i class=\"fal fa-angle-down\"><\/i>\n                    <\/div>\n                    <!-- Desktop Jump Nav Links -->\n                    <div class=\"jump-nav-desktop\">\n                        <div class=\"jump-nav-wrap\">\n                            <div class=\"inner\">\n                                                                                                            <a href=\"#abdominoplasty\"\n                                            >\n                                            Abdominoplastia (cirug\u00eda est\u00e9tica de abdomen)                                        <\/a>\n                                                                                                                                                <a href=\"#brachioplasty\"\n                                            >\n                                            Braquioplastia                                        <\/a>\n                                                                                                                                                <a href=\"#botox\"\n                                            >\n                                            Botox                                        <\/a>\n                                                                                                                                                <a href=\"#breastreduction\"\n                                            >\n                                            Reducci\u00f3n mamaria                                        <\/a>\n                                                                                                                                                <a href=\"#mommymakeover\"\n                                            >\n                                            Cambio de imagen para mam\u00e1s                                        <\/a>\n                                                                                                                                                <a href=\"#panniculectomy\"\n                                            >\n                                            Paniculectom\u00eda                                        <\/a>\n                                                                                                                                                <a href=\"#backlift\"\n                                            >\n                                            Elevador de espalda                                        <\/a>\n                                                                                                <\/div>\n                        <\/div>\n                    <\/div>\n                <\/div>\n            <\/div>\n        <\/div>\n    <\/div>\n\n\n\n\n\n<div id=\"abdominoplasty\" class=\"blockSettings  paddingTopMD paddingBottomMD sliderFluid light\" style=\"\"><div class=\"container-full\">\n\t\t\t<div class=\"grid\">\n\t\t\t<div class=\"col-sm-12\">\n\t\t\t\t<div class=\"introCenter\">\n\t\t\t\t\t    <div class=\"mainCopyWrap\">\n            <h2>Abdominoplastia (cirug\u00eda est\u00e9tica de abdomen)<\/h2>\n        <\/div>\n    \t\t\t\t\t\t\t\t\t<\/div>\n\t\t\t<\/div>\n\t\t<\/div>\n\t\t\t\t\t\t\t<div class=\"blockSeparator\"><\/div>\n\t\t\t\t\t\t<div class=\"grid\">\n\t\t\t<div class=\"col-sm-12\">\n\t\t\t\t<div class=\"slider\">\n\t\t\t\t\t\t\t\t\t\t\t<div class=\"slide-wrap\">\n\t\t\t\t\t\t\t<div class=\"slide-img\" style=\"background-image:url('https:\/\/www.southcoast.org\/wp-content\/uploads\/2025\/07\/39yo-Female-5-4-152-lbs-Cosmetic-Abdominoplasty.png')\"><\/div>\n\t\t\t\t\t\t\t    <div class=\"mainCopyWrap\">\n            <h3>Mujer de 41 a\u00f1os Abdominoplastia, Altura: 1,70 m, Peso: 55 kg.<\/h3>\n        <\/div>\n    \n\t\t\t\t\t\t<\/div>\n\t\t\t\t\t\t\t\t\t\t\t<div class=\"slide-wrap\">\n\t\t\t\t\t\t\t<div class=\"slide-img\" style=\"background-image:url('https:\/\/www.southcoast.org\/wp-content\/uploads\/2025\/07\/35yo-Female-55-148lbs-Abdominooplasty.png')\"><\/div>\n\t\t\t\t\t\t\t    <div class=\"mainCopyWrap\">\n            <h3>Mujer de 35 a\u00f1os Abdominoplastia, Altura: 5'5, Peso 148 lbs.<\/h3>\n        <\/div>\n    \n\t\t\t\t\t\t<\/div>\n\t\t\t\t\t\t\t\t\t\t\t<div class=\"slide-wrap\">\n\t\t\t\t\t\t\t<div class=\"slide-img\" style=\"background-image:url('https:\/\/www.southcoast.org\/wp-content\/uploads\/2025\/07\/29-year-old-female-Abdominoplasty-Watermarked-2.png')\"><\/div>\n\t\t\t\t\t\t\t    <div class=\"mainCopyWrap\">\n            <h3>Mujer de 29 a\u00f1os Abdominoplastia, Altura: 5'4, Peso: 158 lbs.<\/h3>\n        <\/div>\n    \n\t\t\t\t\t\t<\/div>\n\t\t\t\t\t\t\t\t\t\t\t<div class=\"slide-wrap\">\n\t\t\t\t\t\t\t<div class=\"slide-img\" style=\"background-image:url('https:\/\/www.southcoast.org\/wp-content\/uploads\/2025\/07\/34-year-old-male-Abdominoplasty-Bilateral-Breast-Lift-Watermarked-2.png')\"><\/div>\n\t\t\t\t\t\t\t    <div class=\"mainCopyWrap\">\n            <h3>Hombre de 34 a\u00f1os Abdominoplastia y Levantamiento de Senos Bilateral, Altura: 6'2, Peso: 215 lbs.<\/h3>\n        <\/div>\n    \n\t\t\t\t\t\t<\/div>\n\t\t\t\t\t\t\t\t\t\t\t<div class=\"slide-wrap\">\n\t\t\t\t\t\t\t<div class=\"slide-img\" style=\"background-image:url('https:\/\/www.southcoast.org\/wp-content\/uploads\/2025\/07\/48-year-old-female-Liposuction-Abdominoplasty-Watermarked-2.png')\"><\/div>\n\t\t\t\t\t\t\t    <div class=\"mainCopyWrap\">\n            <h3>Mujer de 48 a\u00f1os Liposucci\u00f3n y Abdominoplastia, Altura: 1,70 m, Peso: 80 kg.<\/h3>\n        <\/div>\n    \n\t\t\t\t\t\t<\/div>\n\t\t\t\t\t\t\t\t\t<\/div>\n\t\t\t<\/div>\n\t\t<\/div>\n\t<\/div>\n<\/div>\n\n\n<div id=\"brachioplasty\" class=\"blockSettings  paddingTopNone paddingBottomMD media-object-block light\" style=\"\"><div class=\"container\">\n\t<div class=\"grid\">\n\t\t<div class=\"col-sm-12\">\n\t\t\t<div class=\"inner image-right list-style-disc inner-white-bg\" style=\"background-color: #fff;\">\n\t\t\t\t<div class=\"copy\">\n\t\t\t\t\t    <div class=\"mainCopyWrap\">\n            <h2>Braquioplastia<\/h2>\n    <div class=\"paragraphWrap\"><p>Mujer de 52 a\u00f1os Braquioplastia<br \/>\nAltura: 5'4\u2033<br \/>\nPeso: 181 lbs.<\/p>\n<\/div>    <\/div>\n    \t\t\t\t<\/div>\n\t\t\t\t\t\t\t\t<div class=\"images\">\n\t\t\t\t\t\t<img decoding=\"async\" class=\"single\" src=\"https:\/\/www.southcoast.org\/wp-content\/uploads\/2025\/07\/52-yo-female-54-181-lb-edited.png\" alt=\"Person&#039;s body transformation from &quot;before&quot; to &quot;after&quot; showing weight loss and muscle definition.\">\n\t\t\t\t\t\t\t\t\t\t<\/div>\n\t\t\t\t\n\t\t\t<\/div>\n\t\t<\/div>\n\t<\/div>\n<\/div>\n<\/div>\n\n\n<div id=\"botox\" class=\"blockSettings  paddingTopNone paddingBottomMD media-object-block light\" style=\"\"><div class=\"container\">\n\t<div class=\"grid\">\n\t\t<div class=\"col-sm-12\">\n\t\t\t<div class=\"inner image-left list-style-disc inner-white-bg\" style=\"background-color: #fff;\">\n\t\t\t\t<div class=\"copy\">\n\t\t\t\t\t    <div class=\"mainCopyWrap\">\n            <h2>Botox<\/h2>\n    <div class=\"paragraphWrap\"><p>Mujer de 53 a\u00f1os Botox en patas de gallo, frente y glabela<\/p>\n<\/div>    <\/div>\n    \t\t\t\t<\/div>\n\t\t\t\t\t\t\t\t<div class=\"images\">\n\t\t\t\t\t\t<img decoding=\"async\" class=\"single\" src=\"https:\/\/www.southcoast.org\/wp-content\/uploads\/2025\/07\/53-year-old-female-Botox-to-crows-feet-forehead-and-glabella-Watermarked-2.png\" alt=\"Woman&#039;s facial skin and expression before and after Botox treatment to the crows feet, forehead, and glabella areas.\">\n\t\t\t\t\t\t\t\t\t\t<\/div>\n\t\t\t\t\n\t\t\t<\/div>\n\t\t<\/div>\n\t<\/div>\n<\/div>\n<\/div>\n\n\n\n\n<div id=\"breastreduction\" class=\"blockSettings  paddingTopNone paddingBottomMD sliderFluid light\" style=\"\"><div class=\"container-full\">\n\t\t\t<div class=\"grid\">\n\t\t\t<div class=\"col-sm-12\">\n\t\t\t\t<div class=\"introCenter\">\n\t\t\t\t\t    <div class=\"mainCopyWrap\">\n            <h2>Reducci\u00f3n mamaria<\/h2>\n        <\/div>\n    \t\t\t\t\t\t\t\t\t<\/div>\n\t\t\t<\/div>\n\t\t<\/div>\n\t\t\t\t\t\t\t<div class=\"blockSeparator\"><\/div>\n\t\t\t\t\t\t<div class=\"grid\">\n\t\t\t<div class=\"col-sm-12\">\n\t\t\t\t<div class=\"slider\">\n\t\t\t\t\t\t\t\t\t\t\t<div class=\"slide-wrap\">\n\t\t\t\t\t\t\t<div class=\"slide-img\" style=\"background-image:url('https:\/\/www.southcoast.org\/wp-content\/uploads\/2025\/09\/27-yo-Female-56-154lb-breast-reduction-watermarked.png')\"><\/div>\n\t\t\t\t\t\t\t    <div class=\"mainCopyWrap\">\n            <h3>Mujer de 27 a\u00f1os Reducci\u00f3n de mamas Altura: 1,70 Peso: 72 kg<\/h3>\n        <\/div>\n    \n\t\t\t\t\t\t<\/div>\n\t\t\t\t\t\t\t\t\t\t\t<div class=\"slide-wrap\">\n\t\t\t\t\t\t\t<div class=\"slide-img\" style=\"background-image:url('https:\/\/www.southcoast.org\/wp-content\/uploads\/2025\/07\/22-year-old-female-Bilateral-Breast-Reduction-Watermarked-2.png')\"><\/div>\n\t\t\t\t\t\t\t    <div class=\"mainCopyWrap\">\n            <h3>Mujer de 22 a\u00f1os Reducci\u00f3n mamaria bilateral, Altura: 1,70 m, Peso: 75 kg.<\/h3>\n        <\/div>\n    \n\t\t\t\t\t\t<\/div>\n\t\t\t\t\t\t\t\t\t\t\t<div class=\"slide-wrap\">\n\t\t\t\t\t\t\t<div class=\"slide-img\" style=\"background-image:url('https:\/\/www.southcoast.org\/wp-content\/uploads\/2025\/07\/24yo-Female-5-4-148-lbs-bilateral-breast-reduction.png')\"><\/div>\n\t\t\t\t\t\t\t    <div class=\"mainCopyWrap\">\n            <h3>Mujer de 24 a\u00f1os Reducci\u00f3n mamaria bilateral, Altura: 1,70 m, Peso: 68 kg.<\/h3>\n        <\/div>\n    \n\t\t\t\t\t\t<\/div>\n\t\t\t\t\t\t\t\t\t\t\t<div class=\"slide-wrap\">\n\t\t\t\t\t\t\t<div class=\"slide-img\" style=\"background-image:url('https:\/\/www.southcoast.org\/wp-content\/uploads\/2025\/07\/25-year-old-female-Breast-Reduction-Watermarked-2.png')\"><\/div>\n\t\t\t\t\t\t\t    <div class=\"mainCopyWrap\">\n            <h3>Mujer de 25 a\u00f1os Reducci\u00f3n de senos, Altura: 1,70 m, Peso: 80 kg.<\/h3>\n        <\/div>\n    \n\t\t\t\t\t\t<\/div>\n\t\t\t\t\t\t\t\t\t\t\t<div class=\"slide-wrap\">\n\t\t\t\t\t\t\t<div class=\"slide-img\" style=\"background-image:url('https:\/\/www.southcoast.org\/wp-content\/uploads\/2025\/07\/25-yo-female-167-lb-5-ft-Breast-Reduction-Before-and-After.png')\"><\/div>\n\t\t\t\t\t\t\t    <div class=\"mainCopyWrap\">\n            <h3>Mujer de 25 a\u00f1os Reducci\u00f3n de senos, Altura: 5\u2032, Peso: 167 lbs.<\/h3>\n        <\/div>\n    \n\t\t\t\t\t\t<\/div>\n\t\t\t\t\t\t\t\t\t\t\t<div class=\"slide-wrap\">\n\t\t\t\t\t\t\t<div class=\"slide-img\" style=\"background-image:url('https:\/\/www.southcoast.org\/wp-content\/uploads\/2025\/07\/32-year-old-female-Bilateral-Breast-Reduction-Watermarked-2.png')\"><\/div>\n\t\t\t\t\t\t\t    <div class=\"mainCopyWrap\">\n            <h3>Mujer de 32 a\u00f1os Reducci\u00f3n mamaria bilateral, Altura: 5\u2032, Peso: 240 lbs.<\/h3>\n        <\/div>\n    \n\t\t\t\t\t\t<\/div>\n\t\t\t\t\t\t\t\t\t\t\t<div class=\"slide-wrap\">\n\t\t\t\t\t\t\t<div class=\"slide-img\" style=\"background-image:url('https:\/\/www.southcoast.org\/wp-content\/uploads\/2025\/07\/33yo-Female-54-125lbs-Breast-Reduction.png')\"><\/div>\n\t\t\t\t\t\t\t    <div class=\"mainCopyWrap\">\n            <h3>Mujer de 30 a\u00f1os Reducci\u00f3n de senos, Altura: 1,70 m, Peso: 75 kg.<\/h3>\n        <\/div>\n    \n\t\t\t\t\t\t<\/div>\n\t\t\t\t\t\t\t\t\t\t\t<div class=\"slide-wrap\">\n\t\t\t\t\t\t\t<div class=\"slide-img\" style=\"background-image:url('https:\/\/www.southcoast.org\/wp-content\/uploads\/2025\/07\/44-y.o-female-breast-reduction-52-184lb.png')\"><\/div>\n\t\t\t\t\t\t\t    <div class=\"mainCopyWrap\">\n            <h3>Mujer de 40 a\u00f1os Reducci\u00f3n de senos, Altura: 1,70 m, Peso: 70 kg.<\/h3>\n        <\/div>\n    \n\t\t\t\t\t\t<\/div>\n\t\t\t\t\t\t\t\t\t\t\t<div class=\"slide-wrap\">\n\t\t\t\t\t\t\t<div class=\"slide-img\" style=\"background-image:url('https:\/\/www.southcoast.org\/wp-content\/uploads\/2025\/07\/50-year-old-female-Bilateral-Breast-Reduction-Watermarked-2.png')\"><\/div>\n\t\t\t\t\t\t\t    <div class=\"mainCopyWrap\">\n            <h3>Mujer de 50 a\u00f1os Reducci\u00f3n mamaria bilateral, Altura: 1,70 m, Peso: 50 kg.<\/h3>\n        <\/div>\n    \n\t\t\t\t\t\t<\/div>\n\t\t\t\t\t\t\t\t\t<\/div>\n\t\t\t<\/div>\n\t\t<\/div>\n\t<\/div>\n<\/div>\n\n\n<div id=\"mommymakeover\" class=\"blockSettings  paddingTopNone paddingBottomMD media-object-block light\" style=\"\"><div class=\"container\">\n\t<div class=\"grid\">\n\t\t<div class=\"col-sm-12\">\n\t\t\t<div class=\"inner image-right list-style-disc inner-white-bg\" style=\"background-color: #fff;\">\n\t\t\t\t<div class=\"copy\">\n\t\t\t\t\t    <div class=\"mainCopyWrap\">\n            <h2>Cambio de imagen para mam\u00e1s<\/h2>\n    <div class=\"paragraphWrap\"><p>35 a\u00f1os Mommy Makeover<br \/>\nAltura: 1,70 m<br \/>\nPeso: 125 libras.<\/p>\n<\/div>    <\/div>\n    \t\t\t\t<\/div>\n\t\t\t\t\t\t\t\t<div class=\"images\">\n\t\t\t\t\t\t<img decoding=\"async\" class=\"single\" src=\"https:\/\/www.southcoast.org\/wp-content\/uploads\/2025\/07\/35-year-old-Mommy-Makeover-Watermarked-2.png\" alt=\"Before-and-after photos of a 35-year-old woman&#039;s &quot;Mommy Makeover&quot; cosmetic procedure.\">\n\t\t\t\t\t\t\t\t\t\t<\/div>\n\t\t\t\t\n\t\t\t<\/div>\n\t\t<\/div>\n\t<\/div>\n<\/div>\n<\/div>\n\n\n\n\n<div id=\"panniculectomy\" class=\"blockSettings  paddingTopNone paddingBottomMD sliderFluid light\" style=\"\"><div class=\"container-full\">\n\t\t\t<div class=\"grid\">\n\t\t\t<div class=\"col-sm-12\">\n\t\t\t\t<div class=\"introCenter\">\n\t\t\t\t\t    <div class=\"mainCopyWrap\">\n            <h2>Paniculectom\u00eda<\/h2>\n        <\/div>\n    \t\t\t\t\t\t\t\t\t<\/div>\n\t\t\t<\/div>\n\t\t<\/div>\n\t\t\t\t\t\t\t<div class=\"blockSeparator\"><\/div>\n\t\t\t\t\t\t<div class=\"grid\">\n\t\t\t<div class=\"col-sm-12\">\n\t\t\t\t<div class=\"slider\">\n\t\t\t\t\t\t\t\t\t\t\t<div class=\"slide-wrap\">\n\t\t\t\t\t\t\t<div class=\"slide-img\" style=\"background-image:url('https:\/\/www.southcoast.org\/wp-content\/uploads\/2025\/09\/37-yo-Female-52-135lb-Panniculectomy-with-umbilicus-transposition.png')\"><\/div>\n\t\t\t\t\t\t\t    <div class=\"mainCopyWrap\">\n            <h3>Mujer de 37 a\u00f1os Paniculectom\u00eda con transposici\u00f3n del ombligo, Altura: 1,70 m, Peso: 65 kg.<\/h3>\n        <\/div>\n    \n\t\t\t\t\t\t<\/div>\n\t\t\t\t\t\t\t\t\t\t\t<div class=\"slide-wrap\">\n\t\t\t\t\t\t\t<div class=\"slide-img\" style=\"background-image:url('https:\/\/www.southcoast.org\/wp-content\/uploads\/2025\/07\/36-year-old-female-Panniculectomy-Watermarked-2.png')\"><\/div>\n\t\t\t\t\t\t\t    <div class=\"mainCopyWrap\">\n            <h3>Mujer de 36 a\u00f1os Paniculectom\u00eda, Altura: 1,70 m, Peso: 75 kg.<\/h3>\n        <\/div>\n    \n\t\t\t\t\t\t<\/div>\n\t\t\t\t\t\t\t\t\t\t\t<div class=\"slide-wrap\">\n\t\t\t\t\t\t\t<div class=\"slide-img\" style=\"background-image:url('https:\/\/www.southcoast.org\/wp-content\/uploads\/2025\/07\/55-year-old-female-Panniculectomy-Watermarked-2.png')\"><\/div>\n\t\t\t\t\t\t\t    <div class=\"mainCopyWrap\">\n            <h3>Mujer de 55 a\u00f1os Paniculectom\u00eda, Altura: 1,70 m, Peso: 70 kg.<\/h3>\n        <\/div>\n    \n\t\t\t\t\t\t<\/div>\n\t\t\t\t\t\t\t\t\t<\/div>\n\t\t\t<\/div>\n\t\t<\/div>\n\t<\/div>\n<\/div>\n\n\n<div id=\"backlift\" class=\"blockSettings  paddingTopNone paddingBottomMD media-object-block light\" style=\"\"><div class=\"container\">\n\t<div class=\"grid\">\n\t\t<div class=\"col-sm-12\">\n\t\t\t<div class=\"inner image-left list-style-disc inner-white-bg\" style=\"background-color: #fff;\">\n\t\t\t\t<div class=\"copy\">\n\t\t\t\t\t    <div class=\"mainCopyWrap\">\n            <h2>Elevador de espalda<\/h2>\n    <div class=\"paragraphWrap\"><p>Mujer de 36 a\u00f1os Paniculectom\u00eda<br \/>\nAltura: 1,70<br \/>\nPeso: 165 lbs.<\/p>\n<\/div>    <\/div>\n    \t\t\t\t<\/div>\n\t\t\t\t\t\t\t\t<div class=\"images\">\n\t\t\t\t\t\t<img decoding=\"async\" class=\"single\" src=\"https:\/\/www.southcoast.org\/wp-content\/uploads\/2025\/07\/33-year-old-female-back-lift-after-weight-loss-Watermarked-2.png\" alt=\"Back lift results after weight loss in 33-year-old woman.\">\n\t\t\t\t\t\t\t\t\t\t<\/div>\n\t\t\t\t\n\t\t\t<\/div>\n\t\t<\/div>\n\t<\/div>\n<\/div>\n<\/div>","protected":false},"excerpt":{"rendered":"","protected":false},"author":7,"featured_media":0,"parent":15963,"menu_order":0,"comment_status":"closed","ping_status":"closed","template":"","meta":{"_acf_changed":false,"footnotes":""},"class_list":["post-15965","page","type-page","status-publish","hentry"],"acf":[],"yoast_head":"<!-- This site is optimized with the Yoast SEO plugin v26.0 - https:\/\/yoast.com\/wordpress\/plugins\/seo\/ -->\n<title>Dr. Moores - Before and After Photos - Southcoast Health<\/title>\n<meta name=\"robots\" content=\"index, follow, max-snippet:-1, max-image-preview:large, max-video-preview:-1\" \/>\n<link rel=\"canonical\" href=\"https:\/\/www.southcoast.org\/es\/dr-craig-moores\/before-and-after\/\" \/>\n<meta property=\"og:locale\" content=\"es_MX\" \/>\n<meta property=\"og:type\" content=\"article\" \/>\n<meta property=\"og:title\" content=\"Dr. Moores - Before and After Photos - Southcoast Health\" \/>\n<meta property=\"og:url\" content=\"https:\/\/www.southcoast.org\/es\/dr-craig-moores\/before-and-after\/\" \/>\n<meta property=\"og:site_name\" content=\"Southcoast Health\" \/>\n<meta property=\"article:modified_time\" content=\"2025-11-21T21:07:14+00:00\" \/>\n<meta name=\"twitter:card\" content=\"summary_large_image\" \/>\n<script type=\"application\/ld+json\" class=\"yoast-schema-graph\">{\"@context\":\"https:\/\/schema.org\",\"@graph\":[{\"@type\":\"WebPage\",\"@id\":\"https:\/\/www.southcoast.org\/dr-craig-moores\/before-and-after\/\",\"url\":\"https:\/\/www.southcoast.org\/dr-craig-moores\/before-and-after\/\",\"name\":\"Dr. Moores - Before and After Photos - Southcoast Health\",\"isPartOf\":{\"@id\":\"https:\/\/www.southcoast.org\/#website\"},\"datePublished\":\"2025-06-19T19:21:52+00:00\",\"dateModified\":\"2025-11-21T21:07:14+00:00\",\"breadcrumb\":{\"@id\":\"https:\/\/www.southcoast.org\/dr-craig-moores\/before-and-after\/#breadcrumb\"},\"inLanguage\":\"es-MX\",\"potentialAction\":[{\"@type\":\"ReadAction\",\"target\":[\"https:\/\/www.southcoast.org\/dr-craig-moores\/before-and-after\/\"]}]},{\"@type\":\"BreadcrumbList\",\"@id\":\"https:\/\/www.southcoast.org\/dr-craig-moores\/before-and-after\/#breadcrumb\",\"itemListElement\":[{\"@type\":\"ListItem\",\"position\":1,\"name\":\"\",\"item\":\"https:\/\/www.southcoast.org\/\"},{\"@type\":\"ListItem\",\"position\":2,\"name\":\"Dr. Craig Moores\",\"item\":\"https:\/\/www.southcoast.org\/dr-craig-moores\/\"},{\"@type\":\"ListItem\",\"position\":3,\"name\":\"Dr. Moores &#8211; Before and After Photos\"}]},{\"@type\":\"WebSite\",\"@id\":\"https:\/\/www.southcoast.org\/#website\",\"url\":\"https:\/\/www.southcoast.org\/\",\"name\":\"Southcoast Health\",\"description\":\"More than medicine.\",\"potentialAction\":[{\"@type\":\"SearchAction\",\"target\":{\"@type\":\"EntryPoint\",\"urlTemplate\":\"https:\/\/www.southcoast.org\/?s={search_term_string}\"},\"query-input\":{\"@type\":\"PropertyValueSpecification\",\"valueRequired\":true,\"valueName\":\"search_term_string\"}}],\"inLanguage\":\"es-MX\"}]}<\/script>\n<!-- \/ Yoast SEO plugin. -->","yoast_head_json":{"title":"Dr. Moores - Before and After Photos - Southcoast Health","robots":{"index":"index","follow":"follow","max-snippet":"max-snippet:-1","max-image-preview":"max-image-preview:large","max-video-preview":"max-video-preview:-1"},"canonical":"https:\/\/www.southcoast.org\/es\/dr-craig-moores\/before-and-after\/","og_locale":"es_MX","og_type":"article","og_title":"Dr. Moores - Before and After Photos - Southcoast Health","og_url":"https:\/\/www.southcoast.org\/es\/dr-craig-moores\/before-and-after\/","og_site_name":"Southcoast Health","article_modified_time":"2025-11-21T21:07:14+00:00","twitter_card":"summary_large_image","schema":{"@context":"https:\/\/schema.org","@graph":[{"@type":"WebPage","@id":"https:\/\/www.southcoast.org\/dr-craig-moores\/before-and-after\/","url":"https:\/\/www.southcoast.org\/dr-craig-moores\/before-and-after\/","name":"Dr. Moores - Before and After Photos - Southcoast Health","isPartOf":{"@id":"https:\/\/www.southcoast.org\/#website"},"datePublished":"2025-06-19T19:21:52+00:00","dateModified":"2025-11-21T21:07:14+00:00","breadcrumb":{"@id":"https:\/\/www.southcoast.org\/dr-craig-moores\/before-and-after\/#breadcrumb"},"inLanguage":"es-MX","potentialAction":[{"@type":"ReadAction","target":["https:\/\/www.southcoast.org\/dr-craig-moores\/before-and-after\/"]}]},{"@type":"BreadcrumbList","@id":"https:\/\/www.southcoast.org\/dr-craig-moores\/before-and-after\/#breadcrumb","itemListElement":[{"@type":"ListItem","position":1,"name":"","item":"https:\/\/www.southcoast.org\/"},{"@type":"ListItem","position":2,"name":"Dr. Craig Moores","item":"https:\/\/www.southcoast.org\/dr-craig-moores\/"},{"@type":"ListItem","position":3,"name":"Dr. Moores &#8211; Before and After Photos"}]},{"@type":"WebSite","@id":"https:\/\/www.southcoast.org\/#website","url":"https:\/\/www.southcoast.org\/","name":"Southcoast Health","description":"M\u00e1s que medicina.","potentialAction":[{"@type":"SearchAction","target":{"@type":"EntryPoint","urlTemplate":"https:\/\/www.southcoast.org\/?s={search_term_string}"},"query-input":{"@type":"PropertyValueSpecification","valueRequired":true,"valueName":"search_term_string"}}],"inLanguage":"es-MX"}]}},"_links":{"self":[{"href":"https:\/\/www.southcoast.org\/es\/wp-json\/wp\/v2\/pages\/15965","targetHints":{"allow":["GET"]}}],"collection":[{"href":"https:\/\/www.southcoast.org\/es\/wp-json\/wp\/v2\/pages"}],"about":[{"href":"https:\/\/www.southcoast.org\/es\/wp-json\/wp\/v2\/types\/page"}],"author":[{"embeddable":true,"href":"https:\/\/www.southcoast.org\/es\/wp-json\/wp\/v2\/users\/7"}],"replies":[{"embeddable":true,"href":"https:\/\/www.southcoast.org\/es\/wp-json\/wp\/v2\/comments?post=15965"}],"version-history":[{"count":10,"href":"https:\/\/www.southcoast.org\/es\/wp-json\/wp\/v2\/pages\/15965\/revisions"}],"predecessor-version":[{"id":282562,"href":"https:\/\/www.southcoast.org\/es\/wp-json\/wp\/v2\/pages\/15965\/revisions\/282562"}],"up":[{"embeddable":true,"href":"https:\/\/www.southcoast.org\/es\/wp-json\/wp\/v2\/pages\/15963"}],"wp:attachment":[{"href":"https:\/\/www.southcoast.org\/es\/wp-json\/wp\/v2\/media?parent=15965"}],"curies":[{"name":"wp","href":"https:\/\/api.w.org\/{rel}","templated":true}]}}