{"id":15963,"date":"2025-06-19T19:21:15","date_gmt":"2025-06-19T19:21:15","guid":{"rendered":"https:\/\/test-southcoast-health-multi.southcoast-health.org\/?page_id=15963"},"modified":"2025-10-28T18:33:56","modified_gmt":"2025-10-28T18:33:56","slug":"dr-craig-moores","status":"publish","type":"page","link":"https:\/\/www.southcoast.org\/es\/dr-craig-moores\/","title":{"rendered":"Dr. Craig Moores"},"content":{"rendered":"<div  class=\"blockSettings  paddingTopSM paddingBottomMD heroBasicFluid darkTheme\" style=\"background-image:url(https:\/\/www.southcoast.org\/wp-content\/uploads\/2025\/06\/career_eras_tour_hero.webp);background-size:cover;background-position:center center;\"><div class=\"overlay\"><\/div><div class=\"container\">\n            <div class=\"grid\">\n            <div class=\"col-sm-12 col-bleed-y\">\n                <div class=\"Center\">\n                    <div class=\"breadcrumbsWrapper desktop-breadcrumbs\"><nav id=\"breadcrumbs\" aria-label=\"Migas de pan\"><ol><li><a href=\"https:\/\/www.southcoast.org\/es\/\"><i class=\"fa-light fa-house\"><\/i><span class=\"visually-hidden\">Inicio<\/span><\/a><\/li><\/ol><\/nav><\/div><div class=\"breadcrumbsWrapper mobile-breadcrumbs\"><p id=\"mobile-breadcrumbs\" class=\"mobile-back-nav\"><span><span><a href=\"#\" onclick=\"return handleBackNavigation();\"><i class=\"fa-solid fa-chevron-left back-arrow\"><\/i> Volver<\/a><\/span><\/span><\/p>\t\t<script>\n\t\t\tfunction handleBackNavigation() {\n\t\t\t\tif (window.history.length > 1) {\n\t\t\t\t\twindow.history.back();\n\t\t\t\t} else {\n\t\t\t\t\twindow.location.href = 'https:\/\/www.southcoast.org\/es';\n\t\t\t\t}\n\t\t\t\treturn false;\n\t\t\t}\n\t\t<\/script>\n<\/div>                <\/div>\n            <\/div>\n        <\/div>\n        <div class=\"grid align-center\">\n        <div class=\"col-sm-10\">\n            <div class=\"Center\">\n\n                    <div class=\"mainCopyWrap\">\n            <h1>Dr. Craig Moores<\/h1>\n    <div class=\"paragraphWrap\"><p>Cirug\u00eda pl\u00e1stica cosm\u00e9tica y reconstructiva en Southcoast Health.<\/p><\/div>    <\/div>\n    \n                \n            <\/div>\n        <\/div>\n    <\/div>\n<\/div>\n    <div class=\"cornerArtWrapper cornerArt-small\">\n        <img decoding=\"async\" class=\"cornerArt\" src=\"https:\/\/www.southcoast.org\/wp-content\/themes\/southcoast_multisite\/images\/corner-art.svg\" alt=\"\">\n    <\/div>\n<\/div>\n\n    <div class=\"heroBasicFluidExtended\">\n        <div class=\"container\">\n            <div class=\"grid\">\n                <div class=\"col-sm-12 col-bleed-y\">\n                    <!-- Mobile Jump Nav Dropdown -->\n                    <div class=\"jump-nav-mobile\">\n                        <p>Saltar al contenido<\/p>\n                        <select>\n                            <option value=\"\">Seleccionar secci\u00f3n<\/option>\n                                                                                                <option value=\"#overview\">\n                                        Visi\u00f3n general                                    <\/option>\n                                                                                                                                <option value=\"#procedures\">\n                                        Procedimientos                                    <\/option>\n                                                                                                                                <option value=\"#technology\">\n                                        Tecnolog\u00eda                                    <\/option>\n                                                                                                                                <option value=\"#locations\">\n                                        Ubicaciones                                    <\/option>\n                                                                                    <\/select>\n                        <i class=\"fal fa-angle-down\"><\/i>\n                    <\/div>\n                    <!-- Desktop Jump Nav Links -->\n                    <div class=\"jump-nav-desktop\">\n                        <div class=\"jump-nav-wrap\">\n                            <div class=\"inner\">\n                                                                                                            <a href=\"#overview\"\n                                            >\n                                            Visi\u00f3n general                                        <\/a>\n                                                                                                                                                <a href=\"#procedures\"\n                                            >\n                                            Procedimientos                                        <\/a>\n                                                                                                                                                <a href=\"#technology\"\n                                            >\n                                            Tecnolog\u00eda                                        <\/a>\n                                                                                                                                                <a href=\"#locations\"\n                                            >\n                                            Ubicaciones                                        <\/a>\n                                                                                                <\/div>\n                        <\/div>\n                    <\/div>\n                <\/div>\n            <\/div>\n        <\/div>\n    <\/div>\n\n\n\n<div id=\"overview\" class=\"blockSettings  paddingTopMD paddingBottomMD media-object-block light\" style=\"\"><div class=\"container\">\n\t<div class=\"grid\">\n\t\t<div class=\"col-sm-12\">\n\t\t\t<div class=\"inner image-right list-style-disc inner-white-bg\" style=\"background-color: #fff;\">\n\t\t\t\t<div class=\"copy\">\n\t\t\t\t\t    <div class=\"mainCopyWrap\">\n            <h2>Cirug\u00eda est\u00e9tica y reparadora en Southcoast Health<\/h2>\n    <div class=\"paragraphWrap\"><p>El Dr. Moores est\u00e1 triplemente certificado en cirug\u00eda de la mano, cirug\u00eda pl\u00e1stica y cirug\u00eda general. Obtuvo su t\u00edtulo de m\u00e9dico en el Albany Medical College de Albany, Nueva York. A continuaci\u00f3n, complet\u00f3 una residencia en cirug\u00eda general en la Facultad de Medicina de la Universidad de Yale y est\u00e1 certificado por la Junta Americana de Cirug\u00eda. Ampli\u00f3 su formaci\u00f3n realizando una residencia en cirug\u00eda pl\u00e1stica en la Facultad de Medicina de la Universidad de Carolina del Sur y complet\u00f3 su \u00faltimo a\u00f1o de formaci\u00f3n con una beca en microcirug\u00eda y cirug\u00eda de la mano en Yale.<\/p>\n<\/div>    <\/div>\n        <div class=\"ctaWrap\">\n                    <a aria-label=\"enlace a M\u00e1s sobre el Dr. Moores\" class=\"mainCTA shadow light1\" href=\"https:\/\/www.southcoast.org\/es\/doctors\/craig-moores-md\/\" title=\"M\u00e1s informaci\u00f3n sobre el Dr. Moores\" >M\u00e1s sobre el Dr. Moores<\/a>            <\/div>\n    \t\t\t\t<\/div>\n\t\t\t\t\t\t\t\t<div class=\"images\">\n\t\t\t\t\t\t<img decoding=\"async\" class=\"single\" src=\"https:\/\/www.southcoast.org\/wp-content\/uploads\/2025\/07\/Moores-Final-1536x1536-1.jpg\" alt=\"Smiling man in a suit and tie\">\n\t\t\t\t\t\t\t\t\t\t<\/div>\n\t\t\t\t\n\t\t\t<\/div>\n\t\t<\/div>\n\t<\/div>\n<\/div>\n<\/div>\n\n\n<div  class=\"blockSettings  paddingTopNone paddingBottomNone calloutbannerminiFluid layout-full darkTheme\" style=\"background: linear-gradient(110deg, #0A4A3D 2.57%, rgba(5, 116, 99, 0.99) 59.47%, #009984 99.08%);\"><div class=\"container-full\">\n    <div class=\"grid\">\n        <div class=\"col-sm-12 col-bleed\">\n            <div class=\"banner-content container ctas-1\">\n                                    <div class=\"copy\">\n                        <p>Ver fotos del antes y el despu\u00e9s<\/p>\n                    <\/div>\n                                    <div class=\"ctaWrap\">\n                    <a aria-label=\"enlace para ver fotos\" class=\"mainCTA shadow dark1\" href=\"\/es\/dr-craig-moores\/before-and-after\/\" title=\"Fotos de Open View\" >Ver fotos<\/a>            <\/div>\n                <\/div>\n        <\/div>\n    <\/div>\n<\/div>\n<\/div>\n\n\n<div  class=\"blockSettings  paddingTopMD paddingBottomMD media-object-block light\" style=\"\"><div class=\"container\">\n\t<div class=\"grid\">\n\t\t<div class=\"col-sm-12\">\n\t\t\t<div class=\"inner image-right list-style-disc inner-white-bg\" style=\"background-color: #fff;\">\n\t\t\t\t<div class=\"copy\">\n\t\t\t\t\t    <div class=\"mainCopyWrap\">\n            <h2>Cirug\u00eda est\u00e9tica y reparadora en Southcoast Health<\/h2>\n    <div class=\"paragraphWrap\"><p>La consulta inicial es extremadamente importante cuando se considera la cirug\u00eda pl\u00e1stica. Durante esta cita, el historial m\u00e9dico del paciente y las preguntas espec\u00edficas relacionadas con la salud y las expectativas se discuten. *<em><strong>Tenga en cuenta que durante la consulta deber\u00e1 abonar una tasa de $150 por consulta est\u00e9tica.<\/strong><\/em><\/p>\n<\/div>    <\/div>\n        <div class=\"ctaWrap\">\n                    <a aria-label=\"enlace para reservar una consulta hoy mismo\" class=\"mainCTA shadow light1\" href=\"https:\/\/www.southcoast.org\/es\/doctors\/craig-moores-md\/\" title=\"Abrir una consulta hoy mismo\" >Reserve una consulta hoy mismo<\/a>            <\/div>\n    \t\t\t\t<\/div>\n\t\t\t\t\t\t\t\t<div class=\"images\">\n\t\t\t\t\t\t<img decoding=\"async\" class=\"single\" src=\"https:\/\/www.southcoast.org\/wp-content\/uploads\/2025\/07\/GJTR1269-1536x1024-1.jpg\" alt=\"Doctor speaking with patient in medical office with computer workstation and framed artwork on the wall.\">\n\t\t\t\t\t\t\t\t\t\t<\/div>\n\t\t\t\t\n\t\t\t<\/div>\n\t\t<\/div>\n\t<\/div>\n<\/div>\n<\/div>\n\n\n<div id=\"procedures\" class=\"blockSettings  paddingTopMD paddingBottomMD cardImageFluid light\" style=\"background-color:#f6f7f7;\"><div class=\"container\" role=\"region\"  aria-label=\"Procedimientos\">\n\t<div class=\"grid\">\n\t\t<div class=\"col-sm-12\">\n\t\t\t    <div class=\"introWithCta centerAlign\">\n            <div class=\"mainCopyWrap\">\n            <h2>Procedimientos<\/h2>\n    <div class=\"paragraphWrap\"><p>La consulta inicial es extremadamente importante cuando se considera la cirug\u00eda pl\u00e1stica. Durante esta cita, se discute el historial m\u00e9dico del paciente y las preguntas y expectativas espec\u00edficas relacionadas con la salud. <strong>*Tenga en cuenta que durante la consulta deber\u00e1 abonar una tasa de $150 por la consulta est\u00e9tica.<\/strong><\/p>\n<\/div>    <\/div>\n        <\/div>\n    \t\t<\/div>\n\t<\/div>\n\t<div class=\"blockSeparator\"><\/div>\n\t<div class=\"cardImageContentWrap\">\n\t\t\t\t\t\t\t<!--Manual Cards-->\n\t\t\t<div class=\"grid\" >\n\t\t\t\t\t\t\t\t\t\t\t<div class=\"col-sm-6 col-md-4 col-grid\" role=\"group\"  aria-label=\"La cirug\u00eda pl\u00e1stica corporal altera determinadas zonas del cuerpo para tratar problemas m\u00e9dicos o mejorar el aspecto para que vuelva a sentirse seguro de s\u00ed mismo.\">\n\t\t\t\t\t\t\t\t<div class=\"cardBasic border center Vertical\">\n\t\t\t\t\t\t\t\t\t<div class=\"cardImage\" style=\"background-image:url('https:\/\/www.southcoast.org\/wp-content\/uploads\/2025\/06\/plastics_mini_site_procedures_1.webp'); \"><\/div>\n\t\t\t\t\t\t\t\t\t<div class=\"cardBasicBody\">\n\t\t\t\t\t\t\t\t\t\t\t\t\t\t\t\t\t\t\t\t<p class=\"cardBasicBodyTitle\">La cirug\u00eda pl\u00e1stica corporal altera determinadas zonas del cuerpo para tratar problemas m\u00e9dicos o mejorar el aspecto para que vuelva a sentirse seguro de s\u00ed mismo.<\/p>\n\t\t\t\t\t\t\t\t\t\t\t\t\t\t\t\t\t\t\t\t\t<div class=\"excerpt\">\n\t\t\t\t\t\t\t\t\t\t\t\t<ul>\n<li>Braquioplastia (lifting de brazos)<\/li>\n<li>Injertos de grasa<\/li>\n<li>Liposucci\u00f3n<\/li>\n<li>Cambio de imagen para mam\u00e1s<\/li>\n<li>Lifting de cuello<\/li>\n<li>Paniculectom\u00eda<\/li>\n<li>Revisi\u00f3n de cicatrices<\/li>\n<li>Lifting de cuello<\/li>\n<li>Cirug\u00eda est\u00e9tica de abdomen (abdominoplastia)<\/li>\n<\/ul>\n\t\t\t\t\t\t\t\t\t\t\t<\/div>\n\t\t\t\t\t\t\t\t\t\t\t\t\t\t\t\t\t\t\t\t<a aria-label=\"enlace para reservar una consulta\" href=\"\/es\/\" title=\"enlace para reservar una consulta\" target=\"_self\" class=\"readMore\"><span class=\"fa-regular fa-arrow-up-right readMoreIcon\"><\/span> Concertar una consulta <\/a>\n\t\t\t\t\t\t\t\t\t<\/div>\n\t\t\t\t\t\t\t\t<\/div>\n\t\t\t\t\t\t\t<\/div>\n\t\t\t\t\t\t\t\t\t\t\t\t\t\t\t\t\t<div class=\"col-sm-6 col-md-4 col-grid\" role=\"group\"  aria-label=\"La cirug\u00eda est\u00e9tica y reconstructiva mamaria redefinir\u00e1 el aspecto y el tacto de sus mamas para que recupere la comodidad y la confianza en s\u00ed misma.\">\n\t\t\t\t\t\t\t\t<div class=\"cardBasic border center Vertical\">\n\t\t\t\t\t\t\t\t\t<div class=\"cardImage\" style=\"background-image:url('https:\/\/www.southcoast.org\/wp-content\/uploads\/2025\/06\/plastics_mini_site_procedures_2.webp'); \"><\/div>\n\t\t\t\t\t\t\t\t\t<div class=\"cardBasicBody\">\n\t\t\t\t\t\t\t\t\t\t\t\t\t\t\t\t\t\t\t\t<p class=\"cardBasicBodyTitle\">La cirug\u00eda est\u00e9tica y reconstructiva mamaria redefinir\u00e1 el aspecto y el tacto de sus mamas para que recupere la comodidad y la confianza en s\u00ed misma.<\/p>\n\t\t\t\t\t\t\t\t\t\t\t\t\t\t\t\t\t\t\t\t\t<div class=\"excerpt\">\n\t\t\t\t\t\t\t\t\t\t\t\t<ul>\n<li>Aumento de mamas<\/li>\n<li>Extracci\u00f3n de implantes mamarios<\/li>\n<li>Elevaci\u00f3n de mamas (mastopexia)<\/li>\n<li>Reconstrucci\u00f3n mamaria<\/li>\n<li>Reducci\u00f3n mamaria (mamoplastia de reducci\u00f3n)<\/li>\n<li>Reducci\u00f3n de mamas masculinas (ginecomastia)<\/li>\n<li>Correcci\u00f3n de pezones invertidos<\/li>\n<\/ul>\n\t\t\t\t\t\t\t\t\t\t\t<\/div>\n\t\t\t\t\t\t\t\t\t\t\t\t\t\t\t\t\t\t\t\t<a aria-label=\"enlace para reservar una consulta\" href=\"\/es\/\" title=\"enlace para reservar una consulta\" target=\"_self\" class=\"readMore\"><span class=\"fa-regular fa-arrow-up-right readMoreIcon\"><\/span> Concertar una consulta <\/a>\n\t\t\t\t\t\t\t\t\t<\/div>\n\t\t\t\t\t\t\t\t<\/div>\n\t\t\t\t\t\t\t<\/div>\n\t\t\t\t\t\t\t\t\t\t\t\t\t\t\t\t\t<div class=\"col-sm-6 col-md-4 col-grid\" role=\"group\"  aria-label=\"La cirug\u00eda pl\u00e1stica y reconstructiva facial se realiza para personas que buscan reconstruir su rostro potencialmente por el envejecimiento, eliminar irregularidades del contorno o cambiar rasgos no deseados.\">\n\t\t\t\t\t\t\t\t<div class=\"cardBasic border center Vertical\">\n\t\t\t\t\t\t\t\t\t<div class=\"cardImage\" style=\"background-image:url('https:\/\/www.southcoast.org\/wp-content\/uploads\/2025\/06\/plastics_mini_site_procedures_3.webp'); \"><\/div>\n\t\t\t\t\t\t\t\t\t<div class=\"cardBasicBody\">\n\t\t\t\t\t\t\t\t\t\t\t\t\t\t\t\t\t\t\t\t<p class=\"cardBasicBodyTitle\">La cirug\u00eda pl\u00e1stica y reconstructiva facial se realiza para personas que buscan reconstruir su rostro potencialmente por el envejecimiento, eliminar irregularidades del contorno o cambiar rasgos no deseados.<\/p>\n\t\t\t\t\t\t\t\t\t\t\t\t\t\t\t\t\t\t\t\t\t<div class=\"excerpt\">\n\t\t\t\t\t\t\t\t\t\t\t\t<ul>\n<li>Botox\u00ae e inyecciones cosm\u00e9ticas<\/li>\n<li>Lifting de cejas<\/li>\n<li>Exfoliaci\u00f3n qu\u00edmica<\/li>\n<li>Lifting de p\u00e1rpados (blefaroplastia)<\/li>\n<li>Lifting facial<\/li>\n<li>Eliminaci\u00f3n de lunares<\/li>\n<li>Reparaci\u00f3n de l\u00f3bulos desgarrados<\/li>\n<li>Remodelaci\u00f3n de la nariz (rinoplastia)<\/li>\n<\/ul>\n\t\t\t\t\t\t\t\t\t\t\t<\/div>\n\t\t\t\t\t\t\t\t\t\t\t\t\t\t\t\t\t\t\t\t<a aria-label=\"enlace para reservar una consulta\" href=\"\/es\/\" title=\"enlace para reservar una consulta\" target=\"_self\" class=\"readMore\"><span class=\"fa-regular fa-arrow-up-right readMoreIcon\"><\/span> Concertar una consulta <\/a>\n\t\t\t\t\t\t\t\t\t<\/div>\n\t\t\t\t\t\t\t\t<\/div>\n\t\t\t\t\t\t\t<\/div>\n\t\t\t\t\t\t\t\t\t\t\t\t\t<\/div>\n\t\t\t<\/div>\n\t<\/div>\n\n<\/div>\n\n\n<div id=\"technology\" class=\"blockSettings  paddingTopSM paddingBottomMD media-object-block light\" style=\"\"><div class=\"container\">\n\t<div class=\"grid\">\n\t\t<div class=\"col-sm-12\">\n\t\t\t<div class=\"inner image-left list-style-disc inner-white-bg\" style=\"background-color: #fff;\">\n\t\t\t\t<div class=\"copy\">\n\t\t\t\t\t    <div class=\"mainCopyWrap\">\n            <h2>Tecnolog\u00eda de cirug\u00eda pl\u00e1stica<\/h2>\n    <div class=\"paragraphWrap\"><p>Nuestras instalaciones cuentan con una amplia zona de recepci\u00f3n, una sala de procedimientos menores y una consulta privada. Adem\u00e1s, nuestra consulta est\u00e1 equipada con el sistema de im\u00e1genes VECTRA 3D para ofrecer a los pacientes una visualizaci\u00f3n simulada de todas las posibilidades. Su seguridad y comodidad son nuestra m\u00e1xima prioridad y usted puede estar seguro de que cuando usted visita nuestra pr\u00e1ctica que est\u00e1 en buenas manos.<\/p>\n<\/div>    <\/div>\n    \t\t\t\t<\/div>\n\t\t\t\t\t\t\t\t<div class=\"images\">\n\t\t\t\t\t\t<img decoding=\"async\" class=\"single\" src=\"https:\/\/www.southcoast.org\/wp-content\/uploads\/2025\/07\/Plastic-Surgery-Photos-17-768x512-1.jpg\" alt=\"White medical equipment with Vectra branding and Scanfield label displayed in a room.\">\n\t\t\t\t\t\t\t\t\t\t<\/div>\n\t\t\t\t\n\t\t\t<\/div>\n\t\t<\/div>\n\t<\/div>\n<\/div>\n<\/div>\n\n\n\n\n<div id=\"locations\" class=\"blockSettings  paddingTopNone paddingBottomNone sliderFluid light\" style=\"\"><div class=\"container-full\">\n\t\t\t<div class=\"grid\">\n\t\t\t<div class=\"col-sm-12\">\n\t\t\t\t<div class=\"introCenter\">\n\t\t\t\t\t    <div class=\"mainCopyWrap\">\n            <h2>Ubicaci\u00f3n<\/h2>\n    <div class=\"paragraphWrap\"><p>El Dr. Moores se encuentra en nuestra <a href=\"https:\/\/www.southcoast.org\/es\/locations\/southcoast-health-cosmetic-and-plastic-surgery-dartmouth-ma-119-479\/\">Dartmouth, MA<\/a>, <a href=\"https:\/\/www.southcoast.org\/es\/locations\/southcoast-health-orthopedic-plastic-and-reconstructive-surgery-fall-river-ma-229-495\/\">Fall River, MA<\/a> y <a href=\"https:\/\/www.southcoast.org\/es\/locations\/southcoast-health-specialty-care-portsmouth-ri-240-529\/\">Portsmouth, RI.<\/a> Aqu\u00ed podr\u00e1 someterse a procedimientos quir\u00fargicos y no quir\u00fargicos para hombres y mujeres. Creemos que un enfoque personal de la atenci\u00f3n cosm\u00e9tica es clave para la seguridad y comodidad de nuestros pacientes, por lo que creamos planes de tratamiento personalizados para ayudarles a obtener sus objetivos est\u00e9ticos. Estamos orgullosos de ofrecer a nuestros pacientes un centro de vanguardia que est\u00e1 equipado con modernas herramientas y tecnolog\u00eda para un servicio excepcional. Le invitamos a visitar nuestras instalaciones para saber m\u00e1s sobre nosotros.<\/p>\n<\/div>    <\/div>\n    \t\t\t\t\t    <div class=\"ctaWrap\">\n                    <a aria-label=\"enlace para concertar una cita\" class=\"mainCTA shadow light1\" href=\"https:\/\/www.southcoast.org\/es\/doctors\/craig-moores-md\/\" title=\"Abrir Reservar una cita\" >Concierte una cita<\/a>            <\/div>\n    \t\t\t\t<\/div>\n\t\t\t<\/div>\n\t\t<\/div>\n\t\t\t\t\t\t\t<div class=\"blockSeparator\"><\/div>\n\t\t\t\t\t\t<div class=\"grid\">\n\t\t\t<div class=\"col-sm-12\">\n\t\t\t\t<div class=\"slider\">\n\t\t\t\t\t\t\t\t\t\t\t<div class=\"slide-wrap\">\n\t\t\t\t\t\t\t<div class=\"slide-img\" style=\"background-image:url('https:\/\/www.southcoast.org\/wp-content\/uploads\/2025\/10\/Craig-Moores-Cosmetic-Consultation-Plastic-scaled.jpg')\"><\/div>\n\t\t\t\t\t\t\t    <div class=\"mainCopyWrap\">\n            <\/div>\n    \n\t\t\t\t\t\t<\/div>\n\t\t\t\t\t\t\t\t\t\t\t<div class=\"slide-wrap\">\n\t\t\t\t\t\t\t<div class=\"slide-img\" style=\"background-image:url('')\"><\/div>\n\t\t\t\t\t\t\t    <div class=\"mainCopyWrap\">\n            <\/div>\n    \n\t\t\t\t\t\t<\/div>\n\t\t\t\t\t\t\t\t\t\t\t<div class=\"slide-wrap\">\n\t\t\t\t\t\t\t<div class=\"slide-img\" style=\"background-image:url('')\"><\/div>\n\t\t\t\t\t\t\t    <div class=\"mainCopyWrap\">\n            <\/div>\n    \n\t\t\t\t\t\t<\/div>\n\t\t\t\t\t\t\t\t\t\t\t<div class=\"slide-wrap\">\n\t\t\t\t\t\t\t<div class=\"slide-img\" style=\"background-image:url('')\"><\/div>\n\t\t\t\t\t\t\t    <div class=\"mainCopyWrap\">\n            <\/div>\n    \n\t\t\t\t\t\t<\/div>\n\t\t\t\t\t\t\t\t\t<\/div>\n\t\t\t<\/div>\n\t\t<\/div>\n\t<\/div>\n<\/div>","protected":false},"excerpt":{"rendered":"","protected":false},"author":7,"featured_media":0,"parent":0,"menu_order":0,"comment_status":"closed","ping_status":"closed","template":"","meta":{"_acf_changed":false,"footnotes":""},"class_list":["post-15963","page","type-page","status-publish","hentry"],"acf":[],"yoast_head":"<!-- This site is optimized with the Yoast SEO plugin v26.0 - https:\/\/yoast.com\/wordpress\/plugins\/seo\/ -->\n<title>Dr. Craig Moores - Southcoast Health<\/title>\n<meta name=\"description\" content=\"Dr. Craig Moores is a cosmetic and plastic surgeon dedicated to making patients feel like their best selves.\" \/>\n<meta name=\"robots\" content=\"index, follow, max-snippet:-1, max-image-preview:large, max-video-preview:-1\" \/>\n<link rel=\"canonical\" href=\"https:\/\/www.southcoast.org\/es\/dr-craig-moores\/\" \/>\n<meta property=\"og:locale\" content=\"es_MX\" \/>\n<meta property=\"og:type\" content=\"article\" \/>\n<meta property=\"og:title\" content=\"Dr. Craig Moores - Southcoast Health\" \/>\n<meta property=\"og:description\" content=\"Dr. Craig Moores is a cosmetic and plastic surgeon dedicated to making patients feel like their best selves.\" \/>\n<meta property=\"og:url\" content=\"https:\/\/www.southcoast.org\/es\/dr-craig-moores\/\" \/>\n<meta property=\"og:site_name\" content=\"Southcoast Health\" \/>\n<meta property=\"article:modified_time\" content=\"2025-10-28T18:33:56+00:00\" \/>\n<meta name=\"twitter:card\" content=\"summary_large_image\" \/>\n<script type=\"application\/ld+json\" class=\"yoast-schema-graph\">{\"@context\":\"https:\/\/schema.org\",\"@graph\":[{\"@type\":\"WebPage\",\"@id\":\"https:\/\/www.southcoast.org\/dr-craig-moores\/\",\"url\":\"https:\/\/www.southcoast.org\/dr-craig-moores\/\",\"name\":\"Dr. Craig Moores - Southcoast Health\",\"isPartOf\":{\"@id\":\"https:\/\/www.southcoast.org\/#website\"},\"datePublished\":\"2025-06-19T19:21:15+00:00\",\"dateModified\":\"2025-10-28T18:33:56+00:00\",\"description\":\"Dr. Craig Moores is a cosmetic and plastic surgeon dedicated to making patients feel like their best selves.\",\"breadcrumb\":{\"@id\":\"https:\/\/www.southcoast.org\/dr-craig-moores\/#breadcrumb\"},\"inLanguage\":\"es-MX\",\"potentialAction\":[{\"@type\":\"ReadAction\",\"target\":[\"https:\/\/www.southcoast.org\/dr-craig-moores\/\"]}]},{\"@type\":\"BreadcrumbList\",\"@id\":\"https:\/\/www.southcoast.org\/dr-craig-moores\/#breadcrumb\",\"itemListElement\":[{\"@type\":\"ListItem\",\"position\":1,\"name\":\"\",\"item\":\"https:\/\/www.southcoast.org\/\"},{\"@type\":\"ListItem\",\"position\":2,\"name\":\"Dr. Craig Moores\"}]},{\"@type\":\"WebSite\",\"@id\":\"https:\/\/www.southcoast.org\/#website\",\"url\":\"https:\/\/www.southcoast.org\/\",\"name\":\"Southcoast Health\",\"description\":\"More than medicine.\",\"potentialAction\":[{\"@type\":\"SearchAction\",\"target\":{\"@type\":\"EntryPoint\",\"urlTemplate\":\"https:\/\/www.southcoast.org\/?s={search_term_string}\"},\"query-input\":{\"@type\":\"PropertyValueSpecification\",\"valueRequired\":true,\"valueName\":\"search_term_string\"}}],\"inLanguage\":\"es-MX\"}]}<\/script>\n<!-- \/ Yoast SEO plugin. -->","yoast_head_json":{"title":"Dr. Craig Moores - Southcoast Health","description":"El Dr. Craig Moores es un cirujano pl\u00e1stico y est\u00e9tico dedicado a hacer que los pacientes se sientan lo mejor posible.","robots":{"index":"index","follow":"follow","max-snippet":"max-snippet:-1","max-image-preview":"max-image-preview:large","max-video-preview":"max-video-preview:-1"},"canonical":"https:\/\/www.southcoast.org\/es\/dr-craig-moores\/","og_locale":"es_MX","og_type":"article","og_title":"Dr. Craig Moores - Southcoast Health","og_description":"Dr. Craig Moores is a cosmetic and plastic surgeon dedicated to making patients feel like their best selves.","og_url":"https:\/\/www.southcoast.org\/es\/dr-craig-moores\/","og_site_name":"Southcoast Health","article_modified_time":"2025-10-28T18:33:56+00:00","twitter_card":"summary_large_image","schema":{"@context":"https:\/\/schema.org","@graph":[{"@type":"WebPage","@id":"https:\/\/www.southcoast.org\/dr-craig-moores\/","url":"https:\/\/www.southcoast.org\/dr-craig-moores\/","name":"Dr. Craig Moores - Southcoast Health","isPartOf":{"@id":"https:\/\/www.southcoast.org\/#website"},"datePublished":"2025-06-19T19:21:15+00:00","dateModified":"2025-10-28T18:33:56+00:00","description":"El Dr. Craig Moores es un cirujano pl\u00e1stico y est\u00e9tico dedicado a hacer que los pacientes se sientan lo mejor posible.","breadcrumb":{"@id":"https:\/\/www.southcoast.org\/dr-craig-moores\/#breadcrumb"},"inLanguage":"es-MX","potentialAction":[{"@type":"ReadAction","target":["https:\/\/www.southcoast.org\/dr-craig-moores\/"]}]},{"@type":"BreadcrumbList","@id":"https:\/\/www.southcoast.org\/dr-craig-moores\/#breadcrumb","itemListElement":[{"@type":"ListItem","position":1,"name":"","item":"https:\/\/www.southcoast.org\/"},{"@type":"ListItem","position":2,"name":"Dr. Craig Moores"}]},{"@type":"WebSite","@id":"https:\/\/www.southcoast.org\/#website","url":"https:\/\/www.southcoast.org\/","name":"Southcoast Health","description":"M\u00e1s que medicina.","potentialAction":[{"@type":"SearchAction","target":{"@type":"EntryPoint","urlTemplate":"https:\/\/www.southcoast.org\/?s={search_term_string}"},"query-input":{"@type":"PropertyValueSpecification","valueRequired":true,"valueName":"search_term_string"}}],"inLanguage":"es-MX"}]}},"_links":{"self":[{"href":"https:\/\/www.southcoast.org\/es\/wp-json\/wp\/v2\/pages\/15963","targetHints":{"allow":["GET"]}}],"collection":[{"href":"https:\/\/www.southcoast.org\/es\/wp-json\/wp\/v2\/pages"}],"about":[{"href":"https:\/\/www.southcoast.org\/es\/wp-json\/wp\/v2\/types\/page"}],"author":[{"embeddable":true,"href":"https:\/\/www.southcoast.org\/es\/wp-json\/wp\/v2\/users\/7"}],"replies":[{"embeddable":true,"href":"https:\/\/www.southcoast.org\/es\/wp-json\/wp\/v2\/comments?post=15963"}],"version-history":[{"count":10,"href":"https:\/\/www.southcoast.org\/es\/wp-json\/wp\/v2\/pages\/15963\/revisions"}],"predecessor-version":[{"id":281616,"href":"https:\/\/www.southcoast.org\/es\/wp-json\/wp\/v2\/pages\/15963\/revisions\/281616"}],"wp:attachment":[{"href":"https:\/\/www.southcoast.org\/es\/wp-json\/wp\/v2\/media?parent=15963"}],"curies":[{"name":"wp","href":"https:\/\/api.w.org\/{rel}","templated":true}]}}