{"id":15953,"date":"2025-06-19T19:17:55","date_gmt":"2025-06-19T19:17:55","guid":{"rendered":"https:\/\/test-southcoast-health-multi.southcoast-health.org\/?page_id=15953"},"modified":"2025-10-28T13:14:46","modified_gmt":"2025-10-28T13:14:46","slug":"new-beginnings","status":"publish","type":"page","link":"https:\/\/www.southcoast.org\/es\/community\/new-beginnings\/","title":{"rendered":"Nuevos comienzos"},"content":{"rendered":"<div class=\"hero-secondary-block\">\n    <div class=\"background\" style=\"background-color: #fff\"><\/div>\n    <div class=\"container\">\n        <div class=\"grid\">\n            <div class=\"col-bleed-y\">\n                <div class=\"grid intro-text\">\n                    <img decoding=\"async\" class=\"corner-art\" src=\"https:\/\/www.southcoast.org\/wp-content\/themes\/southcoast_multisite\/images\/herobasic-corner-art.png\" alt=\"corner art\">\n                    <div class=\"col-md-9\">\n                                                    <div class=\"breadcrumbsWrapper desktop-breadcrumbs\"><nav id=\"breadcrumbs\" aria-label=\"Migas de pan\"><ol><li><a href=\"https:\/\/www.southcoast.org\/es\/\"><i class=\"fa-light fa-house\"><\/i><span class=\"visually-hidden\">Inicio<\/span><\/a><\/li><\/ol><\/nav><\/div><div class=\"breadcrumbsWrapper mobile-breadcrumbs\"><p id=\"mobile-breadcrumbs\"><span><span><a href=\"https:\/\/www.southcoast.org\/es\"><i class=\"far fa-home\"><\/i><\/a><\/span> <i class=\"fa-solid fa-chevron-right separator\"><\/i> <span><a href=\"https:\/\/www.southcoast.org\/es\/community\/\">Comunidad<\/a><\/span><\/span><\/p><\/div>                                                                            <span class=\"pre-heading\">COMUNIDAD<\/span>\n                                                                            <h1>Programa New Beginnings Moms Do Care<\/h1>\n                                                                            <div class=\"copy\">\n                                <p>Apoyar a las madres y a los beb\u00e9s afectados por la exposici\u00f3n perinatal a sustancias, atendi\u00e9ndoles en su situaci\u00f3n actual y ayud\u00e1ndoles a tener un comienzo saludable mediante una atenci\u00f3n compasiva e individualizada.<\/p>\n                            <\/div>\n                                            <\/div>\n                    \n                <\/div>\n                <div class=\"image\">\n                                            <img decoding=\"async\" class=\"hero-img\" src=\"https:\/\/www.southcoast.org\/wp-content\/uploads\/2025\/10\/Baby-Stock.png\" alt=\"Newborn baby being cradled and comforted by adult caregiver\">\n                                    <\/div>\n                            <\/div>\n        <\/div>\n    <\/div>\n<\/div>\n\n\n<div  class=\"blockSettings  paddingTopSM paddingBottomSM media-object-block light\" style=\"background-color:#fff;\"><div class=\"container\">\n\t<div class=\"grid\">\n\t\t<div class=\"col-sm-12\">\n\t\t\t<div class=\"inner image-right list-style-disc inner-white-bg\" style=\"background-color: #fff;\">\n\t\t\t\t<div class=\"copy\">\n\t\t\t\t\t    <div class=\"mainCopyWrap\">\n            <h2>Nuestra misi\u00f3n<\/h2>\n    <div class=\"paragraphWrap\"><p>New Beginnings Moms Do Care eleva y empodera a las personas embarazadas y padres afectados por el uso de sustancias para sanar, crecer y prosperar en su recuperaci\u00f3n. Con compasi\u00f3n, centrado en la familia, apoyo personalizado, caminamos junto a cada persona en su viaje-celebrando sus fortalezas, la construcci\u00f3n de la capacidad de recuperaci\u00f3n, y la crianza de un futuro sano, lleno de esperanza para promover el bienestar duradero.<\/p>\n<\/div>    <\/div>\n    \t\t\t\t<\/div>\n\t\t\t\t\t\t\t\t<div class=\"images\">\n\t\t\t\t\t\t<img decoding=\"async\" class=\"single\" src=\"https:\/\/www.southcoast.org\/wp-content\/uploads\/2025\/10\/New-Beginnings-Ribbon-Cutting-2025.png\" alt=\"Group of people at a ribbon cutting ceremony for a new organization or facility, posed and smiling.\">\n\t\t\t\t\t\t\t\t\t\t<\/div>\n\t\t\t\t\n\t\t\t<\/div>\n\t\t<\/div>\n\t<\/div>\n<\/div>\n<\/div>\n\n\n<div  class=\"blockSettings  paddingTopMD paddingBottomMD cardImageFluid light\" style=\"background-color:#e1f5fa;\"><div class=\"container\" role=\"region\"  aria-label=\"Maternidad para nuevos comienzos\">\n\t<div class=\"grid\">\n\t\t<div class=\"col-sm-12\">\n\t\t\t    <div class=\"introWithCta centerAlign\">\n            <div class=\"mainCopyWrap\">\n            <h2>Maternidad para nuevos comienzos<\/h2>\n    <div class=\"paragraphWrap\"><p>El programa New Beginnings Moms Do Care de Southcoast Health ofrece servicios a las mujeres embarazadas que dan a luz en los hospitales de Southcoast y que han estado expuestas a sustancias.<\/p>\n<\/div>    <\/div>\n        <div class=\"ctaWrap cta-center\">\n                    <a aria-label=\"Enlace para remitir a una persona al programa\" class=\"mainCTA shadow light1\" href=\"#referral\" title=\"Abrir Remitir a una persona al programa\" >Remitir a una persona al programa<\/a>            <\/div>\n        <\/div>\n    \t\t<\/div>\n\t<\/div>\n\t<div class=\"blockSeparator\"><\/div>\n\t<div class=\"cardImageContentWrap\">\n\t\t\t\t\t\t\t<!--Manual Cards-->\n\t\t\t<div class=\"grid\" >\n\t\t\t\t\t\t\t\t\t\t\t<div class=\"col-sm-6 col-md-4 col-grid\" role=\"group\"  aria-label=\"Atenci\u00f3n gratuita para las familias\">\n\t\t\t\t\t\t\t\t<div class=\"cardBasic noBorder left Vertical\">\n\t\t\t\t\t\t\t\t\t<div class=\"cardImage\" style=\"background-image:url('https:\/\/www.southcoast.org\/wp-content\/uploads\/2025\/06\/new_beginnings_no_cost.webp'); \"><\/div>\n\t\t\t\t\t\t\t\t\t<div class=\"cardBasicBody\">\n\t\t\t\t\t\t\t\t\t\t\t\t\t\t\t\t\t\t\t\t<p class=\"cardBasicBodyTitle\">Atenci\u00f3n gratuita para las familias<\/p>\n\t\t\t\t\t\t\t\t\t\t\t\t\t\t\t\t\t\t\t\t\t<div class=\"excerpt\">\n\t\t\t\t\t\t\t\t\t\t\t\t<p>El programa ofrece apoyo gratuito y personalizado a madres, beb\u00e9s y familias. Nuestro equipo, que incluye defensores de la familia, enfermeras y asesores de recuperaci\u00f3n, educa a las madres sobre el tratamiento del consumo de sustancias durante los cuidados prenatales para reducir los resultados negativos del parto. Ayudamos a las familias a prepararse para las estancias en el hospital, orientamos los cuidados del reci\u00e9n nacido y proporcionamos apoyo continuo hasta tres a\u00f1os despu\u00e9s del parto. Animamos a los padres a participar activamente y facilitamos reuniones previas al parto con los neonat\u00f3logos para abordar las preocupaciones y expectativas.<\/p>\n\t\t\t\t\t\t\t\t\t\t\t<\/div>\n\t\t\t\t\t\t\t\t\t\t\t\t\t\t\t\t\t\t\t<\/div>\n\t\t\t\t\t\t\t\t<\/div>\n\t\t\t\t\t\t\t<\/div>\n\t\t\t\t\t\t\t\t\t\t\t\t\t\t\t\t\t<div class=\"col-sm-6 col-md-4 col-grid\" role=\"group\"  aria-label=\"Exposici\u00f3n a sustancias durante el embarazo\">\n\t\t\t\t\t\t\t\t<div class=\"cardBasic noBorder left Vertical\">\n\t\t\t\t\t\t\t\t\t<div class=\"cardImage\" style=\"background-image:url('https:\/\/www.southcoast.org\/wp-content\/uploads\/2025\/06\/new_beginnings_substance.webp'); \"><\/div>\n\t\t\t\t\t\t\t\t\t<div class=\"cardBasicBody\">\n\t\t\t\t\t\t\t\t\t\t\t\t\t\t\t\t\t\t\t\t<p class=\"cardBasicBodyTitle\">Exposici\u00f3n a sustancias durante el embarazo<\/p>\n\t\t\t\t\t\t\t\t\t\t\t\t\t\t\t\t\t\t\t\t\t<div class=\"excerpt\">\n\t\t\t\t\t\t\t\t\t\t\t\t<p>Ciertos f\u00e1rmacos se han relacionado con problemas espec\u00edficos en el beb\u00e9. Las personas que han estado expuestas a las siguientes sustancias cumplen los criterios de elegibilidad para el programa New Beginnings Moms Do Care:<\/p>\n<ul>\n<li>Alcohol<\/li>\n<li>Opi\u00e1ceos prescritos y no prescritos<\/li>\n<li>Marihuana<\/li>\n<li>Estimulantes (anfetaminas, coca\u00edna)<\/li>\n<\/ul>\n<p>Los beb\u00e9s expuestos a determinados medicamentos o sustancias durante el embarazo pueden sufrir el s\u00edndrome de abstinencia neonatal (NAS), que puede requerir atenci\u00f3n especializada tras el parto.<\/p>\n\t\t\t\t\t\t\t\t\t\t\t<\/div>\n\t\t\t\t\t\t\t\t\t\t\t\t\t\t\t\t\t\t\t<\/div>\n\t\t\t\t\t\t\t\t<\/div>\n\t\t\t\t\t\t\t<\/div>\n\t\t\t\t\t\t\t\t\t\t\t\t\t\t\t\t\t<div class=\"col-sm-6 col-md-4 col-grid\" role=\"group\"  aria-label=\"Opciones de tratamiento\">\n\t\t\t\t\t\t\t\t<div class=\"cardBasic noBorder left Vertical\">\n\t\t\t\t\t\t\t\t\t<div class=\"cardImage\" style=\"background-image:url('https:\/\/www.southcoast.org\/wp-content\/uploads\/2025\/06\/new_beginnings_treatment.webp'); \"><\/div>\n\t\t\t\t\t\t\t\t\t<div class=\"cardBasicBody\">\n\t\t\t\t\t\t\t\t\t\t\t\t\t\t\t\t\t\t\t\t<p class=\"cardBasicBodyTitle\">Opciones de tratamiento<\/p>\n\t\t\t\t\t\t\t\t\t\t\t\t\t\t\t\t\t\t\t\t\t<div class=\"excerpt\">\n\t\t\t\t\t\t\t\t\t\t\t\t<p>Los lactantes con NAS y NOWS se tratan con m\u00e9todos no farmacol\u00f3gicos (como el alojamiento con la madre tras el nacimiento, la lactancia materna, el envolvimiento, el contacto piel con piel y la reducci\u00f3n al m\u00ednimo de los est\u00edmulos ambientales), as\u00ed como con m\u00e9todos farmacol\u00f3gicos (medicaci\u00f3n) cuando est\u00e1 justificado.<\/p>\n\t\t\t\t\t\t\t\t\t\t\t<\/div>\n\t\t\t\t\t\t\t\t\t\t\t\t\t\t\t\t\t\t\t<\/div>\n\t\t\t\t\t\t\t\t<\/div>\n\t\t\t\t\t\t\t<\/div>\n\t\t\t\t\t\t\t\t\t\t\t\t\t<\/div>\n\t\t\t<\/div>\n\t<\/div>\n\n<\/div>\n\n\n\n\n<div  class=\"blockSettings  paddingTopSM paddingBottomSM sliderFluid light\" style=\"\"><div class=\"container-full\">\n\t\t\t<div class=\"grid\">\n\t\t\t<div class=\"col-sm-12\">\n\t\t\t\t<div class=\"introCenter\">\n\t\t\t\t\t    <div class=\"mainCopyWrap\">\n            <h2>New Beginnings Moms Do Care<\/h2>\n    <div class=\"paragraphWrap\"><p>Dedicada a ayudar a las pacientes embarazadas y a los padres afectados por el consumo de sustancias mediante la coordinaci\u00f3n de la atenci\u00f3n individualizada, el asesoramiento entre iguales para la recuperaci\u00f3n, los grupos de apoyo y el apoyo de enfermer\u00eda.<\/p>\n<\/div>    <\/div>\n    \t\t\t\t\t\t\t\t\t<\/div>\n\t\t\t<\/div>\n\t\t<\/div>\n\t\t\t\t\t\t\t<div class=\"blockSeparator\"><\/div>\n\t\t\t\t\t\t<div class=\"grid\">\n\t\t\t<div class=\"col-sm-12\">\n\t\t\t\t<div class=\"slider\">\n\t\t\t\t\t\t\t\t\t\t\t<div class=\"slide-wrap\">\n\t\t\t\t\t\t\t<div class=\"slide-img\" style=\"background-image:url('https:\/\/www.southcoast.org\/wp-content\/uploads\/2025\/10\/New-Beginnings-Group_8.5.25044-scaled.jpg')\"><\/div>\n\t\t\t\t\t\t\t    <div class=\"mainCopyWrap\">\n            <\/div>\n    \n\t\t\t\t\t\t<\/div>\n\t\t\t\t\t\t\t\t\t\t\t<div class=\"slide-wrap\">\n\t\t\t\t\t\t\t<div class=\"slide-img\" style=\"background-image:url('https:\/\/www.southcoast.org\/wp-content\/uploads\/2025\/10\/New-Beginnings-Space-2025-1-scaled.jpg')\"><\/div>\n\t\t\t\t\t\t\t    <div class=\"mainCopyWrap\">\n            <\/div>\n    \n\t\t\t\t\t\t<\/div>\n\t\t\t\t\t\t\t\t\t\t\t<div class=\"slide-wrap\">\n\t\t\t\t\t\t\t<div class=\"slide-img\" style=\"background-image:url('https:\/\/www.southcoast.org\/wp-content\/uploads\/2025\/10\/New-Beginnings-Group_8.5.25033-scaled.jpg')\"><\/div>\n\t\t\t\t\t\t\t    <div class=\"mainCopyWrap\">\n            <\/div>\n    \n\t\t\t\t\t\t<\/div>\n\t\t\t\t\t\t\t\t\t\t\t<div class=\"slide-wrap\">\n\t\t\t\t\t\t\t<div class=\"slide-img\" style=\"background-image:url('https:\/\/www.southcoast.org\/wp-content\/uploads\/2025\/10\/New-Beginnings-Space-2025-5-scaled.jpg')\"><\/div>\n\t\t\t\t\t\t\t    <div class=\"mainCopyWrap\">\n            <\/div>\n    \n\t\t\t\t\t\t<\/div>\n\t\t\t\t\t\t\t\t\t\t\t<div class=\"slide-wrap\">\n\t\t\t\t\t\t\t<div class=\"slide-img\" style=\"background-image:url('https:\/\/www.southcoast.org\/wp-content\/uploads\/2025\/10\/New-Beginnings-Group_8.5.25010-scaled.jpg')\"><\/div>\n\t\t\t\t\t\t\t    <div class=\"mainCopyWrap\">\n            <\/div>\n    \n\t\t\t\t\t\t<\/div>\n\t\t\t\t\t\t\t\t\t\t\t<div class=\"slide-wrap\">\n\t\t\t\t\t\t\t<div class=\"slide-img\" style=\"background-image:url('https:\/\/www.southcoast.org\/wp-content\/uploads\/2025\/10\/New-Beginnings-Space-2025-9-scaled.jpg')\"><\/div>\n\t\t\t\t\t\t\t    <div class=\"mainCopyWrap\">\n            <\/div>\n    \n\t\t\t\t\t\t<\/div>\n\t\t\t\t\t\t\t\t\t\t\t<div class=\"slide-wrap\">\n\t\t\t\t\t\t\t<div class=\"slide-img\" style=\"background-image:url('https:\/\/www.southcoast.org\/wp-content\/uploads\/2025\/10\/New-Beginnings-Group_8.5.25013-scaled.jpg')\"><\/div>\n\t\t\t\t\t\t\t    <div class=\"mainCopyWrap\">\n            <\/div>\n    \n\t\t\t\t\t\t<\/div>\n\t\t\t\t\t\t\t\t\t\t\t<div class=\"slide-wrap\">\n\t\t\t\t\t\t\t<div class=\"slide-img\" style=\"background-image:url('https:\/\/www.southcoast.org\/wp-content\/uploads\/2025\/10\/New-Beginnings-Space-2025-3-scaled.jpg')\"><\/div>\n\t\t\t\t\t\t\t    <div class=\"mainCopyWrap\">\n            <\/div>\n    \n\t\t\t\t\t\t<\/div>\n\t\t\t\t\t\t\t\t\t<\/div>\n\t\t\t<\/div>\n\t\t<\/div>\n\t<\/div>\n<\/div>\n\n\n\n\n<div id=\"referral\" class=\"blockSettings  paddingTopMD paddingBottomMD bannerFluid light\" style=\"background-color:#f6f7f7;\"><div class=\"container\">\n    <div class=\"grid\">\n        <div class=\"col-sm-12\">\n            <div class=\"inner\">\n                                    <img decoding=\"async\" class=\"pulse\" src=\"https:\/\/www.southcoast.org\/wp-content\/themes\/southcoast_multisite\/images\/pulse.svg\" alt=\"\">\n                                <div class=\"copy\">\n                        <div class=\"mainCopyWrap\">\n            <h3>\u00bfLe gustar\u00eda recomendar a alguien el Programa Moms Do Care de New Beginnings?<\/h3>\n    <div class=\"paragraphWrap\"><p>Rellene nuestro formulario o p\u00f3ngase en contacto con nosotros para remitir a alguien al Programa Moms Do Care de New Beginnings.<\/p>\n<\/div>    <\/div>\n        <div class=\"ctaWrap\">\n                    <a aria-label=\"enlace para remitir a alguien a nuestro programa\" class=\"mainCTA shadow dark1\" href=\"https:\/\/forms.office.com\/Pages\/ResponsePage.aspx?id=Sej3q5FBB0y0OprJmN6RMZ_cznnHoBlBp_tEj5a3cVVUNlQxTEs2TkhCOU1aRlMwMVJTOTg5U1JGVS4u\" target=\"_blank\" title=\"Abre Recomendar nuestro programa en una nueva pesta\u00f1a o ventana\" rel=\"noopener noreferrer\">Remita a alguien a nuestro programa<span class=\"fa-regular fa-up-right-from-square\"><\/span><\/a>                    <a aria-label=\"enlace a newbeginnings@southcoast.org\" class=\"mainCTA shadow dark2\" href=\"mailto:newbeginnings@southcoast.org\" target=\"_blank\" title=\"Abre newbeginnings@southcoast.org en una nueva pesta\u00f1a o ventana\" rel=\"noopener noreferrer\">newbeginnings@southcoast.org<span class=\"fa-regular fa-up-right-from-square\"><\/span><\/a>            <\/div>\n                    <\/div>\n                <div class=\"media\">\n                    \n                        <img decoding=\"async\" class=\"doctor\" src=\"https:\/\/www.southcoast.org\/wp-content\/uploads\/2025\/06\/new_beginnings_program.webp\" alt=\"A woman wearing a white medical coat standing in front of a white background, smiling at the camera.\">\n                        <img decoding=\"async\" class=\"graphical\" src=\"https:\/\/www.southcoast.org\/wp-content\/themes\/southcoast_multisite\/images\/corner-art.svg\" alt=\"\">\n\n\n                                    <\/div>\n            <\/div>\n        <\/div>\n    <\/div>\n<\/div>\n<\/div>","protected":false},"excerpt":{"rendered":"","protected":false},"author":7,"featured_media":17165,"parent":10737,"menu_order":0,"comment_status":"closed","ping_status":"closed","template":"","meta":{"_acf_changed":false,"footnotes":""},"class_list":["post-15953","page","type-page","status-publish","has-post-thumbnail","hentry"],"acf":[],"yoast_head":"<!-- This site is optimized with the Yoast SEO plugin v26.0 - https:\/\/yoast.com\/wordpress\/plugins\/seo\/ -->\n<title>New Beginnings - Southcoast Health<\/title>\n<meta name=\"description\" content=\"This program supports pregnant and parenting patients impacted by substances through individualized care coordination, peer recovery coaching, support groups and nursing support.\" \/>\n<meta name=\"robots\" content=\"index, follow, max-snippet:-1, max-image-preview:large, max-video-preview:-1\" \/>\n<link rel=\"canonical\" href=\"https:\/\/www.southcoast.org\/es\/community\/new-beginnings\/\" \/>\n<meta property=\"og:locale\" content=\"es_MX\" \/>\n<meta property=\"og:type\" content=\"article\" \/>\n<meta property=\"og:title\" content=\"New Beginnings - Southcoast Health\" \/>\n<meta property=\"og:description\" content=\"This program supports pregnant and parenting patients impacted by substances through individualized care coordination, peer recovery coaching, support groups and nursing support.\" \/>\n<meta property=\"og:url\" content=\"https:\/\/www.southcoast.org\/es\/community\/new-beginnings\/\" \/>\n<meta property=\"og:site_name\" content=\"Southcoast Health\" \/>\n<meta property=\"article:modified_time\" content=\"2025-10-28T13:14:46+00:00\" \/>\n<meta property=\"og:image\" content=\"https:\/\/www.southcoast.org\/wp-content\/uploads\/2025\/07\/GettyImages-1217384593-1.jpg\" \/>\n\t<meta property=\"og:image:width\" content=\"2120\" \/>\n\t<meta property=\"og:image:height\" content=\"1414\" \/>\n\t<meta property=\"og:image:type\" content=\"image\/jpeg\" \/>\n<meta name=\"twitter:card\" content=\"summary_large_image\" \/>\n<meta name=\"twitter:label1\" content=\"Est. reading time\" \/>\n\t<meta name=\"twitter:data1\" content=\"1 minute\" \/>\n<script type=\"application\/ld+json\" class=\"yoast-schema-graph\">{\"@context\":\"https:\/\/schema.org\",\"@graph\":[{\"@type\":\"WebPage\",\"@id\":\"https:\/\/www.southcoast.org\/community\/new-beginnings\/\",\"url\":\"https:\/\/www.southcoast.org\/community\/new-beginnings\/\",\"name\":\"New Beginnings - Southcoast Health\",\"isPartOf\":{\"@id\":\"https:\/\/www.southcoast.org\/#website\"},\"primaryImageOfPage\":{\"@id\":\"https:\/\/www.southcoast.org\/community\/new-beginnings\/#primaryimage\"},\"image\":{\"@id\":\"https:\/\/www.southcoast.org\/community\/new-beginnings\/#primaryimage\"},\"thumbnailUrl\":\"https:\/\/www.southcoast.org\/wp-content\/uploads\/2025\/07\/GettyImages-1217384593-1.jpg\",\"datePublished\":\"2025-06-19T19:17:55+00:00\",\"dateModified\":\"2025-10-28T13:14:46+00:00\",\"description\":\"This program supports pregnant and parenting patients impacted by substances through individualized care coordination, peer recovery coaching, support groups and nursing support.\",\"breadcrumb\":{\"@id\":\"https:\/\/www.southcoast.org\/community\/new-beginnings\/#breadcrumb\"},\"inLanguage\":\"es-MX\",\"potentialAction\":[{\"@type\":\"ReadAction\",\"target\":[\"https:\/\/www.southcoast.org\/community\/new-beginnings\/\"]}]},{\"@type\":\"ImageObject\",\"inLanguage\":\"es-MX\",\"@id\":\"https:\/\/www.southcoast.org\/community\/new-beginnings\/#primaryimage\",\"url\":\"https:\/\/www.southcoast.org\/wp-content\/uploads\/2025\/07\/GettyImages-1217384593-1.jpg\",\"contentUrl\":\"https:\/\/www.southcoast.org\/wp-content\/uploads\/2025\/07\/GettyImages-1217384593-1.jpg\",\"width\":2120,\"height\":1414,\"caption\":\"A baby being examined by a medical professional with a stethoscope.\"},{\"@type\":\"BreadcrumbList\",\"@id\":\"https:\/\/www.southcoast.org\/community\/new-beginnings\/#breadcrumb\",\"itemListElement\":[{\"@type\":\"ListItem\",\"position\":1,\"name\":\"\",\"item\":\"https:\/\/www.southcoast.org\/\"},{\"@type\":\"ListItem\",\"position\":2,\"name\":\"Community\",\"item\":\"https:\/\/www.southcoast.org\/community\/\"},{\"@type\":\"ListItem\",\"position\":3,\"name\":\"New Beginnings\"}]},{\"@type\":\"WebSite\",\"@id\":\"https:\/\/www.southcoast.org\/#website\",\"url\":\"https:\/\/www.southcoast.org\/\",\"name\":\"Southcoast Health\",\"description\":\"More than medicine.\",\"potentialAction\":[{\"@type\":\"SearchAction\",\"target\":{\"@type\":\"EntryPoint\",\"urlTemplate\":\"https:\/\/www.southcoast.org\/?s={search_term_string}\"},\"query-input\":{\"@type\":\"PropertyValueSpecification\",\"valueRequired\":true,\"valueName\":\"search_term_string\"}}],\"inLanguage\":\"es-MX\"}]}<\/script>\n<!-- \/ Yoast SEO plugin. -->","yoast_head_json":{"title":"New Beginnings - Southcoast Health","description":"This program supports pregnant and parenting patients impacted by substances through individualized care coordination, peer recovery coaching, support groups and nursing support.","robots":{"index":"index","follow":"follow","max-snippet":"max-snippet:-1","max-image-preview":"max-image-preview:large","max-video-preview":"max-video-preview:-1"},"canonical":"https:\/\/www.southcoast.org\/es\/community\/new-beginnings\/","og_locale":"es_MX","og_type":"article","og_title":"New Beginnings - Southcoast Health","og_description":"This program supports pregnant and parenting patients impacted by substances through individualized care coordination, peer recovery coaching, support groups and nursing support.","og_url":"https:\/\/www.southcoast.org\/es\/community\/new-beginnings\/","og_site_name":"Southcoast Health","article_modified_time":"2025-10-28T13:14:46+00:00","og_image":[{"width":2120,"height":1414,"url":"https:\/\/www.southcoast.org\/wp-content\/uploads\/2025\/07\/GettyImages-1217384593-1.jpg","type":"image\/jpeg"}],"twitter_card":"summary_large_image","twitter_misc":{"Est. reading time":"1 minute"},"schema":{"@context":"https:\/\/schema.org","@graph":[{"@type":"WebPage","@id":"https:\/\/www.southcoast.org\/community\/new-beginnings\/","url":"https:\/\/www.southcoast.org\/community\/new-beginnings\/","name":"New Beginnings - Southcoast Health","isPartOf":{"@id":"https:\/\/www.southcoast.org\/#website"},"primaryImageOfPage":{"@id":"https:\/\/www.southcoast.org\/community\/new-beginnings\/#primaryimage"},"image":{"@id":"https:\/\/www.southcoast.org\/community\/new-beginnings\/#primaryimage"},"thumbnailUrl":"https:\/\/www.southcoast.org\/wp-content\/uploads\/2025\/07\/GettyImages-1217384593-1.jpg","datePublished":"2025-06-19T19:17:55+00:00","dateModified":"2025-10-28T13:14:46+00:00","description":"This program supports pregnant and parenting patients impacted by substances through individualized care coordination, peer recovery coaching, support groups and nursing support.","breadcrumb":{"@id":"https:\/\/www.southcoast.org\/community\/new-beginnings\/#breadcrumb"},"inLanguage":"es-MX","potentialAction":[{"@type":"ReadAction","target":["https:\/\/www.southcoast.org\/community\/new-beginnings\/"]}]},{"@type":"ImageObject","inLanguage":"es-MX","@id":"https:\/\/www.southcoast.org\/community\/new-beginnings\/#primaryimage","url":"https:\/\/www.southcoast.org\/wp-content\/uploads\/2025\/07\/GettyImages-1217384593-1.jpg","contentUrl":"https:\/\/www.southcoast.org\/wp-content\/uploads\/2025\/07\/GettyImages-1217384593-1.jpg","width":2120,"height":1414,"caption":"A baby being examined by a medical professional with a stethoscope."},{"@type":"BreadcrumbList","@id":"https:\/\/www.southcoast.org\/community\/new-beginnings\/#breadcrumb","itemListElement":[{"@type":"ListItem","position":1,"name":"","item":"https:\/\/www.southcoast.org\/"},{"@type":"ListItem","position":2,"name":"Community","item":"https:\/\/www.southcoast.org\/community\/"},{"@type":"ListItem","position":3,"name":"New Beginnings"}]},{"@type":"WebSite","@id":"https:\/\/www.southcoast.org\/#website","url":"https:\/\/www.southcoast.org\/","name":"Southcoast Health","description":"M\u00e1s que medicina.","potentialAction":[{"@type":"SearchAction","target":{"@type":"EntryPoint","urlTemplate":"https:\/\/www.southcoast.org\/?s={search_term_string}"},"query-input":{"@type":"PropertyValueSpecification","valueRequired":true,"valueName":"search_term_string"}}],"inLanguage":"es-MX"}]}},"_links":{"self":[{"href":"https:\/\/www.southcoast.org\/es\/wp-json\/wp\/v2\/pages\/15953","targetHints":{"allow":["GET"]}}],"collection":[{"href":"https:\/\/www.southcoast.org\/es\/wp-json\/wp\/v2\/pages"}],"about":[{"href":"https:\/\/www.southcoast.org\/es\/wp-json\/wp\/v2\/types\/page"}],"author":[{"embeddable":true,"href":"https:\/\/www.southcoast.org\/es\/wp-json\/wp\/v2\/users\/7"}],"replies":[{"embeddable":true,"href":"https:\/\/www.southcoast.org\/es\/wp-json\/wp\/v2\/comments?post=15953"}],"version-history":[{"count":27,"href":"https:\/\/www.southcoast.org\/es\/wp-json\/wp\/v2\/pages\/15953\/revisions"}],"predecessor-version":[{"id":281541,"href":"https:\/\/www.southcoast.org\/es\/wp-json\/wp\/v2\/pages\/15953\/revisions\/281541"}],"up":[{"embeddable":true,"href":"https:\/\/www.southcoast.org\/es\/wp-json\/wp\/v2\/pages\/10737"}],"wp:featuredmedia":[{"embeddable":true,"href":"https:\/\/www.southcoast.org\/es\/wp-json\/wp\/v2\/media\/17165"}],"wp:attachment":[{"href":"https:\/\/www.southcoast.org\/es\/wp-json\/wp\/v2\/media?parent=15953"}],"curies":[{"name":"wp","href":"https:\/\/api.w.org\/{rel}","templated":true}]}}