{"id":15943,"date":"2025-06-19T19:13:21","date_gmt":"2025-06-19T19:13:21","guid":{"rendered":"https:\/\/test-southcoast-health-multi.southcoast-health.org\/?page_id=15943"},"modified":"2025-08-06T18:07:56","modified_gmt":"2025-08-06T18:07:56","slug":"career-eras-tour","status":"publish","type":"page","link":"https:\/\/www.southcoast.org\/es\/career-eras-tour\/","title":{"rendered":"Gira de las Eras Profesionales"},"content":{"rendered":"<div  class=\"blockSettings  paddingTopSM paddingBottomMD heroBasicFluid darkTheme\" style=\"background-image:url(https:\/\/www.southcoast.org\/wp-content\/uploads\/2025\/06\/career_eras_tour_hero.webp);background-size:cover;background-position:center center;\"><div class=\"overlay\"><\/div><div class=\"container\">\n            <div class=\"grid\">\n            <div class=\"col-sm-12 col-bleed-y\">\n                <div class=\"Center\">\n                    <div class=\"breadcrumbsWrapper desktop-breadcrumbs\"><nav id=\"breadcrumbs\" aria-label=\"Migas de pan\"><ol><li><a href=\"https:\/\/www.southcoast.org\/es\/\"><i class=\"fa-light fa-house\"><\/i><span class=\"visually-hidden\">Inicio<\/span><\/a><\/li><\/ol><\/nav><\/div><div class=\"breadcrumbsWrapper mobile-breadcrumbs\"><p id=\"mobile-breadcrumbs\" class=\"mobile-back-nav\"><span><span><a href=\"#\" onclick=\"return handleBackNavigation();\"><i class=\"fa-solid fa-chevron-left back-arrow\"><\/i> Volver<\/a><\/span><\/span><\/p>\t\t<script>\n\t\t\tfunction handleBackNavigation() {\n\t\t\t\tif (window.history.length > 1) {\n\t\t\t\t\twindow.history.back();\n\t\t\t\t} else {\n\t\t\t\t\twindow.location.href = 'https:\/\/www.southcoast.org\/es';\n\t\t\t\t}\n\t\t\t\treturn false;\n\t\t\t}\n\t\t<\/script>\n<\/div>                <\/div>\n            <\/div>\n        <\/div>\n        <div class=\"grid align-center\">\n        <div class=\"col-sm-10\">\n            <div class=\"Center\">\n\n                    <div class=\"mainCopyWrap\">\n            <h1>Gira de las Eras Profesionales<\/h1>\n        <\/div>\n    \n                \n            <\/div>\n        <\/div>\n    <\/div>\n<\/div>\n    <div class=\"cornerArtWrapper cornerArt-small\">\n        <img decoding=\"async\" class=\"cornerArt\" src=\"https:\/\/www.southcoast.org\/wp-content\/themes\/southcoast_multisite\/images\/corner-art.svg\" alt=\"\">\n    <\/div>\n<\/div>\n\n\n\n\n<div  class=\"blockSettings  paddingTopMD paddingBottomMD cardImageFluid light\" style=\"\"><div class=\"container\" role=\"region\"  aria-label=\"Celebraci\u00f3n de la trayectoria profesional de nuestros colegas\">\n\t<div class=\"grid\">\n\t\t<div class=\"col-sm-12\">\n\t\t\t    <div class=\"introWithCta centerAlign\">\n            <div class=\"mainCopyWrap\">\n            <h2>Celebraci\u00f3n de la trayectoria profesional de nuestros colegas<\/h2>\n    <div class=\"paragraphWrap\"><p>Muchos compa\u00f1eros de Southcoast Health han pasado por diferentes \"\u00e9pocas\" en sus carreras, creciendo, evolucionando y asumiendo nuevas funciones. Inspirados por una gira mundial, estamos lanzando la Gira de las Eras de Southcoast Health para destacar a los empleados que han prosperado y contribuido de manera significativa. No te pierdas c\u00f3mo celebramos sus trayectorias.<\/p>\n<\/div>    <\/div>\n        <\/div>\n    \t\t<\/div>\n\t<\/div>\n\t<div class=\"blockSeparator\"><\/div>\n\t<div class=\"cardImageContentWrap\">\n\t\t\t\t\t\t\t<!--Manual Cards-->\n\t\t\t<div class=\"grid smallGrid\" >\n\t\t\t\t\t\t\t\t\t\t\t<div class=\"col-sm-6 col-md-6 col-grid\" role=\"group\"  aria-label=\"Cheryl Sylvia: Una carrera gratificante impulsada por la sed de conocimiento\">\n\t\t\t\t\t\t\t\t<div class=\"cardBasic noBorder left Vertical\">\n\t\t\t\t\t\t\t\t\t<div class=\"cardImage\" style=\"background-image:url('https:\/\/www.southcoast.org\/wp-content\/uploads\/2025\/06\/career_eras_tour_journey_cheryl.webp'); \"><\/div>\n\t\t\t\t\t\t\t\t\t<div class=\"cardBasicBody\">\n\t\t\t\t\t\t\t\t\t\t\t\t\t\t\t\t\t\t\t\t<p class=\"cardBasicBodyTitle\">Cheryl Sylvia: Una carrera gratificante impulsada por la sed de conocimiento<\/p>\n\t\t\t\t\t\t\t\t\t\t\t\t\t\t\t\t\t\t\t\t\t<div class=\"excerpt\">\n\t\t\t\t\t\t\t\t\t\t\t\t<p>Conozca a Cheryl Sylvia. Dados sus 30 a\u00f1os de carrera en Southcoast Health, es dif\u00edcil creer que su trayectoria profesional no empezara en el sector sanitario. De hecho, Cheryl trabaj\u00f3 primero en el sector de los seguros. No fue hasta su propia estancia en el hospital cuando se sinti\u00f3 inspirada para comenzar su siguiente etapa: como flebotomista en el St. Luke's Hospital. Aprovechando el programa ETP que ofrec\u00eda Southcoast Health, Cheryl volvi\u00f3 a estudiar para convertirse en enfermera titulada, lo que llev\u00f3 su carrera a nuevas cotas.<\/p>\n\t\t\t\t\t\t\t\t\t\t\t<\/div>\n\t\t\t\t\t\t\t\t\t\t\t\t\t\t\t\t\t\t\t\t<a aria-label=\"enlace a Discovery El viaje de Cheryl\" href=\"https:\/\/www.southcoast.org\/es\/news\/a-thirst-for-knowledge\/\" title=\"enlace a Discovery El viaje de Cheryl\" target=\"_self\" class=\"readMore\"><span class=\"fa-regular fa-arrow-up-right readMoreIcon\"><\/span> Descubrimiento El viaje de Cheryl <\/a>\n\t\t\t\t\t\t\t\t\t<\/div>\n\t\t\t\t\t\t\t\t<\/div>\n\t\t\t\t\t\t\t<\/div>\n\t\t\t\t\t\t\t\t\t\t\t\t\t\t\t\t\t<div class=\"col-sm-6 col-md-6 col-grid\" role=\"group\"  aria-label=\"Mary Ann Rogers: 55 a\u00f1os, incontables \u00e9pocas, un legado incre\u00edble\">\n\t\t\t\t\t\t\t\t<div class=\"cardBasic noBorder left Vertical\">\n\t\t\t\t\t\t\t\t\t<div class=\"cardImage\" style=\"background-image:url('https:\/\/www.southcoast.org\/wp-content\/uploads\/2025\/06\/career_eras_tour_journey_mary.webp'); \"><\/div>\n\t\t\t\t\t\t\t\t\t<div class=\"cardBasicBody\">\n\t\t\t\t\t\t\t\t\t\t\t\t\t\t\t\t\t\t\t\t<p class=\"cardBasicBodyTitle\">Mary Ann Rogers: 55 a\u00f1os, incontables \u00e9pocas, un legado incre\u00edble<\/p>\n\t\t\t\t\t\t\t\t\t\t\t\t\t\t\t\t\t\t\t\t\t<div class=\"excerpt\">\n\t\t\t\t\t\t\t\t\t\t\t\t<p>Conoce a Mary Ann Rogers. Con una carrera de m\u00e1s de 55 a\u00f1os, no es de extra\u00f1ar que haya tenido varias \u00e9pocas diferentes mientras trabajaba en Southcoast Health. Comenzando en servicios diet\u00e9ticos cuando era adolescente, Mary Ann asumi\u00f3 una variedad de roles antes de jubilarse en Gesti\u00f3n de Proyectos de TI en 2018. Pero su viaje no termin\u00f3 all\u00ed. Mary Ann comenz\u00f3 una nueva era profesional en Southcoast Health al jubilarse como Representante de Acceso al Paciente.<\/p>\n\t\t\t\t\t\t\t\t\t\t\t<\/div>\n\t\t\t\t\t\t\t\t\t\t\t\t\t\t\t\t\t\t\t\t<a aria-label=\"Enlace a Descubrir el viaje de Mary Rogers\" href=\"https:\/\/www.southcoast.org\/es\/news\/mary-ann-rogers\/\" title=\"Enlace a Descubrir el viaje de Mary Rogers\" target=\"_self\" class=\"readMore\"><span class=\"fa-regular fa-arrow-up-right readMoreIcon\"><\/span> Descubra el viaje de Mary Rogers <\/a>\n\t\t\t\t\t\t\t\t\t<\/div>\n\t\t\t\t\t\t\t\t<\/div>\n\t\t\t\t\t\t\t<\/div>\n\t\t\t\t\t\t\t\t\t\t\t\t\t<\/div>\n\t\t\t<\/div>\n\t<\/div>\n\n<\/div>\n\n\n<div id=\"\" class=\"bannerFluidTwo paddingTopNone paddingBottomMD\">\n            <div class=\"container\">\n        \n        <div class=\"grid\">\n            <div class=\"col-sm-12 col-bleed\">\n                <div class=\"banner-content-wrap  darkTheme\" style=\"background-image:url(https:\/\/www.southcoast.org\/wp-content\/uploads\/2025\/06\/career_eras_tour_hero.webp);background-size:cover;background-position:center center; border-radius: 12px;\">\n                    \n                                            <div class=\"overlay\" style=\"border-radius: 12px;\"><\/div>\n                    \n                    <div class=\"banner-content container\">\n                            <div class=\"mainCopyWrap\">\n            <h2>\u00bfPreparado para iniciar su pr\u00f3xima era con nosotros?<\/h2>\n    <div class=\"paragraphWrap\"><p>Explore los puestos vacantes y vea a d\u00f3nde puede llevarle una carrera profesional en Southcoast Health.<\/p><\/div>    <\/div>\n                                <div class=\"ctaWrap\">\n                    <a aria-label=\"enlace para ver los puestos vacantes\" class=\"mainCTA shadow dark1\" href=\"https:\/\/www.southcoast.org\/es\/careers\/\" title=\"Abierto Ver Puestos Abiertos\" >Ver puestos vacantes<\/a>            <\/div>\n    \n                    <\/div>\n                <\/div>\n            <\/div>\n        <\/div>\n\n                <\/div>\n    <\/div>","protected":false},"excerpt":{"rendered":"","protected":false},"author":7,"featured_media":0,"parent":0,"menu_order":0,"comment_status":"closed","ping_status":"closed","template":"","meta":{"_acf_changed":false,"footnotes":""},"class_list":["post-15943","page","type-page","status-publish","hentry"],"acf":[],"yoast_head":"<!-- This site is optimized with the Yoast SEO plugin v26.0 - https:\/\/yoast.com\/wordpress\/plugins\/seo\/ -->\n<title>The Career Eras Tour - Southcoast Health<\/title>\n<meta name=\"robots\" content=\"index, follow, max-snippet:-1, max-image-preview:large, max-video-preview:-1\" \/>\n<link rel=\"canonical\" href=\"https:\/\/test-southcoast-health-multi.southcoast-health.org\/career-eras-tour\/\" \/>\n<meta property=\"og:locale\" content=\"es_MX\" \/>\n<meta property=\"og:type\" content=\"article\" \/>\n<meta property=\"og:title\" content=\"The Career Eras Tour - Southcoast Health\" \/>\n<meta property=\"og:url\" content=\"https:\/\/test-southcoast-health-multi.southcoast-health.org\/career-eras-tour\/\" \/>\n<meta property=\"og:site_name\" content=\"Southcoast Health\" \/>\n<meta property=\"article:modified_time\" content=\"2025-08-06T18:07:56+00:00\" \/>\n<meta name=\"twitter:card\" content=\"summary_large_image\" \/>\n<script type=\"application\/ld+json\" class=\"yoast-schema-graph\">{\"@context\":\"https:\/\/schema.org\",\"@graph\":[{\"@type\":\"WebPage\",\"@id\":\"https:\/\/test-southcoast-health-multi.southcoast-health.org\/career-eras-tour\/\",\"url\":\"https:\/\/test-southcoast-health-multi.southcoast-health.org\/career-eras-tour\/\",\"name\":\"The Career Eras Tour - Southcoast Health\",\"isPartOf\":{\"@id\":\"https:\/\/www.southcoast.org\/#website\"},\"datePublished\":\"2025-06-19T19:13:21+00:00\",\"dateModified\":\"2025-08-06T18:07:56+00:00\",\"breadcrumb\":{\"@id\":\"https:\/\/test-southcoast-health-multi.southcoast-health.org\/career-eras-tour\/#breadcrumb\"},\"inLanguage\":\"es-MX\",\"potentialAction\":[{\"@type\":\"ReadAction\",\"target\":[\"https:\/\/test-southcoast-health-multi.southcoast-health.org\/career-eras-tour\/\"]}]},{\"@type\":\"BreadcrumbList\",\"@id\":\"https:\/\/test-southcoast-health-multi.southcoast-health.org\/career-eras-tour\/#breadcrumb\",\"itemListElement\":[{\"@type\":\"ListItem\",\"position\":1,\"name\":\"\",\"item\":\"https:\/\/www.southcoast.org\/\"},{\"@type\":\"ListItem\",\"position\":2,\"name\":\"The Career Eras Tour\"}]},{\"@type\":\"WebSite\",\"@id\":\"https:\/\/www.southcoast.org\/#website\",\"url\":\"https:\/\/www.southcoast.org\/\",\"name\":\"Southcoast Health\",\"description\":\"More than medicine.\",\"potentialAction\":[{\"@type\":\"SearchAction\",\"target\":{\"@type\":\"EntryPoint\",\"urlTemplate\":\"https:\/\/www.southcoast.org\/?s={search_term_string}\"},\"query-input\":{\"@type\":\"PropertyValueSpecification\",\"valueRequired\":true,\"valueName\":\"search_term_string\"}}],\"inLanguage\":\"es-MX\"}]}<\/script>\n<!-- \/ Yoast SEO plugin. -->","yoast_head_json":{"title":"The Career Eras Tour - Southcoast Health","robots":{"index":"index","follow":"follow","max-snippet":"max-snippet:-1","max-image-preview":"max-image-preview:large","max-video-preview":"max-video-preview:-1"},"canonical":"https:\/\/test-southcoast-health-multi.southcoast-health.org\/career-eras-tour\/","og_locale":"es_MX","og_type":"article","og_title":"The Career Eras Tour - Southcoast Health","og_url":"https:\/\/test-southcoast-health-multi.southcoast-health.org\/career-eras-tour\/","og_site_name":"Southcoast Health","article_modified_time":"2025-08-06T18:07:56+00:00","twitter_card":"summary_large_image","schema":{"@context":"https:\/\/schema.org","@graph":[{"@type":"WebPage","@id":"https:\/\/test-southcoast-health-multi.southcoast-health.org\/career-eras-tour\/","url":"https:\/\/test-southcoast-health-multi.southcoast-health.org\/career-eras-tour\/","name":"The Career Eras Tour - Southcoast Health","isPartOf":{"@id":"https:\/\/www.southcoast.org\/#website"},"datePublished":"2025-06-19T19:13:21+00:00","dateModified":"2025-08-06T18:07:56+00:00","breadcrumb":{"@id":"https:\/\/test-southcoast-health-multi.southcoast-health.org\/career-eras-tour\/#breadcrumb"},"inLanguage":"es-MX","potentialAction":[{"@type":"ReadAction","target":["https:\/\/test-southcoast-health-multi.southcoast-health.org\/career-eras-tour\/"]}]},{"@type":"BreadcrumbList","@id":"https:\/\/test-southcoast-health-multi.southcoast-health.org\/career-eras-tour\/#breadcrumb","itemListElement":[{"@type":"ListItem","position":1,"name":"","item":"https:\/\/www.southcoast.org\/"},{"@type":"ListItem","position":2,"name":"The Career Eras Tour"}]},{"@type":"WebSite","@id":"https:\/\/www.southcoast.org\/#website","url":"https:\/\/www.southcoast.org\/","name":"Southcoast Health","description":"M\u00e1s que medicina.","potentialAction":[{"@type":"SearchAction","target":{"@type":"EntryPoint","urlTemplate":"https:\/\/www.southcoast.org\/?s={search_term_string}"},"query-input":{"@type":"PropertyValueSpecification","valueRequired":true,"valueName":"search_term_string"}}],"inLanguage":"es-MX"}]}},"_links":{"self":[{"href":"https:\/\/www.southcoast.org\/es\/wp-json\/wp\/v2\/pages\/15943","targetHints":{"allow":["GET"]}}],"collection":[{"href":"https:\/\/www.southcoast.org\/es\/wp-json\/wp\/v2\/pages"}],"about":[{"href":"https:\/\/www.southcoast.org\/es\/wp-json\/wp\/v2\/types\/page"}],"author":[{"embeddable":true,"href":"https:\/\/www.southcoast.org\/es\/wp-json\/wp\/v2\/users\/7"}],"replies":[{"embeddable":true,"href":"https:\/\/www.southcoast.org\/es\/wp-json\/wp\/v2\/comments?post=15943"}],"version-history":[{"count":4,"href":"https:\/\/www.southcoast.org\/es\/wp-json\/wp\/v2\/pages\/15943\/revisions"}],"predecessor-version":[{"id":22366,"href":"https:\/\/www.southcoast.org\/es\/wp-json\/wp\/v2\/pages\/15943\/revisions\/22366"}],"wp:attachment":[{"href":"https:\/\/www.southcoast.org\/es\/wp-json\/wp\/v2\/media?parent=15943"}],"curies":[{"name":"wp","href":"https:\/\/api.w.org\/{rel}","templated":true}]}}