{"id":10766,"date":"2025-06-12T23:26:23","date_gmt":"2025-06-12T23:26:23","guid":{"rendered":"https:\/\/test-southcoast-health-multi.southcoast-health.org\/?page_id=10766"},"modified":"2026-02-10T12:58:50","modified_gmt":"2026-02-10T17:58:50","slug":"health-equity","status":"publish","type":"page","link":"https:\/\/www.southcoast.org\/es\/health-equity\/","title":{"rendered":"Equidad sanitaria"},"content":{"rendered":"<div class=\"hero-secondary-block\">\n    <div class=\"background\" style=\"background-color: #fff\"><\/div>\n    <div class=\"container\">\n        <div class=\"grid\">\n            <div class=\"col-bleed-y\">\n                <div class=\"grid intro-text\">\n                    <img decoding=\"async\" class=\"corner-art\" src=\"https:\/\/www.southcoast.org\/wp-content\/themes\/southcoast_multisite\/images\/herobasic-corner-art.png\" alt=\"corner art\">\n                    <div class=\"col-md-9\">\n                                                    <div class=\"breadcrumbsWrapper desktop-breadcrumbs\"><nav id=\"breadcrumbs\" aria-label=\"Migas de pan\"><ol><li><a href=\"https:\/\/www.southcoast.org\/es\/\"><i class=\"fa-light fa-house\"><\/i><span class=\"visually-hidden\">Inicio<\/span><\/a><\/li><\/ol><\/nav><\/div><div class=\"breadcrumbsWrapper mobile-breadcrumbs\"><p id=\"mobile-breadcrumbs\" class=\"mobile-back-nav\"><span><span><a href=\"#\" onclick=\"return handleBackNavigation();\"><i class=\"fa-solid fa-chevron-left back-arrow\"><\/i> Volver<\/a><\/span><\/span><\/p>\t\t<script>\n\t\t\tfunction handleBackNavigation() {\n\t\t\t\tif (window.history.length > 1) {\n\t\t\t\t\twindow.history.back();\n\t\t\t\t} else {\n\t\t\t\t\twindow.location.href = 'https:\/\/www.southcoast.org\/es';\n\t\t\t\t}\n\t\t\t\treturn false;\n\t\t\t}\n\t\t<\/script>\n<\/div>                                                                                                    <h1>Equidad sanitaria<\/h1>\n                                                                    <\/div>\n                    \n                <\/div>\n                <div class=\"image\">\n                                            <img decoding=\"async\" class=\"hero-img\" src=\"https:\/\/www.southcoast.org\/wp-content\/uploads\/2025\/08\/HealthEquity-Website-Banner.jpg\" alt=\"Diverse group of people in abstract illustration, representing diversity and inclusivity.\">\n                                    <\/div>\n                            <\/div>\n        <\/div>\n    <\/div>\n<\/div>\n\n\n<div  class=\"blockSettings  paddingTopSM paddingBottomSM media-object-video-block light\" style=\"\"><div class=\"container\">\n    <div class=\"grid\">\n        <div class=\"col-sm-12\">\n            <div class=\"inner video-right list-style-disc inner-white-bg\">\n                <div class=\"copy\">\n                                                                <h2>\u00bfQu\u00e9 es la equidad sanitaria?<\/h2>\n                                                                <p>La equidad sanitaria significa que todo el mundo tiene la oportunidad de estar lo m\u00e1s sano posible. Southcoast Health trabaja para conseguirlo dentro y fuera del sistema sanitario. En primer lugar, trabajamos para garantizar que todos los miembros de nuestra comunidad puedan acceder a la asistencia sanitaria donde, cuando y como la necesiten. En segundo lugar, sabemos que los factores sociales que influyen en la salud, como la vivienda, el transporte y el trabajo, tambi\u00e9n pueden afectar a nuestra salud. Para ayudar a nuestros pacientes con estas necesidades, establecemos conexiones con socios comunitarios.<\/p>\n                    \n                    <div class=\"cta-wrap\">\n\n                                                                                                        \n                                                                                                                            <\/div>\n\n                <\/div>\n                <div class=\"video-container\">\n                                            <div class=\"video-wrapper\">\n                                                                                                <a href=\"https:\/\/www.youtube.com\/watch?v=vnkORBOhK0w\" class=\"popup-youtube video-placeholder\">\n                                        <img decoding=\"async\" src=\"https:\/\/www.southcoast.org\/wp-content\/uploads\/2025\/10\/Health-Equity-Video-Placeholder-Image.png\" alt=\"A woman in a light colored jacket and striped shirt stands confidently in an office setting.\">\n                                        <div class=\"play-button\">\n                                            <i class=\"fa fa-play-circle\"><\/i>\n                                        <\/div>\n                                    <\/a>\n                                                            \n                                                    <\/div>\n                                    <\/div>\n            <\/div>\n        <\/div>\n    <\/div>\n<\/div>\n<\/div>\n\n\n<div  class=\"blockSettings  paddingTopNone paddingBottomMD media-object-block light\" style=\"\"><div class=\"container\">\n\t<div class=\"grid\">\n\t\t<div class=\"col-sm-12\">\n\t\t\t<div class=\"inner image-left list-style-disc inner-white-bg\" style=\"background-color: #fff;\">\n\t\t\t\t<div class=\"copy\">\n\t\t\t\t\t    <div class=\"mainCopyWrap\">\n            <h2>\u00bfQu\u00e9 es una disparidad?<\/h2>\n    <div class=\"paragraphWrap\"><p>Cuando un grupo tiene m\u00e1s enfermedades o peores resultados sanitarios que otro, hablamos de disparidad sanitaria. Las diferencias en la forma de recibir asistencia sanitaria se denominan disparidades sanitarias. Por ejemplo, un sistema sanitario podr\u00eda observar que los pacientes que hablan principalmente ingl\u00e9s como lengua materna acuden a sus citas m\u00e9dicas con m\u00e1s frecuencia que los pacientes que hablan principalmente portugu\u00e9s. \u00bfA qu\u00e9 se debe esto? Haci\u00e9ndonos preguntas y abordando este tipo de disparidades, podemos avanzar en la equidad sanitaria y mejorar nuestra salud general y nuestra capacidad de prosperar.<\/p>\n<\/div>    <\/div>\n    \t\t\t\t<\/div>\n\t\t\t\t\t\t\t\t<div class=\"images\">\n\t\t\t\t\t\t<img decoding=\"async\" class=\"single\" src=\"https:\/\/www.southcoast.org\/wp-content\/uploads\/2025\/08\/Healthcare-Disparities.jpg\" alt=\"Diverse group of medical professionals - doctors, nurses of various ages, genders, and ethnicities in vibrant colors.\">\n\t\t\t\t\t\t\t\t\t\t<\/div>\n\t\t\t\t\n\t\t\t<\/div>\n\t\t<\/div>\n\t<\/div>\n<\/div>\n<\/div>\n\n\n<div  class=\"blockSettings  paddingTopMD paddingBottomMD cardTextFluid light\" style=\"background-color:#e1f5fa;\"><div class=\"container\">\n            <div class=\"grid\">\n            <div class=\"col-sm-12\">\n                <div class=\"introCenter\">\n                    <div class=\"maincopy intro\">\n                        <h2>Preguntamos porque nos importa<\/h2>\n                                                    <p>En Southcoast Health, nuestro equipo de atenci\u00f3n comprende la importancia de ofrecer a nuestros pacientes un acceso igualitario a una atenci\u00f3n de alta calidad. Preguntar a los pacientes sobre sus antecedentes permite a nuestro personal identificar las necesidades de salud individuales, abordar las disparidades y ofrecer una atenci\u00f3n excepcional de personas que se preocupan.<\/p>\n                                            <\/div>\n                                                                                                                                                                                                <\/div>\n            <\/div>\n        <\/div>\n    \n            <!--Manual Cards-->\n        <div class=\"grid smallGrid\">\n                                                    <div class=\"col-sm-6 col-md-6 col-grid\">\n                            <div class=\"cardBasic cardBasicText\">\n                                <div class=\"cardBasicBody\">\n                                    <div class=\"cardBasicBodyInner\">\n                                        <p class=\"preHeadline\"><\/p>\n                                        <p class=\"cardBasicBodyTitle\">\u00bfQu\u00e9 son RELD y SOGI?<\/p>\n                                        <div class=\"excerpt\">\n                                            <p><strong>Raza, etnia, lengua y discapacidad (RELD) &amp; Orientaci\u00f3n sexual e identidad de g\u00e9nero (SOGI)<\/strong><\/p>\n<p>Preguntar a los pacientes sobre su RELD e informaci\u00f3n SOGI permite a nuestro personal identificar las necesidades sanitarias individuales, abordar las disparidades y ofrecer una atenci\u00f3n excepcional. Parte de esta informaci\u00f3n tambi\u00e9n puede ayudar a los pacientes a sentirse bienvenidos, reconocidos, comprendidos y apoyados. Preguntar sobre la lengua escrita y hablada preferida nos ayuda a asegurarnos de que nos comunicamos con los pacientes de forma clara y eficaz. Proporcionar informaci\u00f3n adicional puede ayudar a mejorar nuestro nivel de atenci\u00f3n.<\/p>\n<p>M\u00e1s informaci\u00f3n:\u00a0<a href=\"\/es\/belonging-at-southcoast-health\/\" target=\"_blank\" rel=\"noopener\">Centro de recursos LGBTQIA+ acogedor y bien informado<\/a><\/p>\n                                        <\/div>\n                                    <\/div>\n                                <\/div>\n                            <\/div>\n                        <\/div>\n                                                            <div class=\"col-sm-6 col-md-6 col-grid\">\n                            <div class=\"cardBasic cardBasicText\">\n                                <div class=\"cardBasicBody\">\n                                    <div class=\"cardBasicBodyInner\">\n                                        <p class=\"preHeadline\"><\/p>\n                                        <p class=\"cardBasicBodyTitle\">\u00bfQu\u00e9 significa esto para mi asistencia sanitaria en Southcoast Health?<\/p>\n                                        <div class=\"excerpt\">\n                                            <p>Como parte de nuestros esfuerzos para alinear la recopilaci\u00f3n de informaci\u00f3n sobre RELD y SOGI con las mejores pr\u00e1cticas, es posible que a los pacientes de Southcoast Health se les hagan nuevas preguntas sobre RELD y SOGI a trav\u00e9s de MyChart o en su pr\u00f3xima cita. Esta informaci\u00f3n ayudar\u00e1 a su equipo de atenci\u00f3n a poner en contacto a los pacientes con los recursos comunitarios adecuados y a llevar a cabo programas que satisfagan las necesidades de nuestra poblaci\u00f3n de pacientes.<\/p>\n<p>Recuerde que todas estas preguntas son opcionales y que no est\u00e1 obligado a contestarlas. Su informaci\u00f3n se mantiene privada entre su proveedor y usted y nos ayuda a atender mejor sus necesidades.<\/p>\n                                        <\/div>\n                                    <\/div>\n                                <\/div>\n                            <\/div>\n                        <\/div>\n                                                        <\/div>\n    <\/div>\n<\/div>\n\n\n<div  class=\"blockSettings  paddingTopMD paddingBottomMD cardImageFluid light\" style=\"\"><div class=\"container\" role=\"region\" aria-roledescription=\"carousel\" aria-label=\"Construir una comunidad m\u00e1s sana e integradora\">\n\t<div class=\"grid\">\n\t\t<div class=\"col-sm-12\">\n\t\t\t    <div class=\"introWithSliderControls leftAlign\">\n            <div class=\"mainCopyWrap\">\n            <h2>Construir una comunidad m\u00e1s sana e integradora<\/h2>\n    <div class=\"paragraphWrap\"><p>El trabajo de Pertenencia de Southcoast Health es clave para garantizar que nuestros equipos puedan atender las necesidades de nuestra vibrante comunidad.<\/p>\n<\/div>    <\/div>\n            <!-- Desktop + leftAlign Slider arrows -->\n        <div class=\"sliderControls sliderArrows\">\n            <button title=\"diapositiva anterior\" class=\"prev-slide\" aria-label=\"Diapositiva anterior\"><i class=\"fa-light fa-chevron-left\" aria-hidden=\"true\"><\/i><\/button>\n            <button title=\"siguiente diapositiva\" class=\"next-slide\" aria-label=\"Siguiente diapositiva\"><i class=\"fa-light fa-chevron-right\" aria-hidden=\"true\"><\/i><\/button>\n        <\/div>\n            <\/div>\n\n\t\t<\/div>\n\t<\/div>\n\t<div class=\"blockSeparator\"><\/div>\n\t<div class=\"cardImageContentWrap\">\n\t\t\t\t\t<div class=\"sliderControls sliderArrows leftIntroAlign\">\n\t\t\t\t<button title=\"diapositiva anterior\" class=\"prev-slide\" aria-label=\"Diapositiva anterior\"><i class=\"fa-light fa-chevron-left\" aria-hidden=\"true\"><\/i><\/button>\n\t\t\t\t<button title=\"siguiente diapositiva\" class=\"next-slide\" aria-label=\"Siguiente diapositiva\"><i class=\"fa-light fa-chevron-right\" aria-hidden=\"true\"><\/i><\/button>\n\t\t\t<\/div>\n\t\t\t\t\t\t\t<div class=\"grid  cardSlider sliderBleed\" data-slide-cols=\"3\" >\n\t\t\t\t\t\t\t\t\t\t\t\t\t\t\t<div class=\"col-sm-6 col-md-4 col-grid\" role=\"group\" aria-roledescription=\"slide\" aria-label=\"Pertenencia\">\n\t\t\t\t\t\t\t<div class=\"cardBasic noBorder left Vertical\">\n\t\t\t\t\t\t\t\t<div class=\"cardImage\" style=\"background-image:url('https:\/\/www.southcoast.org\/wp-content\/uploads\/2025\/07\/Belonging-Featured-Photo.jpg');\">\n\t\t\t\t\t\t\t\t\t\t\t\t\t\t\t\t\t<\/div>\n\t\t\t\t\t\t\t\t<div class=\"cardBasicBody\">\n\t\t\t\t\t\t\t\t\t\t\t\t\t\t\t\t\t\t<p class=\"cardBasicBodyTitle\">Pertenencia<\/p>\n\t\t\t\t\t\t\t\t\t\t\t\t\t\t\t\t\t\t\t\t\t\t\t\t\t\t\t\t\t\t\t\t\t\t\t\t\t\t\t<!-- Use post permalink if no external link -->\n\t\t\t\t\t\t\t\t\t\t\t<a aria-label=\"enlace a Pertenecer\" title=\"enlace a Pertenecer\" href=\"https:\/\/www.southcoast.org\/es\/community\/belonging-at-southcoast-health\/\" class=\"readMore\"><i class=\"fa-regular fa-arrow-up-right readMoreIcon\"><\/i> Seguir leyendo<\/a>\n\t\t\t\t\t\t\t\t\t\t\t\t\t\t\t\t\t\t\t\t\t\t\t\t\t\t\t<\/div>\n\t\t\t\t\t\t\t<\/div>\n\t\t\t\t\t\t<\/div>\n\t\t\t\t\t\t\t\t\t\t\t<div class=\"col-sm-6 col-md-4 col-grid\" role=\"group\" aria-roledescription=\"slide\" aria-label=\"Programa comunitario de bienestar\">\n\t\t\t\t\t\t\t<div class=\"cardBasic noBorder left Vertical\">\n\t\t\t\t\t\t\t\t<div class=\"cardImage\" style=\"background-image:url('https:\/\/www.southcoast.org\/wp-content\/uploads\/2025\/08\/Community-Health-and-Wellness-1-scaled.jpg');\">\n\t\t\t\t\t\t\t\t\t\t\t\t\t\t\t\t\t<\/div>\n\t\t\t\t\t\t\t\t<div class=\"cardBasicBody\">\n\t\t\t\t\t\t\t\t\t\t\t\t\t\t\t\t\t\t<p class=\"cardBasicBodyTitle\">Programa comunitario de bienestar<\/p>\n\t\t\t\t\t\t\t\t\t\t\t\t\t\t\t\t\t\t\t\t\t\t\t\t\t\t\t\t\t\t\t\t\t\t\t\t\t\t\t<!-- Use post permalink if no external link -->\n\t\t\t\t\t\t\t\t\t\t\t<a aria-label=\"Enlace al Programa Comunitario de Bienestar\" title=\"Enlace al Programa Comunitario de Bienestar\" href=\"https:\/\/www.southcoast.org\/es\/community\/wellness-program\/\" class=\"readMore\"><i class=\"fa-regular fa-arrow-up-right readMoreIcon\"><\/i> Seguir leyendo<\/a>\n\t\t\t\t\t\t\t\t\t\t\t\t\t\t\t\t\t\t\t\t\t\t\t\t\t\t\t<\/div>\n\t\t\t\t\t\t\t<\/div>\n\t\t\t\t\t\t<\/div>\n\t\t\t\t\t\t\t\t\t\t\t<div class=\"col-sm-6 col-md-4 col-grid\" role=\"group\" aria-roledescription=\"slide\" aria-label=\"Salud de la poblaci\u00f3n\">\n\t\t\t\t\t\t\t<div class=\"cardBasic noBorder left Vertical\">\n\t\t\t\t\t\t\t\t<div class=\"cardImage\" style=\"background-image:url('https:\/\/www.southcoast.org\/wp-content\/uploads\/2025\/07\/Population-Health-People.jpg');\">\n\t\t\t\t\t\t\t\t\t\t\t\t\t\t\t\t\t<\/div>\n\t\t\t\t\t\t\t\t<div class=\"cardBasicBody\">\n\t\t\t\t\t\t\t\t\t\t\t\t\t\t\t\t\t\t<p class=\"cardBasicBodyTitle\">Salud de la poblaci\u00f3n<\/p>\n\t\t\t\t\t\t\t\t\t\t\t\t\t\t\t\t\t\t\t\t\t\t\t\t\t\t\t\t\t\t\t\t\t\t\t\t\t\t\t<!-- Use post permalink if no external link -->\n\t\t\t\t\t\t\t\t\t\t\t<a aria-label=\"enlace a Salud de la Poblaci\u00f3n\" title=\"enlace a Salud de la Poblaci\u00f3n\" href=\"https:\/\/www.southcoast.org\/es\/community\/population-health\/\" class=\"readMore\"><i class=\"fa-regular fa-arrow-up-right readMoreIcon\"><\/i> Seguir leyendo<\/a>\n\t\t\t\t\t\t\t\t\t\t\t\t\t\t\t\t\t\t\t\t\t\t\t\t\t\t\t<\/div>\n\t\t\t\t\t\t\t<\/div>\n\t\t\t\t\t\t<\/div>\n\t\t\t\t\t\t\t\t\t\t\t<div class=\"col-sm-6 col-md-4 col-grid\" role=\"group\" aria-roledescription=\"slide\" aria-label=\"Southcoast Health Community Spotlight\">\n\t\t\t\t\t\t\t<div class=\"cardBasic noBorder left Vertical\">\n\t\t\t\t\t\t\t\t<div class=\"cardImage\" style=\"background-image:url('https:\/\/www.southcoast.org\/wp-content\/uploads\/2025\/06\/podcast_page_hero.webp');\">\n\t\t\t\t\t\t\t\t\t\t\t\t\t\t\t\t\t<\/div>\n\t\t\t\t\t\t\t\t<div class=\"cardBasicBody\">\n\t\t\t\t\t\t\t\t\t\t\t\t\t\t\t\t\t\t<p class=\"cardBasicBodyTitle\">Southcoast Health Community Spotlight<\/p>\n\t\t\t\t\t\t\t\t\t\t\t\t\t\t\t\t\t\t\t\t\t\t\t\t\t\t\t\t\t\t\t\t\t\t\t\t\t\t\t<!-- Use post permalink if no external link -->\n\t\t\t\t\t\t\t\t\t\t\t<a aria-label=\"enlace a Southcoast Health Community Spotlight\" title=\"enlace a Southcoast Health Community Spotlight\" href=\"https:\/\/www.southcoast.org\/es\/community\/community-spotlight\/\" class=\"readMore\"><i class=\"fa-regular fa-arrow-up-right readMoreIcon\"><\/i> Seguir leyendo<\/a>\n\t\t\t\t\t\t\t\t\t\t\t\t\t\t\t\t\t\t\t\t\t\t\t\t\t\t\t<\/div>\n\t\t\t\t\t\t\t<\/div>\n\t\t\t\t\t\t<\/div>\n\t\t\t\t\t\t\t\t\t\t\t\t<\/div>\n\t\t\t<\/div>\n\t\t\t<div class=\"introCTAs introBottomCTAs\">\n\t\t\t\t\t<\/div>\n\t<\/div>\n\n<\/div>","protected":false},"excerpt":{"rendered":"","protected":false},"author":7,"featured_media":38899,"parent":0,"menu_order":0,"comment_status":"closed","ping_status":"closed","template":"","meta":{"_acf_changed":false,"footnotes":""},"class_list":["post-10766","page","type-page","status-publish","has-post-thumbnail","hentry"],"acf":[],"yoast_head":"<!-- This site is optimized with the Yoast SEO plugin v26.0 - https:\/\/yoast.com\/wordpress\/plugins\/seo\/ -->\n<title>Health Equity - Southcoast Health<\/title>\n<meta name=\"robots\" content=\"index, follow, max-snippet:-1, max-image-preview:large, max-video-preview:-1\" \/>\n<link rel=\"canonical\" href=\"https:\/\/www.southcoast.org\/es\/health-equity\/\" \/>\n<meta property=\"og:locale\" content=\"es_MX\" \/>\n<meta property=\"og:type\" content=\"article\" \/>\n<meta property=\"og:title\" content=\"Health Equity - Southcoast Health\" \/>\n<meta property=\"og:url\" content=\"https:\/\/www.southcoast.org\/es\/health-equity\/\" \/>\n<meta property=\"og:site_name\" content=\"Southcoast Health\" \/>\n<meta property=\"article:modified_time\" content=\"2026-02-10T17:58:50+00:00\" \/>\n<meta property=\"og:image\" content=\"https:\/\/www.southcoast.org\/wp-content\/uploads\/2025\/08\/HealthEquity-Website-Featured-Photo.jpg\" \/>\n\t<meta property=\"og:image:width\" content=\"1080\" \/>\n\t<meta property=\"og:image:height\" content=\"1080\" \/>\n\t<meta property=\"og:image:type\" content=\"image\/jpeg\" \/>\n<meta name=\"twitter:card\" content=\"summary_large_image\" \/>\n<meta name=\"twitter:label1\" content=\"Est. reading time\" \/>\n\t<meta name=\"twitter:data1\" content=\"1 minute\" \/>\n<script type=\"application\/ld+json\" class=\"yoast-schema-graph\">{\"@context\":\"https:\/\/schema.org\",\"@graph\":[{\"@type\":\"WebPage\",\"@id\":\"https:\/\/www.southcoast.org\/health-equity\/\",\"url\":\"https:\/\/www.southcoast.org\/health-equity\/\",\"name\":\"Health Equity - Southcoast Health\",\"isPartOf\":{\"@id\":\"https:\/\/www.southcoast.org\/#website\"},\"primaryImageOfPage\":{\"@id\":\"https:\/\/www.southcoast.org\/health-equity\/#primaryimage\"},\"image\":{\"@id\":\"https:\/\/www.southcoast.org\/health-equity\/#primaryimage\"},\"thumbnailUrl\":\"https:\/\/www.southcoast.org\/wp-content\/uploads\/2025\/08\/HealthEquity-Website-Featured-Photo.jpg\",\"datePublished\":\"2025-06-12T23:26:23+00:00\",\"dateModified\":\"2026-02-10T17:58:50+00:00\",\"breadcrumb\":{\"@id\":\"https:\/\/www.southcoast.org\/health-equity\/#breadcrumb\"},\"inLanguage\":\"es-MX\",\"potentialAction\":[{\"@type\":\"ReadAction\",\"target\":[\"https:\/\/www.southcoast.org\/health-equity\/\"]}]},{\"@type\":\"ImageObject\",\"inLanguage\":\"es-MX\",\"@id\":\"https:\/\/www.southcoast.org\/health-equity\/#primaryimage\",\"url\":\"https:\/\/www.southcoast.org\/wp-content\/uploads\/2025\/08\/HealthEquity-Website-Featured-Photo.jpg\",\"contentUrl\":\"https:\/\/www.southcoast.org\/wp-content\/uploads\/2025\/08\/HealthEquity-Website-Featured-Photo.jpg\",\"width\":1080,\"height\":1080,\"caption\":\"Diverse group of stylized human avatars, representing a community or workforce.\"},{\"@type\":\"BreadcrumbList\",\"@id\":\"https:\/\/www.southcoast.org\/health-equity\/#breadcrumb\",\"itemListElement\":[{\"@type\":\"ListItem\",\"position\":1,\"name\":\"\",\"item\":\"https:\/\/www.southcoast.org\/\"},{\"@type\":\"ListItem\",\"position\":2,\"name\":\"Health Equity\"}]},{\"@type\":\"WebSite\",\"@id\":\"https:\/\/www.southcoast.org\/#website\",\"url\":\"https:\/\/www.southcoast.org\/\",\"name\":\"Southcoast Health\",\"description\":\"More than medicine.\",\"potentialAction\":[{\"@type\":\"SearchAction\",\"target\":{\"@type\":\"EntryPoint\",\"urlTemplate\":\"https:\/\/www.southcoast.org\/?s={search_term_string}\"},\"query-input\":{\"@type\":\"PropertyValueSpecification\",\"valueRequired\":true,\"valueName\":\"search_term_string\"}}],\"inLanguage\":\"es-MX\"}]}<\/script>\n<!-- \/ Yoast SEO plugin. -->","yoast_head_json":{"title":"Health Equity - Southcoast Health","robots":{"index":"index","follow":"follow","max-snippet":"max-snippet:-1","max-image-preview":"max-image-preview:large","max-video-preview":"max-video-preview:-1"},"canonical":"https:\/\/www.southcoast.org\/es\/health-equity\/","og_locale":"es_MX","og_type":"article","og_title":"Health Equity - Southcoast Health","og_url":"https:\/\/www.southcoast.org\/es\/health-equity\/","og_site_name":"Southcoast Health","article_modified_time":"2026-02-10T17:58:50+00:00","og_image":[{"width":1080,"height":1080,"url":"https:\/\/www.southcoast.org\/wp-content\/uploads\/2025\/08\/HealthEquity-Website-Featured-Photo.jpg","type":"image\/jpeg"}],"twitter_card":"summary_large_image","twitter_misc":{"Est. reading time":"1 minute"},"schema":{"@context":"https:\/\/schema.org","@graph":[{"@type":"WebPage","@id":"https:\/\/www.southcoast.org\/health-equity\/","url":"https:\/\/www.southcoast.org\/health-equity\/","name":"Health Equity - Southcoast Health","isPartOf":{"@id":"https:\/\/www.southcoast.org\/#website"},"primaryImageOfPage":{"@id":"https:\/\/www.southcoast.org\/health-equity\/#primaryimage"},"image":{"@id":"https:\/\/www.southcoast.org\/health-equity\/#primaryimage"},"thumbnailUrl":"https:\/\/www.southcoast.org\/wp-content\/uploads\/2025\/08\/HealthEquity-Website-Featured-Photo.jpg","datePublished":"2025-06-12T23:26:23+00:00","dateModified":"2026-02-10T17:58:50+00:00","breadcrumb":{"@id":"https:\/\/www.southcoast.org\/health-equity\/#breadcrumb"},"inLanguage":"es-MX","potentialAction":[{"@type":"ReadAction","target":["https:\/\/www.southcoast.org\/health-equity\/"]}]},{"@type":"ImageObject","inLanguage":"es-MX","@id":"https:\/\/www.southcoast.org\/health-equity\/#primaryimage","url":"https:\/\/www.southcoast.org\/wp-content\/uploads\/2025\/08\/HealthEquity-Website-Featured-Photo.jpg","contentUrl":"https:\/\/www.southcoast.org\/wp-content\/uploads\/2025\/08\/HealthEquity-Website-Featured-Photo.jpg","width":1080,"height":1080,"caption":"Diverse group of stylized human avatars, representing a community or workforce."},{"@type":"BreadcrumbList","@id":"https:\/\/www.southcoast.org\/health-equity\/#breadcrumb","itemListElement":[{"@type":"ListItem","position":1,"name":"","item":"https:\/\/www.southcoast.org\/"},{"@type":"ListItem","position":2,"name":"Health Equity"}]},{"@type":"WebSite","@id":"https:\/\/www.southcoast.org\/#website","url":"https:\/\/www.southcoast.org\/","name":"Southcoast Health","description":"M\u00e1s que medicina.","potentialAction":[{"@type":"SearchAction","target":{"@type":"EntryPoint","urlTemplate":"https:\/\/www.southcoast.org\/?s={search_term_string}"},"query-input":{"@type":"PropertyValueSpecification","valueRequired":true,"valueName":"search_term_string"}}],"inLanguage":"es-MX"}]}},"_links":{"self":[{"href":"https:\/\/www.southcoast.org\/es\/wp-json\/wp\/v2\/pages\/10766","targetHints":{"allow":["GET"]}}],"collection":[{"href":"https:\/\/www.southcoast.org\/es\/wp-json\/wp\/v2\/pages"}],"about":[{"href":"https:\/\/www.southcoast.org\/es\/wp-json\/wp\/v2\/types\/page"}],"author":[{"embeddable":true,"href":"https:\/\/www.southcoast.org\/es\/wp-json\/wp\/v2\/users\/7"}],"replies":[{"embeddable":true,"href":"https:\/\/www.southcoast.org\/es\/wp-json\/wp\/v2\/comments?post=10766"}],"version-history":[{"count":23,"href":"https:\/\/www.southcoast.org\/es\/wp-json\/wp\/v2\/pages\/10766\/revisions"}],"predecessor-version":[{"id":285084,"href":"https:\/\/www.southcoast.org\/es\/wp-json\/wp\/v2\/pages\/10766\/revisions\/285084"}],"wp:featuredmedia":[{"embeddable":true,"href":"https:\/\/www.southcoast.org\/es\/wp-json\/wp\/v2\/media\/38899"}],"wp:attachment":[{"href":"https:\/\/www.southcoast.org\/es\/wp-json\/wp\/v2\/media?parent=10766"}],"curies":[{"name":"wp","href":"https:\/\/api.w.org\/{rel}","templated":true}]}}