{"id":10754,"date":"2025-06-12T04:52:55","date_gmt":"2025-06-12T04:52:55","guid":{"rendered":"https:\/\/test-southcoast-health-multi.southcoast-health.org\/?page_id=10754"},"modified":"2025-06-24T03:37:39","modified_gmt":"2025-06-24T03:37:39","slug":"notice-of-non-discrimination","status":"publish","type":"page","link":"https:\/\/www.southcoast.org\/es\/notice-of-non-discrimination\/","title":{"rendered":"Aviso de no discriminaci\u00f3n"},"content":{"rendered":"<div  class=\"blockSettings  paddingTopMD paddingBottomMD heroBasicFluid darkTheme\" style=\"background: linear-gradient(110deg, #0A4A3D 2.57%, rgba(5, 116, 99, 0.99) 59.47%, #009984 99.08%);\"><div class=\"container\">\n            <div class=\"grid\">\n            <div class=\"col-sm-12 col-bleed-y\">\n                <div class=\"Center\">\n                    <div class=\"breadcrumbsWrapper desktop-breadcrumbs\"><nav id=\"breadcrumbs\" aria-label=\"Migas de pan\"><ol><li><a href=\"https:\/\/www.southcoast.org\/es\/\"><i class=\"fa-light fa-house\"><\/i><span class=\"visually-hidden\">Inicio<\/span><\/a><\/li><\/ol><\/nav><\/div><div class=\"breadcrumbsWrapper mobile-breadcrumbs\"><p id=\"mobile-breadcrumbs\" class=\"mobile-back-nav\"><span><span><a href=\"#\" onclick=\"return handleBackNavigation();\"><i class=\"fa-solid fa-chevron-left back-arrow\"><\/i> Volver<\/a><\/span><\/span><\/p>\t\t<script>\n\t\t\tfunction handleBackNavigation() {\n\t\t\t\tif (window.history.length > 1) {\n\t\t\t\t\twindow.history.back();\n\t\t\t\t} else {\n\t\t\t\t\twindow.location.href = 'https:\/\/www.southcoast.org\/es';\n\t\t\t\t}\n\t\t\t\treturn false;\n\t\t\t}\n\t\t<\/script>\n<\/div>                <\/div>\n            <\/div>\n        <\/div>\n        <div class=\"grid align-center\">\n        <div class=\"col-sm-10\">\n            <div class=\"Center\">\n\n                    <div class=\"mainCopyWrap\">\n            <h1>Aviso de no discriminaci\u00f3n<\/h1>\n        <\/div>\n    \n                \n            <\/div>\n        <\/div>\n    <\/div>\n<\/div>\n    <div class=\"cornerArtWrapper cornerArt-small\">\n        <img decoding=\"async\" class=\"cornerArt\" src=\"https:\/\/www.southcoast.org\/wp-content\/themes\/southcoast_multisite\/images\/corner-art.svg\" alt=\"\">\n    <\/div>\n<\/div>\n\n\n\n\n<div  class=\"blockSettings  paddingTopSM paddingBottomMD copyFullFluid light\" style=\"\">\t<div class=\"container\">\n\t\t<div class=\"grid\">\n            \t\t\t<div class=\"copyFullWrap\">\n\t\t\t\t<div class=\"col-sm-12\">\n                    <div class=\"maincopy\">\n                        <p style=\"text-align: center\"><a class=\"mainCTA shadow light1\" title=\"Abre Descargar la versi\u00f3n PDF de este aviso en una nueva pesta\u00f1a o ventana\" href=\"https:\/\/www.southcoast.org\/wp-content\/uploads\/2025\/06\/Notice-of-Nondiscrimination-and-Accessibility-Requirements-11.1.24.pdf\" target=\"_blank\" rel=\"noopener\">Descargar la versi\u00f3n PDF de este aviso<\/a><\/p>\n<p>Southcoast Health System, Inc. cumple con las leyes federales de derechos civiles aplicables y no discrimina por motivos de raza, color, nacionalidad, edad, discapacidad o sexo (incluidos el embarazo, la orientaci\u00f3n sexual y la identidad de g\u00e9nero). Southcoast Health System, Inc. no excluye a las personas por motivos de raza, color, nacionalidad, edad, discapacidad o sexo (incluidos el embarazo, la orientaci\u00f3n sexual y la identidad de g\u00e9nero).<\/p>\n<p>Para ofrecer una atenci\u00f3n equitativa, Southcoast Heath:<\/p>\n<ul>\n<li>Proporciona ayudas y servicios gratuitos a las personas con discapacidad para que puedan comunicarse eficazmente con nosotros, por ejemplo\n<ul>\n<li>Int\u00e9rpretes de lengua de signos cualificados<\/li>\n<\/ul>\n<\/li>\n<li>Ofrece servicios ling\u00fc\u00edsticos gratuitos a personas cuya lengua materna no es el ingl\u00e9s:\n<ul>\n<li>Int\u00e9rpretes cualificados<\/li>\n<li>Informaci\u00f3n escrita en otras lenguas<\/li>\n<\/ul>\n<\/li>\n<\/ul>\n<p><strong>Si necesita estos servicios, p\u00f3ngase en contacto con nuestro Servicio de int\u00e9rpretes est\u00e1 disponible llamando al 508-973-8409. Este servicio se presta sin coste alguno para usted.<\/strong><\/p>\n<p>Si cree que Southcoast Health System, Inc. no le ha prestado estos servicios o le ha discriminado de alguna otra forma por motivos de raza, color, nacionalidad, edad, discapacidad o sexo (incluidos embarazo, orientaci\u00f3n sexual e identidad de g\u00e9nero), puede presentar una queja ante:<\/p>\n<p>Coordinador de cumplimiento de equidad<\/p>\n<p>Calle Page 101<\/p>\n<p>New Bedford, MA 02740<\/p>\n<p><strong>Tel\u00e9fono:<\/strong> 1-877-264-7244<\/p>\n<p><strong>Correo electr\u00f3nico:<\/strong> EquityComplianceCoordinator@Southcoast.org<\/p>\n<p>Puede presentar una queja en persona, por correo o por correo electr\u00f3nico. Si necesita ayuda para presentar una queja, el Coordinador de Cumplimiento de la Equidad est\u00e1 a su disposici\u00f3n para ayudarle.<\/p>\n<p>Tambi\u00e9n puede presentar una queja sobre derechos civiles ante la Oficina de Derechos Civiles del Departamento de Salud y Servicios Humanos de EE.UU. por v\u00eda electr\u00f3nica a trav\u00e9s del portal de quejas de la Oficina de Derechos Civiles, disponible en <a href=\"https:\/\/ocrportal.hhs.gov\/ocr\/portal\/lobby.jsf\" target=\"_blank\" rel=\"noopener\">https:\/\/ocrportal.hhs.gov\/ocr\/portal\/lobby.jsf<\/a>o por correo o tel\u00e9fono a<\/p>\n<p>Departamento de Salud y Servicios Humanos de EE.UU.<\/p>\n<p>200 Independence Avenue, SW<\/p>\n<p>Sala 509F, Edificio HHH<\/p>\n<p>Washington, D.C. 20201<\/p>\n<p>1-800-368-1019, 800-537-7697 (TDD)<\/p>\n<p>Los formularios de denuncia est\u00e1n disponibles en <a href=\"https:\/\/www.hhs.gov\/ocr\/complaints\/index.html\" target=\"_blank\" rel=\"noopener\">https:\/\/www.hhs.gov\/ocr\/complaints\/index.html<\/a>.<\/p>\n<p>Fecha de entrada en vigor: 1 de noviembre de 2024<\/p>\n<p>&nbsp;<\/p>\n<p>&nbsp;<\/p>\n<p><strong>Atenci\u00f3n:<\/strong> Tiene a su disposici\u00f3n servicios gratuitos de asistencia ling\u00fc\u00edstica. Tambi\u00e9n se ofrecen gratuitamente ayudas y servicios auxiliares adecuados para proporcionar informaci\u00f3n en formatos accesibles. Llame al 508-973-8409 o hable con su proveedor.<\/p>\n<p><strong>\u00c1RABE<\/strong><\/p>\n<p>\u0645\u0644\u062d\u0648\u0638\u0629: \u0625\u0630\u0627 \u0643\u0646\u062a \u062a\u062a\u062d\u062f\u062b \u0627\u0630\u0643\u0631 \u0627\u0644\u0644\u063a\u0629\u060c \u0641\u0625\u0646 \u062e\u062f\u0645\u0627\u062a \u0627\u0644\u0645\u0633\u0627\u0639\u062f\u0629 \u0627\u0644\u0644\u063a\u0648\u064a\u0629 \u062a\u062a\u0648\u0627\u0641\u0631 \u0644\u0643 \u0628\u0627\u0644\u0645\u062c\u0627\u0646. \u0627\u062a\u0635\u0644 \u0628\u0631\u0642\u0645<\/p>\n<p><strong>CAMBOYA<\/strong><\/p>\n<p>\u1794\u17d2\u179a\u1799\u17d0\u178f\u17d2\u1793\u17d6 \u1794\u17be\u179f\u17b7\u1793\u1787\u17b6\u17a2\u17d2\u1793\u1780\u1793\u17b7\u1799\u17b6\u1799 \u1797\u17b6\u179f\u17b6\u1781\u17d2\u1798\u17c2\u179a, \u179f\u17c1\u179c\u17b6\u1787\u17c6\u1793\u17bd\u1799\u1795\u17d2\u1793\u17c2\u1780\u1797\u17b6\u179f\u17b6 \u178a\u17c4\u1799\u1798\u17b7\u1793\u1782\u17b7\u178f\u1788\u17d2\u1793\u17bd\u179b \u1782\u17ba\u17a2\u17b6\u1785\u1798\u17b6\u1793\u179f\u17c6\u179a\u17b6\u1794\u17cb\u1794\u17c6\u179a\u17be\u17a2\u17d2\u1793\u1780\u17d4 \u1785\u17bc\u179a \u1791\u17bc\u179a\u179f\u17d0\u1796\u17d2\u1791<\/p>\n<p><strong>CHINO<\/strong><\/p>\n<p>\u6ce8\u610f\uff1a\u5982\u679c\u60a8\u4f7f\u7528\u7e41\u9ad4\u4e2d\u6587\uff0c\u60a8\u53ef\u4ee5\u514d\u8cbb\u7372\u5f97\u8a9e\u8a00\u63f4\u52a9\u670d\u52d9\u3002<\/p>\n<p><strong>FRANC\u00c9S<\/strong><\/p>\n<p>ATENCI\u00d3N: Si habla franc\u00e9s, se le ofrecen servicios ling\u00fc\u00edsticos gratuitos.<\/p>\n<p><strong>CREOLE HAITIANO<\/strong><\/p>\n<p>ATANSYON: Si w pale Krey\u00f2l Ayisyen, gen s\u00e8vis \u00e8d pou lang ki disponib gratis pou ou.<\/p>\n<p><strong>GRIEGO<\/strong><\/p>\n<p>\u03a0\u03a1\u039f\u03a3\u039f\u03a7\u0397: \u0391\u03bd \u03bc\u03b9\u03bb\u03ac\u03c4\u03b5 \u03b5\u03bb\u03bb\u03b7\u03bd\u03b9\u03ba\u03ac, \u03c3\u03c4\u03b7 \u03b4\u03b9\u03ac\u03b8\u03b5\u03c3\u03ae \u03c3\u03b1\u03c2 \u03b2\u03c1\u03af\u03c3\u03ba\u03bf\u03bd\u03c4\u03b1\u03b9 \u03c5\u03c0\u03b7\u03c1\u03b5\u03c3\u03af\u03b5\u03c2 \u03b3\u03bb\u03c9\u03c3\u03c3\u03b9\u03ba\u03ae\u03c2 \u03c5\u03c0\u03bf\u03c3\u03c4\u03ae\u03c1\u03b9\u03be\u03b7\u03c2, \u03bf\u03b9 \u03bf\u03c0\u03bf\u03af\u03b5\u03c2 \u03c0\u03b1\u03c1\u03ad\u03c7\u03bf\u03bd\u03c4\u03b1\u03b9 \u03b4\u03c9\u03c1\u03b5\u03ac\u03bd.<\/p>\n<p><strong>GUJARATI<\/strong><\/p>\n<p>\u0ab8\u0ac1\u0a9a\u0aa8\u0abe: \u0a9c\u0acb \u0aa4\u0aae\u0ac7 \u0a97\u0ac1\u0a9c\u0ab0\u0abe\u0aa4\u0ac0 \u0aac\u0acb\u0ab2\u0aa4\u0abe \u0ab9\u0acb, \u0aa4\u0acb \u0aa8\u0abf:\u0ab6\u0ac1\u0ab2\u0acd\u0a95 \u0aad\u0abe\u0ab7\u0abe \u0ab8\u0ab9\u0abe\u0aaf \u0ab8\u0ac7\u0ab5\u0abe\u0a93 \u0aa4\u0aae\u0abe\u0ab0\u0abe \u0aae\u0abe\u0a9f\u0ac7 \u0a89\u0aaa\u0ab2\u0aac\u0acd\u0aa7 \u0a9b\u0ac7. \u0aab\u0acb\u0aa8 \u0a95\u0ab0\u0acb<\/p>\n<p><strong>HINDI<\/strong><\/p>\n<p>\u0927\u094d\u092f\u093e\u0928 \u0926\u0947\u0902: \u092f\u0926\u093f \u0906\u092a \u0939\u093f\u0902\u0926\u0940 \u092c\u094b\u0932\u0924\u0947 \u0939\u0948\u0902 \u0924\u094b \u0906\u092a\u0915\u0947 \u0932\u093f\u090f \u092e\u0941\u092b\u094d\u0924 \u092e\u0947\u0902 \u092d\u093e\u0937\u093e \u0938\u0939\u093e\u092f\u0924\u093e \u0938\u0947\u0935\u093e\u090f\u0902 \u0909\u092a\u0932\u092c\u094d\u0927 \u0939\u0948\u0902\u0964<\/p>\n<p><strong>ITALIANO<\/strong><\/p>\n<p>ATENCI\u00d3N: En caso de que la lengua hablada sea el italiano, est\u00e1n disponibles servicios de asistencia ling\u00fc\u00edstica.<\/p>\n<p><strong>COREANO<\/strong><\/p>\n<p>\uc8fc\uc758: \ud55c\uad6d\uc5b4\ub97c \uc0ac\uc6a9\ud558\uc2dc\ub294 \uacbd\uc6b0, \uc5b8\uc5b4 \uc9c0\uc6d0 \uc11c\ube44\uc2a4\ub97c \ubb34\ub8cc\ub85c \uc774\uc6a9 \ud558\uc2e4 \uc218 \uc788\uc2b5\ub2c8\ub2e4.<\/p>\n<p><strong>LAO<\/strong><\/p>\n<p>\u0ec2\u0e9b\u0e94\u0e8a\u0eb2\u0e9a: \u0e96\u0ec9\u0eb2\u0ea7\u0ec8\u0eb2 \u0e97\u0ec8\u0eb2\u0e99\u0ec0\u0ea7\u0ebb\u0ec9\u0eb2\u0e9e\u0eb2\u0eaa\u0eb2 \u0ea5\u0eb2\u0ea7, \u0e81\u0eb2\u0e99\u0e9a\u0ecd\u0ea5\u0eb4\u0e81\u0eb2\u0e99\u0e8a\u0ec8\u0ea7\u0e8d\u0ec0\u0eab\u0ebc\u0eb7\u0ead\u0e94\u0ec9\u0eb2\u0e99\u0e9e\u0eb2\u0eaa\u0eb2, \u0ec2\u0e94\u0e8d\u0e9a\u0ecd\u0ec8\u0ec0\u0eaa\u0eb1\u0ebd\u0e84\u0ec8\u0eb2, \u0ec1\u0ea1\u0ec8\u0e99\u0ea1\u0eb5\u0e9e\u0ec9\u0ead\u0ea1\u0ec3\u0eab\u0ec9\u0e97\u0ec8\u0eb2\u0e99.<\/p>\n<p><strong>POLAR<\/strong><\/p>\n<p>UWAGA: Je\u017celi m\u00f3wisz po polsku, mo\u017cesz skorzysta\u0107 z bezp\u0142atnej pomocy j\u0119zykowej.<\/p>\n<p><strong>PORTUGU\u00c9S<\/strong><\/p>\n<p>ATEN\u00c7\u00c3O: Se fala portugu\u00eas, encontram-se dispon\u00edveis servi\u00e7os lingu\u00edsticos, gr\u00e1tis.<\/p>\n<p><strong>RUSIA<\/strong><\/p>\n<p>\u0412\u041d\u0418\u041c\u0410\u041d\u0418\u0415: \u0415\u0441\u043b\u0438 \u0432\u044b \u0433\u043e\u0432\u043e\u0440\u0438\u0442\u0435 \u043d\u0430 \u0440\u0443\u0441\u0441\u043a\u043e\u043c \u044f\u0437\u044b\u043a\u0435, \u0442\u043e \u0432\u0430\u043c \u0434\u043e\u0441\u0442\u0443\u043f\u043d\u044b \u0431\u0435\u0441\u043f\u043b\u0430\u0442\u043d\u044b\u0435 \u0443\u0441\u043b\u0443\u0433\u0438 \u043f\u0435\u0440\u0435\u0432\u043e\u0434\u0430.<\/p>\n<p><strong>ESPA\u00d1OL<\/strong><\/p>\n<p>ATENCI\u00d3N: si habla espa\u00f1ol, tiene a su disposici\u00f3n servicios gratuitos de asistencia ling\u00fc\u00edstica.<\/p>\n<p><strong>TAGALO - FILIPINO<\/strong><\/p>\n<p>PAUNAWA: Aunque no sea tagalo, la mayor\u00eda de los serbios del pa\u00eds no tienen nada que hacer.<\/p>\n<p><strong>VIETNAMESE<\/strong><\/p>\n<p>CH\u00da \u00dd: N\u1ebeU B\u1ea0N N\u00d3I TI\u1ebeNG VI\u1ec6T, C\u00d3 C\u00c1C D\u1ecaCH V\u1ee4 H\u1ed6 TR\u1ee2 NG\u00d4N NG\u1eee MI\u1ec4N PH\u00cd D\u00c0NH CHO B\u1ea0N.<\/p>\n<p><strong>YORUBA<\/strong><\/p>\n<p>AKIYESI: Bi o ba ns\u1ecd \u00e8d\u00e8 Yor\u00f9b\u00fa \u1ecdf\u00e9 ni iranl\u1ecdw\u1ecd lori \u00e8d\u00e8 wa fun yin o.<\/p>\n                    <\/div>\n\n                    \n                    <div class=\"ctaWrap ctaCenter\">\n                                                                                                        \n                                                                                                                            <\/div>\n\n\t\t\t\t<\/div>\n\t\t\t<\/div>\n            \n\n            \n\n            \t\t<\/div>\n\t<\/div>\n<\/div>","protected":false},"excerpt":{"rendered":"","protected":false},"author":7,"featured_media":0,"parent":0,"menu_order":0,"comment_status":"closed","ping_status":"closed","template":"","meta":{"_acf_changed":false,"footnotes":""},"class_list":["post-10754","page","type-page","status-publish","hentry"],"acf":[],"yoast_head":"<!-- This site is optimized with the Yoast SEO plugin v26.0 - https:\/\/yoast.com\/wordpress\/plugins\/seo\/ -->\n<title>Notice of Non-Discrimination - Southcoast Health<\/title>\n<meta name=\"robots\" content=\"index, follow, max-snippet:-1, max-image-preview:large, max-video-preview:-1\" \/>\n<link rel=\"canonical\" href=\"https:\/\/test-southcoast-health-multi.southcoast-health.org\/notice-of-non-discrimination\/\" \/>\n<meta property=\"og:locale\" content=\"es_MX\" \/>\n<meta property=\"og:type\" content=\"article\" \/>\n<meta property=\"og:title\" content=\"Notice of Non-Discrimination - Southcoast Health\" \/>\n<meta property=\"og:url\" content=\"https:\/\/test-southcoast-health-multi.southcoast-health.org\/notice-of-non-discrimination\/\" \/>\n<meta property=\"og:site_name\" content=\"Southcoast Health\" \/>\n<meta property=\"article:modified_time\" content=\"2025-06-24T03:37:39+00:00\" \/>\n<meta name=\"twitter:card\" content=\"summary_large_image\" \/>\n<script type=\"application\/ld+json\" class=\"yoast-schema-graph\">{\"@context\":\"https:\/\/schema.org\",\"@graph\":[{\"@type\":\"WebPage\",\"@id\":\"https:\/\/test-southcoast-health-multi.southcoast-health.org\/notice-of-non-discrimination\/\",\"url\":\"https:\/\/test-southcoast-health-multi.southcoast-health.org\/notice-of-non-discrimination\/\",\"name\":\"Notice of Non-Discrimination - Southcoast Health\",\"isPartOf\":{\"@id\":\"https:\/\/www.southcoast.org\/#website\"},\"datePublished\":\"2025-06-12T04:52:55+00:00\",\"dateModified\":\"2025-06-24T03:37:39+00:00\",\"breadcrumb\":{\"@id\":\"https:\/\/test-southcoast-health-multi.southcoast-health.org\/notice-of-non-discrimination\/#breadcrumb\"},\"inLanguage\":\"es-MX\",\"potentialAction\":[{\"@type\":\"ReadAction\",\"target\":[\"https:\/\/test-southcoast-health-multi.southcoast-health.org\/notice-of-non-discrimination\/\"]}]},{\"@type\":\"BreadcrumbList\",\"@id\":\"https:\/\/test-southcoast-health-multi.southcoast-health.org\/notice-of-non-discrimination\/#breadcrumb\",\"itemListElement\":[{\"@type\":\"ListItem\",\"position\":1,\"name\":\"\",\"item\":\"https:\/\/www.southcoast.org\/\"},{\"@type\":\"ListItem\",\"position\":2,\"name\":\"Notice of Non-Discrimination\"}]},{\"@type\":\"WebSite\",\"@id\":\"https:\/\/www.southcoast.org\/#website\",\"url\":\"https:\/\/www.southcoast.org\/\",\"name\":\"Southcoast Health\",\"description\":\"More than medicine.\",\"potentialAction\":[{\"@type\":\"SearchAction\",\"target\":{\"@type\":\"EntryPoint\",\"urlTemplate\":\"https:\/\/www.southcoast.org\/?s={search_term_string}\"},\"query-input\":{\"@type\":\"PropertyValueSpecification\",\"valueRequired\":true,\"valueName\":\"search_term_string\"}}],\"inLanguage\":\"es-MX\"}]}<\/script>\n<!-- \/ Yoast SEO plugin. -->","yoast_head_json":{"title":"Notice of Non-Discrimination - Southcoast Health","robots":{"index":"index","follow":"follow","max-snippet":"max-snippet:-1","max-image-preview":"max-image-preview:large","max-video-preview":"max-video-preview:-1"},"canonical":"https:\/\/test-southcoast-health-multi.southcoast-health.org\/notice-of-non-discrimination\/","og_locale":"es_MX","og_type":"article","og_title":"Notice of Non-Discrimination - Southcoast Health","og_url":"https:\/\/test-southcoast-health-multi.southcoast-health.org\/notice-of-non-discrimination\/","og_site_name":"Southcoast Health","article_modified_time":"2025-06-24T03:37:39+00:00","twitter_card":"summary_large_image","schema":{"@context":"https:\/\/schema.org","@graph":[{"@type":"WebPage","@id":"https:\/\/test-southcoast-health-multi.southcoast-health.org\/notice-of-non-discrimination\/","url":"https:\/\/test-southcoast-health-multi.southcoast-health.org\/notice-of-non-discrimination\/","name":"Notice of Non-Discrimination - Southcoast Health","isPartOf":{"@id":"https:\/\/www.southcoast.org\/#website"},"datePublished":"2025-06-12T04:52:55+00:00","dateModified":"2025-06-24T03:37:39+00:00","breadcrumb":{"@id":"https:\/\/test-southcoast-health-multi.southcoast-health.org\/notice-of-non-discrimination\/#breadcrumb"},"inLanguage":"es-MX","potentialAction":[{"@type":"ReadAction","target":["https:\/\/test-southcoast-health-multi.southcoast-health.org\/notice-of-non-discrimination\/"]}]},{"@type":"BreadcrumbList","@id":"https:\/\/test-southcoast-health-multi.southcoast-health.org\/notice-of-non-discrimination\/#breadcrumb","itemListElement":[{"@type":"ListItem","position":1,"name":"","item":"https:\/\/www.southcoast.org\/"},{"@type":"ListItem","position":2,"name":"Notice of Non-Discrimination"}]},{"@type":"WebSite","@id":"https:\/\/www.southcoast.org\/#website","url":"https:\/\/www.southcoast.org\/","name":"Southcoast Health","description":"M\u00e1s que medicina.","potentialAction":[{"@type":"SearchAction","target":{"@type":"EntryPoint","urlTemplate":"https:\/\/www.southcoast.org\/?s={search_term_string}"},"query-input":{"@type":"PropertyValueSpecification","valueRequired":true,"valueName":"search_term_string"}}],"inLanguage":"es-MX"}]}},"_links":{"self":[{"href":"https:\/\/www.southcoast.org\/es\/wp-json\/wp\/v2\/pages\/10754","targetHints":{"allow":["GET"]}}],"collection":[{"href":"https:\/\/www.southcoast.org\/es\/wp-json\/wp\/v2\/pages"}],"about":[{"href":"https:\/\/www.southcoast.org\/es\/wp-json\/wp\/v2\/types\/page"}],"author":[{"embeddable":true,"href":"https:\/\/www.southcoast.org\/es\/wp-json\/wp\/v2\/users\/7"}],"replies":[{"embeddable":true,"href":"https:\/\/www.southcoast.org\/es\/wp-json\/wp\/v2\/comments?post=10754"}],"version-history":[{"count":13,"href":"https:\/\/www.southcoast.org\/es\/wp-json\/wp\/v2\/pages\/10754\/revisions"}],"predecessor-version":[{"id":16387,"href":"https:\/\/www.southcoast.org\/es\/wp-json\/wp\/v2\/pages\/10754\/revisions\/16387"}],"wp:attachment":[{"href":"https:\/\/www.southcoast.org\/es\/wp-json\/wp\/v2\/media?parent=10754"}],"curies":[{"name":"wp","href":"https:\/\/api.w.org\/{rel}","templated":true}]}}