{"id":10743,"date":"2025-06-12T04:46:16","date_gmt":"2025-06-12T04:46:16","guid":{"rendered":"https:\/\/test-southcoast-health-multi.southcoast-health.org\/?page_id=10743"},"modified":"2025-08-21T20:06:16","modified_gmt":"2025-08-21T20:06:16","slug":"population-health","status":"publish","type":"page","link":"https:\/\/www.southcoast.org\/es\/community\/population-health\/","title":{"rendered":"Salud de la poblaci\u00f3n"},"content":{"rendered":"<div class=\"hero-secondary-block\">\n    <div class=\"background\" style=\"background-color: transparent\"><\/div>\n    <div class=\"container\">\n        <div class=\"grid\">\n            <div class=\"col-bleed-y\">\n                <div class=\"grid intro-text\">\n                    <img decoding=\"async\" class=\"corner-art\" src=\"https:\/\/www.southcoast.org\/wp-content\/themes\/southcoast_multisite\/images\/herobasic-corner-art.png\" alt=\"corner art\">\n                    <div class=\"col-md-9\">\n                                                    <div class=\"breadcrumbsWrapper desktop-breadcrumbs\"><nav id=\"breadcrumbs\" aria-label=\"Migas de pan\"><ol><li><a href=\"https:\/\/www.southcoast.org\/es\/\"><i class=\"fa-light fa-house\"><\/i><span class=\"visually-hidden\">Inicio<\/span><\/a><\/li><\/ol><\/nav><\/div><div class=\"breadcrumbsWrapper mobile-breadcrumbs\"><p id=\"mobile-breadcrumbs\"><span><span><a href=\"https:\/\/www.southcoast.org\/es\"><i class=\"far fa-home\"><\/i><\/a><\/span> <i class=\"fa-solid fa-chevron-right separator\"><\/i> <span><a href=\"https:\/\/www.southcoast.org\/es\/community\/\">Comunidad<\/a><\/span><\/span><\/p><\/div>                                                                                                    <h1>Salud de la poblaci\u00f3n<\/h1>\n                                                                            <div class=\"copy\">\n                                <p>En Southcoast Health, nos fijamos en el panorama general de lo que ayuda a las personas a mantenerse lo m\u00e1s sanas posible.<\/p>\n                            <\/div>\n                                            <\/div>\n                    \n                <\/div>\n                <div class=\"image\">\n                                            <img decoding=\"async\" class=\"hero-img\" src=\"https:\/\/www.southcoast.org\/wp-content\/uploads\/2025\/07\/Group-of-People-Illustration-Population-Health.jpg\" alt=\"Diverse crowd of people walking, standing, and interacting in a busy urban setting.\">\n                                    <\/div>\n                            <\/div>\n        <\/div>\n    <\/div>\n<\/div>\n\n\n<div  class=\"blockSettings  paddingTopMD paddingBottomMD media-object-block light\" style=\"\"><div class=\"container\">\n\t<div class=\"grid\">\n\t\t<div class=\"col-sm-12\">\n\t\t\t<div class=\"inner image-right list-style-disc inner-white-bg\" style=\"background-color: #fff;\">\n\t\t\t\t<div class=\"copy\">\n\t\t\t\t\t    <div class=\"mainCopyWrap\">\n            <h2>\u00bfQu\u00e9 es la salud de la poblaci\u00f3n?<\/h2>\n    <div class=\"paragraphWrap\"><p>La salud de la poblaci\u00f3n consiste en mejorar los resultados sanitarios de grupos de personas, no s\u00f3lo de un paciente cada vez. Esto incluye:<\/p>\n<ul>\n<li>An\u00e1lisis de datos de grupos de pacientes para detectar patrones de salud y enfermedad.<\/li>\n<li>Garantizar el acceso a la asistencia sanitaria cuando y donde se necesite<\/li>\n<li>Prevenir la enfermedad antes de que aparezca<\/li>\n<li>Controlar enfermedades cr\u00f3nicas (como la diabetes o la hipertensi\u00f3n)<\/li>\n<li>Abordar los factores sociales que afectan a la salud, como el acceso a los alimentos, la vivienda y el transporte.<\/li>\n<\/ul>\n<\/div>    <\/div>\n    \t\t\t\t<\/div>\n\t\t\t\t\t\t\t\t<div class=\"images\">\n\t\t\t\t\t\t<img decoding=\"async\" class=\"single\" src=\"https:\/\/www.southcoast.org\/wp-content\/uploads\/2025\/07\/Population-Health-People.jpg\" alt=\"Diverse group of people walking on interconnected paths, symbolizing community and public health.\">\n\t\t\t\t\t\t\t\t\t\t<\/div>\n\t\t\t\t\n\t\t\t<\/div>\n\t\t<\/div>\n\t<\/div>\n<\/div>\n<\/div>\n\n\n<div  class=\"blockSettings  paddingTopNone paddingBottomMD media-object-block light\" style=\"\"><div class=\"container\">\n\t<div class=\"grid\">\n\t\t<div class=\"col-sm-12\">\n\t\t\t<div class=\"inner image-left list-style-disc inner-white-bg\" style=\"background-color: #fff;\">\n\t\t\t\t<div class=\"copy\">\n\t\t\t\t\t    <div class=\"mainCopyWrap\">\n            <h2>\u00bfQu\u00e9 significa esto para los pacientes?<\/h2>\n    <div class=\"paragraphWrap\"><p>Para nuestros pacientes, esto significa una mejor atenci\u00f3n, un apoyo individualizado y una vida m\u00e1s sana, no s\u00f3lo en la consulta del m\u00e9dico, sino en la vida cotidiana.<\/p>\n<p>He aqu\u00ed c\u00f3mo podr\u00eda ser:<\/p>\n<ul>\n<li>Atenci\u00f3n coordinada: Sus m\u00e9dicos, enfermeras y especialistas trabajan en equipo<\/li>\n<li>Servicios preventivos: Le ayudamos a adelantarse a los problemas de salud con revisiones, vacunas y chequeos.<\/li>\n<li>Apoyo comunitario: Programas que conectan con los recursos de la comunidad, como la alimentaci\u00f3n y la nutrici\u00f3n, el transporte, el apoyo a la vivienda y la atenci\u00f3n sanitaria conductual.<\/li>\n<li>Asistencia personalizada: Nos ponemos en contacto con usted para ayudarle a seguir las citas, los medicamentos y los planes de atenci\u00f3n.<\/li>\n<\/ul>\n<\/div>    <\/div>\n    \t\t\t\t<\/div>\n\t\t\t\t\t\t\t\t<div class=\"images\">\n\t\t\t\t\t\t<img decoding=\"async\" class=\"single\" src=\"https:\/\/www.southcoast.org\/wp-content\/uploads\/2025\/07\/Doctor-and-Patient-Asessing-Arms-Orthopedics.jpg\" alt=\"Senior woman receiving medical care from young doctor in a clinical setting.\">\n\t\t\t\t\t\t\t\t\t\t<\/div>\n\t\t\t\t\n\t\t\t<\/div>\n\t\t<\/div>\n\t<\/div>\n<\/div>\n<\/div>\n\n\n<div  class=\"blockSettings  paddingTopNone paddingBottomMD cardImageFluid light\" style=\"\"><div class=\"container\" role=\"region\" aria-roledescription=\"carousel\" aria-label=\"Construir una comunidad m\u00e1s sana e integradora\">\n\t<div class=\"grid\">\n\t\t<div class=\"col-sm-12\">\n\t\t\t    <div class=\"introWithSliderControls leftAlign\">\n            <div class=\"mainCopyWrap\">\n            <h2>Construir una comunidad m\u00e1s sana e integradora<\/h2>\n    <div class=\"paragraphWrap\"><p>El trabajo de Pertenencia de Southcoast Health es clave para garantizar que nuestros equipos puedan atender las necesidades de nuestra vibrante comunidad.<\/p>\n<\/div>    <\/div>\n            <!-- Desktop + leftAlign Slider arrows -->\n        <div class=\"sliderControls sliderArrows\">\n            <button title=\"diapositiva anterior\" class=\"prev-slide\" aria-label=\"Diapositiva anterior\"><i class=\"fa-light fa-chevron-left\" aria-hidden=\"true\"><\/i><\/button>\n            <button title=\"siguiente diapositiva\" class=\"next-slide\" aria-label=\"Siguiente diapositiva\"><i class=\"fa-light fa-chevron-right\" aria-hidden=\"true\"><\/i><\/button>\n        <\/div>\n            <\/div>\n\n\t\t<\/div>\n\t<\/div>\n\t<div class=\"blockSeparator\"><\/div>\n\t<div class=\"cardImageContentWrap\">\n\t\t\t\t\t<div class=\"sliderControls sliderArrows leftIntroAlign\">\n\t\t\t\t<button title=\"diapositiva anterior\" class=\"prev-slide\" aria-label=\"Diapositiva anterior\"><i class=\"fa-light fa-chevron-left\" aria-hidden=\"true\"><\/i><\/button>\n\t\t\t\t<button title=\"siguiente diapositiva\" class=\"next-slide\" aria-label=\"Siguiente diapositiva\"><i class=\"fa-light fa-chevron-right\" aria-hidden=\"true\"><\/i><\/button>\n\t\t\t<\/div>\n\t\t\t\t\t\t\t<div class=\"grid  cardSlider sliderBleed\" data-slide-cols=\"3\" >\n\t\t\t\t\t\t\t\t\t\t\t\t\t\t\t<div class=\"col-sm-6 col-md-4 col-grid\" role=\"group\" aria-roledescription=\"slide\" aria-label=\"Pertenencia\">\n\t\t\t\t\t\t\t<div class=\"cardBasic noBorder left Vertical\">\n\t\t\t\t\t\t\t\t<div class=\"cardImage\" style=\"background-image:url('https:\/\/www.southcoast.org\/wp-content\/uploads\/2025\/07\/Belonging-Featured-Photo.jpg');\">\n\t\t\t\t\t\t\t\t\t\t\t\t\t\t\t\t\t<\/div>\n\t\t\t\t\t\t\t\t<div class=\"cardBasicBody\">\n\t\t\t\t\t\t\t\t\t\t\t\t\t\t\t\t\t\t<p class=\"cardBasicBodyTitle\">Pertenencia<\/p>\n\t\t\t\t\t\t\t\t\t\t\t\t\t\t\t\t\t\t\t\t\t\t\t\t\t\t\t\t\t\t\t\t\t\t\t\t\t\t\t<!-- Use post permalink if no external link -->\n\t\t\t\t\t\t\t\t\t\t\t<a aria-label=\"enlace a Pertenecer\" title=\"enlace a Pertenecer\" href=\"https:\/\/www.southcoast.org\/es\/community\/belonging-at-southcoast-health\/\" class=\"readMore\"><i class=\"fa-regular fa-arrow-up-right readMoreIcon\"><\/i> Seguir leyendo<\/a>\n\t\t\t\t\t\t\t\t\t\t\t\t\t\t\t\t\t\t\t\t\t\t\t\t\t\t\t<\/div>\n\t\t\t\t\t\t\t<\/div>\n\t\t\t\t\t\t<\/div>\n\t\t\t\t\t\t\t\t\t\t\t<div class=\"col-sm-6 col-md-4 col-grid\" role=\"group\" aria-roledescription=\"slide\" aria-label=\"Programa comunitario de bienestar\">\n\t\t\t\t\t\t\t<div class=\"cardBasic noBorder left Vertical\">\n\t\t\t\t\t\t\t\t<div class=\"cardImage\" style=\"background-image:url('https:\/\/www.southcoast.org\/wp-content\/uploads\/2025\/08\/Community-Health-and-Wellness-1-scaled.jpg');\">\n\t\t\t\t\t\t\t\t\t\t\t\t\t\t\t\t\t<\/div>\n\t\t\t\t\t\t\t\t<div class=\"cardBasicBody\">\n\t\t\t\t\t\t\t\t\t\t\t\t\t\t\t\t\t\t<p class=\"cardBasicBodyTitle\">Programa comunitario de bienestar<\/p>\n\t\t\t\t\t\t\t\t\t\t\t\t\t\t\t\t\t\t\t\t\t\t\t\t\t\t\t\t\t\t\t\t\t\t\t\t\t\t\t<!-- Use post permalink if no external link -->\n\t\t\t\t\t\t\t\t\t\t\t<a aria-label=\"Enlace al Programa Comunitario de Bienestar\" title=\"Enlace al Programa Comunitario de Bienestar\" href=\"https:\/\/www.southcoast.org\/es\/community\/wellness-program\/\" class=\"readMore\"><i class=\"fa-regular fa-arrow-up-right readMoreIcon\"><\/i> Seguir leyendo<\/a>\n\t\t\t\t\t\t\t\t\t\t\t\t\t\t\t\t\t\t\t\t\t\t\t\t\t\t\t<\/div>\n\t\t\t\t\t\t\t<\/div>\n\t\t\t\t\t\t<\/div>\n\t\t\t\t\t\t\t\t\t\t\t<div class=\"col-sm-6 col-md-4 col-grid\" role=\"group\" aria-roledescription=\"slide\" aria-label=\"Equidad sanitaria\">\n\t\t\t\t\t\t\t<div class=\"cardBasic noBorder left Vertical\">\n\t\t\t\t\t\t\t\t<div class=\"cardImage\" style=\"background-image:url('https:\/\/www.southcoast.org\/wp-content\/uploads\/2025\/08\/HealthEquity-Website-Featured-Photo.jpg');\">\n\t\t\t\t\t\t\t\t\t\t\t\t\t\t\t\t\t<\/div>\n\t\t\t\t\t\t\t\t<div class=\"cardBasicBody\">\n\t\t\t\t\t\t\t\t\t\t\t\t\t\t\t\t\t\t<p class=\"cardBasicBodyTitle\">Equidad sanitaria<\/p>\n\t\t\t\t\t\t\t\t\t\t\t\t\t\t\t\t\t\t\t\t\t\t\t\t\t\t\t\t\t\t\t\t\t\t\t\t\t\t\t<!-- Use post permalink if no external link -->\n\t\t\t\t\t\t\t\t\t\t\t<a aria-label=\"enlace a Equidad sanitaria\" title=\"enlace a Equidad sanitaria\" href=\"https:\/\/www.southcoast.org\/es\/health-equity\/\" class=\"readMore\"><i class=\"fa-regular fa-arrow-up-right readMoreIcon\"><\/i> Seguir leyendo<\/a>\n\t\t\t\t\t\t\t\t\t\t\t\t\t\t\t\t\t\t\t\t\t\t\t\t\t\t\t<\/div>\n\t\t\t\t\t\t\t<\/div>\n\t\t\t\t\t\t<\/div>\n\t\t\t\t\t\t\t\t\t\t\t<div class=\"col-sm-6 col-md-4 col-grid\" role=\"group\" aria-roledescription=\"slide\" aria-label=\"Southcoast Health Community Spotlight\">\n\t\t\t\t\t\t\t<div class=\"cardBasic noBorder left Vertical\">\n\t\t\t\t\t\t\t\t<div class=\"cardImage\" style=\"background-image:url('https:\/\/www.southcoast.org\/wp-content\/uploads\/2025\/06\/podcast_page_hero.webp');\">\n\t\t\t\t\t\t\t\t\t\t\t\t\t\t\t\t\t<\/div>\n\t\t\t\t\t\t\t\t<div class=\"cardBasicBody\">\n\t\t\t\t\t\t\t\t\t\t\t\t\t\t\t\t\t\t<p class=\"cardBasicBodyTitle\">Southcoast Health Community Spotlight<\/p>\n\t\t\t\t\t\t\t\t\t\t\t\t\t\t\t\t\t\t\t\t\t\t\t\t\t\t\t\t\t\t\t\t\t\t\t\t\t\t\t<!-- Use post permalink if no external link -->\n\t\t\t\t\t\t\t\t\t\t\t<a aria-label=\"enlace a Southcoast Health Community Spotlight\" title=\"enlace a Southcoast Health Community Spotlight\" href=\"https:\/\/www.southcoast.org\/es\/community\/community-spotlight\/\" class=\"readMore\"><i class=\"fa-regular fa-arrow-up-right readMoreIcon\"><\/i> Seguir leyendo<\/a>\n\t\t\t\t\t\t\t\t\t\t\t\t\t\t\t\t\t\t\t\t\t\t\t\t\t\t\t<\/div>\n\t\t\t\t\t\t\t<\/div>\n\t\t\t\t\t\t<\/div>\n\t\t\t\t\t\t\t\t\t\t\t\t<\/div>\n\t\t\t<\/div>\n\t\t\t<div class=\"introCTAs introBottomCTAs\">\n\t\t\t\t\t<\/div>\n\t<\/div>\n\n<\/div>","protected":false},"excerpt":{"rendered":"","protected":false},"author":7,"featured_media":21749,"parent":10737,"menu_order":0,"comment_status":"closed","ping_status":"closed","template":"","meta":{"_acf_changed":false,"footnotes":""},"class_list":["post-10743","page","type-page","status-publish","has-post-thumbnail","hentry"],"acf":[],"yoast_head":"<!-- This site is optimized with the Yoast SEO plugin v26.0 - https:\/\/yoast.com\/wordpress\/plugins\/seo\/ -->\n<title>Population Health - Southcoast Health<\/title>\n<meta name=\"description\" content=\"Southcoast Health\u2019s Population Health team is committed to improving care quality, access, and equity for patients and communities across the South Coast region.\" \/>\n<meta name=\"robots\" content=\"index, follow, max-snippet:-1, max-image-preview:large, max-video-preview:-1\" \/>\n<link rel=\"canonical\" href=\"https:\/\/www.southcoast.org\/es\/community\/population-health\/\" \/>\n<meta property=\"og:locale\" content=\"es_MX\" \/>\n<meta property=\"og:type\" content=\"article\" \/>\n<meta property=\"og:title\" content=\"Population Health - Southcoast Health\" \/>\n<meta property=\"og:description\" content=\"Southcoast Health\u2019s Population Health team is committed to improving care quality, access, and equity for patients and communities across the South Coast region.\" \/>\n<meta property=\"og:url\" content=\"https:\/\/www.southcoast.org\/es\/community\/population-health\/\" \/>\n<meta property=\"og:site_name\" content=\"Southcoast Health\" \/>\n<meta property=\"article:modified_time\" content=\"2025-08-21T20:06:16+00:00\" \/>\n<meta name=\"twitter:card\" content=\"summary_large_image\" \/>\n<script type=\"application\/ld+json\" class=\"yoast-schema-graph\">{\"@context\":\"https:\/\/schema.org\",\"@graph\":[{\"@type\":\"WebPage\",\"@id\":\"https:\/\/www.southcoast.org\/community\/population-health\/\",\"url\":\"https:\/\/www.southcoast.org\/community\/population-health\/\",\"name\":\"Population Health - Southcoast Health\",\"isPartOf\":{\"@id\":\"https:\/\/www.southcoast.org\/#website\"},\"primaryImageOfPage\":{\"@id\":\"https:\/\/www.southcoast.org\/community\/population-health\/#primaryimage\"},\"image\":{\"@id\":\"https:\/\/www.southcoast.org\/community\/population-health\/#primaryimage\"},\"thumbnailUrl\":\"https:\/\/www.southcoast.org\/wp-content\/uploads\/2025\/07\/Population-Health-People.jpg\",\"datePublished\":\"2025-06-12T04:46:16+00:00\",\"dateModified\":\"2025-08-21T20:06:16+00:00\",\"description\":\"Southcoast Health\u2019s Population Health team is committed to improving care quality, access, and equity for patients and communities across the South Coast region.\",\"breadcrumb\":{\"@id\":\"https:\/\/www.southcoast.org\/community\/population-health\/#breadcrumb\"},\"inLanguage\":\"es-MX\",\"potentialAction\":[{\"@type\":\"ReadAction\",\"target\":[\"https:\/\/www.southcoast.org\/community\/population-health\/\"]}]},{\"@type\":\"ImageObject\",\"inLanguage\":\"es-MX\",\"@id\":\"https:\/\/www.southcoast.org\/community\/population-health\/#primaryimage\",\"url\":\"https:\/\/www.southcoast.org\/wp-content\/uploads\/2025\/07\/Population-Health-People.jpg\",\"contentUrl\":\"https:\/\/www.southcoast.org\/wp-content\/uploads\/2025\/07\/Population-Health-People.jpg\",\"width\":2309,\"height\":1299,\"caption\":\"A bustling crowd of 18 people pass by an oversized stethoscope to illustrate the medical field of Public Health. Some walk, jog, or ride past while others stand as if they are out in public. Conceptual vector illustration presented in isometric view over a blue background on a 16x9 artboard. Colors include warm off-white, gray, turquoise\/teal, and magenta\"},{\"@type\":\"BreadcrumbList\",\"@id\":\"https:\/\/www.southcoast.org\/community\/population-health\/#breadcrumb\",\"itemListElement\":[{\"@type\":\"ListItem\",\"position\":1,\"name\":\"\",\"item\":\"https:\/\/www.southcoast.org\/\"},{\"@type\":\"ListItem\",\"position\":2,\"name\":\"Community\",\"item\":\"https:\/\/www.southcoast.org\/community\/\"},{\"@type\":\"ListItem\",\"position\":3,\"name\":\"Population Health\"}]},{\"@type\":\"WebSite\",\"@id\":\"https:\/\/www.southcoast.org\/#website\",\"url\":\"https:\/\/www.southcoast.org\/\",\"name\":\"Southcoast Health\",\"description\":\"More than medicine.\",\"potentialAction\":[{\"@type\":\"SearchAction\",\"target\":{\"@type\":\"EntryPoint\",\"urlTemplate\":\"https:\/\/www.southcoast.org\/?s={search_term_string}\"},\"query-input\":{\"@type\":\"PropertyValueSpecification\",\"valueRequired\":true,\"valueName\":\"search_term_string\"}}],\"inLanguage\":\"es-MX\"}]}<\/script>\n<!-- \/ Yoast SEO plugin. -->","yoast_head_json":{"title":"Population Health - Southcoast Health","description":"Southcoast Health\u2019s Population Health team is committed to improving care quality, access, and equity for patients and communities across the South Coast region.","robots":{"index":"index","follow":"follow","max-snippet":"max-snippet:-1","max-image-preview":"max-image-preview:large","max-video-preview":"max-video-preview:-1"},"canonical":"https:\/\/www.southcoast.org\/es\/community\/population-health\/","og_locale":"es_MX","og_type":"article","og_title":"Population Health - Southcoast Health","og_description":"Southcoast Health\u2019s Population Health team is committed to improving care quality, access, and equity for patients and communities across the South Coast region.","og_url":"https:\/\/www.southcoast.org\/es\/community\/population-health\/","og_site_name":"Southcoast Health","article_modified_time":"2025-08-21T20:06:16+00:00","twitter_card":"summary_large_image","schema":{"@context":"https:\/\/schema.org","@graph":[{"@type":"WebPage","@id":"https:\/\/www.southcoast.org\/community\/population-health\/","url":"https:\/\/www.southcoast.org\/community\/population-health\/","name":"Population Health - Southcoast Health","isPartOf":{"@id":"https:\/\/www.southcoast.org\/#website"},"primaryImageOfPage":{"@id":"https:\/\/www.southcoast.org\/community\/population-health\/#primaryimage"},"image":{"@id":"https:\/\/www.southcoast.org\/community\/population-health\/#primaryimage"},"thumbnailUrl":"https:\/\/www.southcoast.org\/wp-content\/uploads\/2025\/07\/Population-Health-People.jpg","datePublished":"2025-06-12T04:46:16+00:00","dateModified":"2025-08-21T20:06:16+00:00","description":"Southcoast Health\u2019s Population Health team is committed to improving care quality, access, and equity for patients and communities across the South Coast region.","breadcrumb":{"@id":"https:\/\/www.southcoast.org\/community\/population-health\/#breadcrumb"},"inLanguage":"es-MX","potentialAction":[{"@type":"ReadAction","target":["https:\/\/www.southcoast.org\/community\/population-health\/"]}]},{"@type":"ImageObject","inLanguage":"es-MX","@id":"https:\/\/www.southcoast.org\/community\/population-health\/#primaryimage","url":"https:\/\/www.southcoast.org\/wp-content\/uploads\/2025\/07\/Population-Health-People.jpg","contentUrl":"https:\/\/www.southcoast.org\/wp-content\/uploads\/2025\/07\/Population-Health-People.jpg","width":2309,"height":1299,"caption":"A bustling crowd of 18 people pass by an oversized stethoscope to illustrate the medical field of Public Health. Some walk, jog, or ride past while others stand as if they are out in public. Conceptual vector illustration presented in isometric view over a blue background on a 16x9 artboard. Colors include warm off-white, gray, turquoise\/teal, and magenta"},{"@type":"BreadcrumbList","@id":"https:\/\/www.southcoast.org\/community\/population-health\/#breadcrumb","itemListElement":[{"@type":"ListItem","position":1,"name":"","item":"https:\/\/www.southcoast.org\/"},{"@type":"ListItem","position":2,"name":"Community","item":"https:\/\/www.southcoast.org\/community\/"},{"@type":"ListItem","position":3,"name":"Population Health"}]},{"@type":"WebSite","@id":"https:\/\/www.southcoast.org\/#website","url":"https:\/\/www.southcoast.org\/","name":"Southcoast Health","description":"M\u00e1s que medicina.","potentialAction":[{"@type":"SearchAction","target":{"@type":"EntryPoint","urlTemplate":"https:\/\/www.southcoast.org\/?s={search_term_string}"},"query-input":{"@type":"PropertyValueSpecification","valueRequired":true,"valueName":"search_term_string"}}],"inLanguage":"es-MX"}]}},"_links":{"self":[{"href":"https:\/\/www.southcoast.org\/es\/wp-json\/wp\/v2\/pages\/10743","targetHints":{"allow":["GET"]}}],"collection":[{"href":"https:\/\/www.southcoast.org\/es\/wp-json\/wp\/v2\/pages"}],"about":[{"href":"https:\/\/www.southcoast.org\/es\/wp-json\/wp\/v2\/types\/page"}],"author":[{"embeddable":true,"href":"https:\/\/www.southcoast.org\/es\/wp-json\/wp\/v2\/users\/7"}],"replies":[{"embeddable":true,"href":"https:\/\/www.southcoast.org\/es\/wp-json\/wp\/v2\/comments?post=10743"}],"version-history":[{"count":14,"href":"https:\/\/www.southcoast.org\/es\/wp-json\/wp\/v2\/pages\/10743\/revisions"}],"predecessor-version":[{"id":38894,"href":"https:\/\/www.southcoast.org\/es\/wp-json\/wp\/v2\/pages\/10743\/revisions\/38894"}],"up":[{"embeddable":true,"href":"https:\/\/www.southcoast.org\/es\/wp-json\/wp\/v2\/pages\/10737"}],"wp:featuredmedia":[{"embeddable":true,"href":"https:\/\/www.southcoast.org\/es\/wp-json\/wp\/v2\/media\/21749"}],"wp:attachment":[{"href":"https:\/\/www.southcoast.org\/es\/wp-json\/wp\/v2\/media?parent=10743"}],"curies":[{"name":"wp","href":"https:\/\/api.w.org\/{rel}","templated":true}]}}